{"id":865,"date":"2021-06-11T14:41:41","date_gmt":"2021-06-11T11:41:41","guid":{"rendered":"https:\/\/digimuseo.fi\/nayttelyt\/helina-rautavaara-virtual-exhibition\/"},"modified":"2021-07-23T10:42:51","modified_gmt":"2021-07-23T07:42:51","slug":"helina-rautavaara-virtuell-utstallning","status":"publish","type":"product","link":"https:\/\/digimuseo.fi\/sv\/utstallningar\/helina-rautavaara-virtuell-utstallning\/","title":{"rendered":"Helin\u00e4 Rautavaara Virtuell Utst\u00e4llning"},"content":{"rendered":"<p>Helin\u00e4 Rautavaara (1928-1998) var en unik utforskare, journalist och samlare som var tr\u00e4gen att resa runt v\u00e4rlden. V\u00e4lkommen till Helin\u00e4 Rautavaara Virtuell Utst\u00e4llning!<\/p>\n","protected":false},"excerpt":{"rendered":"<p>Helin\u00e4 Rautavaara Museet \u00e4r ett lokal museum i global Finland. Det \u00e4r det enda museet i Finland helt till\u00e4gnad till livsverk av en kvinna.<br \/><\/p>\n","protected":false},"featured_media":920,"template":"","meta":{"_acf_changed":false},"product_brand":[],"product_cat":[75],"product_tag":[],"school_subject":[],"school_level":[],"class_list":{"0":"post-865","1":"product","2":"type-product","3":"status-publish","4":"has-post-thumbnail","6":"product_cat-yleinen-sv","7":"museums-helina-rautavaara-museet","8":"exhibition_themes-special","10":"first","11":"outofstock","12":"virtual","13":"sold-individually","14":"taxable","15":"product-type-basic_museum"},"acf":[],"yoast_head":"<!-- This site is optimized with the Yoast SEO plugin v27.1.1 - https:\/\/yoast.com\/product\/yoast-seo-wordpress\/ -->\n<title>Helin\u00e4 Rautavaara Virtuell Utst\u00e4llning - Digital museum<\/title>\n<meta name=\"robots\" content=\"index, follow, max-snippet:-1, max-image-preview:large, max-video-preview:-1\" \/>\n<link rel=\"canonical\" href=\"https:\/\/digimuseo.fi\/sv\/utstallningar\/helina-rautavaara-virtuell-utstallning\/\" \/>\n<meta property=\"og:locale\" content=\"sv_SE\" \/>\n<meta property=\"og:type\" content=\"article\" \/>\n<meta property=\"og:title\" content=\"Helin\u00e4 Rautavaara Virtuell Utst\u00e4llning - Digital museum\" \/>\n<meta property=\"og:description\" content=\"Helin\u00e4 Rautavaara Museet \u00e4r ett lokal museum i global Finland. Det \u00e4r det enda museet i Finland helt till\u00e4gnad till livsverk av en kvinna.\" \/>\n<meta property=\"og:url\" content=\"https:\/\/digimuseo.fi\/sv\/utstallningar\/helina-rautavaara-virtuell-utstallning\/\" \/>\n<meta property=\"og:site_name\" content=\"Digital museum\" \/>\n<meta property=\"article:modified_time\" content=\"2021-07-23T07:42:51+00:00\" \/>\n<meta property=\"og:image\" content=\"https:\/\/digimuseo.fi\/wp-content\/uploads\/2021\/06\/Helina\u0308-Vaihtoehto-1.jpg\" \/>\n\t<meta property=\"og:image:width\" content=\"1280\" \/>\n\t<meta property=\"og:image:height\" content=\"960\" \/>\n\t<meta property=\"og:image:type\" content=\"image\/jpeg\" \/>\n<meta name=\"twitter:card\" content=\"summary_large_image\" \/>\n<script type=\"application\/ld+json\" class=\"yoast-schema-graph\">{\"@context\":\"https:\/\/schema.org\",\"@graph\":[{\"@type\":\"WebPage\",\"@id\":\"https:\/\/digimuseo.fi\/sv\/utstallningar\/helina-rautavaara-virtuell-utstallning\/\",\"url\":\"https:\/\/digimuseo.fi\/sv\/utstallningar\/helina-rautavaara-virtuell-utstallning\/\",\"name\":\"Helin\u00e4 Rautavaara Virtuell Utst\u00e4llning - Digital museum\",\"isPartOf\":{\"@id\":\"https:\/\/digimuseo.fi\/en\/#website\"},\"primaryImageOfPage\":{\"@id\":\"https:\/\/digimuseo.fi\/sv\/utstallningar\/helina-rautavaara-virtuell-utstallning\/#primaryimage\"},\"image\":{\"@id\":\"https:\/\/digimuseo.fi\/sv\/utstallningar\/helina-rautavaara-virtuell-utstallning\/#primaryimage\"},\"thumbnailUrl\":\"https:\/\/digimuseo.fi\/wp-content\/uploads\/2021\/06\/Helina\u0308-Vaihtoehto-1.jpg\",\"datePublished\":\"2021-06-11T11:41:41+00:00\",\"dateModified\":\"2021-07-23T07:42:51+00:00\",\"breadcrumb\":{\"@id\":\"https:\/\/digimuseo.fi\/sv\/utstallningar\/helina-rautavaara-virtuell-utstallning\/#breadcrumb\"},\"inLanguage\":\"sv-SE\",\"potentialAction\":[{\"@type\":\"ReadAction\",\"target\":[\"https:\/\/digimuseo.fi\/sv\/utstallningar\/helina-rautavaara-virtuell-utstallning\/\"]}]},{\"@type\":\"ImageObject\",\"inLanguage\":\"sv-SE\",\"@id\":\"https:\/\/digimuseo.fi\/sv\/utstallningar\/helina-rautavaara-virtuell-utstallning\/#primaryimage\",\"url\":\"https:\/\/digimuseo.fi\/wp-content\/uploads\/2021\/06\/Helina\u0308-Vaihtoehto-1.jpg\",\"contentUrl\":\"https:\/\/digimuseo.fi\/wp-content\/uploads\/2021\/06\/Helina\u0308-Vaihtoehto-1.jpg\",\"width\":1280,\"height\":960},{\"@type\":\"BreadcrumbList\",\"@id\":\"https:\/\/digimuseo.fi\/sv\/utstallningar\/helina-rautavaara-virtuell-utstallning\/#breadcrumb\",\"itemListElement\":[{\"@type\":\"ListItem\",\"position\":1,\"name\":\"Home\",\"item\":\"https:\/\/digimuseo.fi\/sv\/\"},{\"@type\":\"ListItem\",\"position\":2,\"name\":\"Tuotteet\",\"item\":\"https:\/\/digimuseo.fi\/nayttelyt\/\"},{\"@type\":\"ListItem\",\"position\":3,\"name\":\"Helin\u00e4 Rautavaara Virtuell Utst\u00e4llning\"}]},{\"@type\":\"WebSite\",\"@id\":\"https:\/\/digimuseo.fi\/en\/#website\",\"url\":\"https:\/\/digimuseo.fi\/en\/\",\"name\":\"Digital museum\",\"description\":\"G\u00e5 in fr\u00e5n ditt vardagsrum\",\"potentialAction\":[{\"@type\":\"SearchAction\",\"target\":{\"@type\":\"EntryPoint\",\"urlTemplate\":\"https:\/\/digimuseo.fi\/en\/?s={search_term_string}\"},\"query-input\":{\"@type\":\"PropertyValueSpecification\",\"valueRequired\":true,\"valueName\":\"search_term_string\"}}],\"inLanguage\":\"sv-SE\"}]}<\/script>\n<!-- \/ Yoast SEO plugin. -->","yoast_head_json":{"title":"Helin\u00e4 Rautavaara Virtuell Utst\u00e4llning - Digital museum","robots":{"index":"index","follow":"follow","max-snippet":"max-snippet:-1","max-image-preview":"max-image-preview:large","max-video-preview":"max-video-preview:-1"},"canonical":"https:\/\/digimuseo.fi\/sv\/utstallningar\/helina-rautavaara-virtuell-utstallning\/","og_locale":"sv_SE","og_type":"article","og_title":"Helin\u00e4 Rautavaara Virtuell Utst\u00e4llning - Digital museum","og_description":"Helin\u00e4 Rautavaara Museet \u00e4r ett lokal museum i global Finland. Det \u00e4r det enda museet i Finland helt till\u00e4gnad till livsverk av en kvinna.","og_url":"https:\/\/digimuseo.fi\/sv\/utstallningar\/helina-rautavaara-virtuell-utstallning\/","og_site_name":"Digital museum","article_modified_time":"2021-07-23T07:42:51+00:00","og_image":[{"width":1280,"height":960,"url":"https:\/\/digimuseo.fi\/wp-content\/uploads\/2021\/06\/Helina\u0308-Vaihtoehto-1.jpg","type":"image\/jpeg"}],"twitter_card":"summary_large_image","schema":{"@context":"https:\/\/schema.org","@graph":[{"@type":"WebPage","@id":"https:\/\/digimuseo.fi\/sv\/utstallningar\/helina-rautavaara-virtuell-utstallning\/","url":"https:\/\/digimuseo.fi\/sv\/utstallningar\/helina-rautavaara-virtuell-utstallning\/","name":"Helin\u00e4 Rautavaara Virtuell Utst\u00e4llning - Digital museum","isPartOf":{"@id":"https:\/\/digimuseo.fi\/en\/#website"},"primaryImageOfPage":{"@id":"https:\/\/digimuseo.fi\/sv\/utstallningar\/helina-rautavaara-virtuell-utstallning\/#primaryimage"},"image":{"@id":"https:\/\/digimuseo.fi\/sv\/utstallningar\/helina-rautavaara-virtuell-utstallning\/#primaryimage"},"thumbnailUrl":"https:\/\/digimuseo.fi\/wp-content\/uploads\/2021\/06\/Helina\u0308-Vaihtoehto-1.jpg","datePublished":"2021-06-11T11:41:41+00:00","dateModified":"2021-07-23T07:42:51+00:00","breadcrumb":{"@id":"https:\/\/digimuseo.fi\/sv\/utstallningar\/helina-rautavaara-virtuell-utstallning\/#breadcrumb"},"inLanguage":"sv-SE","potentialAction":[{"@type":"ReadAction","target":["https:\/\/digimuseo.fi\/sv\/utstallningar\/helina-rautavaara-virtuell-utstallning\/"]}]},{"@type":"ImageObject","inLanguage":"sv-SE","@id":"https:\/\/digimuseo.fi\/sv\/utstallningar\/helina-rautavaara-virtuell-utstallning\/#primaryimage","url":"https:\/\/digimuseo.fi\/wp-content\/uploads\/2021\/06\/Helina\u0308-Vaihtoehto-1.jpg","contentUrl":"https:\/\/digimuseo.fi\/wp-content\/uploads\/2021\/06\/Helina\u0308-Vaihtoehto-1.jpg","width":1280,"height":960},{"@type":"BreadcrumbList","@id":"https:\/\/digimuseo.fi\/sv\/utstallningar\/helina-rautavaara-virtuell-utstallning\/#breadcrumb","itemListElement":[{"@type":"ListItem","position":1,"name":"Home","item":"https:\/\/digimuseo.fi\/sv\/"},{"@type":"ListItem","position":2,"name":"Tuotteet","item":"https:\/\/digimuseo.fi\/nayttelyt\/"},{"@type":"ListItem","position":3,"name":"Helin\u00e4 Rautavaara Virtuell Utst\u00e4llning"}]},{"@type":"WebSite","@id":"https:\/\/digimuseo.fi\/en\/#website","url":"https:\/\/digimuseo.fi\/en\/","name":"Digital museum","description":"G\u00e5 in fr\u00e5n ditt vardagsrum","potentialAction":[{"@type":"SearchAction","target":{"@type":"EntryPoint","urlTemplate":"https:\/\/digimuseo.fi\/en\/?s={search_term_string}"},"query-input":{"@type":"PropertyValueSpecification","valueRequired":true,"valueName":"search_term_string"}}],"inLanguage":"sv-SE"}]}},"_links":{"self":[{"href":"https:\/\/digimuseo.fi\/sv\/wp-json\/wp\/v2\/product\/865","targetHints":{"allow":["GET"]}}],"collection":[{"href":"https:\/\/digimuseo.fi\/sv\/wp-json\/wp\/v2\/product"}],"about":[{"href":"https:\/\/digimuseo.fi\/sv\/wp-json\/wp\/v2\/types\/product"}],"wp:featuredmedia":[{"embeddable":true,"href":"https:\/\/digimuseo.fi\/sv\/wp-json\/wp\/v2\/media\/920"}],"wp:attachment":[{"href":"https:\/\/digimuseo.fi\/sv\/wp-json\/wp\/v2\/media?parent=865"}],"wp:term":[{"taxonomy":"product_brand","embeddable":true,"href":"https:\/\/digimuseo.fi\/sv\/wp-json\/wp\/v2\/product_brand?post=865"},{"taxonomy":"product_cat","embeddable":true,"href":"https:\/\/digimuseo.fi\/sv\/wp-json\/wp\/v2\/product_cat?post=865"},{"taxonomy":"product_tag","embeddable":true,"href":"https:\/\/digimuseo.fi\/sv\/wp-json\/wp\/v2\/product_tag?post=865"},{"taxonomy":"school_subject","embeddable":true,"href":"https:\/\/digimuseo.fi\/sv\/wp-json\/wp\/v2\/school_subject?post=865"},{"taxonomy":"school_level","embeddable":true,"href":"https:\/\/digimuseo.fi\/sv\/wp-json\/wp\/v2\/school_level?post=865"}],"curies":[{"name":"wp","href":"https:\/\/api.w.org\/{rel}","templated":true}]}}