{"id":4919,"date":"2026-03-31T12:10:46","date_gmt":"2026-03-31T09:10:46","guid":{"rendered":"https:\/\/digimuseo.fi\/?post_type=product&#038;p=4919"},"modified":"2026-03-31T12:18:19","modified_gmt":"2026-03-31T09:18:19","slug":"sjofararnas-kartor","status":"publish","type":"product","link":"https:\/\/digimuseo.fi\/sv\/utstallningar\/sjofararnas-kartor\/","title":{"rendered":"Sj\u00f6fararnas kartor"},"content":{"rendered":"<p>Den virtuella utst\u00e4llningen presenterar sj\u00f6kort fr\u00e5n 1600-, 1700- och 1800-talet ur fyra av de kartverk som finns i John Nurminens Stiftelses samlingar. Utst\u00e4llningens sj\u00f6atlaser \u00e4r fr\u00e5n Sverige, Holland, Ryssland och England. De sj\u00f6kort som har valts ut f\u00f6r utst\u00e4llningen beskriver olika delar av \u00d6stersj\u00f6n och inneh\u00e5ller information om farleder, djup och viktiga platser. Sj\u00f6korten ger insikter i sj\u00f6fart, maktut\u00f6vning och historia under olika perioder.<\/p>\n","protected":false},"excerpt":{"rendered":"<h1>V\u00e4lkommen ut p\u00e5 \u00d6stersj\u00f6n med de gamla kartorna!<\/h1>\n<p>&nbsp;<\/p>\n<p>P\u00e5 ett sj\u00f6kort beskrivs sj\u00f6omr\u00e5den, leder, hamnar, bottenformationer och andra detaljer som har betydelse f\u00f6r sj\u00f6farten. De var oers\u00e4ttliga hj\u00e4lpmedel f\u00f6r fartygens navigat\u00f6rer och hanterades som v\u00e4rdefulla dokument som beh\u00f6vde skyddas v\u00e4l. Flera sj\u00f6kort sattes ihop till kartverk, som ocks\u00e5 g\u00e5r under namnet atlas. Stig in p\u00e5 Sj\u00f6fararnas kartor!<\/p>\n","protected":false},"featured_media":4917,"template":"","meta":{"_acf_changed":false},"product_brand":[],"product_cat":[75],"product_tag":[],"school_subject":[239,241],"school_level":[252,251],"class_list":{"0":"post-4919","1":"product","2":"type-product","3":"status-publish","4":"has-post-thumbnail","6":"product_cat-yleinen-sv","7":"museums-john-nurminens-stiftelse","8":"exhibition_themes-historia-sv","9":"school_subject-biologia-ja-maantieto","10":"school_subject-historia-ja-yhteiskuntaoppi","11":"school_level-lukio","12":"school_level-luokat-7-9","14":"first","15":"instock","16":"virtual","17":"sold-individually","18":"taxable","19":"product-type-basic_museum"},"acf":[],"yoast_head":"<!-- This site is optimized with the Yoast SEO plugin v27.1.1 - https:\/\/yoast.com\/product\/yoast-seo-wordpress\/ -->\n<title>Sj\u00f6fararnas kartor - Digital museum<\/title>\n<meta name=\"description\" content=\"Fyra atlaser ur John Nurmisens stiftelses samlingar presenteras nu i en virtuell utst\u00e4llning. Atlaksia \u00e4r en digital utst\u00e4llning som visar sj\u00f6kartb\u00f6cker fr\u00e5n \u00d6stersj\u00f6n fr\u00e5n 1600- till 1800-talet.\" \/>\n<meta name=\"robots\" content=\"index, follow, max-snippet:-1, max-image-preview:large, max-video-preview:-1\" \/>\n<link rel=\"canonical\" href=\"https:\/\/digimuseo.fi\/sv\/utstallningar\/sjofararnas-kartor\/\" \/>\n<meta property=\"og:locale\" content=\"sv_SE\" \/>\n<meta property=\"og:type\" content=\"article\" \/>\n<meta property=\"og:title\" content=\"Sj\u00f6fararnas kartor - Digital museum\" \/>\n<meta property=\"og:description\" content=\"Fyra atlaser ur John Nurmisens stiftelses samlingar presenteras nu i en virtuell utst\u00e4llning. Atlaksia \u00e4r en digital utst\u00e4llning som visar sj\u00f6kartb\u00f6cker fr\u00e5n \u00d6stersj\u00f6n fr\u00e5n 1600- till 1800-talet.\" \/>\n<meta property=\"og:url\" content=\"https:\/\/digimuseo.fi\/sv\/utstallningar\/sjofararnas-kartor\/\" \/>\n<meta property=\"og:site_name\" content=\"Digital museum\" \/>\n<meta property=\"article:modified_time\" content=\"2026-03-31T09:18:19+00:00\" \/>\n<meta property=\"og:image\" content=\"https:\/\/digimuseo.fi\/wp-content\/uploads\/2026\/03\/Merenkulkijan-kartastot_1080x1080.jpg\" \/>\n\t<meta property=\"og:image:width\" content=\"1080\" \/>\n\t<meta property=\"og:image:height\" content=\"1080\" \/>\n\t<meta property=\"og:image:type\" content=\"image\/jpeg\" \/>\n<meta name=\"twitter:card\" content=\"summary_large_image\" \/>\n<meta name=\"twitter:label1\" content=\"Ber\u00e4knad l\u00e4stid\" \/>\n\t<meta name=\"twitter:data1\" content=\"1 minut\" \/>\n<script type=\"application\/ld+json\" class=\"yoast-schema-graph\">{\"@context\":\"https:\/\/schema.org\",\"@graph\":[{\"@type\":\"WebPage\",\"@id\":\"https:\/\/digimuseo.fi\/sv\/utstallningar\/sjofararnas-kartor\/\",\"url\":\"https:\/\/digimuseo.fi\/sv\/utstallningar\/sjofararnas-kartor\/\",\"name\":\"Sj\u00f6fararnas kartor - Digital museum\",\"isPartOf\":{\"@id\":\"https:\/\/digimuseo.fi\/en\/#website\"},\"primaryImageOfPage\":{\"@id\":\"https:\/\/digimuseo.fi\/sv\/utstallningar\/sjofararnas-kartor\/#primaryimage\"},\"image\":{\"@id\":\"https:\/\/digimuseo.fi\/sv\/utstallningar\/sjofararnas-kartor\/#primaryimage\"},\"thumbnailUrl\":\"https:\/\/digimuseo.fi\/wp-content\/uploads\/2026\/03\/Merenkulkijan-kartastot_1080x1080.jpg\",\"datePublished\":\"2026-03-31T09:10:46+00:00\",\"dateModified\":\"2026-03-31T09:18:19+00:00\",\"description\":\"Fyra atlaser ur John Nurmisens stiftelses samlingar presenteras nu i en virtuell utst\u00e4llning. Atlaksia \u00e4r en digital utst\u00e4llning som visar sj\u00f6kartb\u00f6cker fr\u00e5n \u00d6stersj\u00f6n fr\u00e5n 1600- till 1800-talet.\",\"breadcrumb\":{\"@id\":\"https:\/\/digimuseo.fi\/sv\/utstallningar\/sjofararnas-kartor\/#breadcrumb\"},\"inLanguage\":\"sv-SE\",\"potentialAction\":[{\"@type\":\"ReadAction\",\"target\":[\"https:\/\/digimuseo.fi\/sv\/utstallningar\/sjofararnas-kartor\/\"]}]},{\"@type\":\"ImageObject\",\"inLanguage\":\"sv-SE\",\"@id\":\"https:\/\/digimuseo.fi\/sv\/utstallningar\/sjofararnas-kartor\/#primaryimage\",\"url\":\"https:\/\/digimuseo.fi\/wp-content\/uploads\/2026\/03\/Merenkulkijan-kartastot_1080x1080.jpg\",\"contentUrl\":\"https:\/\/digimuseo.fi\/wp-content\/uploads\/2026\/03\/Merenkulkijan-kartastot_1080x1080.jpg\",\"width\":1080,\"height\":1080},{\"@type\":\"BreadcrumbList\",\"@id\":\"https:\/\/digimuseo.fi\/sv\/utstallningar\/sjofararnas-kartor\/#breadcrumb\",\"itemListElement\":[{\"@type\":\"ListItem\",\"position\":1,\"name\":\"Home\",\"item\":\"https:\/\/digimuseo.fi\/sv\/\"},{\"@type\":\"ListItem\",\"position\":2,\"name\":\"Tuotteet\",\"item\":\"https:\/\/digimuseo.fi\/nayttelyt\/\"},{\"@type\":\"ListItem\",\"position\":3,\"name\":\"Sj\u00f6fararnas kartor\"}]},{\"@type\":\"WebSite\",\"@id\":\"https:\/\/digimuseo.fi\/en\/#website\",\"url\":\"https:\/\/digimuseo.fi\/en\/\",\"name\":\"Digital museum\",\"description\":\"G\u00e5 in fr\u00e5n ditt vardagsrum\",\"potentialAction\":[{\"@type\":\"SearchAction\",\"target\":{\"@type\":\"EntryPoint\",\"urlTemplate\":\"https:\/\/digimuseo.fi\/en\/?s={search_term_string}\"},\"query-input\":{\"@type\":\"PropertyValueSpecification\",\"valueRequired\":true,\"valueName\":\"search_term_string\"}}],\"inLanguage\":\"sv-SE\"}]}<\/script>\n<!-- \/ Yoast SEO plugin. -->","yoast_head_json":{"title":"Sj\u00f6fararnas kartor - Digital museum","description":"Fyra atlaser ur John Nurmisens stiftelses samlingar presenteras nu i en virtuell utst\u00e4llning. Atlaksia \u00e4r en digital utst\u00e4llning som visar sj\u00f6kartb\u00f6cker fr\u00e5n \u00d6stersj\u00f6n fr\u00e5n 1600- till 1800-talet.","robots":{"index":"index","follow":"follow","max-snippet":"max-snippet:-1","max-image-preview":"max-image-preview:large","max-video-preview":"max-video-preview:-1"},"canonical":"https:\/\/digimuseo.fi\/sv\/utstallningar\/sjofararnas-kartor\/","og_locale":"sv_SE","og_type":"article","og_title":"Sj\u00f6fararnas kartor - Digital museum","og_description":"Fyra atlaser ur John Nurmisens stiftelses samlingar presenteras nu i en virtuell utst\u00e4llning. Atlaksia \u00e4r en digital utst\u00e4llning som visar sj\u00f6kartb\u00f6cker fr\u00e5n \u00d6stersj\u00f6n fr\u00e5n 1600- till 1800-talet.","og_url":"https:\/\/digimuseo.fi\/sv\/utstallningar\/sjofararnas-kartor\/","og_site_name":"Digital museum","article_modified_time":"2026-03-31T09:18:19+00:00","og_image":[{"width":1080,"height":1080,"url":"https:\/\/digimuseo.fi\/wp-content\/uploads\/2026\/03\/Merenkulkijan-kartastot_1080x1080.jpg","type":"image\/jpeg"}],"twitter_card":"summary_large_image","twitter_misc":{"Ber\u00e4knad l\u00e4stid":"1 minut"},"schema":{"@context":"https:\/\/schema.org","@graph":[{"@type":"WebPage","@id":"https:\/\/digimuseo.fi\/sv\/utstallningar\/sjofararnas-kartor\/","url":"https:\/\/digimuseo.fi\/sv\/utstallningar\/sjofararnas-kartor\/","name":"Sj\u00f6fararnas kartor - Digital museum","isPartOf":{"@id":"https:\/\/digimuseo.fi\/en\/#website"},"primaryImageOfPage":{"@id":"https:\/\/digimuseo.fi\/sv\/utstallningar\/sjofararnas-kartor\/#primaryimage"},"image":{"@id":"https:\/\/digimuseo.fi\/sv\/utstallningar\/sjofararnas-kartor\/#primaryimage"},"thumbnailUrl":"https:\/\/digimuseo.fi\/wp-content\/uploads\/2026\/03\/Merenkulkijan-kartastot_1080x1080.jpg","datePublished":"2026-03-31T09:10:46+00:00","dateModified":"2026-03-31T09:18:19+00:00","description":"Fyra atlaser ur John Nurmisens stiftelses samlingar presenteras nu i en virtuell utst\u00e4llning. Atlaksia \u00e4r en digital utst\u00e4llning som visar sj\u00f6kartb\u00f6cker fr\u00e5n \u00d6stersj\u00f6n fr\u00e5n 1600- till 1800-talet.","breadcrumb":{"@id":"https:\/\/digimuseo.fi\/sv\/utstallningar\/sjofararnas-kartor\/#breadcrumb"},"inLanguage":"sv-SE","potentialAction":[{"@type":"ReadAction","target":["https:\/\/digimuseo.fi\/sv\/utstallningar\/sjofararnas-kartor\/"]}]},{"@type":"ImageObject","inLanguage":"sv-SE","@id":"https:\/\/digimuseo.fi\/sv\/utstallningar\/sjofararnas-kartor\/#primaryimage","url":"https:\/\/digimuseo.fi\/wp-content\/uploads\/2026\/03\/Merenkulkijan-kartastot_1080x1080.jpg","contentUrl":"https:\/\/digimuseo.fi\/wp-content\/uploads\/2026\/03\/Merenkulkijan-kartastot_1080x1080.jpg","width":1080,"height":1080},{"@type":"BreadcrumbList","@id":"https:\/\/digimuseo.fi\/sv\/utstallningar\/sjofararnas-kartor\/#breadcrumb","itemListElement":[{"@type":"ListItem","position":1,"name":"Home","item":"https:\/\/digimuseo.fi\/sv\/"},{"@type":"ListItem","position":2,"name":"Tuotteet","item":"https:\/\/digimuseo.fi\/nayttelyt\/"},{"@type":"ListItem","position":3,"name":"Sj\u00f6fararnas kartor"}]},{"@type":"WebSite","@id":"https:\/\/digimuseo.fi\/en\/#website","url":"https:\/\/digimuseo.fi\/en\/","name":"Digital museum","description":"G\u00e5 in fr\u00e5n ditt vardagsrum","potentialAction":[{"@type":"SearchAction","target":{"@type":"EntryPoint","urlTemplate":"https:\/\/digimuseo.fi\/en\/?s={search_term_string}"},"query-input":{"@type":"PropertyValueSpecification","valueRequired":true,"valueName":"search_term_string"}}],"inLanguage":"sv-SE"}]}},"_links":{"self":[{"href":"https:\/\/digimuseo.fi\/sv\/wp-json\/wp\/v2\/product\/4919","targetHints":{"allow":["GET"]}}],"collection":[{"href":"https:\/\/digimuseo.fi\/sv\/wp-json\/wp\/v2\/product"}],"about":[{"href":"https:\/\/digimuseo.fi\/sv\/wp-json\/wp\/v2\/types\/product"}],"wp:featuredmedia":[{"embeddable":true,"href":"https:\/\/digimuseo.fi\/sv\/wp-json\/wp\/v2\/media\/4917"}],"wp:attachment":[{"href":"https:\/\/digimuseo.fi\/sv\/wp-json\/wp\/v2\/media?parent=4919"}],"wp:term":[{"taxonomy":"product_brand","embeddable":true,"href":"https:\/\/digimuseo.fi\/sv\/wp-json\/wp\/v2\/product_brand?post=4919"},{"taxonomy":"product_cat","embeddable":true,"href":"https:\/\/digimuseo.fi\/sv\/wp-json\/wp\/v2\/product_cat?post=4919"},{"taxonomy":"product_tag","embeddable":true,"href":"https:\/\/digimuseo.fi\/sv\/wp-json\/wp\/v2\/product_tag?post=4919"},{"taxonomy":"school_subject","embeddable":true,"href":"https:\/\/digimuseo.fi\/sv\/wp-json\/wp\/v2\/school_subject?post=4919"},{"taxonomy":"school_level","embeddable":true,"href":"https:\/\/digimuseo.fi\/sv\/wp-json\/wp\/v2\/school_level?post=4919"}],"curies":[{"name":"wp","href":"https:\/\/api.w.org\/{rel}","templated":true}]}}