{"id":4204,"date":"2024-02-29T10:29:57","date_gmt":"2024-02-29T08:29:57","guid":{"rendered":"https:\/\/digimuseo.fi\/?post_type=product&#038;p=4204"},"modified":"2024-02-29T16:04:51","modified_gmt":"2024-02-29T14:04:51","slug":"man-sjalv-som-en-annan","status":"publish","type":"product","link":"https:\/\/digimuseo.fi\/sv\/utstallningar\/man-sjalv-som-en-annan\/","title":{"rendered":"Man sj\u00e4lv som en annan"},"content":{"rendered":"<p style=\"font-weight: 400;\"><em>Man sj\u00e4lv som en annan<\/em> skapar ett rum f\u00f6r den andras l\u00e4ngtan, f\u00f6r hens minne. Den utst\u00e4llningen funderar \u00f6ver vad vi l\u00e4ngtar efter, vart vi \u00e4r p\u00e5 v\u00e4g och vem som \u00e4r med oss.<\/p>\n<p style=\"font-weight: 400;\">Utst\u00e4llningen har kuraterats av Aura Seikkula och skapats av teknologihuset Arilyn som en del av sin egen Virtual Art Gallery -verksamhet. I planeringen och konstruktionen av utrymmet har uppm\u00e4rksamhet \u00e4gnats \u00e5t formspr\u00e5ket och volymen p\u00e5 Serlachius tillbyggnaden i tr\u00e4.<\/p>\n<p style=\"font-weight: 400;\"><span style=\"font-weight: 400;\">\u201dDet givande i uppbyggandet av dessa virtuella utrymmen samt i kuraterandet av utst\u00e4llningen var m\u00f6jligheten att undvika alla fysiska lagbundenheter. Vi har till exempel f\u00f6r\u00e4ndrat verkens proportioner och storleksklass i dialog med utrymmet. En del av verkens m\u00e5tt svarar inte mot verkligheten och de f\u00e5r p\u00e5 det s\u00e4ttet ett helt nytt v\u00e4sen\u201d, ber\u00e4ttar Aura Seikkula.<\/span><\/p>\n","protected":false},"excerpt":{"rendered":"<p style=\"font-weight: 400;\">Den virtuella utst\u00e4llningen <em>Man sj\u00e4lv som en annan<\/em> presenterar klassiker och nutidskonst ur G\u00f6sta Serlachius konststiftelses samlingar. Utst\u00e4llningen har kuraterats av Aura Seikkula.<\/p>\n","protected":false},"featured_media":4226,"template":"","meta":{"_acf_changed":false},"product_brand":[],"product_cat":[75],"product_tag":[],"school_subject":[],"school_level":[],"class_list":{"0":"post-4204","1":"product","2":"type-product","3":"status-publish","4":"has-post-thumbnail","6":"product_cat-yleinen-sv","7":"museums-serlachius-gard","8":"exhibition_themes-konst","10":"first","11":"instock","12":"virtual","13":"sold-individually","14":"taxable","15":"product-type-basic_museum"},"acf":[],"yoast_head":"<!-- This site is optimized with the Yoast SEO plugin v27.4 - https:\/\/yoast.com\/product\/yoast-seo-wordpress\/ -->\n<title>Man sj\u00e4lv som en annan - Digital museum<\/title>\n<meta name=\"description\" content=\"Man sj\u00e4lv som en annan skapar ett rum f\u00f6r den andras l\u00e4ngtan, f\u00f6r hens minne. Den utst\u00e4llningen funderar \u00f6ver vad vi l\u00e4ngtar efter, vart vi \u00e4r p\u00e5 v\u00e4g och vem som \u00e4r med oss.\" \/>\n<meta name=\"robots\" content=\"index, follow, max-snippet:-1, max-image-preview:large, max-video-preview:-1\" \/>\n<link rel=\"canonical\" href=\"https:\/\/digimuseo.fi\/sv\/utstallningar\/man-sjalv-som-en-annan\/\" \/>\n<meta property=\"og:locale\" content=\"sv_SE\" \/>\n<meta property=\"og:type\" content=\"article\" \/>\n<meta property=\"og:title\" content=\"Man sj\u00e4lv som en annan - Digital museum\" \/>\n<meta property=\"og:description\" content=\"Man sj\u00e4lv som en annan skapar ett rum f\u00f6r den andras l\u00e4ngtan, f\u00f6r hens minne. Den utst\u00e4llningen funderar \u00f6ver vad vi l\u00e4ngtar efter, vart vi \u00e4r p\u00e5 v\u00e4g och vem som \u00e4r med oss.\" \/>\n<meta property=\"og:url\" content=\"https:\/\/digimuseo.fi\/sv\/utstallningar\/man-sjalv-som-en-annan\/\" \/>\n<meta property=\"og:site_name\" content=\"Digital museum\" \/>\n<meta property=\"article:modified_time\" content=\"2024-02-29T14:04:51+00:00\" \/>\n<meta property=\"og:image\" content=\"https:\/\/digimuseo.fi\/wp-content\/uploads\/2024\/02\/Helene-Schjerfbeck-Autoilija.jpg\" \/>\n\t<meta property=\"og:image:width\" content=\"1080\" \/>\n\t<meta property=\"og:image:height\" content=\"1080\" \/>\n\t<meta property=\"og:image:type\" content=\"image\/jpeg\" \/>\n<meta name=\"twitter:card\" content=\"summary_large_image\" \/>\n<meta name=\"twitter:label1\" content=\"Ber\u00e4knad l\u00e4stid\" \/>\n\t<meta name=\"twitter:data1\" content=\"1 minut\" \/>\n<script type=\"application\/ld+json\" class=\"yoast-schema-graph\">{\"@context\":\"https:\\\/\\\/schema.org\",\"@graph\":[{\"@type\":\"WebPage\",\"@id\":\"https:\\\/\\\/digimuseo.fi\\\/sv\\\/utstallningar\\\/man-sjalv-som-en-annan\\\/\",\"url\":\"https:\\\/\\\/digimuseo.fi\\\/sv\\\/utstallningar\\\/man-sjalv-som-en-annan\\\/\",\"name\":\"Man sj\u00e4lv som en annan - Digital museum\",\"isPartOf\":{\"@id\":\"https:\\\/\\\/digimuseo.fi\\\/en\\\/#website\"},\"primaryImageOfPage\":{\"@id\":\"https:\\\/\\\/digimuseo.fi\\\/sv\\\/utstallningar\\\/man-sjalv-som-en-annan\\\/#primaryimage\"},\"image\":{\"@id\":\"https:\\\/\\\/digimuseo.fi\\\/sv\\\/utstallningar\\\/man-sjalv-som-en-annan\\\/#primaryimage\"},\"thumbnailUrl\":\"https:\\\/\\\/digimuseo.fi\\\/wp-content\\\/uploads\\\/2024\\\/02\\\/Helene-Schjerfbeck-Autoilija.jpg\",\"datePublished\":\"2024-02-29T08:29:57+00:00\",\"dateModified\":\"2024-02-29T14:04:51+00:00\",\"description\":\"Man sj\u00e4lv som en annan skapar ett rum f\u00f6r den andras l\u00e4ngtan, f\u00f6r hens minne. Den utst\u00e4llningen funderar \u00f6ver vad vi l\u00e4ngtar efter, vart vi \u00e4r p\u00e5 v\u00e4g och vem som \u00e4r med oss.\",\"breadcrumb\":{\"@id\":\"https:\\\/\\\/digimuseo.fi\\\/sv\\\/utstallningar\\\/man-sjalv-som-en-annan\\\/#breadcrumb\"},\"inLanguage\":\"sv-SE\",\"potentialAction\":[{\"@type\":\"ReadAction\",\"target\":[\"https:\\\/\\\/digimuseo.fi\\\/sv\\\/utstallningar\\\/man-sjalv-som-en-annan\\\/\"]}]},{\"@type\":\"ImageObject\",\"inLanguage\":\"sv-SE\",\"@id\":\"https:\\\/\\\/digimuseo.fi\\\/sv\\\/utstallningar\\\/man-sjalv-som-en-annan\\\/#primaryimage\",\"url\":\"https:\\\/\\\/digimuseo.fi\\\/wp-content\\\/uploads\\\/2024\\\/02\\\/Helene-Schjerfbeck-Autoilija.jpg\",\"contentUrl\":\"https:\\\/\\\/digimuseo.fi\\\/wp-content\\\/uploads\\\/2024\\\/02\\\/Helene-Schjerfbeck-Autoilija.jpg\",\"width\":1080,\"height\":1080,\"caption\":\"Helene Schjerfbeck, Bilisten (M\u00e5ns Schjerfbeck), detalj, 1929, olja p\u00e5 duk, G\u00f6sta Serlachius Konststiftelse. Fotografi: Hannu Miettinen\"},{\"@type\":\"BreadcrumbList\",\"@id\":\"https:\\\/\\\/digimuseo.fi\\\/sv\\\/utstallningar\\\/man-sjalv-som-en-annan\\\/#breadcrumb\",\"itemListElement\":[{\"@type\":\"ListItem\",\"position\":1,\"name\":\"Home\",\"item\":\"https:\\\/\\\/digimuseo.fi\\\/sv\\\/\"},{\"@type\":\"ListItem\",\"position\":2,\"name\":\"Tuotteet\",\"item\":\"https:\\\/\\\/digimuseo.fi\\\/nayttelyt\\\/\"},{\"@type\":\"ListItem\",\"position\":3,\"name\":\"Man sj\u00e4lv som en annan\"}]},{\"@type\":\"WebSite\",\"@id\":\"https:\\\/\\\/digimuseo.fi\\\/en\\\/#website\",\"url\":\"https:\\\/\\\/digimuseo.fi\\\/en\\\/\",\"name\":\"Digital museum\",\"description\":\"G\u00e5 in fr\u00e5n ditt vardagsrum\",\"potentialAction\":[{\"@type\":\"SearchAction\",\"target\":{\"@type\":\"EntryPoint\",\"urlTemplate\":\"https:\\\/\\\/digimuseo.fi\\\/en\\\/?s={search_term_string}\"},\"query-input\":{\"@type\":\"PropertyValueSpecification\",\"valueRequired\":true,\"valueName\":\"search_term_string\"}}],\"inLanguage\":\"sv-SE\"}]}<\/script>\n<!-- \/ Yoast SEO plugin. -->","yoast_head_json":{"title":"Man sj\u00e4lv som en annan - Digital museum","description":"Man sj\u00e4lv som en annan skapar ett rum f\u00f6r den andras l\u00e4ngtan, f\u00f6r hens minne. Den utst\u00e4llningen funderar \u00f6ver vad vi l\u00e4ngtar efter, vart vi \u00e4r p\u00e5 v\u00e4g och vem som \u00e4r med oss.","robots":{"index":"index","follow":"follow","max-snippet":"max-snippet:-1","max-image-preview":"max-image-preview:large","max-video-preview":"max-video-preview:-1"},"canonical":"https:\/\/digimuseo.fi\/sv\/utstallningar\/man-sjalv-som-en-annan\/","og_locale":"sv_SE","og_type":"article","og_title":"Man sj\u00e4lv som en annan - Digital museum","og_description":"Man sj\u00e4lv som en annan skapar ett rum f\u00f6r den andras l\u00e4ngtan, f\u00f6r hens minne. Den utst\u00e4llningen funderar \u00f6ver vad vi l\u00e4ngtar efter, vart vi \u00e4r p\u00e5 v\u00e4g och vem som \u00e4r med oss.","og_url":"https:\/\/digimuseo.fi\/sv\/utstallningar\/man-sjalv-som-en-annan\/","og_site_name":"Digital museum","article_modified_time":"2024-02-29T14:04:51+00:00","og_image":[{"width":1080,"height":1080,"url":"https:\/\/digimuseo.fi\/wp-content\/uploads\/2024\/02\/Helene-Schjerfbeck-Autoilija.jpg","type":"image\/jpeg"}],"twitter_card":"summary_large_image","twitter_misc":{"Ber\u00e4knad l\u00e4stid":"1 minut"},"schema":{"@context":"https:\/\/schema.org","@graph":[{"@type":"WebPage","@id":"https:\/\/digimuseo.fi\/sv\/utstallningar\/man-sjalv-som-en-annan\/","url":"https:\/\/digimuseo.fi\/sv\/utstallningar\/man-sjalv-som-en-annan\/","name":"Man sj\u00e4lv som en annan - Digital museum","isPartOf":{"@id":"https:\/\/digimuseo.fi\/en\/#website"},"primaryImageOfPage":{"@id":"https:\/\/digimuseo.fi\/sv\/utstallningar\/man-sjalv-som-en-annan\/#primaryimage"},"image":{"@id":"https:\/\/digimuseo.fi\/sv\/utstallningar\/man-sjalv-som-en-annan\/#primaryimage"},"thumbnailUrl":"https:\/\/digimuseo.fi\/wp-content\/uploads\/2024\/02\/Helene-Schjerfbeck-Autoilija.jpg","datePublished":"2024-02-29T08:29:57+00:00","dateModified":"2024-02-29T14:04:51+00:00","description":"Man sj\u00e4lv som en annan skapar ett rum f\u00f6r den andras l\u00e4ngtan, f\u00f6r hens minne. Den utst\u00e4llningen funderar \u00f6ver vad vi l\u00e4ngtar efter, vart vi \u00e4r p\u00e5 v\u00e4g och vem som \u00e4r med oss.","breadcrumb":{"@id":"https:\/\/digimuseo.fi\/sv\/utstallningar\/man-sjalv-som-en-annan\/#breadcrumb"},"inLanguage":"sv-SE","potentialAction":[{"@type":"ReadAction","target":["https:\/\/digimuseo.fi\/sv\/utstallningar\/man-sjalv-som-en-annan\/"]}]},{"@type":"ImageObject","inLanguage":"sv-SE","@id":"https:\/\/digimuseo.fi\/sv\/utstallningar\/man-sjalv-som-en-annan\/#primaryimage","url":"https:\/\/digimuseo.fi\/wp-content\/uploads\/2024\/02\/Helene-Schjerfbeck-Autoilija.jpg","contentUrl":"https:\/\/digimuseo.fi\/wp-content\/uploads\/2024\/02\/Helene-Schjerfbeck-Autoilija.jpg","width":1080,"height":1080,"caption":"Helene Schjerfbeck, Bilisten (M\u00e5ns Schjerfbeck), detalj, 1929, olja p\u00e5 duk, G\u00f6sta Serlachius Konststiftelse. Fotografi: Hannu Miettinen"},{"@type":"BreadcrumbList","@id":"https:\/\/digimuseo.fi\/sv\/utstallningar\/man-sjalv-som-en-annan\/#breadcrumb","itemListElement":[{"@type":"ListItem","position":1,"name":"Home","item":"https:\/\/digimuseo.fi\/sv\/"},{"@type":"ListItem","position":2,"name":"Tuotteet","item":"https:\/\/digimuseo.fi\/nayttelyt\/"},{"@type":"ListItem","position":3,"name":"Man sj\u00e4lv som en annan"}]},{"@type":"WebSite","@id":"https:\/\/digimuseo.fi\/en\/#website","url":"https:\/\/digimuseo.fi\/en\/","name":"Digital museum","description":"G\u00e5 in fr\u00e5n ditt vardagsrum","potentialAction":[{"@type":"SearchAction","target":{"@type":"EntryPoint","urlTemplate":"https:\/\/digimuseo.fi\/en\/?s={search_term_string}"},"query-input":{"@type":"PropertyValueSpecification","valueRequired":true,"valueName":"search_term_string"}}],"inLanguage":"sv-SE"}]}},"_links":{"self":[{"href":"https:\/\/digimuseo.fi\/sv\/wp-json\/wp\/v2\/product\/4204","targetHints":{"allow":["GET"]}}],"collection":[{"href":"https:\/\/digimuseo.fi\/sv\/wp-json\/wp\/v2\/product"}],"about":[{"href":"https:\/\/digimuseo.fi\/sv\/wp-json\/wp\/v2\/types\/product"}],"wp:featuredmedia":[{"embeddable":true,"href":"https:\/\/digimuseo.fi\/sv\/wp-json\/wp\/v2\/media\/4226"}],"wp:attachment":[{"href":"https:\/\/digimuseo.fi\/sv\/wp-json\/wp\/v2\/media?parent=4204"}],"wp:term":[{"taxonomy":"product_brand","embeddable":true,"href":"https:\/\/digimuseo.fi\/sv\/wp-json\/wp\/v2\/product_brand?post=4204"},{"taxonomy":"product_cat","embeddable":true,"href":"https:\/\/digimuseo.fi\/sv\/wp-json\/wp\/v2\/product_cat?post=4204"},{"taxonomy":"product_tag","embeddable":true,"href":"https:\/\/digimuseo.fi\/sv\/wp-json\/wp\/v2\/product_tag?post=4204"},{"taxonomy":"school_subject","embeddable":true,"href":"https:\/\/digimuseo.fi\/sv\/wp-json\/wp\/v2\/school_subject?post=4204"},{"taxonomy":"school_level","embeddable":true,"href":"https:\/\/digimuseo.fi\/sv\/wp-json\/wp\/v2\/school_level?post=4204"}],"curies":[{"name":"wp","href":"https:\/\/api.w.org\/{rel}","templated":true}]}}