{"id":3574,"date":"2023-09-11T22:10:37","date_gmt":"2023-09-11T19:10:37","guid":{"rendered":"https:\/\/digimuseo.fi\/?post_type=product&#038;p=3574"},"modified":"2023-09-11T22:13:02","modified_gmt":"2023-09-11T19:13:02","slug":"virtuell-utstallning-den-fargade-sanningen-konstbrott-i-finland","status":"publish","type":"product","link":"https:\/\/digimuseo.fi\/sv\/utstallningar\/virtuell-utstallning-den-fargade-sanningen-konstbrott-i-finland\/","title":{"rendered":"Virtuell utst\u00e4llning: Den f\u00e4rgade sanningen \u2013 Konstbrott i Finland"},"content":{"rendered":"<p style=\"font-weight: 400;\">I utst\u00e4llningen visas f\u00f6rfalskningar av till exempel Gallen-Kallelas, Schjerfbecks, Picassos och L\u00e9gers verk. Alla verk h\u00f6r numera till Polismuseets samlingar. De har ursprungligen beslagtagits i samband med polisens f\u00f6runders\u00f6kning och d\u00f6mts f\u00f6rverkade till staten som hj\u00e4lpmedel vid brott.<\/p>\n<p style=\"font-weight: 400;\">Utst\u00e4llningen \u00e4r inte en konstutst\u00e4llning utan den ber\u00e4ttar om konstbrott och deras historia samt om den utredning som polisen och konstexperterna g\u00f6r tillsammans. Samtidigt f\u00e5r bes\u00f6karna veta till exempel hur man kan se skillnad p\u00e5 f\u00f6rfalskad och \u00e4kta konst och vilka knep svindlarf\u00f6rs\u00e4ljarna anv\u00e4nder i konsthandeln.<\/p>\n","protected":false},"excerpt":{"rendered":"<p style=\"font-weight: 400;\">Vad \u00e4r konstbrott och hur utreds de? Hur s\u00e4ljs konstf\u00f6rfalskningar och vem k\u00f6per f\u00f6rfalskad konst? Utst\u00e4llningen Den f\u00e4rgade sanningen \u2013 Konstbrott i Finland presenterar de st\u00f6rsta konstbrotten som beg\u00e5tts i Finland och polisens utredning av dem.<\/p>\n","protected":false},"featured_media":3570,"template":"","meta":{"_acf_changed":false},"product_brand":[],"product_cat":[75],"product_tag":[],"school_subject":[],"school_level":[],"class_list":{"0":"post-3574","1":"product","2":"type-product","3":"status-publish","4":"has-post-thumbnail","6":"product_cat-yleinen-sv","7":"museums-polismuseet","8":"exhibition_themes-special","10":"first","11":"instock","12":"virtual","13":"sold-individually","14":"taxable","15":"product-type-basic_museum"},"acf":[],"yoast_head":"<!-- This site is optimized with the Yoast SEO plugin v27.1.1 - https:\/\/yoast.com\/product\/yoast-seo-wordpress\/ -->\n<title>Virtuell utst\u00e4llning: Den f\u00e4rgade sanningen \u2013 Konstbrott i Finland - Digital museum<\/title>\n<meta name=\"robots\" content=\"index, follow, max-snippet:-1, max-image-preview:large, max-video-preview:-1\" \/>\n<link rel=\"canonical\" href=\"https:\/\/digimuseo.fi\/sv\/utstallningar\/virtuell-utstallning-den-fargade-sanningen-konstbrott-i-finland\/\" \/>\n<meta property=\"og:locale\" content=\"sv_SE\" \/>\n<meta property=\"og:type\" content=\"article\" \/>\n<meta property=\"og:title\" content=\"Virtuell utst\u00e4llning: Den f\u00e4rgade sanningen \u2013 Konstbrott i Finland - Digital museum\" \/>\n<meta property=\"og:description\" content=\"Vad \u00e4r konstbrott och hur utreds de? Hur s\u00e4ljs konstf\u00f6rfalskningar och vem k\u00f6per f\u00f6rfalskad konst? Utst\u00e4llningen Den f\u00e4rgade sanningen \u2013 Konstbrott i Finland presenterar de st\u00f6rsta konstbrotten som beg\u00e5tts i Finland och polisens utredning av dem.\" \/>\n<meta property=\"og:url\" content=\"https:\/\/digimuseo.fi\/sv\/utstallningar\/virtuell-utstallning-den-fargade-sanningen-konstbrott-i-finland\/\" \/>\n<meta property=\"og:site_name\" content=\"Digital museum\" \/>\n<meta property=\"article:modified_time\" content=\"2023-09-11T19:13:02+00:00\" \/>\n<meta property=\"og:image\" content=\"https:\/\/digimuseo.fi\/wp-content\/uploads\/2023\/09\/nayttelykuvat-4-30.4.-Jarkko-Jarvinen-1024x677.jpg\" \/>\n\t<meta property=\"og:image:width\" content=\"1024\" \/>\n\t<meta property=\"og:image:height\" content=\"677\" \/>\n\t<meta property=\"og:image:type\" content=\"image\/jpeg\" \/>\n<meta name=\"twitter:card\" content=\"summary_large_image\" \/>\n<meta name=\"twitter:label1\" content=\"Ber\u00e4knad l\u00e4stid\" \/>\n\t<meta name=\"twitter:data1\" content=\"1 minut\" \/>\n<script type=\"application\/ld+json\" class=\"yoast-schema-graph\">{\"@context\":\"https:\/\/schema.org\",\"@graph\":[{\"@type\":\"WebPage\",\"@id\":\"https:\/\/digimuseo.fi\/sv\/utstallningar\/virtuell-utstallning-den-fargade-sanningen-konstbrott-i-finland\/\",\"url\":\"https:\/\/digimuseo.fi\/sv\/utstallningar\/virtuell-utstallning-den-fargade-sanningen-konstbrott-i-finland\/\",\"name\":\"Virtuell utst\u00e4llning: Den f\u00e4rgade sanningen \u2013 Konstbrott i Finland - Digital museum\",\"isPartOf\":{\"@id\":\"https:\/\/digimuseo.fi\/en\/#website\"},\"primaryImageOfPage\":{\"@id\":\"https:\/\/digimuseo.fi\/sv\/utstallningar\/virtuell-utstallning-den-fargade-sanningen-konstbrott-i-finland\/#primaryimage\"},\"image\":{\"@id\":\"https:\/\/digimuseo.fi\/sv\/utstallningar\/virtuell-utstallning-den-fargade-sanningen-konstbrott-i-finland\/#primaryimage\"},\"thumbnailUrl\":\"https:\/\/digimuseo.fi\/wp-content\/uploads\/2023\/09\/nayttelykuvat-4-30.4.-Jarkko-Jarvinen.jpg\",\"datePublished\":\"2023-09-11T19:10:37+00:00\",\"dateModified\":\"2023-09-11T19:13:02+00:00\",\"breadcrumb\":{\"@id\":\"https:\/\/digimuseo.fi\/sv\/utstallningar\/virtuell-utstallning-den-fargade-sanningen-konstbrott-i-finland\/#breadcrumb\"},\"inLanguage\":\"sv-SE\",\"potentialAction\":[{\"@type\":\"ReadAction\",\"target\":[\"https:\/\/digimuseo.fi\/sv\/utstallningar\/virtuell-utstallning-den-fargade-sanningen-konstbrott-i-finland\/\"]}]},{\"@type\":\"ImageObject\",\"inLanguage\":\"sv-SE\",\"@id\":\"https:\/\/digimuseo.fi\/sv\/utstallningar\/virtuell-utstallning-den-fargade-sanningen-konstbrott-i-finland\/#primaryimage\",\"url\":\"https:\/\/digimuseo.fi\/wp-content\/uploads\/2023\/09\/nayttelykuvat-4-30.4.-Jarkko-Jarvinen.jpg\",\"contentUrl\":\"https:\/\/digimuseo.fi\/wp-content\/uploads\/2023\/09\/nayttelykuvat-4-30.4.-Jarkko-Jarvinen.jpg\",\"width\":7854,\"height\":5191,\"caption\":\"Polismuseet\/Jarkko J\u00e4rvinen\"},{\"@type\":\"BreadcrumbList\",\"@id\":\"https:\/\/digimuseo.fi\/sv\/utstallningar\/virtuell-utstallning-den-fargade-sanningen-konstbrott-i-finland\/#breadcrumb\",\"itemListElement\":[{\"@type\":\"ListItem\",\"position\":1,\"name\":\"Home\",\"item\":\"https:\/\/digimuseo.fi\/sv\/\"},{\"@type\":\"ListItem\",\"position\":2,\"name\":\"Tuotteet\",\"item\":\"https:\/\/digimuseo.fi\/nayttelyt\/\"},{\"@type\":\"ListItem\",\"position\":3,\"name\":\"Virtuell utst\u00e4llning: Den f\u00e4rgade sanningen \u2013 Konstbrott i Finland\"}]},{\"@type\":\"WebSite\",\"@id\":\"https:\/\/digimuseo.fi\/en\/#website\",\"url\":\"https:\/\/digimuseo.fi\/en\/\",\"name\":\"Digital museum\",\"description\":\"G\u00e5 in fr\u00e5n ditt vardagsrum\",\"potentialAction\":[{\"@type\":\"SearchAction\",\"target\":{\"@type\":\"EntryPoint\",\"urlTemplate\":\"https:\/\/digimuseo.fi\/en\/?s={search_term_string}\"},\"query-input\":{\"@type\":\"PropertyValueSpecification\",\"valueRequired\":true,\"valueName\":\"search_term_string\"}}],\"inLanguage\":\"sv-SE\"}]}<\/script>\n<!-- \/ Yoast SEO plugin. -->","yoast_head_json":{"title":"Virtuell utst\u00e4llning: Den f\u00e4rgade sanningen \u2013 Konstbrott i Finland - Digital museum","robots":{"index":"index","follow":"follow","max-snippet":"max-snippet:-1","max-image-preview":"max-image-preview:large","max-video-preview":"max-video-preview:-1"},"canonical":"https:\/\/digimuseo.fi\/sv\/utstallningar\/virtuell-utstallning-den-fargade-sanningen-konstbrott-i-finland\/","og_locale":"sv_SE","og_type":"article","og_title":"Virtuell utst\u00e4llning: Den f\u00e4rgade sanningen \u2013 Konstbrott i Finland - Digital museum","og_description":"Vad \u00e4r konstbrott och hur utreds de? Hur s\u00e4ljs konstf\u00f6rfalskningar och vem k\u00f6per f\u00f6rfalskad konst? Utst\u00e4llningen Den f\u00e4rgade sanningen \u2013 Konstbrott i Finland presenterar de st\u00f6rsta konstbrotten som beg\u00e5tts i Finland och polisens utredning av dem.","og_url":"https:\/\/digimuseo.fi\/sv\/utstallningar\/virtuell-utstallning-den-fargade-sanningen-konstbrott-i-finland\/","og_site_name":"Digital museum","article_modified_time":"2023-09-11T19:13:02+00:00","og_image":[{"width":1024,"height":677,"url":"https:\/\/digimuseo.fi\/wp-content\/uploads\/2023\/09\/nayttelykuvat-4-30.4.-Jarkko-Jarvinen-1024x677.jpg","type":"image\/jpeg"}],"twitter_card":"summary_large_image","twitter_misc":{"Ber\u00e4knad l\u00e4stid":"1 minut"},"schema":{"@context":"https:\/\/schema.org","@graph":[{"@type":"WebPage","@id":"https:\/\/digimuseo.fi\/sv\/utstallningar\/virtuell-utstallning-den-fargade-sanningen-konstbrott-i-finland\/","url":"https:\/\/digimuseo.fi\/sv\/utstallningar\/virtuell-utstallning-den-fargade-sanningen-konstbrott-i-finland\/","name":"Virtuell utst\u00e4llning: Den f\u00e4rgade sanningen \u2013 Konstbrott i Finland - Digital museum","isPartOf":{"@id":"https:\/\/digimuseo.fi\/en\/#website"},"primaryImageOfPage":{"@id":"https:\/\/digimuseo.fi\/sv\/utstallningar\/virtuell-utstallning-den-fargade-sanningen-konstbrott-i-finland\/#primaryimage"},"image":{"@id":"https:\/\/digimuseo.fi\/sv\/utstallningar\/virtuell-utstallning-den-fargade-sanningen-konstbrott-i-finland\/#primaryimage"},"thumbnailUrl":"https:\/\/digimuseo.fi\/wp-content\/uploads\/2023\/09\/nayttelykuvat-4-30.4.-Jarkko-Jarvinen.jpg","datePublished":"2023-09-11T19:10:37+00:00","dateModified":"2023-09-11T19:13:02+00:00","breadcrumb":{"@id":"https:\/\/digimuseo.fi\/sv\/utstallningar\/virtuell-utstallning-den-fargade-sanningen-konstbrott-i-finland\/#breadcrumb"},"inLanguage":"sv-SE","potentialAction":[{"@type":"ReadAction","target":["https:\/\/digimuseo.fi\/sv\/utstallningar\/virtuell-utstallning-den-fargade-sanningen-konstbrott-i-finland\/"]}]},{"@type":"ImageObject","inLanguage":"sv-SE","@id":"https:\/\/digimuseo.fi\/sv\/utstallningar\/virtuell-utstallning-den-fargade-sanningen-konstbrott-i-finland\/#primaryimage","url":"https:\/\/digimuseo.fi\/wp-content\/uploads\/2023\/09\/nayttelykuvat-4-30.4.-Jarkko-Jarvinen.jpg","contentUrl":"https:\/\/digimuseo.fi\/wp-content\/uploads\/2023\/09\/nayttelykuvat-4-30.4.-Jarkko-Jarvinen.jpg","width":7854,"height":5191,"caption":"Polismuseet\/Jarkko J\u00e4rvinen"},{"@type":"BreadcrumbList","@id":"https:\/\/digimuseo.fi\/sv\/utstallningar\/virtuell-utstallning-den-fargade-sanningen-konstbrott-i-finland\/#breadcrumb","itemListElement":[{"@type":"ListItem","position":1,"name":"Home","item":"https:\/\/digimuseo.fi\/sv\/"},{"@type":"ListItem","position":2,"name":"Tuotteet","item":"https:\/\/digimuseo.fi\/nayttelyt\/"},{"@type":"ListItem","position":3,"name":"Virtuell utst\u00e4llning: Den f\u00e4rgade sanningen \u2013 Konstbrott i Finland"}]},{"@type":"WebSite","@id":"https:\/\/digimuseo.fi\/en\/#website","url":"https:\/\/digimuseo.fi\/en\/","name":"Digital museum","description":"G\u00e5 in fr\u00e5n ditt vardagsrum","potentialAction":[{"@type":"SearchAction","target":{"@type":"EntryPoint","urlTemplate":"https:\/\/digimuseo.fi\/en\/?s={search_term_string}"},"query-input":{"@type":"PropertyValueSpecification","valueRequired":true,"valueName":"search_term_string"}}],"inLanguage":"sv-SE"}]}},"_links":{"self":[{"href":"https:\/\/digimuseo.fi\/sv\/wp-json\/wp\/v2\/product\/3574","targetHints":{"allow":["GET"]}}],"collection":[{"href":"https:\/\/digimuseo.fi\/sv\/wp-json\/wp\/v2\/product"}],"about":[{"href":"https:\/\/digimuseo.fi\/sv\/wp-json\/wp\/v2\/types\/product"}],"wp:featuredmedia":[{"embeddable":true,"href":"https:\/\/digimuseo.fi\/sv\/wp-json\/wp\/v2\/media\/3570"}],"wp:attachment":[{"href":"https:\/\/digimuseo.fi\/sv\/wp-json\/wp\/v2\/media?parent=3574"}],"wp:term":[{"taxonomy":"product_brand","embeddable":true,"href":"https:\/\/digimuseo.fi\/sv\/wp-json\/wp\/v2\/product_brand?post=3574"},{"taxonomy":"product_cat","embeddable":true,"href":"https:\/\/digimuseo.fi\/sv\/wp-json\/wp\/v2\/product_cat?post=3574"},{"taxonomy":"product_tag","embeddable":true,"href":"https:\/\/digimuseo.fi\/sv\/wp-json\/wp\/v2\/product_tag?post=3574"},{"taxonomy":"school_subject","embeddable":true,"href":"https:\/\/digimuseo.fi\/sv\/wp-json\/wp\/v2\/school_subject?post=3574"},{"taxonomy":"school_level","embeddable":true,"href":"https:\/\/digimuseo.fi\/sv\/wp-json\/wp\/v2\/school_level?post=3574"}],"curies":[{"name":"wp","href":"https:\/\/api.w.org\/{rel}","templated":true}]}}