{"id":3263,"date":"2023-04-04T17:00:33","date_gmt":"2023-04-04T14:00:33","guid":{"rendered":"https:\/\/digimuseo.fi\/?post_type=product&#038;p=3263"},"modified":"2025-10-23T11:07:32","modified_gmt":"2025-10-23T08:07:32","slug":"forum-marinum-sigyn","status":"publish","type":"product","link":"https:\/\/digimuseo.fi\/sv\/utstallningar\/forum-marinum-sigyn\/","title":{"rendered":"Forum Marinum &#8211; Sigyn"},"content":{"rendered":"<p><span data-contrast=\"auto\">I utst\u00e4llningen f\u00e5r du bekanta dig med alla utrymmen p\u00e5 barkskeppet Sigyn: du bes\u00f6ker kaptenens och bef\u00e4lets utrymmen, skansen d\u00e4r manskapet bodde, k\u00f6ket eller byssan, d\u00e4cket, fartygets lastrum, och du f\u00e5r till och med kl\u00e4ttra upp i en mast! P\u00e5 en tur runt flytdockan Loke kan du beundra fartyget fr\u00e5n alla h\u00e5ll.\u202f<\/span><span data-ccp-props=\"{&quot;201341983&quot;:0,&quot;335559739&quot;:160,&quot;335559740&quot;:259}\">\u00a0<\/span><\/p>\n<h2><b><span data-contrast=\"auto\">V\u00e4lj mellan tv\u00e5 roliga rundturer som passar b\u00e5de f\u00f6r barn och vuxna!<\/span><\/b><span data-ccp-props=\"{&quot;201341983&quot;:0,&quot;335559739&quot;:160,&quot;335559740&quot;:259}\">\u00a0<\/span><\/h2>\n<p><span data-contrast=\"auto\">Under en rundtur som handlar om Sigyns bes\u00e4ttning bekantar vi oss via videoklipp med fartyget och bes\u00e4ttningens sp\u00e4nnande arbete i storm och stiltje. P\u00e5 videorna figurerar ocks\u00e5 skeppskatten Tom! P\u00e5 en rundtur om sm\u00e5kryp f\u00e5r du g\u00f6ra en uppt\u00e4cktsresa i de seglande krypens v\u00e4rld! Se dig om p\u00e5 Sigyn och flytdockan Loke och hitta \u00e5tta sm\u00e5kryp som g\u00f6mmer sig p\u00e5 fartyget. \u00c4r skeppsmasken alls en mask och vad i all v\u00e4rlden \u00e4r en skeppsbagge? Och vad har loppor, l\u00f6ss, mj\u00f6lbaggar, blodiglar, havstulpaner och fj\u00e4rilar med Sigyn att g\u00f6ra?\u202f<\/span><span data-ccp-props=\"{&quot;201341983&quot;:0,&quot;335559739&quot;:160,&quot;335559740&quot;:259}\">\u00a0<\/span><\/p>\n<p><span data-contrast=\"auto\">Skolklasser kan ocks\u00e5 sj\u00e4lvst\u00e4ndigt bekanta sig med den virtuella utst\u00e4llningen om Sigyn. Inneh\u00e5llet \u00e4r planerat speciellt f\u00f6r den grundl\u00e4ggande utbildningens \u00e5rskurser. <\/span><a href=\"https:\/\/www.forum-marinum.fi\/fi\/palvelut\/kouluille-ja-oppilaitoksille\/\"><span data-contrast=\"none\">H\u00e4r<\/span><\/a><span data-contrast=\"auto\"> hittar du f\u00e4rdigplanerat undervisningsmaterial.<\/span><span data-ccp-props=\"{&quot;201341983&quot;:0,&quot;335559739&quot;:160,&quot;335559740&quot;:259}\">\u00a0<\/span><\/p>\n<p>&nbsp;<\/p>\n<p style=\"text-align: right;\"><i><span data-contrast=\"auto\">Videorna om Sigyns bes\u00e4ttning spelades in av Aleksi Saariranta och i rollerna ser man Ella Jokela, Siiri Vilkko och katten Mimosa<\/span><\/i><span data-contrast=\"auto\">.<\/span><span data-ccp-props=\"{&quot;201341983&quot;:0,&quot;335559739&quot;:160,&quot;335559740&quot;:259}\">\u00a0<\/span><\/p>\n","protected":false},"excerpt":{"rendered":"<p><span class=\"TextRun SCXW200296352 BCX9\" lang=\"SV-SE\" xml:lang=\"SV-SE\" data-contrast=\"auto\"><span class=\"NormalTextRun SCXW200296352 BCX9\">Barkskeppet<\/span><span class=\"NormalTextRun SCXW200296352 BCX9\"> Sigyn <\/span><span class=\"NormalTextRun SCXW200296352 BCX9\">\u00e4r en \u00e4lskad p\u00e4rla i landskapet <\/span><span class=\"NormalTextRun SCXW200296352 BCX9\">vid<\/span><span class=\"NormalTextRun SCXW200296352 BCX9\"> Aura \u00e5 i \u00c5bo<\/span> <span class=\"NormalTextRun SCXW200296352 BCX9\">och en internationellt<\/span><span class=\"NormalTextRun SCXW200296352 BCX9\"> sett<\/span><span class=\"NormalTextRun SCXW200296352 BCX9\"> unik sev\u00e4rdhet<\/span><span class=\"NormalTextRun SCXW200296352 BCX9\">: <\/span><span class=\"NormalTextRun SCXW200296352 BCX9\">Hon<\/span> <span class=\"NormalTextRun SCXW200296352 BCX9\">\u00e4r det sista<\/span> <span class=\"NormalTextRun SCXW200296352 BCX9\">bevarade tremastade handelsfartyget<\/span><span class=\"NormalTextRun SCXW200296352 BCX9\"> av tr\u00e4<\/span><span class=\"NormalTextRun SCXW200296352 BCX9\"> som<\/span> <span class=\"NormalTextRun SCXW200296352 BCX9\">seglat p\u00e5 v\u00e4rldshaven<\/span><span class=\"NormalTextRun SCXW200296352 BCX9\">. <\/span><span class=\"NormalTextRun SCXW200296352 BCX9\">\u00c4nnu under senare delen av 1800-talet var barkskepp av tr\u00e4<\/span> <span class=\"NormalTextRun SCXW200296352 BCX9\">en vanlig fartygstyp p\u00e5 v\u00e4rldens hav<\/span><span class=\"NormalTextRun SCXW200296352 BCX9\">. <\/span><span class=\"NormalTextRun SCXW200296352 BCX9\">P\u00e5 den tj\u00e4rdoftande<\/span> <span class=\"NormalTextRun SCXW200296352 BCX9\">sk\u00f6nhetens d\u00e4ck<\/span> <span class=\"NormalTextRun SCXW200296352 BCX9\">f\u00f6rflyttas du<\/span><span class=\"NormalTextRun SCXW200296352 BCX9\"> bak\u00e5t i tiden och<\/span> <span class=\"NormalTextRun SCXW200296352 BCX9\">f\u00e5r<\/span> <span class=\"NormalTextRun SCXW200296352 BCX9\">uppleva <\/span><span class=\"NormalTextRun SCXW200296352 BCX9\">de<\/span><span class=\"NormalTextRun SCXW200296352 BCX9\"> anspr\u00e5ksl\u00f6sa<\/span><span class=\"NormalTextRun SCXW200296352 BCX9\"> f\u00f6rh\u00e5llanden d\u00e4r sj\u00f6m\u00e4n<\/span><span class=\"NormalTextRun SCXW200296352 BCX9\">nen<\/span><span class=\"NormalTextRun SCXW200296352 BCX9\"> levde och arbetade<\/span><span class=\"NormalTextRun SCXW200296352 BCX9\">. Sigyn <\/span><span class=\"NormalTextRun SCXW200296352 BCX9\">\u00e4r \u00f6ppen f\u00f6r <\/span><span class=\"NormalTextRun SCXW200296352 BCX9\">bes\u00f6kare<\/span><span class=\"NormalTextRun SCXW200296352 BCX9\"> under sommars\u00e4songen<\/span> <span class=\"NormalTextRun SCXW200296352 BCX9\">och i den h\u00e4r digitala utst\u00e4llningen <\/span><span class=\"NormalTextRun SCXW200296352 BCX9\">\u00e4r hon<\/span> <span class=\"NormalTextRun SCXW200296352 BCX9\">\u00f6ppen<\/span><span class=\"NormalTextRun SCXW200296352 BCX9\"> \u00e5ret runt<\/span><span class=\"NormalTextRun SCXW200296352 BCX9\">. <\/span><span class=\"NormalTextRun SCXW200296352 BCX9\">V\u00e4lkommen ombord<\/span><span class=\"NormalTextRun SCXW200296352 BCX9\">!\u202f<\/span><\/span><span class=\"EOP SCXW200296352 BCX9\" data-ccp-props=\"{&quot;201341983&quot;:0,&quot;335559739&quot;:160,&quot;335559740&quot;:259}\">\u00a0<\/span><\/p>\n","protected":false},"featured_media":3262,"template":"","meta":{"_acf_changed":false},"product_brand":[],"product_cat":[75],"product_tag":[],"school_subject":[],"school_level":[],"class_list":{"0":"post-3263","1":"product","2":"type-product","3":"status-publish","4":"has-post-thumbnail","6":"product_cat-yleinen-sv","7":"museums-forum-marinum-sv","8":"exhibition_themes-historia-sv","10":"first","11":"instock","12":"virtual","13":"sold-individually","14":"taxable","15":"product-type-basic_museum"},"acf":[],"yoast_head":"<!-- This site is optimized with the Yoast SEO plugin v27.4 - https:\/\/yoast.com\/product\/yoast-seo-wordpress\/ -->\n<title>Forum Marinum - Sigyn - Digital museum<\/title>\n<meta name=\"robots\" content=\"index, follow, max-snippet:-1, max-image-preview:large, max-video-preview:-1\" \/>\n<link rel=\"canonical\" href=\"https:\/\/digimuseo.fi\/sv\/utstallningar\/forum-marinum-sigyn\/\" \/>\n<meta property=\"og:locale\" content=\"sv_SE\" \/>\n<meta property=\"og:type\" content=\"article\" \/>\n<meta property=\"og:title\" content=\"Forum Marinum - Sigyn - Digital museum\" \/>\n<meta property=\"og:description\" content=\"Barkskeppet Sigyn \u00e4r en \u00e4lskad p\u00e4rla i landskapet vid Aura \u00e5 i \u00c5bo och en internationellt sett unik sev\u00e4rdhet: Hon \u00e4r det sista bevarade tremastade handelsfartyget av tr\u00e4 som seglat p\u00e5 v\u00e4rldshaven. \u00c4nnu under senare delen av 1800-talet var barkskepp av tr\u00e4 en vanlig fartygstyp p\u00e5 v\u00e4rldens hav. P\u00e5 den tj\u00e4rdoftande sk\u00f6nhetens d\u00e4ck f\u00f6rflyttas du bak\u00e5t i tiden och f\u00e5r uppleva de anspr\u00e5ksl\u00f6sa f\u00f6rh\u00e5llanden d\u00e4r sj\u00f6m\u00e4nnen levde och arbetade. Sigyn \u00e4r \u00f6ppen f\u00f6r bes\u00f6kare under sommars\u00e4songen och i den h\u00e4r digitala utst\u00e4llningen \u00e4r hon \u00f6ppen \u00e5ret runt. V\u00e4lkommen ombord!\u202f\u00a0\" \/>\n<meta property=\"og:url\" content=\"https:\/\/digimuseo.fi\/sv\/utstallningar\/forum-marinum-sigyn\/\" \/>\n<meta property=\"og:site_name\" content=\"Digital museum\" \/>\n<meta property=\"article:modified_time\" content=\"2025-10-23T08:07:32+00:00\" \/>\n<meta property=\"og:image\" content=\"https:\/\/digimuseo.fi\/wp-content\/uploads\/2023\/03\/kulma2.2Sigyn-scaled.jpg\" \/>\n\t<meta property=\"og:image:width\" content=\"2560\" \/>\n\t<meta property=\"og:image:height\" content=\"1709\" \/>\n\t<meta property=\"og:image:type\" content=\"image\/jpeg\" \/>\n<meta name=\"twitter:card\" content=\"summary_large_image\" \/>\n<meta name=\"twitter:label1\" content=\"Ber\u00e4knad l\u00e4stid\" \/>\n\t<meta name=\"twitter:data1\" content=\"1 minut\" \/>\n<script type=\"application\/ld+json\" class=\"yoast-schema-graph\">{\"@context\":\"https:\\\/\\\/schema.org\",\"@graph\":[{\"@type\":\"WebPage\",\"@id\":\"https:\\\/\\\/digimuseo.fi\\\/sv\\\/utstallningar\\\/forum-marinum-sigyn\\\/\",\"url\":\"https:\\\/\\\/digimuseo.fi\\\/sv\\\/utstallningar\\\/forum-marinum-sigyn\\\/\",\"name\":\"Forum Marinum - Sigyn - Digital museum\",\"isPartOf\":{\"@id\":\"https:\\\/\\\/digimuseo.fi\\\/en\\\/#website\"},\"primaryImageOfPage\":{\"@id\":\"https:\\\/\\\/digimuseo.fi\\\/sv\\\/utstallningar\\\/forum-marinum-sigyn\\\/#primaryimage\"},\"image\":{\"@id\":\"https:\\\/\\\/digimuseo.fi\\\/sv\\\/utstallningar\\\/forum-marinum-sigyn\\\/#primaryimage\"},\"thumbnailUrl\":\"https:\\\/\\\/digimuseo.fi\\\/wp-content\\\/uploads\\\/2023\\\/03\\\/kulma2.2Sigyn-scaled.jpg\",\"datePublished\":\"2023-04-04T14:00:33+00:00\",\"dateModified\":\"2025-10-23T08:07:32+00:00\",\"breadcrumb\":{\"@id\":\"https:\\\/\\\/digimuseo.fi\\\/sv\\\/utstallningar\\\/forum-marinum-sigyn\\\/#breadcrumb\"},\"inLanguage\":\"sv-SE\",\"potentialAction\":[{\"@type\":\"ReadAction\",\"target\":[\"https:\\\/\\\/digimuseo.fi\\\/sv\\\/utstallningar\\\/forum-marinum-sigyn\\\/\"]}]},{\"@type\":\"ImageObject\",\"inLanguage\":\"sv-SE\",\"@id\":\"https:\\\/\\\/digimuseo.fi\\\/sv\\\/utstallningar\\\/forum-marinum-sigyn\\\/#primaryimage\",\"url\":\"https:\\\/\\\/digimuseo.fi\\\/wp-content\\\/uploads\\\/2023\\\/03\\\/kulma2.2Sigyn-scaled.jpg\",\"contentUrl\":\"https:\\\/\\\/digimuseo.fi\\\/wp-content\\\/uploads\\\/2023\\\/03\\\/kulma2.2Sigyn-scaled.jpg\",\"width\":2560,\"height\":1709},{\"@type\":\"BreadcrumbList\",\"@id\":\"https:\\\/\\\/digimuseo.fi\\\/sv\\\/utstallningar\\\/forum-marinum-sigyn\\\/#breadcrumb\",\"itemListElement\":[{\"@type\":\"ListItem\",\"position\":1,\"name\":\"Home\",\"item\":\"https:\\\/\\\/digimuseo.fi\\\/sv\\\/\"},{\"@type\":\"ListItem\",\"position\":2,\"name\":\"Tuotteet\",\"item\":\"https:\\\/\\\/digimuseo.fi\\\/nayttelyt\\\/\"},{\"@type\":\"ListItem\",\"position\":3,\"name\":\"Forum Marinum &#8211; Sigyn\"}]},{\"@type\":\"WebSite\",\"@id\":\"https:\\\/\\\/digimuseo.fi\\\/en\\\/#website\",\"url\":\"https:\\\/\\\/digimuseo.fi\\\/en\\\/\",\"name\":\"Digital museum\",\"description\":\"G\u00e5 in fr\u00e5n ditt vardagsrum\",\"potentialAction\":[{\"@type\":\"SearchAction\",\"target\":{\"@type\":\"EntryPoint\",\"urlTemplate\":\"https:\\\/\\\/digimuseo.fi\\\/en\\\/?s={search_term_string}\"},\"query-input\":{\"@type\":\"PropertyValueSpecification\",\"valueRequired\":true,\"valueName\":\"search_term_string\"}}],\"inLanguage\":\"sv-SE\"}]}<\/script>\n<!-- \/ Yoast SEO plugin. -->","yoast_head_json":{"title":"Forum Marinum - Sigyn - Digital museum","robots":{"index":"index","follow":"follow","max-snippet":"max-snippet:-1","max-image-preview":"max-image-preview:large","max-video-preview":"max-video-preview:-1"},"canonical":"https:\/\/digimuseo.fi\/sv\/utstallningar\/forum-marinum-sigyn\/","og_locale":"sv_SE","og_type":"article","og_title":"Forum Marinum - Sigyn - Digital museum","og_description":"Barkskeppet Sigyn \u00e4r en \u00e4lskad p\u00e4rla i landskapet vid Aura \u00e5 i \u00c5bo och en internationellt sett unik sev\u00e4rdhet: Hon \u00e4r det sista bevarade tremastade handelsfartyget av tr\u00e4 som seglat p\u00e5 v\u00e4rldshaven. \u00c4nnu under senare delen av 1800-talet var barkskepp av tr\u00e4 en vanlig fartygstyp p\u00e5 v\u00e4rldens hav. P\u00e5 den tj\u00e4rdoftande sk\u00f6nhetens d\u00e4ck f\u00f6rflyttas du bak\u00e5t i tiden och f\u00e5r uppleva de anspr\u00e5ksl\u00f6sa f\u00f6rh\u00e5llanden d\u00e4r sj\u00f6m\u00e4nnen levde och arbetade. Sigyn \u00e4r \u00f6ppen f\u00f6r bes\u00f6kare under sommars\u00e4songen och i den h\u00e4r digitala utst\u00e4llningen \u00e4r hon \u00f6ppen \u00e5ret runt. V\u00e4lkommen ombord!\u202f\u00a0","og_url":"https:\/\/digimuseo.fi\/sv\/utstallningar\/forum-marinum-sigyn\/","og_site_name":"Digital museum","article_modified_time":"2025-10-23T08:07:32+00:00","og_image":[{"width":2560,"height":1709,"url":"https:\/\/digimuseo.fi\/wp-content\/uploads\/2023\/03\/kulma2.2Sigyn-scaled.jpg","type":"image\/jpeg"}],"twitter_card":"summary_large_image","twitter_misc":{"Ber\u00e4knad l\u00e4stid":"1 minut"},"schema":{"@context":"https:\/\/schema.org","@graph":[{"@type":"WebPage","@id":"https:\/\/digimuseo.fi\/sv\/utstallningar\/forum-marinum-sigyn\/","url":"https:\/\/digimuseo.fi\/sv\/utstallningar\/forum-marinum-sigyn\/","name":"Forum Marinum - Sigyn - Digital museum","isPartOf":{"@id":"https:\/\/digimuseo.fi\/en\/#website"},"primaryImageOfPage":{"@id":"https:\/\/digimuseo.fi\/sv\/utstallningar\/forum-marinum-sigyn\/#primaryimage"},"image":{"@id":"https:\/\/digimuseo.fi\/sv\/utstallningar\/forum-marinum-sigyn\/#primaryimage"},"thumbnailUrl":"https:\/\/digimuseo.fi\/wp-content\/uploads\/2023\/03\/kulma2.2Sigyn-scaled.jpg","datePublished":"2023-04-04T14:00:33+00:00","dateModified":"2025-10-23T08:07:32+00:00","breadcrumb":{"@id":"https:\/\/digimuseo.fi\/sv\/utstallningar\/forum-marinum-sigyn\/#breadcrumb"},"inLanguage":"sv-SE","potentialAction":[{"@type":"ReadAction","target":["https:\/\/digimuseo.fi\/sv\/utstallningar\/forum-marinum-sigyn\/"]}]},{"@type":"ImageObject","inLanguage":"sv-SE","@id":"https:\/\/digimuseo.fi\/sv\/utstallningar\/forum-marinum-sigyn\/#primaryimage","url":"https:\/\/digimuseo.fi\/wp-content\/uploads\/2023\/03\/kulma2.2Sigyn-scaled.jpg","contentUrl":"https:\/\/digimuseo.fi\/wp-content\/uploads\/2023\/03\/kulma2.2Sigyn-scaled.jpg","width":2560,"height":1709},{"@type":"BreadcrumbList","@id":"https:\/\/digimuseo.fi\/sv\/utstallningar\/forum-marinum-sigyn\/#breadcrumb","itemListElement":[{"@type":"ListItem","position":1,"name":"Home","item":"https:\/\/digimuseo.fi\/sv\/"},{"@type":"ListItem","position":2,"name":"Tuotteet","item":"https:\/\/digimuseo.fi\/nayttelyt\/"},{"@type":"ListItem","position":3,"name":"Forum Marinum &#8211; Sigyn"}]},{"@type":"WebSite","@id":"https:\/\/digimuseo.fi\/en\/#website","url":"https:\/\/digimuseo.fi\/en\/","name":"Digital museum","description":"G\u00e5 in fr\u00e5n ditt vardagsrum","potentialAction":[{"@type":"SearchAction","target":{"@type":"EntryPoint","urlTemplate":"https:\/\/digimuseo.fi\/en\/?s={search_term_string}"},"query-input":{"@type":"PropertyValueSpecification","valueRequired":true,"valueName":"search_term_string"}}],"inLanguage":"sv-SE"}]}},"_links":{"self":[{"href":"https:\/\/digimuseo.fi\/sv\/wp-json\/wp\/v2\/product\/3263","targetHints":{"allow":["GET"]}}],"collection":[{"href":"https:\/\/digimuseo.fi\/sv\/wp-json\/wp\/v2\/product"}],"about":[{"href":"https:\/\/digimuseo.fi\/sv\/wp-json\/wp\/v2\/types\/product"}],"wp:featuredmedia":[{"embeddable":true,"href":"https:\/\/digimuseo.fi\/sv\/wp-json\/wp\/v2\/media\/3262"}],"wp:attachment":[{"href":"https:\/\/digimuseo.fi\/sv\/wp-json\/wp\/v2\/media?parent=3263"}],"wp:term":[{"taxonomy":"product_brand","embeddable":true,"href":"https:\/\/digimuseo.fi\/sv\/wp-json\/wp\/v2\/product_brand?post=3263"},{"taxonomy":"product_cat","embeddable":true,"href":"https:\/\/digimuseo.fi\/sv\/wp-json\/wp\/v2\/product_cat?post=3263"},{"taxonomy":"product_tag","embeddable":true,"href":"https:\/\/digimuseo.fi\/sv\/wp-json\/wp\/v2\/product_tag?post=3263"},{"taxonomy":"school_subject","embeddable":true,"href":"https:\/\/digimuseo.fi\/sv\/wp-json\/wp\/v2\/school_subject?post=3263"},{"taxonomy":"school_level","embeddable":true,"href":"https:\/\/digimuseo.fi\/sv\/wp-json\/wp\/v2\/school_level?post=3263"}],"curies":[{"name":"wp","href":"https:\/\/api.w.org\/{rel}","templated":true}]}}