{"id":3209,"date":"2023-03-14T16:14:39","date_gmt":"2023-03-14T14:14:39","guid":{"rendered":"https:\/\/digimuseo.fi\/?post_type=product&#038;p=3209"},"modified":"2023-03-15T11:02:00","modified_gmt":"2023-03-15T09:02:00","slug":"paul-och-fanny-sinebrychoffs-hemmuseum","status":"publish","type":"product","link":"https:\/\/digimuseo.fi\/sv\/utstallningar\/paul-och-fanny-sinebrychoffs-hemmuseum\/","title":{"rendered":"Paul och Fanny Sinebrychoffs hemmuseum"},"content":{"rendered":"<div>\n<p><span data-contrast=\"none\"><span class=\"ContentPasted0\">Fanny Sinebrychoff <\/span><span class=\"ContentPasted0\">donerade <\/span><span class=\"ContentPasted0\">konstsamlingen till Finska staten \u00e5r 1921.\u202fPauls och Fannys \u00f6nska<\/span><span class=\"ContentPasted0\">n<\/span><span class=\"ContentPasted0\">\u00a0var att konstskatterna skulle vara tillg\u00e4ngliga f\u00f6r alla.\u202f<\/span><\/span><span class=\"ContentPasted0\" data-ccp-props=\"{&quot;201341983&quot;:0,&quot;335559739&quot;:0,&quot;335559740&quot;:240}\">\u00a0<\/span><\/p>\n<\/div>\n<div>\n<p><span class=\"ContentPasted0\" data-ccp-props=\"{&quot;201341983&quot;:0,&quot;335559739&quot;:0,&quot;335559740&quot;:240}\">\u00a0<\/span><span data-contrast=\"auto\"><span class=\"ContentPasted0\">Paul och Fanny Sinebrychoffs hemmuseum \u00f6ppnade<\/span><\/span><span lang=\"SV-SE\" data-contrast=\"auto\"><span class=\"ContentPasted0\">s<\/span><\/span><span data-contrast=\"auto\"><span class=\"ContentPasted0\">\u00a0i sin nuvarande form som ett interi\u00f6rmuseum 2002. Utg\u00e5ngspunkten f\u00f6r restaureringen av rummen mot Bulevarden var \u00f6nskan att \u00e5terst\u00e4lla atmosf\u00e4ren och det \u00f6vergripande utseendet p\u00e5 byggnaden, som hade varit f\u00f6rlorade under kriget och <\/span><\/span><span lang=\"SV-SE\" data-contrast=\"auto\"><span class=\"ContentPasted0\">un<\/span><span class=\"ContentPasted0\">der <\/span><\/span><span data-contrast=\"auto\"><span class=\"ContentPasted0\">de efterf\u00f6ljande reparationerna. <\/span><\/span><span lang=\"SV-SE\" data-contrast=\"auto\"><span class=\"ContentPasted0\">F<\/span><\/span><span data-contrast=\"auto\"><span class=\"ContentPasted0\">otografier som Signe Brander tog under ett bes\u00f6k <\/span><\/span><span lang=\"SV-SE\" data-contrast=\"auto\"><span class=\"ContentPasted0\">i<\/span><\/span><span data-contrast=\"auto\"><span class=\"ContentPasted0\">\u00a0Sinebrychoffs p\u00e5 1910-talet studerades noggrant och anv\u00e4ndes som modell f\u00f6r f\u00f6rverkligandet.<\/span><\/span><span class=\"ContentPasted0\">\u00a0<\/span><\/p>\n<\/div>\n","protected":false},"excerpt":{"rendered":"<div>\n<p><span data-contrast=\"none\"><span class=\"ContentPasted0\">Utst\u00e4llningen f\u00f6rest\u00e4ller\u202fkonstsamlarnas hem d\u00e4r du kan k\u00e4nna atmosf\u00e4ren av ett lyxigt borgerligt hem fr\u00e5n tidigt 1900-tal. <\/span><span class=\"ContentPasted0\">Paul och Fanny Sinebrychoffs representationshem speglar deras passion f\u00f6r konst.<\/span><\/span><span class=\"ContentPasted0\" data-ccp-props=\"{&quot;201341983&quot;:0,&quot;335559739&quot;:0,&quot;335559740&quot;:240}\">\u00a0<\/span><\/p>\n<\/div>\n","protected":false},"featured_media":3208,"template":"","meta":{"_acf_changed":false},"product_brand":[],"product_cat":[75],"product_tag":[],"school_subject":[],"school_level":[],"class_list":{"0":"post-3209","1":"product","2":"type-product","3":"status-publish","4":"has-post-thumbnail","6":"product_cat-yleinen-sv","7":"museums-konstmuseet-sinebrychoff","9":"first","10":"instock","11":"virtual","12":"sold-individually","13":"taxable","14":"product-type-basic_museum"},"acf":[],"yoast_head":"<!-- This site is optimized with the Yoast SEO plugin v27.4 - https:\/\/yoast.com\/product\/yoast-seo-wordpress\/ -->\n<title>Paul och Fanny Sinebrychoffs hemmuseum - Digital museum<\/title>\n<meta name=\"robots\" content=\"index, follow, max-snippet:-1, max-image-preview:large, max-video-preview:-1\" \/>\n<link rel=\"canonical\" href=\"https:\/\/digimuseo.fi\/sv\/utstallningar\/paul-och-fanny-sinebrychoffs-hemmuseum\/\" \/>\n<meta property=\"og:locale\" content=\"sv_SE\" \/>\n<meta property=\"og:type\" content=\"article\" \/>\n<meta property=\"og:title\" content=\"Paul och Fanny Sinebrychoffs hemmuseum - Digital museum\" \/>\n<meta property=\"og:description\" content=\"Utst\u00e4llningen f\u00f6rest\u00e4ller\u202fkonstsamlarnas hem d\u00e4r du kan k\u00e4nna atmosf\u00e4ren av ett lyxigt borgerligt hem fr\u00e5n tidigt 1900-tal. Paul och Fanny Sinebrychoffs representationshem speglar deras passion f\u00f6r konst.\u00a0\" \/>\n<meta property=\"og:url\" content=\"https:\/\/digimuseo.fi\/sv\/utstallningar\/paul-och-fanny-sinebrychoffs-hemmuseum\/\" \/>\n<meta property=\"og:site_name\" content=\"Digital museum\" \/>\n<meta property=\"article:modified_time\" content=\"2023-03-15T09:02:00+00:00\" \/>\n<meta property=\"og:image\" content=\"https:\/\/digimuseo.fi\/wp-content\/uploads\/2023\/03\/Kustavilainen-sali-scaled.jpg\" \/>\n\t<meta property=\"og:image:width\" content=\"2560\" \/>\n\t<meta property=\"og:image:height\" content=\"1871\" \/>\n\t<meta property=\"og:image:type\" content=\"image\/jpeg\" \/>\n<meta name=\"twitter:card\" content=\"summary_large_image\" \/>\n<meta name=\"twitter:label1\" content=\"Ber\u00e4knad l\u00e4stid\" \/>\n\t<meta name=\"twitter:data1\" content=\"1 minut\" \/>\n<script type=\"application\/ld+json\" class=\"yoast-schema-graph\">{\"@context\":\"https:\\\/\\\/schema.org\",\"@graph\":[{\"@type\":\"WebPage\",\"@id\":\"https:\\\/\\\/digimuseo.fi\\\/sv\\\/utstallningar\\\/paul-och-fanny-sinebrychoffs-hemmuseum\\\/\",\"url\":\"https:\\\/\\\/digimuseo.fi\\\/sv\\\/utstallningar\\\/paul-och-fanny-sinebrychoffs-hemmuseum\\\/\",\"name\":\"Paul och Fanny Sinebrychoffs hemmuseum - Digital museum\",\"isPartOf\":{\"@id\":\"https:\\\/\\\/digimuseo.fi\\\/en\\\/#website\"},\"primaryImageOfPage\":{\"@id\":\"https:\\\/\\\/digimuseo.fi\\\/sv\\\/utstallningar\\\/paul-och-fanny-sinebrychoffs-hemmuseum\\\/#primaryimage\"},\"image\":{\"@id\":\"https:\\\/\\\/digimuseo.fi\\\/sv\\\/utstallningar\\\/paul-och-fanny-sinebrychoffs-hemmuseum\\\/#primaryimage\"},\"thumbnailUrl\":\"https:\\\/\\\/digimuseo.fi\\\/wp-content\\\/uploads\\\/2023\\\/03\\\/Kustavilainen-sali-scaled.jpg\",\"datePublished\":\"2023-03-14T14:14:39+00:00\",\"dateModified\":\"2023-03-15T09:02:00+00:00\",\"breadcrumb\":{\"@id\":\"https:\\\/\\\/digimuseo.fi\\\/sv\\\/utstallningar\\\/paul-och-fanny-sinebrychoffs-hemmuseum\\\/#breadcrumb\"},\"inLanguage\":\"sv-SE\",\"potentialAction\":[{\"@type\":\"ReadAction\",\"target\":[\"https:\\\/\\\/digimuseo.fi\\\/sv\\\/utstallningar\\\/paul-och-fanny-sinebrychoffs-hemmuseum\\\/\"]}]},{\"@type\":\"ImageObject\",\"inLanguage\":\"sv-SE\",\"@id\":\"https:\\\/\\\/digimuseo.fi\\\/sv\\\/utstallningar\\\/paul-och-fanny-sinebrychoffs-hemmuseum\\\/#primaryimage\",\"url\":\"https:\\\/\\\/digimuseo.fi\\\/wp-content\\\/uploads\\\/2023\\\/03\\\/Kustavilainen-sali-scaled.jpg\",\"contentUrl\":\"https:\\\/\\\/digimuseo.fi\\\/wp-content\\\/uploads\\\/2023\\\/03\\\/Kustavilainen-sali-scaled.jpg\",\"width\":2560,\"height\":1871,\"caption\":\"Bild: Finlands Nationalgalleri \\\/ Arno de la Chapelle\"},{\"@type\":\"BreadcrumbList\",\"@id\":\"https:\\\/\\\/digimuseo.fi\\\/sv\\\/utstallningar\\\/paul-och-fanny-sinebrychoffs-hemmuseum\\\/#breadcrumb\",\"itemListElement\":[{\"@type\":\"ListItem\",\"position\":1,\"name\":\"Home\",\"item\":\"https:\\\/\\\/digimuseo.fi\\\/sv\\\/\"},{\"@type\":\"ListItem\",\"position\":2,\"name\":\"Tuotteet\",\"item\":\"https:\\\/\\\/digimuseo.fi\\\/nayttelyt\\\/\"},{\"@type\":\"ListItem\",\"position\":3,\"name\":\"Paul och Fanny Sinebrychoffs hemmuseum\"}]},{\"@type\":\"WebSite\",\"@id\":\"https:\\\/\\\/digimuseo.fi\\\/en\\\/#website\",\"url\":\"https:\\\/\\\/digimuseo.fi\\\/en\\\/\",\"name\":\"Digital museum\",\"description\":\"G\u00e5 in fr\u00e5n ditt vardagsrum\",\"potentialAction\":[{\"@type\":\"SearchAction\",\"target\":{\"@type\":\"EntryPoint\",\"urlTemplate\":\"https:\\\/\\\/digimuseo.fi\\\/en\\\/?s={search_term_string}\"},\"query-input\":{\"@type\":\"PropertyValueSpecification\",\"valueRequired\":true,\"valueName\":\"search_term_string\"}}],\"inLanguage\":\"sv-SE\"}]}<\/script>\n<!-- \/ Yoast SEO plugin. -->","yoast_head_json":{"title":"Paul och Fanny Sinebrychoffs hemmuseum - Digital museum","robots":{"index":"index","follow":"follow","max-snippet":"max-snippet:-1","max-image-preview":"max-image-preview:large","max-video-preview":"max-video-preview:-1"},"canonical":"https:\/\/digimuseo.fi\/sv\/utstallningar\/paul-och-fanny-sinebrychoffs-hemmuseum\/","og_locale":"sv_SE","og_type":"article","og_title":"Paul och Fanny Sinebrychoffs hemmuseum - Digital museum","og_description":"Utst\u00e4llningen f\u00f6rest\u00e4ller\u202fkonstsamlarnas hem d\u00e4r du kan k\u00e4nna atmosf\u00e4ren av ett lyxigt borgerligt hem fr\u00e5n tidigt 1900-tal. Paul och Fanny Sinebrychoffs representationshem speglar deras passion f\u00f6r konst.\u00a0","og_url":"https:\/\/digimuseo.fi\/sv\/utstallningar\/paul-och-fanny-sinebrychoffs-hemmuseum\/","og_site_name":"Digital museum","article_modified_time":"2023-03-15T09:02:00+00:00","og_image":[{"width":2560,"height":1871,"url":"https:\/\/digimuseo.fi\/wp-content\/uploads\/2023\/03\/Kustavilainen-sali-scaled.jpg","type":"image\/jpeg"}],"twitter_card":"summary_large_image","twitter_misc":{"Ber\u00e4knad l\u00e4stid":"1 minut"},"schema":{"@context":"https:\/\/schema.org","@graph":[{"@type":"WebPage","@id":"https:\/\/digimuseo.fi\/sv\/utstallningar\/paul-och-fanny-sinebrychoffs-hemmuseum\/","url":"https:\/\/digimuseo.fi\/sv\/utstallningar\/paul-och-fanny-sinebrychoffs-hemmuseum\/","name":"Paul och Fanny Sinebrychoffs hemmuseum - Digital museum","isPartOf":{"@id":"https:\/\/digimuseo.fi\/en\/#website"},"primaryImageOfPage":{"@id":"https:\/\/digimuseo.fi\/sv\/utstallningar\/paul-och-fanny-sinebrychoffs-hemmuseum\/#primaryimage"},"image":{"@id":"https:\/\/digimuseo.fi\/sv\/utstallningar\/paul-och-fanny-sinebrychoffs-hemmuseum\/#primaryimage"},"thumbnailUrl":"https:\/\/digimuseo.fi\/wp-content\/uploads\/2023\/03\/Kustavilainen-sali-scaled.jpg","datePublished":"2023-03-14T14:14:39+00:00","dateModified":"2023-03-15T09:02:00+00:00","breadcrumb":{"@id":"https:\/\/digimuseo.fi\/sv\/utstallningar\/paul-och-fanny-sinebrychoffs-hemmuseum\/#breadcrumb"},"inLanguage":"sv-SE","potentialAction":[{"@type":"ReadAction","target":["https:\/\/digimuseo.fi\/sv\/utstallningar\/paul-och-fanny-sinebrychoffs-hemmuseum\/"]}]},{"@type":"ImageObject","inLanguage":"sv-SE","@id":"https:\/\/digimuseo.fi\/sv\/utstallningar\/paul-och-fanny-sinebrychoffs-hemmuseum\/#primaryimage","url":"https:\/\/digimuseo.fi\/wp-content\/uploads\/2023\/03\/Kustavilainen-sali-scaled.jpg","contentUrl":"https:\/\/digimuseo.fi\/wp-content\/uploads\/2023\/03\/Kustavilainen-sali-scaled.jpg","width":2560,"height":1871,"caption":"Bild: Finlands Nationalgalleri \/ Arno de la Chapelle"},{"@type":"BreadcrumbList","@id":"https:\/\/digimuseo.fi\/sv\/utstallningar\/paul-och-fanny-sinebrychoffs-hemmuseum\/#breadcrumb","itemListElement":[{"@type":"ListItem","position":1,"name":"Home","item":"https:\/\/digimuseo.fi\/sv\/"},{"@type":"ListItem","position":2,"name":"Tuotteet","item":"https:\/\/digimuseo.fi\/nayttelyt\/"},{"@type":"ListItem","position":3,"name":"Paul och Fanny Sinebrychoffs hemmuseum"}]},{"@type":"WebSite","@id":"https:\/\/digimuseo.fi\/en\/#website","url":"https:\/\/digimuseo.fi\/en\/","name":"Digital museum","description":"G\u00e5 in fr\u00e5n ditt vardagsrum","potentialAction":[{"@type":"SearchAction","target":{"@type":"EntryPoint","urlTemplate":"https:\/\/digimuseo.fi\/en\/?s={search_term_string}"},"query-input":{"@type":"PropertyValueSpecification","valueRequired":true,"valueName":"search_term_string"}}],"inLanguage":"sv-SE"}]}},"_links":{"self":[{"href":"https:\/\/digimuseo.fi\/sv\/wp-json\/wp\/v2\/product\/3209","targetHints":{"allow":["GET"]}}],"collection":[{"href":"https:\/\/digimuseo.fi\/sv\/wp-json\/wp\/v2\/product"}],"about":[{"href":"https:\/\/digimuseo.fi\/sv\/wp-json\/wp\/v2\/types\/product"}],"wp:featuredmedia":[{"embeddable":true,"href":"https:\/\/digimuseo.fi\/sv\/wp-json\/wp\/v2\/media\/3208"}],"wp:attachment":[{"href":"https:\/\/digimuseo.fi\/sv\/wp-json\/wp\/v2\/media?parent=3209"}],"wp:term":[{"taxonomy":"product_brand","embeddable":true,"href":"https:\/\/digimuseo.fi\/sv\/wp-json\/wp\/v2\/product_brand?post=3209"},{"taxonomy":"product_cat","embeddable":true,"href":"https:\/\/digimuseo.fi\/sv\/wp-json\/wp\/v2\/product_cat?post=3209"},{"taxonomy":"product_tag","embeddable":true,"href":"https:\/\/digimuseo.fi\/sv\/wp-json\/wp\/v2\/product_tag?post=3209"},{"taxonomy":"school_subject","embeddable":true,"href":"https:\/\/digimuseo.fi\/sv\/wp-json\/wp\/v2\/school_subject?post=3209"},{"taxonomy":"school_level","embeddable":true,"href":"https:\/\/digimuseo.fi\/sv\/wp-json\/wp\/v2\/school_level?post=3209"}],"curies":[{"name":"wp","href":"https:\/\/api.w.org\/{rel}","templated":true}]}}