{"id":3131,"date":"2022-12-08T13:35:22","date_gmt":"2022-12-08T11:35:22","guid":{"rendered":"https:\/\/digimuseo.fi\/nayttelyt\/nar-livet-gav-mig-farger\/"},"modified":"2023-02-07T10:58:58","modified_gmt":"2023-02-07T08:58:58","slug":"nar-livet-gav-mig-farger","status":"publish","type":"product","link":"https:\/\/digimuseo.fi\/sv\/utstallningar\/nar-livet-gav-mig-farger\/","title":{"rendered":"N\u00e4r Livet gav mig f\u00e4rger"},"content":{"rendered":"<p><span class=\"NormalTextRun SCXW263693816 BCX4\" data-ccp-parastyle=\"Normal (Web)\">Textilkonstn\u00e4ren professor Oili M\u00e4ki (<\/span><span class=\"NormalTextRun SCXW263693816 BCX4\" data-ccp-parastyle=\"Normal (Web)\">1925\u20132011<\/span><span class=\"NormalTextRun SCXW263693816 BCX4\" data-ccp-parastyle=\"Normal (Web)\">) var k\u00e4nd i Finland och utomlands framf\u00f6r allt f\u00f6r sina f\u00e4rgglada gobel\u00e4nger och ryor. M\u00e4ki designade och v\u00e4vde v\u00e4ndbara mattor av linne, transparanger och altartavlor. Hon m\u00e5lade tavlor, gjorde grafik samt skrev och publicerade \u00e4ven flera diktverk och annan litteratur. Dessutom designade hon tygm\u00f6nster f\u00f6r b\u00e5de inhemska och utl\u00e4ndska tygfabriker och bl\u00e5ste \u00e4ven glaskonst.<\/span><\/p>\n","protected":false},"excerpt":{"rendered":"<p><span class=\"TextRun SCXW99210767 BCX4\" lang=\"SV-SE\" xml:lang=\"SV-SE\" data-contrast=\"none\"><span class=\"NormalTextRun SCXW99210767 BCX4\" data-ccp-parastyle=\"Normal (Web)\">Utst\u00e4llningskomplexet \u201dN\u00e4r Livet gav mig f\u00e4rger\u201d \u00e4r Oili M\u00e4kis 50-\u00e5rskonstn\u00e4rsutst\u00e4llning som presenterar produktionen fr\u00e5n hennes konstn\u00e4rskarri\u00e4r. Utst\u00e4llningen visar konstn\u00e4rens gobel\u00e4nger, v\u00e4ndbara mattor, ryor, m\u00e5lningar, tygdesign och andra konstverk skapade av henne under \u00e5ren 1961\u20132011.<\/span><\/span><span class=\"EOP SCXW99210767 BCX4\" data-ccp-props=\"{&quot;134233117&quot;:true,&quot;134233118&quot;:true}\">\u00a0<\/span><\/p>\n","protected":false},"featured_media":2980,"template":"","meta":{"_acf_changed":false},"product_brand":[],"product_cat":[75],"product_tag":[],"school_subject":[],"school_level":[],"class_list":{"0":"post-3131","1":"product","2":"type-product","3":"status-publish","4":"has-post-thumbnail","6":"product_cat-yleinen-sv","7":"museums-professor-oili-makis-konststiftelse","9":"first","10":"instock","11":"virtual","12":"sold-individually","13":"taxable","14":"product-type-basic_museum"},"acf":[],"yoast_head":"<!-- This site is optimized with the Yoast SEO plugin v27.1.1 - https:\/\/yoast.com\/product\/yoast-seo-wordpress\/ -->\n<title>N\u00e4r Livet gav mig f\u00e4rger - Digital museum<\/title>\n<meta name=\"robots\" content=\"index, follow, max-snippet:-1, max-image-preview:large, max-video-preview:-1\" \/>\n<link rel=\"canonical\" href=\"https:\/\/digimuseo.fi\/sv\/utstallningar\/nar-livet-gav-mig-farger\/\" \/>\n<meta property=\"og:locale\" content=\"sv_SE\" \/>\n<meta property=\"og:type\" content=\"article\" \/>\n<meta property=\"og:title\" content=\"N\u00e4r Livet gav mig f\u00e4rger - Digital museum\" \/>\n<meta property=\"og:description\" content=\"Utst\u00e4llningskomplexet \u201dN\u00e4r Livet gav mig f\u00e4rger\u201d \u00e4r Oili M\u00e4kis 50-\u00e5rskonstn\u00e4rsutst\u00e4llning som presenterar produktionen fr\u00e5n hennes konstn\u00e4rskarri\u00e4r. Utst\u00e4llningen visar konstn\u00e4rens gobel\u00e4nger, v\u00e4ndbara mattor, ryor, m\u00e5lningar, tygdesign och andra konstverk skapade av henne under \u00e5ren 1961\u20132011.\u00a0\" \/>\n<meta property=\"og:url\" content=\"https:\/\/digimuseo.fi\/sv\/utstallningar\/nar-livet-gav-mig-farger\/\" \/>\n<meta property=\"og:site_name\" content=\"Digital museum\" \/>\n<meta property=\"article:modified_time\" content=\"2023-02-07T08:58:58+00:00\" \/>\n<meta property=\"og:image\" content=\"https:\/\/digimuseo.fi\/wp-content\/uploads\/2022\/12\/oili_maki_avaussivukuva-scaled.jpg\" \/>\n\t<meta property=\"og:image:width\" content=\"2560\" \/>\n\t<meta property=\"og:image:height\" content=\"1783\" \/>\n\t<meta property=\"og:image:type\" content=\"image\/jpeg\" \/>\n<meta name=\"twitter:card\" content=\"summary_large_image\" \/>\n<meta name=\"twitter:label1\" content=\"Ber\u00e4knad l\u00e4stid\" \/>\n\t<meta name=\"twitter:data1\" content=\"1 minut\" \/>\n<script type=\"application\/ld+json\" class=\"yoast-schema-graph\">{\"@context\":\"https:\/\/schema.org\",\"@graph\":[{\"@type\":\"WebPage\",\"@id\":\"https:\/\/digimuseo.fi\/sv\/utstallningar\/nar-livet-gav-mig-farger\/\",\"url\":\"https:\/\/digimuseo.fi\/sv\/utstallningar\/nar-livet-gav-mig-farger\/\",\"name\":\"N\u00e4r Livet gav mig f\u00e4rger - Digital museum\",\"isPartOf\":{\"@id\":\"https:\/\/digimuseo.fi\/en\/#website\"},\"primaryImageOfPage\":{\"@id\":\"https:\/\/digimuseo.fi\/sv\/utstallningar\/nar-livet-gav-mig-farger\/#primaryimage\"},\"image\":{\"@id\":\"https:\/\/digimuseo.fi\/sv\/utstallningar\/nar-livet-gav-mig-farger\/#primaryimage\"},\"thumbnailUrl\":\"https:\/\/digimuseo.fi\/wp-content\/uploads\/2022\/12\/oili_maki_avaussivukuva-scaled.jpg\",\"datePublished\":\"2022-12-08T11:35:22+00:00\",\"dateModified\":\"2023-02-07T08:58:58+00:00\",\"breadcrumb\":{\"@id\":\"https:\/\/digimuseo.fi\/sv\/utstallningar\/nar-livet-gav-mig-farger\/#breadcrumb\"},\"inLanguage\":\"sv-SE\",\"potentialAction\":[{\"@type\":\"ReadAction\",\"target\":[\"https:\/\/digimuseo.fi\/sv\/utstallningar\/nar-livet-gav-mig-farger\/\"]}]},{\"@type\":\"ImageObject\",\"inLanguage\":\"sv-SE\",\"@id\":\"https:\/\/digimuseo.fi\/sv\/utstallningar\/nar-livet-gav-mig-farger\/#primaryimage\",\"url\":\"https:\/\/digimuseo.fi\/wp-content\/uploads\/2022\/12\/oili_maki_avaussivukuva-scaled.jpg\",\"contentUrl\":\"https:\/\/digimuseo.fi\/wp-content\/uploads\/2022\/12\/oili_maki_avaussivukuva-scaled.jpg\",\"width\":2560,\"height\":1783},{\"@type\":\"BreadcrumbList\",\"@id\":\"https:\/\/digimuseo.fi\/sv\/utstallningar\/nar-livet-gav-mig-farger\/#breadcrumb\",\"itemListElement\":[{\"@type\":\"ListItem\",\"position\":1,\"name\":\"Home\",\"item\":\"https:\/\/digimuseo.fi\/sv\/\"},{\"@type\":\"ListItem\",\"position\":2,\"name\":\"Tuotteet\",\"item\":\"https:\/\/digimuseo.fi\/nayttelyt\/\"},{\"@type\":\"ListItem\",\"position\":3,\"name\":\"N\u00e4r Livet gav mig f\u00e4rger\"}]},{\"@type\":\"WebSite\",\"@id\":\"https:\/\/digimuseo.fi\/en\/#website\",\"url\":\"https:\/\/digimuseo.fi\/en\/\",\"name\":\"Digital museum\",\"description\":\"G\u00e5 in fr\u00e5n ditt vardagsrum\",\"potentialAction\":[{\"@type\":\"SearchAction\",\"target\":{\"@type\":\"EntryPoint\",\"urlTemplate\":\"https:\/\/digimuseo.fi\/en\/?s={search_term_string}\"},\"query-input\":{\"@type\":\"PropertyValueSpecification\",\"valueRequired\":true,\"valueName\":\"search_term_string\"}}],\"inLanguage\":\"sv-SE\"}]}<\/script>\n<!-- \/ Yoast SEO plugin. -->","yoast_head_json":{"title":"N\u00e4r Livet gav mig f\u00e4rger - Digital museum","robots":{"index":"index","follow":"follow","max-snippet":"max-snippet:-1","max-image-preview":"max-image-preview:large","max-video-preview":"max-video-preview:-1"},"canonical":"https:\/\/digimuseo.fi\/sv\/utstallningar\/nar-livet-gav-mig-farger\/","og_locale":"sv_SE","og_type":"article","og_title":"N\u00e4r Livet gav mig f\u00e4rger - Digital museum","og_description":"Utst\u00e4llningskomplexet \u201dN\u00e4r Livet gav mig f\u00e4rger\u201d \u00e4r Oili M\u00e4kis 50-\u00e5rskonstn\u00e4rsutst\u00e4llning som presenterar produktionen fr\u00e5n hennes konstn\u00e4rskarri\u00e4r. Utst\u00e4llningen visar konstn\u00e4rens gobel\u00e4nger, v\u00e4ndbara mattor, ryor, m\u00e5lningar, tygdesign och andra konstverk skapade av henne under \u00e5ren 1961\u20132011.\u00a0","og_url":"https:\/\/digimuseo.fi\/sv\/utstallningar\/nar-livet-gav-mig-farger\/","og_site_name":"Digital museum","article_modified_time":"2023-02-07T08:58:58+00:00","og_image":[{"width":2560,"height":1783,"url":"https:\/\/digimuseo.fi\/wp-content\/uploads\/2022\/12\/oili_maki_avaussivukuva-scaled.jpg","type":"image\/jpeg"}],"twitter_card":"summary_large_image","twitter_misc":{"Ber\u00e4knad l\u00e4stid":"1 minut"},"schema":{"@context":"https:\/\/schema.org","@graph":[{"@type":"WebPage","@id":"https:\/\/digimuseo.fi\/sv\/utstallningar\/nar-livet-gav-mig-farger\/","url":"https:\/\/digimuseo.fi\/sv\/utstallningar\/nar-livet-gav-mig-farger\/","name":"N\u00e4r Livet gav mig f\u00e4rger - Digital museum","isPartOf":{"@id":"https:\/\/digimuseo.fi\/en\/#website"},"primaryImageOfPage":{"@id":"https:\/\/digimuseo.fi\/sv\/utstallningar\/nar-livet-gav-mig-farger\/#primaryimage"},"image":{"@id":"https:\/\/digimuseo.fi\/sv\/utstallningar\/nar-livet-gav-mig-farger\/#primaryimage"},"thumbnailUrl":"https:\/\/digimuseo.fi\/wp-content\/uploads\/2022\/12\/oili_maki_avaussivukuva-scaled.jpg","datePublished":"2022-12-08T11:35:22+00:00","dateModified":"2023-02-07T08:58:58+00:00","breadcrumb":{"@id":"https:\/\/digimuseo.fi\/sv\/utstallningar\/nar-livet-gav-mig-farger\/#breadcrumb"},"inLanguage":"sv-SE","potentialAction":[{"@type":"ReadAction","target":["https:\/\/digimuseo.fi\/sv\/utstallningar\/nar-livet-gav-mig-farger\/"]}]},{"@type":"ImageObject","inLanguage":"sv-SE","@id":"https:\/\/digimuseo.fi\/sv\/utstallningar\/nar-livet-gav-mig-farger\/#primaryimage","url":"https:\/\/digimuseo.fi\/wp-content\/uploads\/2022\/12\/oili_maki_avaussivukuva-scaled.jpg","contentUrl":"https:\/\/digimuseo.fi\/wp-content\/uploads\/2022\/12\/oili_maki_avaussivukuva-scaled.jpg","width":2560,"height":1783},{"@type":"BreadcrumbList","@id":"https:\/\/digimuseo.fi\/sv\/utstallningar\/nar-livet-gav-mig-farger\/#breadcrumb","itemListElement":[{"@type":"ListItem","position":1,"name":"Home","item":"https:\/\/digimuseo.fi\/sv\/"},{"@type":"ListItem","position":2,"name":"Tuotteet","item":"https:\/\/digimuseo.fi\/nayttelyt\/"},{"@type":"ListItem","position":3,"name":"N\u00e4r Livet gav mig f\u00e4rger"}]},{"@type":"WebSite","@id":"https:\/\/digimuseo.fi\/en\/#website","url":"https:\/\/digimuseo.fi\/en\/","name":"Digital museum","description":"G\u00e5 in fr\u00e5n ditt vardagsrum","potentialAction":[{"@type":"SearchAction","target":{"@type":"EntryPoint","urlTemplate":"https:\/\/digimuseo.fi\/en\/?s={search_term_string}"},"query-input":{"@type":"PropertyValueSpecification","valueRequired":true,"valueName":"search_term_string"}}],"inLanguage":"sv-SE"}]}},"_links":{"self":[{"href":"https:\/\/digimuseo.fi\/sv\/wp-json\/wp\/v2\/product\/3131","targetHints":{"allow":["GET"]}}],"collection":[{"href":"https:\/\/digimuseo.fi\/sv\/wp-json\/wp\/v2\/product"}],"about":[{"href":"https:\/\/digimuseo.fi\/sv\/wp-json\/wp\/v2\/types\/product"}],"wp:featuredmedia":[{"embeddable":true,"href":"https:\/\/digimuseo.fi\/sv\/wp-json\/wp\/v2\/media\/2980"}],"wp:attachment":[{"href":"https:\/\/digimuseo.fi\/sv\/wp-json\/wp\/v2\/media?parent=3131"}],"wp:term":[{"taxonomy":"product_brand","embeddable":true,"href":"https:\/\/digimuseo.fi\/sv\/wp-json\/wp\/v2\/product_brand?post=3131"},{"taxonomy":"product_cat","embeddable":true,"href":"https:\/\/digimuseo.fi\/sv\/wp-json\/wp\/v2\/product_cat?post=3131"},{"taxonomy":"product_tag","embeddable":true,"href":"https:\/\/digimuseo.fi\/sv\/wp-json\/wp\/v2\/product_tag?post=3131"},{"taxonomy":"school_subject","embeddable":true,"href":"https:\/\/digimuseo.fi\/sv\/wp-json\/wp\/v2\/school_subject?post=3131"},{"taxonomy":"school_level","embeddable":true,"href":"https:\/\/digimuseo.fi\/sv\/wp-json\/wp\/v2\/school_level?post=3131"}],"curies":[{"name":"wp","href":"https:\/\/api.w.org\/{rel}","templated":true}]}}