{"id":2626,"date":"2022-10-17T11:50:49","date_gmt":"2022-10-17T08:50:49","guid":{"rendered":"https:\/\/digimuseo.fi\/?post_type=product&#038;p=2626"},"modified":"2023-10-05T09:41:06","modified_gmt":"2023-10-05T06:41:06","slug":"virtuell-rundvandring-i-riksdagshuset","status":"publish","type":"product","link":"https:\/\/digimuseo.fi\/sv\/utstallningar\/virtuell-rundvandring-i-riksdagshuset\/","title":{"rendered":"Virtuell rundvandring i Riksdagshuset"},"content":{"rendered":"<p><span class=\"TextRun SCXW34110104 BCX4\" lang=\"SV-SE\" xml:lang=\"SV-SE\" data-contrast=\"auto\"><span class=\"NormalTextRun SCXW34110104 BCX4\">M\u00e5nga av konstverken i Riksdagshuset, som f\u00e4rdigst\u00e4lldes 1931, utg\u00f6r en fast del av byggnadens arkitektur. <\/span><span class=\"NormalTextRun SCXW34110104 BCX4\">Skulpt\u00f6rerna Gunnar <\/span><span class=\"ContextualSpellingAndGrammarError SCXW34110104 BCX4\">Finne<\/span><span class=\"NormalTextRun SCXW34110104 BCX4\">, Johannes Haapasalo och Carl Wilhelms samarbetade intensivt.<\/span><\/span><span class=\"EOP SCXW34110104 BCX4\" data-ccp-props=\"{&quot;201341983&quot;:0,&quot;335559739&quot;:0,&quot;335559740&quot;:240}\">\u00a0<\/span><\/p>\n","protected":false},"excerpt":{"rendered":"<p><span class=\"TextRun SCXW93901035 BCX4\" lang=\"SV-FI\" xml:lang=\"SV-FI\" data-contrast=\"none\"><span class=\"NormalTextRun SCXW93901035 BCX4\" data-ccp-parastyle=\"Normal (Web)\">Under en virtuell 3D-rundvandring i Riksdagshuset kan du bekanta dig med platserna d\u00e4r riksdagsarbetet \u00e4ger rum. Du f\u00e5r se byggnadens olika salar, rum, m\u00f6bler, textilier, armatur, skulpturer och konstverk.\u00a0<\/span><\/span><span class=\"EOP SCXW93901035 BCX4\" data-ccp-props=\"{&quot;201341983&quot;:0,&quot;335559739&quot;:240,&quot;335559740&quot;:240}\">\u00a0<\/span><\/p>\n","protected":false},"featured_media":2598,"template":"","meta":{"_acf_changed":false},"product_brand":[],"product_cat":[75],"product_tag":[],"school_subject":[],"school_level":[],"class_list":{"0":"post-2626","1":"product","2":"type-product","3":"status-publish","4":"has-post-thumbnail","6":"product_cat-yleinen-sv","7":"museums-riksdagshuset","8":"exhibition_themes-historia-sv","10":"first","11":"instock","12":"virtual","13":"sold-individually","14":"taxable","15":"product-type-basic_museum"},"acf":[],"yoast_head":"<!-- This site is optimized with the Yoast SEO plugin v27.1.1 - https:\/\/yoast.com\/product\/yoast-seo-wordpress\/ -->\n<title>Virtuell rundvandring i Riksdagshuset - Digital museum<\/title>\n<meta name=\"robots\" content=\"index, follow, max-snippet:-1, max-image-preview:large, max-video-preview:-1\" \/>\n<link rel=\"canonical\" href=\"https:\/\/digimuseo.fi\/sv\/utstallningar\/virtuell-rundvandring-i-riksdagshuset\/\" \/>\n<meta property=\"og:locale\" content=\"sv_SE\" \/>\n<meta property=\"og:type\" content=\"article\" \/>\n<meta property=\"og:title\" content=\"Virtuell rundvandring i Riksdagshuset - Digital museum\" \/>\n<meta property=\"og:description\" content=\"Under en virtuell 3D-rundvandring i Riksdagshuset kan du bekanta dig med platserna d\u00e4r riksdagsarbetet \u00e4ger rum. Du f\u00e5r se byggnadens olika salar, rum, m\u00f6bler, textilier, armatur, skulpturer och konstverk.\u00a0\u00a0\" \/>\n<meta property=\"og:url\" content=\"https:\/\/digimuseo.fi\/sv\/utstallningar\/virtuell-rundvandring-i-riksdagshuset\/\" \/>\n<meta property=\"og:site_name\" content=\"Digital museum\" \/>\n<meta property=\"article:modified_time\" content=\"2023-10-05T06:41:06+00:00\" \/>\n<meta property=\"og:image\" content=\"https:\/\/digimuseo.fi\/wp-content\/uploads\/2022\/09\/Eduskuntatalo2_Kuvatoimisto-Kuvio.jpg\" \/>\n\t<meta property=\"og:image:width\" content=\"1920\" \/>\n\t<meta property=\"og:image:height\" content=\"1080\" \/>\n\t<meta property=\"og:image:type\" content=\"image\/jpeg\" \/>\n<meta name=\"twitter:card\" content=\"summary_large_image\" \/>\n<meta name=\"twitter:label1\" content=\"Ber\u00e4knad l\u00e4stid\" \/>\n\t<meta name=\"twitter:data1\" content=\"1 minut\" \/>\n<script type=\"application\/ld+json\" class=\"yoast-schema-graph\">{\"@context\":\"https:\/\/schema.org\",\"@graph\":[{\"@type\":\"WebPage\",\"@id\":\"https:\/\/digimuseo.fi\/sv\/utstallningar\/virtuell-rundvandring-i-riksdagshuset\/\",\"url\":\"https:\/\/digimuseo.fi\/sv\/utstallningar\/virtuell-rundvandring-i-riksdagshuset\/\",\"name\":\"Virtuell rundvandring i Riksdagshuset - Digital museum\",\"isPartOf\":{\"@id\":\"https:\/\/digimuseo.fi\/en\/#website\"},\"primaryImageOfPage\":{\"@id\":\"https:\/\/digimuseo.fi\/sv\/utstallningar\/virtuell-rundvandring-i-riksdagshuset\/#primaryimage\"},\"image\":{\"@id\":\"https:\/\/digimuseo.fi\/sv\/utstallningar\/virtuell-rundvandring-i-riksdagshuset\/#primaryimage\"},\"thumbnailUrl\":\"https:\/\/digimuseo.fi\/wp-content\/uploads\/2022\/09\/Eduskuntatalo2_Kuvatoimisto-Kuvio.jpg\",\"datePublished\":\"2022-10-17T08:50:49+00:00\",\"dateModified\":\"2023-10-05T06:41:06+00:00\",\"breadcrumb\":{\"@id\":\"https:\/\/digimuseo.fi\/sv\/utstallningar\/virtuell-rundvandring-i-riksdagshuset\/#breadcrumb\"},\"inLanguage\":\"sv-SE\",\"potentialAction\":[{\"@type\":\"ReadAction\",\"target\":[\"https:\/\/digimuseo.fi\/sv\/utstallningar\/virtuell-rundvandring-i-riksdagshuset\/\"]}]},{\"@type\":\"ImageObject\",\"inLanguage\":\"sv-SE\",\"@id\":\"https:\/\/digimuseo.fi\/sv\/utstallningar\/virtuell-rundvandring-i-riksdagshuset\/#primaryimage\",\"url\":\"https:\/\/digimuseo.fi\/wp-content\/uploads\/2022\/09\/Eduskuntatalo2_Kuvatoimisto-Kuvio.jpg\",\"contentUrl\":\"https:\/\/digimuseo.fi\/wp-content\/uploads\/2022\/09\/Eduskuntatalo2_Kuvatoimisto-Kuvio.jpg\",\"width\":1920,\"height\":1080,\"caption\":\"Riksdaghusets marmortrappa. Foto: Anders Portman \/ Kuvatoimisto Kuvio \/ Riksdagshuset\"},{\"@type\":\"BreadcrumbList\",\"@id\":\"https:\/\/digimuseo.fi\/sv\/utstallningar\/virtuell-rundvandring-i-riksdagshuset\/#breadcrumb\",\"itemListElement\":[{\"@type\":\"ListItem\",\"position\":1,\"name\":\"Home\",\"item\":\"https:\/\/digimuseo.fi\/sv\/\"},{\"@type\":\"ListItem\",\"position\":2,\"name\":\"Tuotteet\",\"item\":\"https:\/\/digimuseo.fi\/nayttelyt\/\"},{\"@type\":\"ListItem\",\"position\":3,\"name\":\"Virtuell rundvandring i Riksdagshuset\"}]},{\"@type\":\"WebSite\",\"@id\":\"https:\/\/digimuseo.fi\/en\/#website\",\"url\":\"https:\/\/digimuseo.fi\/en\/\",\"name\":\"Digital museum\",\"description\":\"G\u00e5 in fr\u00e5n ditt vardagsrum\",\"potentialAction\":[{\"@type\":\"SearchAction\",\"target\":{\"@type\":\"EntryPoint\",\"urlTemplate\":\"https:\/\/digimuseo.fi\/en\/?s={search_term_string}\"},\"query-input\":{\"@type\":\"PropertyValueSpecification\",\"valueRequired\":true,\"valueName\":\"search_term_string\"}}],\"inLanguage\":\"sv-SE\"}]}<\/script>\n<!-- \/ Yoast SEO plugin. -->","yoast_head_json":{"title":"Virtuell rundvandring i Riksdagshuset - Digital museum","robots":{"index":"index","follow":"follow","max-snippet":"max-snippet:-1","max-image-preview":"max-image-preview:large","max-video-preview":"max-video-preview:-1"},"canonical":"https:\/\/digimuseo.fi\/sv\/utstallningar\/virtuell-rundvandring-i-riksdagshuset\/","og_locale":"sv_SE","og_type":"article","og_title":"Virtuell rundvandring i Riksdagshuset - Digital museum","og_description":"Under en virtuell 3D-rundvandring i Riksdagshuset kan du bekanta dig med platserna d\u00e4r riksdagsarbetet \u00e4ger rum. Du f\u00e5r se byggnadens olika salar, rum, m\u00f6bler, textilier, armatur, skulpturer och konstverk.\u00a0\u00a0","og_url":"https:\/\/digimuseo.fi\/sv\/utstallningar\/virtuell-rundvandring-i-riksdagshuset\/","og_site_name":"Digital museum","article_modified_time":"2023-10-05T06:41:06+00:00","og_image":[{"width":1920,"height":1080,"url":"https:\/\/digimuseo.fi\/wp-content\/uploads\/2022\/09\/Eduskuntatalo2_Kuvatoimisto-Kuvio.jpg","type":"image\/jpeg"}],"twitter_card":"summary_large_image","twitter_misc":{"Ber\u00e4knad l\u00e4stid":"1 minut"},"schema":{"@context":"https:\/\/schema.org","@graph":[{"@type":"WebPage","@id":"https:\/\/digimuseo.fi\/sv\/utstallningar\/virtuell-rundvandring-i-riksdagshuset\/","url":"https:\/\/digimuseo.fi\/sv\/utstallningar\/virtuell-rundvandring-i-riksdagshuset\/","name":"Virtuell rundvandring i Riksdagshuset - Digital museum","isPartOf":{"@id":"https:\/\/digimuseo.fi\/en\/#website"},"primaryImageOfPage":{"@id":"https:\/\/digimuseo.fi\/sv\/utstallningar\/virtuell-rundvandring-i-riksdagshuset\/#primaryimage"},"image":{"@id":"https:\/\/digimuseo.fi\/sv\/utstallningar\/virtuell-rundvandring-i-riksdagshuset\/#primaryimage"},"thumbnailUrl":"https:\/\/digimuseo.fi\/wp-content\/uploads\/2022\/09\/Eduskuntatalo2_Kuvatoimisto-Kuvio.jpg","datePublished":"2022-10-17T08:50:49+00:00","dateModified":"2023-10-05T06:41:06+00:00","breadcrumb":{"@id":"https:\/\/digimuseo.fi\/sv\/utstallningar\/virtuell-rundvandring-i-riksdagshuset\/#breadcrumb"},"inLanguage":"sv-SE","potentialAction":[{"@type":"ReadAction","target":["https:\/\/digimuseo.fi\/sv\/utstallningar\/virtuell-rundvandring-i-riksdagshuset\/"]}]},{"@type":"ImageObject","inLanguage":"sv-SE","@id":"https:\/\/digimuseo.fi\/sv\/utstallningar\/virtuell-rundvandring-i-riksdagshuset\/#primaryimage","url":"https:\/\/digimuseo.fi\/wp-content\/uploads\/2022\/09\/Eduskuntatalo2_Kuvatoimisto-Kuvio.jpg","contentUrl":"https:\/\/digimuseo.fi\/wp-content\/uploads\/2022\/09\/Eduskuntatalo2_Kuvatoimisto-Kuvio.jpg","width":1920,"height":1080,"caption":"Riksdaghusets marmortrappa. Foto: Anders Portman \/ Kuvatoimisto Kuvio \/ Riksdagshuset"},{"@type":"BreadcrumbList","@id":"https:\/\/digimuseo.fi\/sv\/utstallningar\/virtuell-rundvandring-i-riksdagshuset\/#breadcrumb","itemListElement":[{"@type":"ListItem","position":1,"name":"Home","item":"https:\/\/digimuseo.fi\/sv\/"},{"@type":"ListItem","position":2,"name":"Tuotteet","item":"https:\/\/digimuseo.fi\/nayttelyt\/"},{"@type":"ListItem","position":3,"name":"Virtuell rundvandring i Riksdagshuset"}]},{"@type":"WebSite","@id":"https:\/\/digimuseo.fi\/en\/#website","url":"https:\/\/digimuseo.fi\/en\/","name":"Digital museum","description":"G\u00e5 in fr\u00e5n ditt vardagsrum","potentialAction":[{"@type":"SearchAction","target":{"@type":"EntryPoint","urlTemplate":"https:\/\/digimuseo.fi\/en\/?s={search_term_string}"},"query-input":{"@type":"PropertyValueSpecification","valueRequired":true,"valueName":"search_term_string"}}],"inLanguage":"sv-SE"}]}},"_links":{"self":[{"href":"https:\/\/digimuseo.fi\/sv\/wp-json\/wp\/v2\/product\/2626","targetHints":{"allow":["GET"]}}],"collection":[{"href":"https:\/\/digimuseo.fi\/sv\/wp-json\/wp\/v2\/product"}],"about":[{"href":"https:\/\/digimuseo.fi\/sv\/wp-json\/wp\/v2\/types\/product"}],"wp:featuredmedia":[{"embeddable":true,"href":"https:\/\/digimuseo.fi\/sv\/wp-json\/wp\/v2\/media\/2598"}],"wp:attachment":[{"href":"https:\/\/digimuseo.fi\/sv\/wp-json\/wp\/v2\/media?parent=2626"}],"wp:term":[{"taxonomy":"product_brand","embeddable":true,"href":"https:\/\/digimuseo.fi\/sv\/wp-json\/wp\/v2\/product_brand?post=2626"},{"taxonomy":"product_cat","embeddable":true,"href":"https:\/\/digimuseo.fi\/sv\/wp-json\/wp\/v2\/product_cat?post=2626"},{"taxonomy":"product_tag","embeddable":true,"href":"https:\/\/digimuseo.fi\/sv\/wp-json\/wp\/v2\/product_tag?post=2626"},{"taxonomy":"school_subject","embeddable":true,"href":"https:\/\/digimuseo.fi\/sv\/wp-json\/wp\/v2\/school_subject?post=2626"},{"taxonomy":"school_level","embeddable":true,"href":"https:\/\/digimuseo.fi\/sv\/wp-json\/wp\/v2\/school_level?post=2626"}],"curies":[{"name":"wp","href":"https:\/\/api.w.org\/{rel}","templated":true}]}}