{"id":2566,"date":"2022-09-30T08:38:08","date_gmt":"2022-09-30T05:38:08","guid":{"rendered":"https:\/\/digimuseo.fi\/?post_type=product&#038;p=2566"},"modified":"2026-02-12T09:59:16","modified_gmt":"2026-02-12T07:59:16","slug":"observatoriet-pa-vardberget","status":"publish","type":"product","link":"https:\/\/digimuseo.fi\/sv\/utstallningar\/observatoriet-pa-vardberget\/","title":{"rendered":"Observatoriet p\u00e5 V\u00e5rdberget"},"content":{"rendered":"<div class=\"flex flex-col text-sm pb-25\">\n<article class=\"text-token-text-primary w-full focus:outline-none [--shadow-height:45px] has-data-writing-block:pointer-events-none has-data-writing-block:-mt-(--shadow-height) has-data-writing-block:pt-(--shadow-height) [&amp;:has([data-writing-block])&gt;*]:pointer-events-auto scroll-mt-[calc(var(--header-height)+min(200px,max(70px,20svh)))]\" dir=\"auto\" tabindex=\"-1\" data-turn-id=\"request-698d7ac0-5100-838e-9114-34a64c4cf665-9\" data-testid=\"conversation-turn-14\" data-scroll-anchor=\"true\" data-turn=\"assistant\">\n<div class=\"text-base my-auto mx-auto pb-10 [--thread-content-margin:--spacing(4)] @w-sm\/main:[--thread-content-margin:--spacing(6)] @w-lg\/main:[--thread-content-margin:--spacing(16)] px-(--thread-content-margin)\">\n<div class=\"[--thread-content-max-width:40rem] @w-lg\/main:[--thread-content-max-width:48rem] mx-auto max-w-(--thread-content-max-width) flex-1 group\/turn-messages focus-visible:outline-hidden relative flex w-full min-w-0 flex-col agent-turn\" tabindex=\"-1\">\n<div class=\"flex max-w-full flex-col grow\">\n<div class=\"min-h-8 text-message relative flex w-full flex-col items-end gap-2 text-start break-words whitespace-normal [.text-message+&amp;]:mt-1\" dir=\"auto\" data-message-author-role=\"assistant\" data-message-id=\"2e040b3f-89f3-42c7-8b9b-f38080605b4c\" data-message-model-slug=\"gpt-5-2\">\n<div class=\"flex w-full flex-col gap-1 empty:hidden first:pt-[1px]\">\n<div class=\"markdown prose dark:prose-invert w-full wrap-break-word light markdown-new-styling\">\n<p data-start=\"367\" data-end=\"599\" data-is-last-node=\"\" data-is-only-node=\"\">I byggnaden har det senare bland annat funnits en sj\u00f6fartsl\u00e4roanstalt, ett sj\u00f6fartsmuseum och ett konstmuseum. \u00c5r 2007 \u00f6vergick observatoriet i \u00c5bo Akademis stiftelses \u00e4go, och \u00e5r 2025 togs byggnaden i bruk av Lund\u00e9n Arkitektur.<\/p>\n<\/div>\n<\/div>\n<\/div>\n<\/div>\n<div class=\"z-0 flex min-h-[46px] justify-start\"><\/div>\n<div class=\"mt-3 w-full empty:hidden\">\n<div class=\"text-center\"><\/div>\n<\/div>\n<\/div>\n<\/div>\n<\/article>\n<\/div>\n<div class=\"pointer-events-none h-px w-px absolute bottom-0\" aria-hidden=\"true\" data-edge=\"true\"><\/div>\n","protected":false},"excerpt":{"rendered":"<p><span class=\"NormalTextRun SCXW166868903 BCX4\">Finlands f\u00f6rsta observatoriebyggnad byggdes \u00e5ren 1817\u20131819 p\u00e5 V\u00e5rdberget i \u00c5bo<\/span> <span class=\"NormalTextRun SCXW166868903 BCX4\">enligt Carl Ludvig Engels ritningar <\/span><span class=\"NormalTextRun SCXW166868903 BCX4\">f\u00f6r den astr<\/span><span class=\"NormalTextRun SCXW166868903 BCX4\">o<\/span><span class=\"NormalTextRun SCXW166868903 BCX4\">nomiska institutionen <\/span><span class=\"NormalTextRun SCXW166868903 BCX4\">vid Kungliga Akademien<\/span><span class=\"NormalTextRun SCXW166868903 BCX4\">.<\/span><\/p>\n","protected":false},"featured_media":2557,"template":"","meta":{"_acf_changed":false},"product_brand":[],"product_cat":[],"product_tag":[],"school_subject":[],"school_level":[],"class_list":{"0":"post-2566","1":"product","2":"type-product","3":"status-publish","4":"has-post-thumbnail","6":"museums-observatoriet-pa-vardberget","7":"exhibition_themes-historia-sv","9":"first","10":"instock","11":"virtual","12":"sold-individually","13":"taxable","14":"product-type-basic_museum"},"acf":[],"yoast_head":"<!-- This site is optimized with the Yoast SEO plugin v27.1.1 - https:\/\/yoast.com\/product\/yoast-seo-wordpress\/ -->\n<title>Observatoriet p\u00e5 V\u00e5rdberget - Digital museum<\/title>\n<meta name=\"robots\" content=\"index, follow, max-snippet:-1, max-image-preview:large, max-video-preview:-1\" \/>\n<link rel=\"canonical\" href=\"https:\/\/digimuseo.fi\/sv\/utstallningar\/observatoriet-pa-vardberget\/\" \/>\n<meta property=\"og:locale\" content=\"sv_SE\" \/>\n<meta property=\"og:type\" content=\"article\" \/>\n<meta property=\"og:title\" content=\"Observatoriet p\u00e5 V\u00e5rdberget - Digital museum\" \/>\n<meta property=\"og:description\" content=\"Finlands f\u00f6rsta observatoriebyggnad byggdes \u00e5ren 1817\u20131819 p\u00e5 V\u00e5rdberget i \u00c5bo enligt Carl Ludvig Engels ritningar f\u00f6r den astronomiska institutionen vid Kungliga Akademien.\" \/>\n<meta property=\"og:url\" content=\"https:\/\/digimuseo.fi\/sv\/utstallningar\/observatoriet-pa-vardberget\/\" \/>\n<meta property=\"og:site_name\" content=\"Digital museum\" \/>\n<meta property=\"article:modified_time\" content=\"2026-02-12T07:59:16+00:00\" \/>\n<meta property=\"og:image\" content=\"https:\/\/digimuseo.fi\/wp-content\/uploads\/2022\/09\/observatoriet2.jpg\" \/>\n\t<meta property=\"og:image:width\" content=\"2048\" \/>\n\t<meta property=\"og:image:height\" content=\"1365\" \/>\n\t<meta property=\"og:image:type\" content=\"image\/jpeg\" \/>\n<meta name=\"twitter:card\" content=\"summary_large_image\" \/>\n<meta name=\"twitter:label1\" content=\"Ber\u00e4knad l\u00e4stid\" \/>\n\t<meta name=\"twitter:data1\" content=\"1 minut\" \/>\n<script type=\"application\/ld+json\" class=\"yoast-schema-graph\">{\"@context\":\"https:\/\/schema.org\",\"@graph\":[{\"@type\":\"WebPage\",\"@id\":\"https:\/\/digimuseo.fi\/sv\/utstallningar\/observatoriet-pa-vardberget\/\",\"url\":\"https:\/\/digimuseo.fi\/sv\/utstallningar\/observatoriet-pa-vardberget\/\",\"name\":\"Observatoriet p\u00e5 V\u00e5rdberget - Digital museum\",\"isPartOf\":{\"@id\":\"https:\/\/digimuseo.fi\/en\/#website\"},\"primaryImageOfPage\":{\"@id\":\"https:\/\/digimuseo.fi\/sv\/utstallningar\/observatoriet-pa-vardberget\/#primaryimage\"},\"image\":{\"@id\":\"https:\/\/digimuseo.fi\/sv\/utstallningar\/observatoriet-pa-vardberget\/#primaryimage\"},\"thumbnailUrl\":\"https:\/\/digimuseo.fi\/wp-content\/uploads\/2022\/09\/observatoriet2.jpg\",\"datePublished\":\"2022-09-30T05:38:08+00:00\",\"dateModified\":\"2026-02-12T07:59:16+00:00\",\"breadcrumb\":{\"@id\":\"https:\/\/digimuseo.fi\/sv\/utstallningar\/observatoriet-pa-vardberget\/#breadcrumb\"},\"inLanguage\":\"sv-SE\",\"potentialAction\":[{\"@type\":\"ReadAction\",\"target\":[\"https:\/\/digimuseo.fi\/sv\/utstallningar\/observatoriet-pa-vardberget\/\"]}]},{\"@type\":\"ImageObject\",\"inLanguage\":\"sv-SE\",\"@id\":\"https:\/\/digimuseo.fi\/sv\/utstallningar\/observatoriet-pa-vardberget\/#primaryimage\",\"url\":\"https:\/\/digimuseo.fi\/wp-content\/uploads\/2022\/09\/observatoriet2.jpg\",\"contentUrl\":\"https:\/\/digimuseo.fi\/wp-content\/uploads\/2022\/09\/observatoriet2.jpg\",\"width\":2048,\"height\":1365,\"caption\":\"Observatoriet p\u00e5 V\u00e5rdberget. Foto: Stiftelsen f\u00f6r \u00c5bo Akademi.\"},{\"@type\":\"BreadcrumbList\",\"@id\":\"https:\/\/digimuseo.fi\/sv\/utstallningar\/observatoriet-pa-vardberget\/#breadcrumb\",\"itemListElement\":[{\"@type\":\"ListItem\",\"position\":1,\"name\":\"Home\",\"item\":\"https:\/\/digimuseo.fi\/sv\/\"},{\"@type\":\"ListItem\",\"position\":2,\"name\":\"Tuotteet\",\"item\":\"https:\/\/digimuseo.fi\/nayttelyt\/\"},{\"@type\":\"ListItem\",\"position\":3,\"name\":\"Observatoriet p\u00e5 V\u00e5rdberget\"}]},{\"@type\":\"WebSite\",\"@id\":\"https:\/\/digimuseo.fi\/en\/#website\",\"url\":\"https:\/\/digimuseo.fi\/en\/\",\"name\":\"Digital museum\",\"description\":\"G\u00e5 in fr\u00e5n ditt vardagsrum\",\"potentialAction\":[{\"@type\":\"SearchAction\",\"target\":{\"@type\":\"EntryPoint\",\"urlTemplate\":\"https:\/\/digimuseo.fi\/en\/?s={search_term_string}\"},\"query-input\":{\"@type\":\"PropertyValueSpecification\",\"valueRequired\":true,\"valueName\":\"search_term_string\"}}],\"inLanguage\":\"sv-SE\"}]}<\/script>\n<!-- \/ Yoast SEO plugin. -->","yoast_head_json":{"title":"Observatoriet p\u00e5 V\u00e5rdberget - Digital museum","robots":{"index":"index","follow":"follow","max-snippet":"max-snippet:-1","max-image-preview":"max-image-preview:large","max-video-preview":"max-video-preview:-1"},"canonical":"https:\/\/digimuseo.fi\/sv\/utstallningar\/observatoriet-pa-vardberget\/","og_locale":"sv_SE","og_type":"article","og_title":"Observatoriet p\u00e5 V\u00e5rdberget - Digital museum","og_description":"Finlands f\u00f6rsta observatoriebyggnad byggdes \u00e5ren 1817\u20131819 p\u00e5 V\u00e5rdberget i \u00c5bo enligt Carl Ludvig Engels ritningar f\u00f6r den astronomiska institutionen vid Kungliga Akademien.","og_url":"https:\/\/digimuseo.fi\/sv\/utstallningar\/observatoriet-pa-vardberget\/","og_site_name":"Digital museum","article_modified_time":"2026-02-12T07:59:16+00:00","og_image":[{"width":2048,"height":1365,"url":"https:\/\/digimuseo.fi\/wp-content\/uploads\/2022\/09\/observatoriet2.jpg","type":"image\/jpeg"}],"twitter_card":"summary_large_image","twitter_misc":{"Ber\u00e4knad l\u00e4stid":"1 minut"},"schema":{"@context":"https:\/\/schema.org","@graph":[{"@type":"WebPage","@id":"https:\/\/digimuseo.fi\/sv\/utstallningar\/observatoriet-pa-vardberget\/","url":"https:\/\/digimuseo.fi\/sv\/utstallningar\/observatoriet-pa-vardberget\/","name":"Observatoriet p\u00e5 V\u00e5rdberget - Digital museum","isPartOf":{"@id":"https:\/\/digimuseo.fi\/en\/#website"},"primaryImageOfPage":{"@id":"https:\/\/digimuseo.fi\/sv\/utstallningar\/observatoriet-pa-vardberget\/#primaryimage"},"image":{"@id":"https:\/\/digimuseo.fi\/sv\/utstallningar\/observatoriet-pa-vardberget\/#primaryimage"},"thumbnailUrl":"https:\/\/digimuseo.fi\/wp-content\/uploads\/2022\/09\/observatoriet2.jpg","datePublished":"2022-09-30T05:38:08+00:00","dateModified":"2026-02-12T07:59:16+00:00","breadcrumb":{"@id":"https:\/\/digimuseo.fi\/sv\/utstallningar\/observatoriet-pa-vardberget\/#breadcrumb"},"inLanguage":"sv-SE","potentialAction":[{"@type":"ReadAction","target":["https:\/\/digimuseo.fi\/sv\/utstallningar\/observatoriet-pa-vardberget\/"]}]},{"@type":"ImageObject","inLanguage":"sv-SE","@id":"https:\/\/digimuseo.fi\/sv\/utstallningar\/observatoriet-pa-vardberget\/#primaryimage","url":"https:\/\/digimuseo.fi\/wp-content\/uploads\/2022\/09\/observatoriet2.jpg","contentUrl":"https:\/\/digimuseo.fi\/wp-content\/uploads\/2022\/09\/observatoriet2.jpg","width":2048,"height":1365,"caption":"Observatoriet p\u00e5 V\u00e5rdberget. Foto: Stiftelsen f\u00f6r \u00c5bo Akademi."},{"@type":"BreadcrumbList","@id":"https:\/\/digimuseo.fi\/sv\/utstallningar\/observatoriet-pa-vardberget\/#breadcrumb","itemListElement":[{"@type":"ListItem","position":1,"name":"Home","item":"https:\/\/digimuseo.fi\/sv\/"},{"@type":"ListItem","position":2,"name":"Tuotteet","item":"https:\/\/digimuseo.fi\/nayttelyt\/"},{"@type":"ListItem","position":3,"name":"Observatoriet p\u00e5 V\u00e5rdberget"}]},{"@type":"WebSite","@id":"https:\/\/digimuseo.fi\/en\/#website","url":"https:\/\/digimuseo.fi\/en\/","name":"Digital museum","description":"G\u00e5 in fr\u00e5n ditt vardagsrum","potentialAction":[{"@type":"SearchAction","target":{"@type":"EntryPoint","urlTemplate":"https:\/\/digimuseo.fi\/en\/?s={search_term_string}"},"query-input":{"@type":"PropertyValueSpecification","valueRequired":true,"valueName":"search_term_string"}}],"inLanguage":"sv-SE"}]}},"_links":{"self":[{"href":"https:\/\/digimuseo.fi\/sv\/wp-json\/wp\/v2\/product\/2566","targetHints":{"allow":["GET"]}}],"collection":[{"href":"https:\/\/digimuseo.fi\/sv\/wp-json\/wp\/v2\/product"}],"about":[{"href":"https:\/\/digimuseo.fi\/sv\/wp-json\/wp\/v2\/types\/product"}],"wp:featuredmedia":[{"embeddable":true,"href":"https:\/\/digimuseo.fi\/sv\/wp-json\/wp\/v2\/media\/2557"}],"wp:attachment":[{"href":"https:\/\/digimuseo.fi\/sv\/wp-json\/wp\/v2\/media?parent=2566"}],"wp:term":[{"taxonomy":"product_brand","embeddable":true,"href":"https:\/\/digimuseo.fi\/sv\/wp-json\/wp\/v2\/product_brand?post=2566"},{"taxonomy":"product_cat","embeddable":true,"href":"https:\/\/digimuseo.fi\/sv\/wp-json\/wp\/v2\/product_cat?post=2566"},{"taxonomy":"product_tag","embeddable":true,"href":"https:\/\/digimuseo.fi\/sv\/wp-json\/wp\/v2\/product_tag?post=2566"},{"taxonomy":"school_subject","embeddable":true,"href":"https:\/\/digimuseo.fi\/sv\/wp-json\/wp\/v2\/school_subject?post=2566"},{"taxonomy":"school_level","embeddable":true,"href":"https:\/\/digimuseo.fi\/sv\/wp-json\/wp\/v2\/school_level?post=2566"}],"curies":[{"name":"wp","href":"https:\/\/api.w.org\/{rel}","templated":true}]}}