{"id":2215,"date":"2022-05-27T13:11:41","date_gmt":"2022-05-27T10:11:41","guid":{"rendered":"https:\/\/digimuseo.fi\/?post_type=product&#038;p=2215"},"modified":"2022-05-27T13:13:25","modified_gmt":"2022-05-27T10:13:25","slug":"turku-abo-1827-8-6-2022","status":"publish","type":"product","link":"https:\/\/digimuseo.fi\/sv\/utstallningar\/turku-abo-1827-8-6-2022\/","title":{"rendered":"Turku \u00c5bo 1827 \/ 8.6.2022"},"content":{"rendered":"<p>En 3D-modell har skapats baserats p\u00e5 ett omfattande forskningsarbete som grundar sig p\u00e5 brandf\u00f6rs\u00e4kringsbrev, byggnadsritningar och avbildningar av staden. Modellen har tagit visuell form i virtuella stadsvyer i 360 grader. Hur s\u00e5g staden ut innan branden? Kom med p\u00e5 en tidsresa!<\/p>\n","protected":false},"excerpt":{"rendered":"<p>En 3D-modell har skapats baserats p\u00e5 ett omfattande forskningsarbete som grundar sig p\u00e5 brandf\u00f6rs\u00e4kringsbrev, byggnadsritningar och avbildningar av staden. Modellen har tagit visuell form i virtuella stadsvyer i 360 grader. Hur s\u00e5g staden ut innan branden? Kom med p\u00e5 en tidsresa!<\/p>\n","protected":false},"featured_media":0,"template":"","meta":{"_acf_changed":false},"product_brand":[],"product_cat":[15],"product_tag":[],"school_subject":[],"school_level":[],"class_list":{"0":"post-2215","1":"product","2":"type-product","3":"status-publish","5":"product_cat-yleinen","6":"museums-museum-for-historia-och-framtiden-sv","7":"exhibition_themes-historia-sv","9":"first","10":"outofstock","11":"virtual","12":"sold-individually","13":"taxable","14":"purchasable","15":"product-type-guided_tour"},"acf":[],"yoast_head":"<!-- This site is optimized with the Yoast SEO plugin v27.1.1 - https:\/\/yoast.com\/product\/yoast-seo-wordpress\/ -->\n<title>Turku \u00c5bo 1827 \/ 8.6.2022 - Digital museum<\/title>\n<meta name=\"robots\" content=\"index, follow, max-snippet:-1, max-image-preview:large, max-video-preview:-1\" \/>\n<link rel=\"canonical\" href=\"https:\/\/digimuseo.fi\/sv\/utstallningar\/turku-abo-1827-8-6-2022\/\" \/>\n<meta property=\"og:locale\" content=\"sv_SE\" \/>\n<meta property=\"og:type\" content=\"article\" \/>\n<meta property=\"og:title\" content=\"Turku \u00c5bo 1827 \/ 8.6.2022 - Digital museum\" \/>\n<meta property=\"og:description\" content=\"En 3D-modell har skapats baserats p\u00e5 ett omfattande forskningsarbete som grundar sig p\u00e5 brandf\u00f6rs\u00e4kringsbrev, byggnadsritningar och avbildningar av staden. Modellen har tagit visuell form i virtuella stadsvyer i 360 grader. Hur s\u00e5g staden ut innan branden? Kom med p\u00e5 en tidsresa!\" \/>\n<meta property=\"og:url\" content=\"https:\/\/digimuseo.fi\/sv\/utstallningar\/turku-abo-1827-8-6-2022\/\" \/>\n<meta property=\"og:site_name\" content=\"Digital museum\" \/>\n<meta property=\"article:modified_time\" content=\"2022-05-27T10:13:25+00:00\" \/>\n<meta property=\"og:image\" content=\"https:\/\/digimuseo.fi\/wp-content\/uploads\/2020\/05\/digimuseo-some-1200x630-1.png\" \/>\n\t<meta property=\"og:image:width\" content=\"1200\" \/>\n\t<meta property=\"og:image:height\" content=\"630\" \/>\n\t<meta property=\"og:image:type\" content=\"image\/png\" \/>\n<meta name=\"twitter:card\" content=\"summary_large_image\" \/>\n<script type=\"application\/ld+json\" class=\"yoast-schema-graph\">{\"@context\":\"https:\/\/schema.org\",\"@graph\":[{\"@type\":\"WebPage\",\"@id\":\"https:\/\/digimuseo.fi\/sv\/utstallningar\/turku-abo-1827-8-6-2022\/\",\"url\":\"https:\/\/digimuseo.fi\/sv\/utstallningar\/turku-abo-1827-8-6-2022\/\",\"name\":\"Turku \u00c5bo 1827 \/ 8.6.2022 - Digital museum\",\"isPartOf\":{\"@id\":\"https:\/\/digimuseo.fi\/en\/#website\"},\"datePublished\":\"2022-05-27T10:11:41+00:00\",\"dateModified\":\"2022-05-27T10:13:25+00:00\",\"breadcrumb\":{\"@id\":\"https:\/\/digimuseo.fi\/sv\/utstallningar\/turku-abo-1827-8-6-2022\/#breadcrumb\"},\"inLanguage\":\"sv-SE\",\"potentialAction\":[{\"@type\":\"ReadAction\",\"target\":[\"https:\/\/digimuseo.fi\/sv\/utstallningar\/turku-abo-1827-8-6-2022\/\"]}]},{\"@type\":\"BreadcrumbList\",\"@id\":\"https:\/\/digimuseo.fi\/sv\/utstallningar\/turku-abo-1827-8-6-2022\/#breadcrumb\",\"itemListElement\":[{\"@type\":\"ListItem\",\"position\":1,\"name\":\"Home\",\"item\":\"https:\/\/digimuseo.fi\/sv\/\"},{\"@type\":\"ListItem\",\"position\":2,\"name\":\"Tuotteet\",\"item\":\"https:\/\/digimuseo.fi\/nayttelyt\/\"},{\"@type\":\"ListItem\",\"position\":3,\"name\":\"Turku \u00c5bo 1827 \/ 8.6.2022\"}]},{\"@type\":\"WebSite\",\"@id\":\"https:\/\/digimuseo.fi\/en\/#website\",\"url\":\"https:\/\/digimuseo.fi\/en\/\",\"name\":\"Digital museum\",\"description\":\"G\u00e5 in fr\u00e5n ditt vardagsrum\",\"potentialAction\":[{\"@type\":\"SearchAction\",\"target\":{\"@type\":\"EntryPoint\",\"urlTemplate\":\"https:\/\/digimuseo.fi\/en\/?s={search_term_string}\"},\"query-input\":{\"@type\":\"PropertyValueSpecification\",\"valueRequired\":true,\"valueName\":\"search_term_string\"}}],\"inLanguage\":\"sv-SE\"}]}<\/script>\n<!-- \/ Yoast SEO plugin. -->","yoast_head_json":{"title":"Turku \u00c5bo 1827 \/ 8.6.2022 - Digital museum","robots":{"index":"index","follow":"follow","max-snippet":"max-snippet:-1","max-image-preview":"max-image-preview:large","max-video-preview":"max-video-preview:-1"},"canonical":"https:\/\/digimuseo.fi\/sv\/utstallningar\/turku-abo-1827-8-6-2022\/","og_locale":"sv_SE","og_type":"article","og_title":"Turku \u00c5bo 1827 \/ 8.6.2022 - Digital museum","og_description":"En 3D-modell har skapats baserats p\u00e5 ett omfattande forskningsarbete som grundar sig p\u00e5 brandf\u00f6rs\u00e4kringsbrev, byggnadsritningar och avbildningar av staden. Modellen har tagit visuell form i virtuella stadsvyer i 360 grader. Hur s\u00e5g staden ut innan branden? Kom med p\u00e5 en tidsresa!","og_url":"https:\/\/digimuseo.fi\/sv\/utstallningar\/turku-abo-1827-8-6-2022\/","og_site_name":"Digital museum","article_modified_time":"2022-05-27T10:13:25+00:00","og_image":[{"width":1200,"height":630,"url":"https:\/\/digimuseo.fi\/wp-content\/uploads\/2020\/05\/digimuseo-some-1200x630-1.png","type":"image\/png"}],"twitter_card":"summary_large_image","schema":{"@context":"https:\/\/schema.org","@graph":[{"@type":"WebPage","@id":"https:\/\/digimuseo.fi\/sv\/utstallningar\/turku-abo-1827-8-6-2022\/","url":"https:\/\/digimuseo.fi\/sv\/utstallningar\/turku-abo-1827-8-6-2022\/","name":"Turku \u00c5bo 1827 \/ 8.6.2022 - Digital museum","isPartOf":{"@id":"https:\/\/digimuseo.fi\/en\/#website"},"datePublished":"2022-05-27T10:11:41+00:00","dateModified":"2022-05-27T10:13:25+00:00","breadcrumb":{"@id":"https:\/\/digimuseo.fi\/sv\/utstallningar\/turku-abo-1827-8-6-2022\/#breadcrumb"},"inLanguage":"sv-SE","potentialAction":[{"@type":"ReadAction","target":["https:\/\/digimuseo.fi\/sv\/utstallningar\/turku-abo-1827-8-6-2022\/"]}]},{"@type":"BreadcrumbList","@id":"https:\/\/digimuseo.fi\/sv\/utstallningar\/turku-abo-1827-8-6-2022\/#breadcrumb","itemListElement":[{"@type":"ListItem","position":1,"name":"Home","item":"https:\/\/digimuseo.fi\/sv\/"},{"@type":"ListItem","position":2,"name":"Tuotteet","item":"https:\/\/digimuseo.fi\/nayttelyt\/"},{"@type":"ListItem","position":3,"name":"Turku \u00c5bo 1827 \/ 8.6.2022"}]},{"@type":"WebSite","@id":"https:\/\/digimuseo.fi\/en\/#website","url":"https:\/\/digimuseo.fi\/en\/","name":"Digital museum","description":"G\u00e5 in fr\u00e5n ditt vardagsrum","potentialAction":[{"@type":"SearchAction","target":{"@type":"EntryPoint","urlTemplate":"https:\/\/digimuseo.fi\/en\/?s={search_term_string}"},"query-input":{"@type":"PropertyValueSpecification","valueRequired":true,"valueName":"search_term_string"}}],"inLanguage":"sv-SE"}]}},"_links":{"self":[{"href":"https:\/\/digimuseo.fi\/sv\/wp-json\/wp\/v2\/product\/2215","targetHints":{"allow":["GET"]}}],"collection":[{"href":"https:\/\/digimuseo.fi\/sv\/wp-json\/wp\/v2\/product"}],"about":[{"href":"https:\/\/digimuseo.fi\/sv\/wp-json\/wp\/v2\/types\/product"}],"wp:attachment":[{"href":"https:\/\/digimuseo.fi\/sv\/wp-json\/wp\/v2\/media?parent=2215"}],"wp:term":[{"taxonomy":"product_brand","embeddable":true,"href":"https:\/\/digimuseo.fi\/sv\/wp-json\/wp\/v2\/product_brand?post=2215"},{"taxonomy":"product_cat","embeddable":true,"href":"https:\/\/digimuseo.fi\/sv\/wp-json\/wp\/v2\/product_cat?post=2215"},{"taxonomy":"product_tag","embeddable":true,"href":"https:\/\/digimuseo.fi\/sv\/wp-json\/wp\/v2\/product_tag?post=2215"},{"taxonomy":"school_subject","embeddable":true,"href":"https:\/\/digimuseo.fi\/sv\/wp-json\/wp\/v2\/school_subject?post=2215"},{"taxonomy":"school_level","embeddable":true,"href":"https:\/\/digimuseo.fi\/sv\/wp-json\/wp\/v2\/school_level?post=2215"}],"curies":[{"name":"wp","href":"https:\/\/api.w.org\/{rel}","templated":true}]}}