{"id":2193,"date":"2022-05-29T10:45:43","date_gmt":"2022-05-29T07:45:43","guid":{"rendered":"https:\/\/digimuseo.fi\/?post_type=product&#038;p=2193"},"modified":"2024-02-06T16:01:00","modified_gmt":"2024-02-06T14:01:00","slug":"museet-ett-hem","status":"publish","type":"product","link":"https:\/\/digimuseo.fi\/sv\/utstallningar\/museet-ett-hem\/","title":{"rendered":"Museet Ett Hem"},"content":{"rendered":"<p>Museet Ett Hem \u00f6ppnades f\u00f6r allm\u00e4nheten 1932 i den ursprungliga byggnaden p\u00e5 Tavastgatan 30 i \u00c5bo men har sedan 1965 fungerat i den nuvarande byggnaden p\u00e5 Biskopsgatan 14. I museet finns samlingar av konstverk, f\u00f6rem\u00e5l och antikviteter.<\/p>\n<p><a href=\"https:\/\/etthem.fi\/fi\/\" target=\"_blank\" rel=\"noopener\">https:\/\/etthem.fi\/fi\/<\/a><\/p>\n","protected":false},"excerpt":{"rendered":"<p>Museet Ett Hem var ursprungligen konsul Alfred och H\u00e9l\u00e8ne Jacobssons privata hem som paret donerade till Stiftelsen f\u00f6r \u00c5bo Akademi. I museet kan man bekanta sig med inredningen i ett borgerligt hem fr\u00e5n sekelskiftet 1900.<\/p>\n","protected":false},"featured_media":2191,"template":"","meta":{"_acf_changed":false},"product_brand":[],"product_cat":[75],"product_tag":[],"school_subject":[],"school_level":[],"class_list":{"0":"post-2193","1":"product","2":"type-product","3":"status-publish","4":"has-post-thumbnail","6":"product_cat-yleinen-sv","7":"museums-museet-ett-hem","8":"exhibition_themes-historia-sv","10":"first","11":"instock","12":"virtual","13":"sold-individually","14":"taxable","15":"product-type-basic_museum"},"acf":[],"yoast_head":"<!-- This site is optimized with the Yoast SEO plugin v27.1.1 - https:\/\/yoast.com\/product\/yoast-seo-wordpress\/ -->\n<title>Museet Ett Hem - Digital museum<\/title>\n<meta name=\"description\" content=\"Museet Ett Hem var ursprungligen konsul Alfred och H\u00e9l\u00e8ne Jacobssons privata hem som paret donerade till Stiftelsen f\u00f6r \u00c5bo Akademi. I museet kan man bekanta sig med inredningen i ett borgerligt hem fr\u00e5n sekelskiftet 1900.\" \/>\n<meta name=\"robots\" content=\"index, follow, max-snippet:-1, max-image-preview:large, max-video-preview:-1\" \/>\n<link rel=\"canonical\" href=\"https:\/\/digimuseo.fi\/sv\/utstallningar\/museet-ett-hem\/\" \/>\n<meta property=\"og:locale\" content=\"sv_SE\" \/>\n<meta property=\"og:type\" content=\"article\" \/>\n<meta property=\"og:title\" content=\"Museet Ett Hem - Digital museum\" \/>\n<meta property=\"og:description\" content=\"Museet Ett Hem var ursprungligen konsul Alfred och H\u00e9l\u00e8ne Jacobssons privata hem som paret donerade till Stiftelsen f\u00f6r \u00c5bo Akademi. I museet kan man bekanta sig med inredningen i ett borgerligt hem fr\u00e5n sekelskiftet 1900.\" \/>\n<meta property=\"og:url\" content=\"https:\/\/digimuseo.fi\/sv\/utstallningar\/museet-ett-hem\/\" \/>\n<meta property=\"og:site_name\" content=\"Digital museum\" \/>\n<meta property=\"article:modified_time\" content=\"2024-02-06T14:01:00+00:00\" \/>\n<meta property=\"og:image\" content=\"https:\/\/digimuseo.fi\/wp-content\/uploads\/2022\/05\/EttHem-scaled.jpg\" \/>\n\t<meta property=\"og:image:width\" content=\"1707\" \/>\n\t<meta property=\"og:image:height\" content=\"2560\" \/>\n\t<meta property=\"og:image:type\" content=\"image\/jpeg\" \/>\n<meta name=\"twitter:card\" content=\"summary_large_image\" \/>\n<meta name=\"twitter:label1\" content=\"Ber\u00e4knad l\u00e4stid\" \/>\n\t<meta name=\"twitter:data1\" content=\"1 minut\" \/>\n<script type=\"application\/ld+json\" class=\"yoast-schema-graph\">{\"@context\":\"https:\/\/schema.org\",\"@graph\":[{\"@type\":\"WebPage\",\"@id\":\"https:\/\/digimuseo.fi\/sv\/utstallningar\/museet-ett-hem\/\",\"url\":\"https:\/\/digimuseo.fi\/sv\/utstallningar\/museet-ett-hem\/\",\"name\":\"Museet Ett Hem - Digital museum\",\"isPartOf\":{\"@id\":\"https:\/\/digimuseo.fi\/en\/#website\"},\"primaryImageOfPage\":{\"@id\":\"https:\/\/digimuseo.fi\/sv\/utstallningar\/museet-ett-hem\/#primaryimage\"},\"image\":{\"@id\":\"https:\/\/digimuseo.fi\/sv\/utstallningar\/museet-ett-hem\/#primaryimage\"},\"thumbnailUrl\":\"https:\/\/digimuseo.fi\/wp-content\/uploads\/2022\/05\/EttHem-scaled.jpg\",\"datePublished\":\"2022-05-29T07:45:43+00:00\",\"dateModified\":\"2024-02-06T14:01:00+00:00\",\"description\":\"Museet Ett Hem var ursprungligen konsul Alfred och H\u00e9l\u00e8ne Jacobssons privata hem som paret donerade till Stiftelsen f\u00f6r \u00c5bo Akademi. I museet kan man bekanta sig med inredningen i ett borgerligt hem fr\u00e5n sekelskiftet 1900.\",\"breadcrumb\":{\"@id\":\"https:\/\/digimuseo.fi\/sv\/utstallningar\/museet-ett-hem\/#breadcrumb\"},\"inLanguage\":\"sv-SE\",\"potentialAction\":[{\"@type\":\"ReadAction\",\"target\":[\"https:\/\/digimuseo.fi\/sv\/utstallningar\/museet-ett-hem\/\"]}]},{\"@type\":\"ImageObject\",\"inLanguage\":\"sv-SE\",\"@id\":\"https:\/\/digimuseo.fi\/sv\/utstallningar\/museet-ett-hem\/#primaryimage\",\"url\":\"https:\/\/digimuseo.fi\/wp-content\/uploads\/2022\/05\/EttHem-scaled.jpg\",\"contentUrl\":\"https:\/\/digimuseo.fi\/wp-content\/uploads\/2022\/05\/EttHem-scaled.jpg\",\"width\":1707,\"height\":2560,\"caption\":\"Museet Ett Hem. Foto: Stiftelsen f\u00f6r \u00c5bo Akademi.\"},{\"@type\":\"BreadcrumbList\",\"@id\":\"https:\/\/digimuseo.fi\/sv\/utstallningar\/museet-ett-hem\/#breadcrumb\",\"itemListElement\":[{\"@type\":\"ListItem\",\"position\":1,\"name\":\"Home\",\"item\":\"https:\/\/digimuseo.fi\/sv\/\"},{\"@type\":\"ListItem\",\"position\":2,\"name\":\"Tuotteet\",\"item\":\"https:\/\/digimuseo.fi\/nayttelyt\/\"},{\"@type\":\"ListItem\",\"position\":3,\"name\":\"Museet Ett Hem\"}]},{\"@type\":\"WebSite\",\"@id\":\"https:\/\/digimuseo.fi\/en\/#website\",\"url\":\"https:\/\/digimuseo.fi\/en\/\",\"name\":\"Digital museum\",\"description\":\"G\u00e5 in fr\u00e5n ditt vardagsrum\",\"potentialAction\":[{\"@type\":\"SearchAction\",\"target\":{\"@type\":\"EntryPoint\",\"urlTemplate\":\"https:\/\/digimuseo.fi\/en\/?s={search_term_string}\"},\"query-input\":{\"@type\":\"PropertyValueSpecification\",\"valueRequired\":true,\"valueName\":\"search_term_string\"}}],\"inLanguage\":\"sv-SE\"}]}<\/script>\n<!-- \/ Yoast SEO plugin. -->","yoast_head_json":{"title":"Museet Ett Hem - Digital museum","description":"Museet Ett Hem var ursprungligen konsul Alfred och H\u00e9l\u00e8ne Jacobssons privata hem som paret donerade till Stiftelsen f\u00f6r \u00c5bo Akademi. I museet kan man bekanta sig med inredningen i ett borgerligt hem fr\u00e5n sekelskiftet 1900.","robots":{"index":"index","follow":"follow","max-snippet":"max-snippet:-1","max-image-preview":"max-image-preview:large","max-video-preview":"max-video-preview:-1"},"canonical":"https:\/\/digimuseo.fi\/sv\/utstallningar\/museet-ett-hem\/","og_locale":"sv_SE","og_type":"article","og_title":"Museet Ett Hem - Digital museum","og_description":"Museet Ett Hem var ursprungligen konsul Alfred och H\u00e9l\u00e8ne Jacobssons privata hem som paret donerade till Stiftelsen f\u00f6r \u00c5bo Akademi. I museet kan man bekanta sig med inredningen i ett borgerligt hem fr\u00e5n sekelskiftet 1900.","og_url":"https:\/\/digimuseo.fi\/sv\/utstallningar\/museet-ett-hem\/","og_site_name":"Digital museum","article_modified_time":"2024-02-06T14:01:00+00:00","og_image":[{"width":1707,"height":2560,"url":"https:\/\/digimuseo.fi\/wp-content\/uploads\/2022\/05\/EttHem-scaled.jpg","type":"image\/jpeg"}],"twitter_card":"summary_large_image","twitter_misc":{"Ber\u00e4knad l\u00e4stid":"1 minut"},"schema":{"@context":"https:\/\/schema.org","@graph":[{"@type":"WebPage","@id":"https:\/\/digimuseo.fi\/sv\/utstallningar\/museet-ett-hem\/","url":"https:\/\/digimuseo.fi\/sv\/utstallningar\/museet-ett-hem\/","name":"Museet Ett Hem - Digital museum","isPartOf":{"@id":"https:\/\/digimuseo.fi\/en\/#website"},"primaryImageOfPage":{"@id":"https:\/\/digimuseo.fi\/sv\/utstallningar\/museet-ett-hem\/#primaryimage"},"image":{"@id":"https:\/\/digimuseo.fi\/sv\/utstallningar\/museet-ett-hem\/#primaryimage"},"thumbnailUrl":"https:\/\/digimuseo.fi\/wp-content\/uploads\/2022\/05\/EttHem-scaled.jpg","datePublished":"2022-05-29T07:45:43+00:00","dateModified":"2024-02-06T14:01:00+00:00","description":"Museet Ett Hem var ursprungligen konsul Alfred och H\u00e9l\u00e8ne Jacobssons privata hem som paret donerade till Stiftelsen f\u00f6r \u00c5bo Akademi. I museet kan man bekanta sig med inredningen i ett borgerligt hem fr\u00e5n sekelskiftet 1900.","breadcrumb":{"@id":"https:\/\/digimuseo.fi\/sv\/utstallningar\/museet-ett-hem\/#breadcrumb"},"inLanguage":"sv-SE","potentialAction":[{"@type":"ReadAction","target":["https:\/\/digimuseo.fi\/sv\/utstallningar\/museet-ett-hem\/"]}]},{"@type":"ImageObject","inLanguage":"sv-SE","@id":"https:\/\/digimuseo.fi\/sv\/utstallningar\/museet-ett-hem\/#primaryimage","url":"https:\/\/digimuseo.fi\/wp-content\/uploads\/2022\/05\/EttHem-scaled.jpg","contentUrl":"https:\/\/digimuseo.fi\/wp-content\/uploads\/2022\/05\/EttHem-scaled.jpg","width":1707,"height":2560,"caption":"Museet Ett Hem. Foto: Stiftelsen f\u00f6r \u00c5bo Akademi."},{"@type":"BreadcrumbList","@id":"https:\/\/digimuseo.fi\/sv\/utstallningar\/museet-ett-hem\/#breadcrumb","itemListElement":[{"@type":"ListItem","position":1,"name":"Home","item":"https:\/\/digimuseo.fi\/sv\/"},{"@type":"ListItem","position":2,"name":"Tuotteet","item":"https:\/\/digimuseo.fi\/nayttelyt\/"},{"@type":"ListItem","position":3,"name":"Museet Ett Hem"}]},{"@type":"WebSite","@id":"https:\/\/digimuseo.fi\/en\/#website","url":"https:\/\/digimuseo.fi\/en\/","name":"Digital museum","description":"G\u00e5 in fr\u00e5n ditt vardagsrum","potentialAction":[{"@type":"SearchAction","target":{"@type":"EntryPoint","urlTemplate":"https:\/\/digimuseo.fi\/en\/?s={search_term_string}"},"query-input":{"@type":"PropertyValueSpecification","valueRequired":true,"valueName":"search_term_string"}}],"inLanguage":"sv-SE"}]}},"_links":{"self":[{"href":"https:\/\/digimuseo.fi\/sv\/wp-json\/wp\/v2\/product\/2193","targetHints":{"allow":["GET"]}}],"collection":[{"href":"https:\/\/digimuseo.fi\/sv\/wp-json\/wp\/v2\/product"}],"about":[{"href":"https:\/\/digimuseo.fi\/sv\/wp-json\/wp\/v2\/types\/product"}],"wp:featuredmedia":[{"embeddable":true,"href":"https:\/\/digimuseo.fi\/sv\/wp-json\/wp\/v2\/media\/2191"}],"wp:attachment":[{"href":"https:\/\/digimuseo.fi\/sv\/wp-json\/wp\/v2\/media?parent=2193"}],"wp:term":[{"taxonomy":"product_brand","embeddable":true,"href":"https:\/\/digimuseo.fi\/sv\/wp-json\/wp\/v2\/product_brand?post=2193"},{"taxonomy":"product_cat","embeddable":true,"href":"https:\/\/digimuseo.fi\/sv\/wp-json\/wp\/v2\/product_cat?post=2193"},{"taxonomy":"product_tag","embeddable":true,"href":"https:\/\/digimuseo.fi\/sv\/wp-json\/wp\/v2\/product_tag?post=2193"},{"taxonomy":"school_subject","embeddable":true,"href":"https:\/\/digimuseo.fi\/sv\/wp-json\/wp\/v2\/school_subject?post=2193"},{"taxonomy":"school_level","embeddable":true,"href":"https:\/\/digimuseo.fi\/sv\/wp-json\/wp\/v2\/school_level?post=2193"}],"curies":[{"name":"wp","href":"https:\/\/api.w.org\/{rel}","templated":true}]}}