{"id":2122,"date":"2022-05-11T11:09:58","date_gmt":"2022-05-11T08:09:58","guid":{"rendered":"https:\/\/digimuseo.fi\/?post_type=product&#038;p=2122"},"modified":"2024-01-19T08:35:34","modified_gmt":"2024-01-19T06:35:34","slug":"klosterbacken-1827","status":"publish","type":"product","link":"https:\/\/digimuseo.fi\/sv\/utstallningar\/klosterbacken-1827\/","title":{"rendered":"Klosterbacken 1827"},"content":{"rendered":"<div style=\"width: 1920px;\" class=\"wp-video\"><video class=\"wp-video-shortcode\" id=\"video-2122-1\" width=\"1920\" height=\"1080\" poster=\"https:\/\/digimuseo.fi\/wp-content\/uploads\/2022\/05\/Luostarinmaki.png\" preload=\"metadata\" controls=\"controls\"><source type=\"video\/mp4\" src=\"https:\/\/digimuseo.fi\/wp-content\/uploads\/2022\/05\/Luostarinmaki_pakattu.mp4?_=1\" \/><a href=\"https:\/\/digimuseo.fi\/wp-content\/uploads\/2022\/05\/Luostarinmaki_pakattu.mp4\">https:\/\/digimuseo.fi\/wp-content\/uploads\/2022\/05\/Luostarinmaki_pakattu.mp4<\/a><\/video><\/div>\n<p>&nbsp;<\/p>\n<p>Klosterbacken \u00e4r \u00c5bos \u00e4ldsta bevarade bostadsomr\u00e5de som \u00e5r 1940 blev friluftsmuseum. Dessa stadsvyer i 360 grader baserar sig p\u00e5 en 3D-modell och \u00e4r visualiseringar av ett omfattande forskningsarbete baserat p\u00e5 brandf\u00f6rs\u00e4kringsdokument, byggnadsritningar och stadsbilder. Hur s\u00e5g Klosterbacken ut f\u00f6re branden? F\u00f6lj med p\u00e5 en tidsresa!<\/p>\n<p>Produktion: \u00c5bo museicentral<\/p>\n<div>\n<p class=\"paragraph\"><span class=\"normaltextrun\">\u00a0<\/span><\/p>\n<\/div>\n","protected":false},"excerpt":{"rendered":"<p>V\u00e4lkommen till Klosterbacken \u00e5r 1827! Ta en virtuell promenad l\u00e4ngs med Klosterbackens gr\u00e4nder under tiden strax f\u00f6re \u00c5bo brand. Upplev stadens utkanter och stadslandskapet som det s\u00e5g ut f\u00f6r 200 \u00e5r sedan.<\/p>\n","protected":false},"featured_media":2120,"template":"","meta":{"_acf_changed":false},"product_brand":[],"product_cat":[75],"product_tag":[],"school_subject":[],"school_level":[],"class_list":{"0":"post-2122","1":"product","2":"type-product","3":"status-publish","4":"has-post-thumbnail","6":"product_cat-yleinen-sv","7":"museums-museum-for-historia-och-framtiden-sv","8":"exhibition_themes-special","10":"first","11":"instock","12":"virtual","13":"sold-individually","14":"taxable","15":"product-type-basic_museum"},"acf":[],"yoast_head":"<!-- This site is optimized with the Yoast SEO plugin v27.4 - https:\/\/yoast.com\/product\/yoast-seo-wordpress\/ -->\n<title>Klosterbacken 1827 - Digital museum<\/title>\n<meta name=\"robots\" content=\"index, follow, max-snippet:-1, max-image-preview:large, max-video-preview:-1\" \/>\n<link rel=\"canonical\" href=\"https:\/\/digimuseo.fi\/sv\/utstallningar\/klosterbacken-1827\/\" \/>\n<meta property=\"og:locale\" content=\"sv_SE\" \/>\n<meta property=\"og:type\" content=\"article\" \/>\n<meta property=\"og:title\" content=\"Klosterbacken 1827 - Digital museum\" \/>\n<meta property=\"og:description\" content=\"V\u00e4lkommen till Klosterbacken \u00e5r 1827! Ta en virtuell promenad l\u00e4ngs med Klosterbackens gr\u00e4nder under tiden strax f\u00f6re \u00c5bo brand. Upplev stadens utkanter och stadslandskapet som det s\u00e5g ut f\u00f6r 200 \u00e5r sedan.\" \/>\n<meta property=\"og:url\" content=\"https:\/\/digimuseo.fi\/sv\/utstallningar\/klosterbacken-1827\/\" \/>\n<meta property=\"og:site_name\" content=\"Digital museum\" \/>\n<meta property=\"article:modified_time\" content=\"2024-01-19T06:35:34+00:00\" \/>\n<meta property=\"og:image\" content=\"https:\/\/digimuseo.fi\/wp-content\/uploads\/2022\/05\/Luostarinmaki-1024x576.png\" \/>\n\t<meta property=\"og:image:width\" content=\"1024\" \/>\n\t<meta property=\"og:image:height\" content=\"576\" \/>\n\t<meta property=\"og:image:type\" content=\"image\/png\" \/>\n<meta name=\"twitter:card\" content=\"summary_large_image\" \/>\n<meta name=\"twitter:label1\" content=\"Ber\u00e4knad l\u00e4stid\" \/>\n\t<meta name=\"twitter:data1\" content=\"1 minut\" \/>\n<script type=\"application\/ld+json\" class=\"yoast-schema-graph\">{\"@context\":\"https:\\\/\\\/schema.org\",\"@graph\":[{\"@type\":\"WebPage\",\"@id\":\"https:\\\/\\\/digimuseo.fi\\\/sv\\\/utstallningar\\\/klosterbacken-1827\\\/\",\"url\":\"https:\\\/\\\/digimuseo.fi\\\/sv\\\/utstallningar\\\/klosterbacken-1827\\\/\",\"name\":\"Klosterbacken 1827 - Digital museum\",\"isPartOf\":{\"@id\":\"https:\\\/\\\/digimuseo.fi\\\/en\\\/#website\"},\"primaryImageOfPage\":{\"@id\":\"https:\\\/\\\/digimuseo.fi\\\/sv\\\/utstallningar\\\/klosterbacken-1827\\\/#primaryimage\"},\"image\":{\"@id\":\"https:\\\/\\\/digimuseo.fi\\\/sv\\\/utstallningar\\\/klosterbacken-1827\\\/#primaryimage\"},\"thumbnailUrl\":\"https:\\\/\\\/digimuseo.fi\\\/wp-content\\\/uploads\\\/2022\\\/05\\\/Luostarinmaki.png\",\"datePublished\":\"2022-05-11T08:09:58+00:00\",\"dateModified\":\"2024-01-19T06:35:34+00:00\",\"breadcrumb\":{\"@id\":\"https:\\\/\\\/digimuseo.fi\\\/sv\\\/utstallningar\\\/klosterbacken-1827\\\/#breadcrumb\"},\"inLanguage\":\"sv-SE\",\"potentialAction\":[{\"@type\":\"ReadAction\",\"target\":[\"https:\\\/\\\/digimuseo.fi\\\/sv\\\/utstallningar\\\/klosterbacken-1827\\\/\"]}]},{\"@type\":\"ImageObject\",\"inLanguage\":\"sv-SE\",\"@id\":\"https:\\\/\\\/digimuseo.fi\\\/sv\\\/utstallningar\\\/klosterbacken-1827\\\/#primaryimage\",\"url\":\"https:\\\/\\\/digimuseo.fi\\\/wp-content\\\/uploads\\\/2022\\\/05\\\/Luostarinmaki.png\",\"contentUrl\":\"https:\\\/\\\/digimuseo.fi\\\/wp-content\\\/uploads\\\/2022\\\/05\\\/Luostarinmaki.png\",\"width\":1600,\"height\":900,\"caption\":\"Klosterbacken, \u00c5bo\"},{\"@type\":\"BreadcrumbList\",\"@id\":\"https:\\\/\\\/digimuseo.fi\\\/sv\\\/utstallningar\\\/klosterbacken-1827\\\/#breadcrumb\",\"itemListElement\":[{\"@type\":\"ListItem\",\"position\":1,\"name\":\"Home\",\"item\":\"https:\\\/\\\/digimuseo.fi\\\/sv\\\/\"},{\"@type\":\"ListItem\",\"position\":2,\"name\":\"Tuotteet\",\"item\":\"https:\\\/\\\/digimuseo.fi\\\/nayttelyt\\\/\"},{\"@type\":\"ListItem\",\"position\":3,\"name\":\"Klosterbacken 1827\"}]},{\"@type\":\"WebSite\",\"@id\":\"https:\\\/\\\/digimuseo.fi\\\/en\\\/#website\",\"url\":\"https:\\\/\\\/digimuseo.fi\\\/en\\\/\",\"name\":\"Digital museum\",\"description\":\"G\u00e5 in fr\u00e5n ditt vardagsrum\",\"potentialAction\":[{\"@type\":\"SearchAction\",\"target\":{\"@type\":\"EntryPoint\",\"urlTemplate\":\"https:\\\/\\\/digimuseo.fi\\\/en\\\/?s={search_term_string}\"},\"query-input\":{\"@type\":\"PropertyValueSpecification\",\"valueRequired\":true,\"valueName\":\"search_term_string\"}}],\"inLanguage\":\"sv-SE\"}]}<\/script>\n<!-- \/ Yoast SEO plugin. -->","yoast_head_json":{"title":"Klosterbacken 1827 - Digital museum","robots":{"index":"index","follow":"follow","max-snippet":"max-snippet:-1","max-image-preview":"max-image-preview:large","max-video-preview":"max-video-preview:-1"},"canonical":"https:\/\/digimuseo.fi\/sv\/utstallningar\/klosterbacken-1827\/","og_locale":"sv_SE","og_type":"article","og_title":"Klosterbacken 1827 - Digital museum","og_description":"V\u00e4lkommen till Klosterbacken \u00e5r 1827! Ta en virtuell promenad l\u00e4ngs med Klosterbackens gr\u00e4nder under tiden strax f\u00f6re \u00c5bo brand. Upplev stadens utkanter och stadslandskapet som det s\u00e5g ut f\u00f6r 200 \u00e5r sedan.","og_url":"https:\/\/digimuseo.fi\/sv\/utstallningar\/klosterbacken-1827\/","og_site_name":"Digital museum","article_modified_time":"2024-01-19T06:35:34+00:00","og_image":[{"width":1024,"height":576,"url":"https:\/\/digimuseo.fi\/wp-content\/uploads\/2022\/05\/Luostarinmaki-1024x576.png","type":"image\/png"}],"twitter_card":"summary_large_image","twitter_misc":{"Ber\u00e4knad l\u00e4stid":"1 minut"},"schema":{"@context":"https:\/\/schema.org","@graph":[{"@type":"WebPage","@id":"https:\/\/digimuseo.fi\/sv\/utstallningar\/klosterbacken-1827\/","url":"https:\/\/digimuseo.fi\/sv\/utstallningar\/klosterbacken-1827\/","name":"Klosterbacken 1827 - Digital museum","isPartOf":{"@id":"https:\/\/digimuseo.fi\/en\/#website"},"primaryImageOfPage":{"@id":"https:\/\/digimuseo.fi\/sv\/utstallningar\/klosterbacken-1827\/#primaryimage"},"image":{"@id":"https:\/\/digimuseo.fi\/sv\/utstallningar\/klosterbacken-1827\/#primaryimage"},"thumbnailUrl":"https:\/\/digimuseo.fi\/wp-content\/uploads\/2022\/05\/Luostarinmaki.png","datePublished":"2022-05-11T08:09:58+00:00","dateModified":"2024-01-19T06:35:34+00:00","breadcrumb":{"@id":"https:\/\/digimuseo.fi\/sv\/utstallningar\/klosterbacken-1827\/#breadcrumb"},"inLanguage":"sv-SE","potentialAction":[{"@type":"ReadAction","target":["https:\/\/digimuseo.fi\/sv\/utstallningar\/klosterbacken-1827\/"]}]},{"@type":"ImageObject","inLanguage":"sv-SE","@id":"https:\/\/digimuseo.fi\/sv\/utstallningar\/klosterbacken-1827\/#primaryimage","url":"https:\/\/digimuseo.fi\/wp-content\/uploads\/2022\/05\/Luostarinmaki.png","contentUrl":"https:\/\/digimuseo.fi\/wp-content\/uploads\/2022\/05\/Luostarinmaki.png","width":1600,"height":900,"caption":"Klosterbacken, \u00c5bo"},{"@type":"BreadcrumbList","@id":"https:\/\/digimuseo.fi\/sv\/utstallningar\/klosterbacken-1827\/#breadcrumb","itemListElement":[{"@type":"ListItem","position":1,"name":"Home","item":"https:\/\/digimuseo.fi\/sv\/"},{"@type":"ListItem","position":2,"name":"Tuotteet","item":"https:\/\/digimuseo.fi\/nayttelyt\/"},{"@type":"ListItem","position":3,"name":"Klosterbacken 1827"}]},{"@type":"WebSite","@id":"https:\/\/digimuseo.fi\/en\/#website","url":"https:\/\/digimuseo.fi\/en\/","name":"Digital museum","description":"G\u00e5 in fr\u00e5n ditt vardagsrum","potentialAction":[{"@type":"SearchAction","target":{"@type":"EntryPoint","urlTemplate":"https:\/\/digimuseo.fi\/en\/?s={search_term_string}"},"query-input":{"@type":"PropertyValueSpecification","valueRequired":true,"valueName":"search_term_string"}}],"inLanguage":"sv-SE"}]}},"_links":{"self":[{"href":"https:\/\/digimuseo.fi\/sv\/wp-json\/wp\/v2\/product\/2122","targetHints":{"allow":["GET"]}}],"collection":[{"href":"https:\/\/digimuseo.fi\/sv\/wp-json\/wp\/v2\/product"}],"about":[{"href":"https:\/\/digimuseo.fi\/sv\/wp-json\/wp\/v2\/types\/product"}],"wp:featuredmedia":[{"embeddable":true,"href":"https:\/\/digimuseo.fi\/sv\/wp-json\/wp\/v2\/media\/2120"}],"wp:attachment":[{"href":"https:\/\/digimuseo.fi\/sv\/wp-json\/wp\/v2\/media?parent=2122"}],"wp:term":[{"taxonomy":"product_brand","embeddable":true,"href":"https:\/\/digimuseo.fi\/sv\/wp-json\/wp\/v2\/product_brand?post=2122"},{"taxonomy":"product_cat","embeddable":true,"href":"https:\/\/digimuseo.fi\/sv\/wp-json\/wp\/v2\/product_cat?post=2122"},{"taxonomy":"product_tag","embeddable":true,"href":"https:\/\/digimuseo.fi\/sv\/wp-json\/wp\/v2\/product_tag?post=2122"},{"taxonomy":"school_subject","embeddable":true,"href":"https:\/\/digimuseo.fi\/sv\/wp-json\/wp\/v2\/school_subject?post=2122"},{"taxonomy":"school_level","embeddable":true,"href":"https:\/\/digimuseo.fi\/sv\/wp-json\/wp\/v2\/school_level?post=2122"}],"curies":[{"name":"wp","href":"https:\/\/api.w.org\/{rel}","templated":true}]}}