{"id":2076,"date":"2022-05-18T13:16:44","date_gmt":"2022-05-18T10:16:44","guid":{"rendered":"https:\/\/digimuseo.fi\/?post_type=product&#038;p=2076"},"modified":"2022-09-30T10:47:51","modified_gmt":"2022-09-30T07:47:51","slug":"teatermuseets-virtuella-utstallning","status":"publish","type":"product","link":"https:\/\/digimuseo.fi\/sv\/utstallningar\/teatermuseets-virtuella-utstallning\/","title":{"rendered":"Teatermuseets virtuella utst\u00e4llning"},"content":{"rendered":"<p>Teaterdr\u00e4kterna presenterar finl\u00e4ndsk dr\u00e4ktplanering och de representerar tre olika teman: dr\u00e4kter gjorda vid finl\u00e4ndska teatrar till William Shakespeares (1564\u20131616) pj\u00e4ser samt fantasidr\u00e4kter och materialexperiment. Dessutom ing\u00e5r \u00e4ven en del dansdr\u00e4kter. Dr\u00e4kterna \u00e4r fr\u00e5n Teatermuseets egna samlingar och m\u00e5nga teatrar i olika delar av Finland fr\u00e5n 1970-talet till 2010-talet. Den \u00e4ldsta dansdr\u00e4kten \u00e4r fr\u00e5n 1940-talet. Utst\u00e4llningens dr\u00e4kter och miniatyrmodeller var utst\u00e4llda i Backstage-utst\u00e4llningen \u00e5ren 2010\u20132021.<\/p>\n","protected":false},"excerpt":{"rendered":"<p>I utst\u00e4llningen bekantar vi oss med finl\u00e4ndsk teaterscenografi och dr\u00e4ktplanering. Scenografimodeller och fotografier ber\u00e4ttar om scenografistilen i Finland under olika tidsperioder och lyfter fram konstbranschens omv\u00e4lvningar och v\u00e4ndpunkter.<\/p>\n","protected":false},"featured_media":2074,"template":"","meta":{"_acf_changed":false},"product_brand":[],"product_cat":[75],"product_tag":[],"school_subject":[],"school_level":[],"class_list":{"0":"post-2076","1":"product","2":"type-product","3":"status-publish","4":"has-post-thumbnail","6":"product_cat-yleinen-sv","7":"museums-teatermuseet","8":"exhibition_themes-special","10":"first","11":"instock","12":"virtual","13":"sold-individually","14":"taxable","15":"product-type-basic_museum"},"acf":[],"yoast_head":"<!-- This site is optimized with the Yoast SEO plugin v27.1.1 - https:\/\/yoast.com\/product\/yoast-seo-wordpress\/ -->\n<title>Teatermuseets virtuella utst\u00e4llning - Digital museum<\/title>\n<meta name=\"robots\" content=\"index, follow, max-snippet:-1, max-image-preview:large, max-video-preview:-1\" \/>\n<link rel=\"canonical\" href=\"https:\/\/digimuseo.fi\/sv\/utstallningar\/teatermuseets-virtuella-utstallning\/\" \/>\n<meta property=\"og:locale\" content=\"sv_SE\" \/>\n<meta property=\"og:type\" content=\"article\" \/>\n<meta property=\"og:title\" content=\"Teatermuseets virtuella utst\u00e4llning - Digital museum\" \/>\n<meta property=\"og:description\" content=\"I utst\u00e4llningen bekantar vi oss med finl\u00e4ndsk teaterscenografi och dr\u00e4ktplanering. Scenografimodeller och fotografier ber\u00e4ttar om scenografistilen i Finland under olika tidsperioder och lyfter fram konstbranschens omv\u00e4lvningar och v\u00e4ndpunkter.\" \/>\n<meta property=\"og:url\" content=\"https:\/\/digimuseo.fi\/sv\/utstallningar\/teatermuseets-virtuella-utstallning\/\" \/>\n<meta property=\"og:site_name\" content=\"Digital museum\" \/>\n<meta property=\"article:modified_time\" content=\"2022-09-30T07:47:51+00:00\" \/>\n<meta property=\"og:image\" content=\"https:\/\/digimuseo.fi\/wp-content\/uploads\/2022\/04\/Backstage_Heikki_Suomi-scaled.jpg\" \/>\n\t<meta property=\"og:image:width\" content=\"2560\" \/>\n\t<meta property=\"og:image:height\" content=\"1709\" \/>\n\t<meta property=\"og:image:type\" content=\"image\/jpeg\" \/>\n<meta name=\"twitter:card\" content=\"summary_large_image\" \/>\n<meta name=\"twitter:label1\" content=\"Ber\u00e4knad l\u00e4stid\" \/>\n\t<meta name=\"twitter:data1\" content=\"1 minut\" \/>\n<script type=\"application\/ld+json\" class=\"yoast-schema-graph\">{\"@context\":\"https:\/\/schema.org\",\"@graph\":[{\"@type\":\"WebPage\",\"@id\":\"https:\/\/digimuseo.fi\/sv\/utstallningar\/teatermuseets-virtuella-utstallning\/\",\"url\":\"https:\/\/digimuseo.fi\/sv\/utstallningar\/teatermuseets-virtuella-utstallning\/\",\"name\":\"Teatermuseets virtuella utst\u00e4llning - Digital museum\",\"isPartOf\":{\"@id\":\"https:\/\/digimuseo.fi\/en\/#website\"},\"primaryImageOfPage\":{\"@id\":\"https:\/\/digimuseo.fi\/sv\/utstallningar\/teatermuseets-virtuella-utstallning\/#primaryimage\"},\"image\":{\"@id\":\"https:\/\/digimuseo.fi\/sv\/utstallningar\/teatermuseets-virtuella-utstallning\/#primaryimage\"},\"thumbnailUrl\":\"https:\/\/digimuseo.fi\/wp-content\/uploads\/2022\/04\/Backstage_Heikki_Suomi-scaled.jpg\",\"datePublished\":\"2022-05-18T10:16:44+00:00\",\"dateModified\":\"2022-09-30T07:47:51+00:00\",\"breadcrumb\":{\"@id\":\"https:\/\/digimuseo.fi\/sv\/utstallningar\/teatermuseets-virtuella-utstallning\/#breadcrumb\"},\"inLanguage\":\"sv-SE\",\"potentialAction\":[{\"@type\":\"ReadAction\",\"target\":[\"https:\/\/digimuseo.fi\/sv\/utstallningar\/teatermuseets-virtuella-utstallning\/\"]}]},{\"@type\":\"ImageObject\",\"inLanguage\":\"sv-SE\",\"@id\":\"https:\/\/digimuseo.fi\/sv\/utstallningar\/teatermuseets-virtuella-utstallning\/#primaryimage\",\"url\":\"https:\/\/digimuseo.fi\/wp-content\/uploads\/2022\/04\/Backstage_Heikki_Suomi-scaled.jpg\",\"contentUrl\":\"https:\/\/digimuseo.fi\/wp-content\/uploads\/2022\/04\/Backstage_Heikki_Suomi-scaled.jpg\",\"width\":2560,\"height\":1709,\"caption\":\"Foto: Heikki Suomi\"},{\"@type\":\"BreadcrumbList\",\"@id\":\"https:\/\/digimuseo.fi\/sv\/utstallningar\/teatermuseets-virtuella-utstallning\/#breadcrumb\",\"itemListElement\":[{\"@type\":\"ListItem\",\"position\":1,\"name\":\"Home\",\"item\":\"https:\/\/digimuseo.fi\/sv\/\"},{\"@type\":\"ListItem\",\"position\":2,\"name\":\"Tuotteet\",\"item\":\"https:\/\/digimuseo.fi\/nayttelyt\/\"},{\"@type\":\"ListItem\",\"position\":3,\"name\":\"Teatermuseets virtuella utst\u00e4llning\"}]},{\"@type\":\"WebSite\",\"@id\":\"https:\/\/digimuseo.fi\/en\/#website\",\"url\":\"https:\/\/digimuseo.fi\/en\/\",\"name\":\"Digital museum\",\"description\":\"G\u00e5 in fr\u00e5n ditt vardagsrum\",\"potentialAction\":[{\"@type\":\"SearchAction\",\"target\":{\"@type\":\"EntryPoint\",\"urlTemplate\":\"https:\/\/digimuseo.fi\/en\/?s={search_term_string}\"},\"query-input\":{\"@type\":\"PropertyValueSpecification\",\"valueRequired\":true,\"valueName\":\"search_term_string\"}}],\"inLanguage\":\"sv-SE\"}]}<\/script>\n<!-- \/ Yoast SEO plugin. -->","yoast_head_json":{"title":"Teatermuseets virtuella utst\u00e4llning - Digital museum","robots":{"index":"index","follow":"follow","max-snippet":"max-snippet:-1","max-image-preview":"max-image-preview:large","max-video-preview":"max-video-preview:-1"},"canonical":"https:\/\/digimuseo.fi\/sv\/utstallningar\/teatermuseets-virtuella-utstallning\/","og_locale":"sv_SE","og_type":"article","og_title":"Teatermuseets virtuella utst\u00e4llning - Digital museum","og_description":"I utst\u00e4llningen bekantar vi oss med finl\u00e4ndsk teaterscenografi och dr\u00e4ktplanering. Scenografimodeller och fotografier ber\u00e4ttar om scenografistilen i Finland under olika tidsperioder och lyfter fram konstbranschens omv\u00e4lvningar och v\u00e4ndpunkter.","og_url":"https:\/\/digimuseo.fi\/sv\/utstallningar\/teatermuseets-virtuella-utstallning\/","og_site_name":"Digital museum","article_modified_time":"2022-09-30T07:47:51+00:00","og_image":[{"width":2560,"height":1709,"url":"https:\/\/digimuseo.fi\/wp-content\/uploads\/2022\/04\/Backstage_Heikki_Suomi-scaled.jpg","type":"image\/jpeg"}],"twitter_card":"summary_large_image","twitter_misc":{"Ber\u00e4knad l\u00e4stid":"1 minut"},"schema":{"@context":"https:\/\/schema.org","@graph":[{"@type":"WebPage","@id":"https:\/\/digimuseo.fi\/sv\/utstallningar\/teatermuseets-virtuella-utstallning\/","url":"https:\/\/digimuseo.fi\/sv\/utstallningar\/teatermuseets-virtuella-utstallning\/","name":"Teatermuseets virtuella utst\u00e4llning - Digital museum","isPartOf":{"@id":"https:\/\/digimuseo.fi\/en\/#website"},"primaryImageOfPage":{"@id":"https:\/\/digimuseo.fi\/sv\/utstallningar\/teatermuseets-virtuella-utstallning\/#primaryimage"},"image":{"@id":"https:\/\/digimuseo.fi\/sv\/utstallningar\/teatermuseets-virtuella-utstallning\/#primaryimage"},"thumbnailUrl":"https:\/\/digimuseo.fi\/wp-content\/uploads\/2022\/04\/Backstage_Heikki_Suomi-scaled.jpg","datePublished":"2022-05-18T10:16:44+00:00","dateModified":"2022-09-30T07:47:51+00:00","breadcrumb":{"@id":"https:\/\/digimuseo.fi\/sv\/utstallningar\/teatermuseets-virtuella-utstallning\/#breadcrumb"},"inLanguage":"sv-SE","potentialAction":[{"@type":"ReadAction","target":["https:\/\/digimuseo.fi\/sv\/utstallningar\/teatermuseets-virtuella-utstallning\/"]}]},{"@type":"ImageObject","inLanguage":"sv-SE","@id":"https:\/\/digimuseo.fi\/sv\/utstallningar\/teatermuseets-virtuella-utstallning\/#primaryimage","url":"https:\/\/digimuseo.fi\/wp-content\/uploads\/2022\/04\/Backstage_Heikki_Suomi-scaled.jpg","contentUrl":"https:\/\/digimuseo.fi\/wp-content\/uploads\/2022\/04\/Backstage_Heikki_Suomi-scaled.jpg","width":2560,"height":1709,"caption":"Foto: Heikki Suomi"},{"@type":"BreadcrumbList","@id":"https:\/\/digimuseo.fi\/sv\/utstallningar\/teatermuseets-virtuella-utstallning\/#breadcrumb","itemListElement":[{"@type":"ListItem","position":1,"name":"Home","item":"https:\/\/digimuseo.fi\/sv\/"},{"@type":"ListItem","position":2,"name":"Tuotteet","item":"https:\/\/digimuseo.fi\/nayttelyt\/"},{"@type":"ListItem","position":3,"name":"Teatermuseets virtuella utst\u00e4llning"}]},{"@type":"WebSite","@id":"https:\/\/digimuseo.fi\/en\/#website","url":"https:\/\/digimuseo.fi\/en\/","name":"Digital museum","description":"G\u00e5 in fr\u00e5n ditt vardagsrum","potentialAction":[{"@type":"SearchAction","target":{"@type":"EntryPoint","urlTemplate":"https:\/\/digimuseo.fi\/en\/?s={search_term_string}"},"query-input":{"@type":"PropertyValueSpecification","valueRequired":true,"valueName":"search_term_string"}}],"inLanguage":"sv-SE"}]}},"_links":{"self":[{"href":"https:\/\/digimuseo.fi\/sv\/wp-json\/wp\/v2\/product\/2076","targetHints":{"allow":["GET"]}}],"collection":[{"href":"https:\/\/digimuseo.fi\/sv\/wp-json\/wp\/v2\/product"}],"about":[{"href":"https:\/\/digimuseo.fi\/sv\/wp-json\/wp\/v2\/types\/product"}],"wp:featuredmedia":[{"embeddable":true,"href":"https:\/\/digimuseo.fi\/sv\/wp-json\/wp\/v2\/media\/2074"}],"wp:attachment":[{"href":"https:\/\/digimuseo.fi\/sv\/wp-json\/wp\/v2\/media?parent=2076"}],"wp:term":[{"taxonomy":"product_brand","embeddable":true,"href":"https:\/\/digimuseo.fi\/sv\/wp-json\/wp\/v2\/product_brand?post=2076"},{"taxonomy":"product_cat","embeddable":true,"href":"https:\/\/digimuseo.fi\/sv\/wp-json\/wp\/v2\/product_cat?post=2076"},{"taxonomy":"product_tag","embeddable":true,"href":"https:\/\/digimuseo.fi\/sv\/wp-json\/wp\/v2\/product_tag?post=2076"},{"taxonomy":"school_subject","embeddable":true,"href":"https:\/\/digimuseo.fi\/sv\/wp-json\/wp\/v2\/school_subject?post=2076"},{"taxonomy":"school_level","embeddable":true,"href":"https:\/\/digimuseo.fi\/sv\/wp-json\/wp\/v2\/school_level?post=2076"}],"curies":[{"name":"wp","href":"https:\/\/api.w.org\/{rel}","templated":true}]}}