{"id":1890,"date":"2022-02-16T15:47:33","date_gmt":"2022-02-16T13:47:33","guid":{"rendered":"https:\/\/digimuseo.fi\/?post_type=product&#038;p=1890"},"modified":"2022-09-30T10:49:08","modified_gmt":"2022-09-30T07:49:08","slug":"s-s-bore","status":"publish","type":"product","link":"https:\/\/digimuseo.fi\/sv\/utstallningar\/s-s-bore\/","title":{"rendered":"Forum Marinum &#8211; s\/s Bore"},"content":{"rendered":"<p>N\u00e4r du bes\u00f6ker Forum Marinums virtuella utst\u00e4llning, f\u00e5r du bekanta dig grundligt med Bore. Du kan v\u00e4lja mellan olika rutter och vandra runt p\u00e5 fartyget fr\u00e5n f\u00f6ren till aktern, fr\u00e5n maskinrummet till kommandobryggan, eller g\u00e5 vilse i hyttkorridorerna. Det \u00f6ver 60-\u00e5riga passagerarfartygets m\u00e5ngsidiga historia \u00f6ppnas framf\u00f6r dig genom massor av bilder och videor.<\/p>\n","protected":false},"excerpt":{"rendered":"<p><span class=\"TextRun SCXW230445636 BCX0\" lang=\"SV-SE\" xml:lang=\"SV-SE\" data-contrast=\"auto\"><span class=\"NormalTextRun SCXW230445636 BCX0\">Bore <\/span><\/span><span class=\"TextRun SCXW230445636 BCX0\" lang=\"SV-SE\" xml:lang=\"SV-SE\" data-contrast=\"auto\"><span class=\"NormalTextRun SCXW230445636 BCX0\">\u00e4r <\/span><\/span><span class=\"TextRun SCXW230445636 BCX0\" lang=\"SV-SE\" xml:lang=\"SV-SE\" data-contrast=\"auto\"><span class=\"NormalTextRun SCXW230445636 BCX0\">ett <\/span><span class=\"NormalTextRun SCXW230445636 BCX0\">ovanligt<\/span> <span class=\"NormalTextRun SCXW230445636 BCX0\">bes\u00f6ksm\u00e5l <\/span><span class=\"NormalTextRun SCXW230445636 BCX0\">ocks\u00e5<\/span><span class=\"NormalTextRun SCXW230445636 BCX0\"> internationellt sett,<\/span> <span class=\"NormalTextRun SCXW230445636 BCX0\">eftersom endast<\/span><span class=\"NormalTextRun SCXW230445636 BCX0\"> n\u00e5gra<\/span><span class=\"NormalTextRun SCXW230445636 BCX0\"> f\u00e5 stora passagerarfartyg har kunnat bevaras<\/span> <span class=\"NormalTextRun SCXW230445636 BCX0\">i muse<\/span><span class=\"NormalTextRun SCXW230445636 BCX0\">alt <\/span><span class=\"NormalTextRun SCXW230445636 BCX0\">bruk<\/span><span class=\"NormalTextRun SCXW230445636 BCX0\">. <\/span><span class=\"NormalTextRun SCXW230445636 BCX0\">P\u00e5 <\/span><span class=\"SpellingError SCXW230445636 BCX0\">Digimuseets<\/span><span class=\"NormalTextRun SCXW230445636 BCX0\"> utst\u00e4llning kan du bekanta dig med hela fartyget<\/span><span class=\"NormalTextRun SCXW230445636 BCX0\"> \u2013<\/span> <span class=\"NormalTextRun SCXW230445636 BCX0\">ocks\u00e5 intressanta st\u00e4llen som normalt inte visas f\u00f6r bes\u00f6kare<\/span><span class=\"NormalTextRun SCXW230445636 BCX0\">.<\/span> <span class=\"NormalTextRun SCXW230445636 BCX0\">Under din rundtur p\u00e5<\/span> <span class=\"NormalTextRun SCXW230445636 BCX0\">Bore<\/span> <span class=\"NormalTextRun SCXW230445636 BCX0\">kan<\/span><span class=\"NormalTextRun SCXW230445636 BCX0\"> du uppleva fartygets<\/span> <span class=\"NormalTextRun SCXW230445636 BCX0\">m\u00e5ngskiftande historia<\/span> <span class=\"NormalTextRun SCXW230445636 BCX0\">och en rese<\/span><span class=\"NormalTextRun SCXW230445636 BCX0\">atmosf\u00e4r<\/span><span class=\"NormalTextRun SCXW230445636 BCX0\"> fr\u00e5n <\/span><span class=\"NormalTextRun SCXW230445636 BCX0\">svunna decennier<\/span><span class=\"NormalTextRun SCXW230445636 BCX0\">. <\/span><span class=\"NormalTextRun SCXW230445636 BCX0\">V\u00e4lkommen med p\u00e5 en nostalgisk sj\u00f6r<\/span><span class=\"NormalTextRun SCXW230445636 BCX0\">esa<\/span><span class=\"NormalTextRun SCXW230445636 BCX0\">!<\/span><\/span><span class=\"EOP SCXW230445636 BCX0\" data-ccp-props=\"{&quot;201341983&quot;:0,&quot;335559739&quot;:160,&quot;335559740&quot;:259}\">\u00a0<\/span><\/p>\n","protected":false},"featured_media":1888,"template":"","meta":{"_acf_changed":false},"product_brand":[],"product_cat":[75],"product_tag":[],"school_subject":[],"school_level":[],"class_list":{"0":"post-1890","1":"product","2":"type-product","3":"status-publish","4":"has-post-thumbnail","6":"product_cat-yleinen-sv","7":"museums-forum-marinum-sv","8":"exhibition_themes-historia-sv","10":"first","11":"instock","12":"virtual","13":"sold-individually","14":"taxable","15":"product-type-basic_museum"},"acf":[],"yoast_head":"<!-- This site is optimized with the Yoast SEO plugin v27.1.1 - https:\/\/yoast.com\/product\/yoast-seo-wordpress\/ -->\n<title>Forum Marinum - s\/s Bore - Digital museum<\/title>\n<meta name=\"description\" content=\"Virtuell utst\u00e4llning om passagerarfartyg Bores historia. Vandra runt p\u00e5 fartyget, eller titta p\u00e5 bilder och videor om fartygets olika skeden.\" \/>\n<meta name=\"robots\" content=\"index, follow, max-snippet:-1, max-image-preview:large, max-video-preview:-1\" \/>\n<link rel=\"canonical\" href=\"https:\/\/digimuseo.fi\/sv\/utstallningar\/s-s-bore\/\" \/>\n<meta property=\"og:locale\" content=\"sv_SE\" \/>\n<meta property=\"og:type\" content=\"article\" \/>\n<meta property=\"og:title\" content=\"Forum Marinum - s\/s Bore - Digital museum\" \/>\n<meta property=\"og:description\" content=\"Virtuell utst\u00e4llning om passagerarfartyg Bores historia. Vandra runt p\u00e5 fartyget, eller titta p\u00e5 bilder och videor om fartygets olika skeden.\" \/>\n<meta property=\"og:url\" content=\"https:\/\/digimuseo.fi\/sv\/utstallningar\/s-s-bore\/\" \/>\n<meta property=\"og:site_name\" content=\"Digital museum\" \/>\n<meta property=\"article:modified_time\" content=\"2022-09-30T07:49:08+00:00\" \/>\n<meta property=\"og:image\" content=\"https:\/\/digimuseo.fi\/wp-content\/uploads\/2022\/02\/Bore_96_3.jpg\" \/>\n\t<meta property=\"og:image:width\" content=\"1031\" \/>\n\t<meta property=\"og:image:height\" content=\"815\" \/>\n\t<meta property=\"og:image:type\" content=\"image\/jpeg\" \/>\n<meta name=\"twitter:card\" content=\"summary_large_image\" \/>\n<meta name=\"twitter:label1\" content=\"Ber\u00e4knad l\u00e4stid\" \/>\n\t<meta name=\"twitter:data1\" content=\"1 minut\" \/>\n<script type=\"application\/ld+json\" class=\"yoast-schema-graph\">{\"@context\":\"https:\/\/schema.org\",\"@graph\":[{\"@type\":\"WebPage\",\"@id\":\"https:\/\/digimuseo.fi\/sv\/utstallningar\/s-s-bore\/\",\"url\":\"https:\/\/digimuseo.fi\/sv\/utstallningar\/s-s-bore\/\",\"name\":\"Forum Marinum - s\/s Bore - Digital museum\",\"isPartOf\":{\"@id\":\"https:\/\/digimuseo.fi\/en\/#website\"},\"primaryImageOfPage\":{\"@id\":\"https:\/\/digimuseo.fi\/sv\/utstallningar\/s-s-bore\/#primaryimage\"},\"image\":{\"@id\":\"https:\/\/digimuseo.fi\/sv\/utstallningar\/s-s-bore\/#primaryimage\"},\"thumbnailUrl\":\"https:\/\/digimuseo.fi\/wp-content\/uploads\/2022\/02\/Bore_96_3.jpg\",\"datePublished\":\"2022-02-16T13:47:33+00:00\",\"dateModified\":\"2022-09-30T07:49:08+00:00\",\"description\":\"Virtuell utst\u00e4llning om passagerarfartyg Bores historia. Vandra runt p\u00e5 fartyget, eller titta p\u00e5 bilder och videor om fartygets olika skeden.\",\"breadcrumb\":{\"@id\":\"https:\/\/digimuseo.fi\/sv\/utstallningar\/s-s-bore\/#breadcrumb\"},\"inLanguage\":\"sv-SE\",\"potentialAction\":[{\"@type\":\"ReadAction\",\"target\":[\"https:\/\/digimuseo.fi\/sv\/utstallningar\/s-s-bore\/\"]}]},{\"@type\":\"ImageObject\",\"inLanguage\":\"sv-SE\",\"@id\":\"https:\/\/digimuseo.fi\/sv\/utstallningar\/s-s-bore\/#primaryimage\",\"url\":\"https:\/\/digimuseo.fi\/wp-content\/uploads\/2022\/02\/Bore_96_3.jpg\",\"contentUrl\":\"https:\/\/digimuseo.fi\/wp-content\/uploads\/2022\/02\/Bore_96_3.jpg\",\"width\":1031,\"height\":815},{\"@type\":\"BreadcrumbList\",\"@id\":\"https:\/\/digimuseo.fi\/sv\/utstallningar\/s-s-bore\/#breadcrumb\",\"itemListElement\":[{\"@type\":\"ListItem\",\"position\":1,\"name\":\"Home\",\"item\":\"https:\/\/digimuseo.fi\/sv\/\"},{\"@type\":\"ListItem\",\"position\":2,\"name\":\"Tuotteet\",\"item\":\"https:\/\/digimuseo.fi\/nayttelyt\/\"},{\"@type\":\"ListItem\",\"position\":3,\"name\":\"Forum Marinum &#8211; s\/s Bore\"}]},{\"@type\":\"WebSite\",\"@id\":\"https:\/\/digimuseo.fi\/en\/#website\",\"url\":\"https:\/\/digimuseo.fi\/en\/\",\"name\":\"Digital museum\",\"description\":\"G\u00e5 in fr\u00e5n ditt vardagsrum\",\"potentialAction\":[{\"@type\":\"SearchAction\",\"target\":{\"@type\":\"EntryPoint\",\"urlTemplate\":\"https:\/\/digimuseo.fi\/en\/?s={search_term_string}\"},\"query-input\":{\"@type\":\"PropertyValueSpecification\",\"valueRequired\":true,\"valueName\":\"search_term_string\"}}],\"inLanguage\":\"sv-SE\"}]}<\/script>\n<!-- \/ Yoast SEO plugin. -->","yoast_head_json":{"title":"Forum Marinum - s\/s Bore - Digital museum","description":"Virtuell utst\u00e4llning om passagerarfartyg Bores historia. Vandra runt p\u00e5 fartyget, eller titta p\u00e5 bilder och videor om fartygets olika skeden.","robots":{"index":"index","follow":"follow","max-snippet":"max-snippet:-1","max-image-preview":"max-image-preview:large","max-video-preview":"max-video-preview:-1"},"canonical":"https:\/\/digimuseo.fi\/sv\/utstallningar\/s-s-bore\/","og_locale":"sv_SE","og_type":"article","og_title":"Forum Marinum - s\/s Bore - Digital museum","og_description":"Virtuell utst\u00e4llning om passagerarfartyg Bores historia. Vandra runt p\u00e5 fartyget, eller titta p\u00e5 bilder och videor om fartygets olika skeden.","og_url":"https:\/\/digimuseo.fi\/sv\/utstallningar\/s-s-bore\/","og_site_name":"Digital museum","article_modified_time":"2022-09-30T07:49:08+00:00","og_image":[{"width":1031,"height":815,"url":"https:\/\/digimuseo.fi\/wp-content\/uploads\/2022\/02\/Bore_96_3.jpg","type":"image\/jpeg"}],"twitter_card":"summary_large_image","twitter_misc":{"Ber\u00e4knad l\u00e4stid":"1 minut"},"schema":{"@context":"https:\/\/schema.org","@graph":[{"@type":"WebPage","@id":"https:\/\/digimuseo.fi\/sv\/utstallningar\/s-s-bore\/","url":"https:\/\/digimuseo.fi\/sv\/utstallningar\/s-s-bore\/","name":"Forum Marinum - s\/s Bore - Digital museum","isPartOf":{"@id":"https:\/\/digimuseo.fi\/en\/#website"},"primaryImageOfPage":{"@id":"https:\/\/digimuseo.fi\/sv\/utstallningar\/s-s-bore\/#primaryimage"},"image":{"@id":"https:\/\/digimuseo.fi\/sv\/utstallningar\/s-s-bore\/#primaryimage"},"thumbnailUrl":"https:\/\/digimuseo.fi\/wp-content\/uploads\/2022\/02\/Bore_96_3.jpg","datePublished":"2022-02-16T13:47:33+00:00","dateModified":"2022-09-30T07:49:08+00:00","description":"Virtuell utst\u00e4llning om passagerarfartyg Bores historia. Vandra runt p\u00e5 fartyget, eller titta p\u00e5 bilder och videor om fartygets olika skeden.","breadcrumb":{"@id":"https:\/\/digimuseo.fi\/sv\/utstallningar\/s-s-bore\/#breadcrumb"},"inLanguage":"sv-SE","potentialAction":[{"@type":"ReadAction","target":["https:\/\/digimuseo.fi\/sv\/utstallningar\/s-s-bore\/"]}]},{"@type":"ImageObject","inLanguage":"sv-SE","@id":"https:\/\/digimuseo.fi\/sv\/utstallningar\/s-s-bore\/#primaryimage","url":"https:\/\/digimuseo.fi\/wp-content\/uploads\/2022\/02\/Bore_96_3.jpg","contentUrl":"https:\/\/digimuseo.fi\/wp-content\/uploads\/2022\/02\/Bore_96_3.jpg","width":1031,"height":815},{"@type":"BreadcrumbList","@id":"https:\/\/digimuseo.fi\/sv\/utstallningar\/s-s-bore\/#breadcrumb","itemListElement":[{"@type":"ListItem","position":1,"name":"Home","item":"https:\/\/digimuseo.fi\/sv\/"},{"@type":"ListItem","position":2,"name":"Tuotteet","item":"https:\/\/digimuseo.fi\/nayttelyt\/"},{"@type":"ListItem","position":3,"name":"Forum Marinum &#8211; s\/s Bore"}]},{"@type":"WebSite","@id":"https:\/\/digimuseo.fi\/en\/#website","url":"https:\/\/digimuseo.fi\/en\/","name":"Digital museum","description":"G\u00e5 in fr\u00e5n ditt vardagsrum","potentialAction":[{"@type":"SearchAction","target":{"@type":"EntryPoint","urlTemplate":"https:\/\/digimuseo.fi\/en\/?s={search_term_string}"},"query-input":{"@type":"PropertyValueSpecification","valueRequired":true,"valueName":"search_term_string"}}],"inLanguage":"sv-SE"}]}},"_links":{"self":[{"href":"https:\/\/digimuseo.fi\/sv\/wp-json\/wp\/v2\/product\/1890","targetHints":{"allow":["GET"]}}],"collection":[{"href":"https:\/\/digimuseo.fi\/sv\/wp-json\/wp\/v2\/product"}],"about":[{"href":"https:\/\/digimuseo.fi\/sv\/wp-json\/wp\/v2\/types\/product"}],"wp:featuredmedia":[{"embeddable":true,"href":"https:\/\/digimuseo.fi\/sv\/wp-json\/wp\/v2\/media\/1888"}],"wp:attachment":[{"href":"https:\/\/digimuseo.fi\/sv\/wp-json\/wp\/v2\/media?parent=1890"}],"wp:term":[{"taxonomy":"product_brand","embeddable":true,"href":"https:\/\/digimuseo.fi\/sv\/wp-json\/wp\/v2\/product_brand?post=1890"},{"taxonomy":"product_cat","embeddable":true,"href":"https:\/\/digimuseo.fi\/sv\/wp-json\/wp\/v2\/product_cat?post=1890"},{"taxonomy":"product_tag","embeddable":true,"href":"https:\/\/digimuseo.fi\/sv\/wp-json\/wp\/v2\/product_tag?post=1890"},{"taxonomy":"school_subject","embeddable":true,"href":"https:\/\/digimuseo.fi\/sv\/wp-json\/wp\/v2\/school_subject?post=1890"},{"taxonomy":"school_level","embeddable":true,"href":"https:\/\/digimuseo.fi\/sv\/wp-json\/wp\/v2\/school_level?post=1890"}],"curies":[{"name":"wp","href":"https:\/\/api.w.org\/{rel}","templated":true}]}}