{"id":1622,"date":"2021-11-19T13:53:52","date_gmt":"2021-11-19T11:53:52","guid":{"rendered":"https:\/\/digimuseo.fi\/?post_type=product&#038;p=1622"},"modified":"2021-11-19T15:41:32","modified_gmt":"2021-11-19T13:41:32","slug":"polismuseets-virtuellt-besok","status":"publish","type":"product","link":"https:\/\/digimuseo.fi\/sv\/utstallningar\/polismuseets-virtuellt-besok\/","title":{"rendered":"Polismuseets virtuellt bes\u00f6k"},"content":{"rendered":"<p>Den permanenta utst\u00e4llningen Polisen p\u00e5 plats! skildrar s\u00e5v\u00e4l h\u00e4xjakt, dr\u00e5p och f\u00f6rr\u00e4deri som dagens cyberbrottslighet. Du kan bland annat s\u00e4tta dig i domarringen vid avr\u00e4ttningsyxan och lyssna p\u00e5 en inspelning om forna tiders str\u00e4nga r\u00e4ttspraxis och ordningsmakt. I utst\u00e4llningen kan du vandra l\u00e4ngs gator och gr\u00e4nder d\u00e4r polisen utf\u00f6r sitt dagliga arbete. Utst\u00e4llningen illustrerar \u201cdet brottsliga landskapet\u201d under olika tidsperioder: brott, olyckor och livets avigsidor bland dem som polisen m\u00f6ter i sitt arbete. <\/p>\n<p>Utst\u00e4llningen ber\u00e4ttar om hur f\u00f6rh\u00e5llandet mellan polisen och medborgarna f\u00f6r\u00e4ndrats genom tiderna, hur allm\u00e4nheten upplevt polisen och hurdan roll polisen haft under olika tidsperioder. \u00c4nda in p\u00e5 sj\u00e4lvst\u00e4ndighetstiden patrullerade konstaplarna med str\u00e4ng uppsyn n\u00e4r de \u00f6vervakade ordningen p\u00e5 gatorna. Leenden och \u00f6verfl\u00f6digt sm\u00e5prat med allm\u00e4nheten betraktades inte som l\u00e4mpligt f\u00f6r en polis.<\/p>\n<p>I utst\u00e4llningen finns ocks\u00e5 f\u00f6rem\u00e5l fr\u00e5n Kriminalmuseet, vars huvudutst\u00e4llning finns p\u00e5 Centralkriminalpolisens h\u00f6gkvarter i Vanda. Kriminalmuseet \u00e4r av s\u00e4kerhets- och dataskyddssk\u00e4l inte \u00f6ppet f\u00f6r allm\u00e4nheten, men p\u00e5 Polismuseet \u00e4r det m\u00f6jligt att bekanta sig med m\u00e5nga av Kriminalmuseets intressanta f\u00f6rem\u00e5l och ber\u00e4ttelserna de utg\u00f6r en del av.<\/p>\n<p><strong>Obs.<\/strong><br \/>\nTidsresan med Antti Lieroinen som ing\u00e5r i den virtuella rundturen \u00e4r indelad i 16 avsnitt. Svensk textning finns att tillg\u00e5 p\u00e5 v\u00e5r YouTube-kanal, d\u00e4r avsnitten finns samlade som en helhet.<\/p>\n","protected":false},"excerpt":{"rendered":"<p>Hur har polisens arbete f\u00f6r\u00e4ndrats under decennierna? Vad gjorde egentligen en skjutsr\u00e4ttare eller en v\u00e5rdpolis? N\u00e4r inledde internetpolisen sitt arbete?<\/p>\n<p>Polismuseets permanenta utst\u00e4llning Polisen p\u00e5 plats! ger svar p\u00e5 dessa och m\u00e5nga andra fr\u00e5gor. V\u00e4lkommen att bekanta dig med intressanta ber\u00e4ttelser och f\u00f6rem\u00e5l! <\/p>\n<p>F\u00f6lj ocks\u00e5 med den k\u00e4nde 1600-talsh\u00e4xm\u00e4staren Antti Lieroinen p\u00e5 en tidsresa genom museet och l\u00e4r dig om hur s\u00e4ttet att uppr\u00e4tth\u00e5lla ordningen p\u00e5 f\u00f6r\u00e4ndrats genom tiderna.<\/p>\n","protected":false},"featured_media":1625,"template":"","meta":{"_acf_changed":false},"product_brand":[],"product_cat":[75],"product_tag":[],"school_subject":[],"school_level":[],"class_list":{"0":"post-1622","1":"product","2":"type-product","3":"status-publish","4":"has-post-thumbnail","6":"product_cat-yleinen-sv","7":"museums-polismuseet","8":"exhibition_themes-historia-sv","10":"first","11":"instock","12":"virtual","13":"sold-individually","14":"taxable","15":"product-type-basic_museum"},"acf":[],"yoast_head":"<!-- This site is optimized with the Yoast SEO plugin v27.1.1 - https:\/\/yoast.com\/product\/yoast-seo-wordpress\/ -->\n<title>Polismuseets virtuellt bes\u00f6k - Digital museum<\/title>\n<meta name=\"robots\" content=\"index, follow, max-snippet:-1, max-image-preview:large, max-video-preview:-1\" \/>\n<link rel=\"canonical\" href=\"https:\/\/digimuseo.fi\/sv\/utstallningar\/polismuseets-virtuellt-besok\/\" \/>\n<meta property=\"og:locale\" content=\"sv_SE\" \/>\n<meta property=\"og:type\" content=\"article\" \/>\n<meta property=\"og:title\" content=\"Polismuseets virtuellt bes\u00f6k - Digital museum\" \/>\n<meta property=\"og:description\" content=\"Hur har polisens arbete f\u00f6r\u00e4ndrats under decennierna? Vad gjorde egentligen en skjutsr\u00e4ttare eller en v\u00e5rdpolis? N\u00e4r inledde internetpolisen sitt arbete?  Polismuseets permanenta utst\u00e4llning Polisen p\u00e5 plats! ger svar p\u00e5 dessa och m\u00e5nga andra fr\u00e5gor. V\u00e4lkommen att bekanta dig med intressanta ber\u00e4ttelser och f\u00f6rem\u00e5l!   F\u00f6lj ocks\u00e5 med den k\u00e4nde 1600-talsh\u00e4xm\u00e4staren Antti Lieroinen p\u00e5 en tidsresa genom museet och l\u00e4r dig om hur s\u00e4ttet att uppr\u00e4tth\u00e5lla ordningen p\u00e5 f\u00f6r\u00e4ndrats genom tiderna.\" \/>\n<meta property=\"og:url\" content=\"https:\/\/digimuseo.fi\/sv\/utstallningar\/polismuseets-virtuellt-besok\/\" \/>\n<meta property=\"og:site_name\" content=\"Digital museum\" \/>\n<meta property=\"article:modified_time\" content=\"2021-11-19T13:41:32+00:00\" \/>\n<meta property=\"og:image\" content=\"https:\/\/digimuseo.fi\/wp-content\/uploads\/2021\/11\/poliisimuseo-scaled.jpg\" \/>\n\t<meta property=\"og:image:width\" content=\"2560\" \/>\n\t<meta property=\"og:image:height\" content=\"1707\" \/>\n\t<meta property=\"og:image:type\" content=\"image\/jpeg\" \/>\n<meta name=\"twitter:card\" content=\"summary_large_image\" \/>\n<meta name=\"twitter:label1\" content=\"Ber\u00e4knad l\u00e4stid\" \/>\n\t<meta name=\"twitter:data1\" content=\"1 minut\" \/>\n<script type=\"application\/ld+json\" class=\"yoast-schema-graph\">{\"@context\":\"https:\/\/schema.org\",\"@graph\":[{\"@type\":\"WebPage\",\"@id\":\"https:\/\/digimuseo.fi\/sv\/utstallningar\/polismuseets-virtuellt-besok\/\",\"url\":\"https:\/\/digimuseo.fi\/sv\/utstallningar\/polismuseets-virtuellt-besok\/\",\"name\":\"Polismuseets virtuellt bes\u00f6k - Digital museum\",\"isPartOf\":{\"@id\":\"https:\/\/digimuseo.fi\/en\/#website\"},\"primaryImageOfPage\":{\"@id\":\"https:\/\/digimuseo.fi\/sv\/utstallningar\/polismuseets-virtuellt-besok\/#primaryimage\"},\"image\":{\"@id\":\"https:\/\/digimuseo.fi\/sv\/utstallningar\/polismuseets-virtuellt-besok\/#primaryimage\"},\"thumbnailUrl\":\"https:\/\/digimuseo.fi\/wp-content\/uploads\/2021\/11\/poliisimuseo-scaled.jpg\",\"datePublished\":\"2021-11-19T11:53:52+00:00\",\"dateModified\":\"2021-11-19T13:41:32+00:00\",\"breadcrumb\":{\"@id\":\"https:\/\/digimuseo.fi\/sv\/utstallningar\/polismuseets-virtuellt-besok\/#breadcrumb\"},\"inLanguage\":\"sv-SE\",\"potentialAction\":[{\"@type\":\"ReadAction\",\"target\":[\"https:\/\/digimuseo.fi\/sv\/utstallningar\/polismuseets-virtuellt-besok\/\"]}]},{\"@type\":\"ImageObject\",\"inLanguage\":\"sv-SE\",\"@id\":\"https:\/\/digimuseo.fi\/sv\/utstallningar\/polismuseets-virtuellt-besok\/#primaryimage\",\"url\":\"https:\/\/digimuseo.fi\/wp-content\/uploads\/2021\/11\/poliisimuseo-scaled.jpg\",\"contentUrl\":\"https:\/\/digimuseo.fi\/wp-content\/uploads\/2021\/11\/poliisimuseo-scaled.jpg\",\"width\":2560,\"height\":1707,\"caption\":\"Foto: Jarkko J\u00e4rvinen, Polismuseet\"},{\"@type\":\"BreadcrumbList\",\"@id\":\"https:\/\/digimuseo.fi\/sv\/utstallningar\/polismuseets-virtuellt-besok\/#breadcrumb\",\"itemListElement\":[{\"@type\":\"ListItem\",\"position\":1,\"name\":\"Home\",\"item\":\"https:\/\/digimuseo.fi\/sv\/\"},{\"@type\":\"ListItem\",\"position\":2,\"name\":\"Tuotteet\",\"item\":\"https:\/\/digimuseo.fi\/nayttelyt\/\"},{\"@type\":\"ListItem\",\"position\":3,\"name\":\"Polismuseets virtuellt bes\u00f6k\"}]},{\"@type\":\"WebSite\",\"@id\":\"https:\/\/digimuseo.fi\/en\/#website\",\"url\":\"https:\/\/digimuseo.fi\/en\/\",\"name\":\"Digital museum\",\"description\":\"G\u00e5 in fr\u00e5n ditt vardagsrum\",\"potentialAction\":[{\"@type\":\"SearchAction\",\"target\":{\"@type\":\"EntryPoint\",\"urlTemplate\":\"https:\/\/digimuseo.fi\/en\/?s={search_term_string}\"},\"query-input\":{\"@type\":\"PropertyValueSpecification\",\"valueRequired\":true,\"valueName\":\"search_term_string\"}}],\"inLanguage\":\"sv-SE\"}]}<\/script>\n<!-- \/ Yoast SEO plugin. -->","yoast_head_json":{"title":"Polismuseets virtuellt bes\u00f6k - Digital museum","robots":{"index":"index","follow":"follow","max-snippet":"max-snippet:-1","max-image-preview":"max-image-preview:large","max-video-preview":"max-video-preview:-1"},"canonical":"https:\/\/digimuseo.fi\/sv\/utstallningar\/polismuseets-virtuellt-besok\/","og_locale":"sv_SE","og_type":"article","og_title":"Polismuseets virtuellt bes\u00f6k - Digital museum","og_description":"Hur har polisens arbete f\u00f6r\u00e4ndrats under decennierna? Vad gjorde egentligen en skjutsr\u00e4ttare eller en v\u00e5rdpolis? N\u00e4r inledde internetpolisen sitt arbete?  Polismuseets permanenta utst\u00e4llning Polisen p\u00e5 plats! ger svar p\u00e5 dessa och m\u00e5nga andra fr\u00e5gor. V\u00e4lkommen att bekanta dig med intressanta ber\u00e4ttelser och f\u00f6rem\u00e5l!   F\u00f6lj ocks\u00e5 med den k\u00e4nde 1600-talsh\u00e4xm\u00e4staren Antti Lieroinen p\u00e5 en tidsresa genom museet och l\u00e4r dig om hur s\u00e4ttet att uppr\u00e4tth\u00e5lla ordningen p\u00e5 f\u00f6r\u00e4ndrats genom tiderna.","og_url":"https:\/\/digimuseo.fi\/sv\/utstallningar\/polismuseets-virtuellt-besok\/","og_site_name":"Digital museum","article_modified_time":"2021-11-19T13:41:32+00:00","og_image":[{"width":2560,"height":1707,"url":"https:\/\/digimuseo.fi\/wp-content\/uploads\/2021\/11\/poliisimuseo-scaled.jpg","type":"image\/jpeg"}],"twitter_card":"summary_large_image","twitter_misc":{"Ber\u00e4knad l\u00e4stid":"1 minut"},"schema":{"@context":"https:\/\/schema.org","@graph":[{"@type":"WebPage","@id":"https:\/\/digimuseo.fi\/sv\/utstallningar\/polismuseets-virtuellt-besok\/","url":"https:\/\/digimuseo.fi\/sv\/utstallningar\/polismuseets-virtuellt-besok\/","name":"Polismuseets virtuellt bes\u00f6k - Digital museum","isPartOf":{"@id":"https:\/\/digimuseo.fi\/en\/#website"},"primaryImageOfPage":{"@id":"https:\/\/digimuseo.fi\/sv\/utstallningar\/polismuseets-virtuellt-besok\/#primaryimage"},"image":{"@id":"https:\/\/digimuseo.fi\/sv\/utstallningar\/polismuseets-virtuellt-besok\/#primaryimage"},"thumbnailUrl":"https:\/\/digimuseo.fi\/wp-content\/uploads\/2021\/11\/poliisimuseo-scaled.jpg","datePublished":"2021-11-19T11:53:52+00:00","dateModified":"2021-11-19T13:41:32+00:00","breadcrumb":{"@id":"https:\/\/digimuseo.fi\/sv\/utstallningar\/polismuseets-virtuellt-besok\/#breadcrumb"},"inLanguage":"sv-SE","potentialAction":[{"@type":"ReadAction","target":["https:\/\/digimuseo.fi\/sv\/utstallningar\/polismuseets-virtuellt-besok\/"]}]},{"@type":"ImageObject","inLanguage":"sv-SE","@id":"https:\/\/digimuseo.fi\/sv\/utstallningar\/polismuseets-virtuellt-besok\/#primaryimage","url":"https:\/\/digimuseo.fi\/wp-content\/uploads\/2021\/11\/poliisimuseo-scaled.jpg","contentUrl":"https:\/\/digimuseo.fi\/wp-content\/uploads\/2021\/11\/poliisimuseo-scaled.jpg","width":2560,"height":1707,"caption":"Foto: Jarkko J\u00e4rvinen, Polismuseet"},{"@type":"BreadcrumbList","@id":"https:\/\/digimuseo.fi\/sv\/utstallningar\/polismuseets-virtuellt-besok\/#breadcrumb","itemListElement":[{"@type":"ListItem","position":1,"name":"Home","item":"https:\/\/digimuseo.fi\/sv\/"},{"@type":"ListItem","position":2,"name":"Tuotteet","item":"https:\/\/digimuseo.fi\/nayttelyt\/"},{"@type":"ListItem","position":3,"name":"Polismuseets virtuellt bes\u00f6k"}]},{"@type":"WebSite","@id":"https:\/\/digimuseo.fi\/en\/#website","url":"https:\/\/digimuseo.fi\/en\/","name":"Digital museum","description":"G\u00e5 in fr\u00e5n ditt vardagsrum","potentialAction":[{"@type":"SearchAction","target":{"@type":"EntryPoint","urlTemplate":"https:\/\/digimuseo.fi\/en\/?s={search_term_string}"},"query-input":{"@type":"PropertyValueSpecification","valueRequired":true,"valueName":"search_term_string"}}],"inLanguage":"sv-SE"}]}},"_links":{"self":[{"href":"https:\/\/digimuseo.fi\/sv\/wp-json\/wp\/v2\/product\/1622","targetHints":{"allow":["GET"]}}],"collection":[{"href":"https:\/\/digimuseo.fi\/sv\/wp-json\/wp\/v2\/product"}],"about":[{"href":"https:\/\/digimuseo.fi\/sv\/wp-json\/wp\/v2\/types\/product"}],"wp:featuredmedia":[{"embeddable":true,"href":"https:\/\/digimuseo.fi\/sv\/wp-json\/wp\/v2\/media\/1625"}],"wp:attachment":[{"href":"https:\/\/digimuseo.fi\/sv\/wp-json\/wp\/v2\/media?parent=1622"}],"wp:term":[{"taxonomy":"product_brand","embeddable":true,"href":"https:\/\/digimuseo.fi\/sv\/wp-json\/wp\/v2\/product_brand?post=1622"},{"taxonomy":"product_cat","embeddable":true,"href":"https:\/\/digimuseo.fi\/sv\/wp-json\/wp\/v2\/product_cat?post=1622"},{"taxonomy":"product_tag","embeddable":true,"href":"https:\/\/digimuseo.fi\/sv\/wp-json\/wp\/v2\/product_tag?post=1622"},{"taxonomy":"school_subject","embeddable":true,"href":"https:\/\/digimuseo.fi\/sv\/wp-json\/wp\/v2\/school_subject?post=1622"},{"taxonomy":"school_level","embeddable":true,"href":"https:\/\/digimuseo.fi\/sv\/wp-json\/wp\/v2\/school_level?post=1622"}],"curies":[{"name":"wp","href":"https:\/\/api.w.org\/{rel}","templated":true}]}}