{"id":1470,"date":"2021-11-08T11:56:27","date_gmt":"2021-11-08T09:56:27","guid":{"rendered":"https:\/\/digimuseo.fi\/?post_type=product&#038;p=1470"},"modified":"2022-09-30T10:49:39","modified_gmt":"2022-09-30T07:49:39","slug":"undervattenskrigforingens-historia","status":"publish","type":"product","link":"https:\/\/digimuseo.fi\/sv\/utstallningar\/undervattenskrigforingens-historia\/","title":{"rendered":"Forum Marinum &#8211; Undervattenskrigf\u00f6ringens historia"},"content":{"rendered":"<p>En stor del av det moderna sj\u00f6kriget sker under ytan. I den h\u00e4r utst\u00e4llningen f\u00e5r du bekanta dig med det finska undervattenskrigets historia och f\u00f6rem\u00e5l som anknyter till det. Utst\u00e4llningen har tre huvudteman: sj\u00f6minor och minr\u00f6jning, torpeder, och ub\u00e5tsbek\u00e4mpning. Utst\u00e4llningen bygger p\u00e5 utrustning och materiel som anv\u00e4nts av Marinen under n\u00e4stan hundra \u00e5r.<\/p>\n","protected":false},"excerpt":{"rendered":"<p>Utst\u00e4llningen \u00e4r producerad av det maritima centret Forum Marinum och byggdes upp med st\u00f6d av teknologif\u00f6retaget DA-Group i bolagets huvudkontor i Forssa. F\u00f6r att bes\u00f6ka den fysiska utst\u00e4llningen kan man boka en guidad rundtur genom att kontakta Forum Marinum. Den h\u00e4r virtuella utst\u00e4llningen \u00e4r \u00f6ppen dygnet runt i Digimuseet.<\/p>\n","protected":false},"featured_media":1485,"template":"","meta":{"_acf_changed":false},"product_brand":[],"product_cat":[75],"product_tag":[133,134,122,123,121,124,125,132],"school_subject":[],"school_level":[],"class_list":{"0":"post-1470","1":"product","2":"type-product","3":"status-publish","4":"has-post-thumbnail","6":"product_cat-yleinen-sv","7":"product_tag-flottan","8":"product_tag-flottan-sv","9":"product_tag-militar-historia","10":"product_tag-minar","11":"product_tag-sjokrig","12":"product_tag-torperer","13":"product_tag-ubatar","14":"product_tag-vapen","15":"museums-forum-marinum-sv","16":"exhibition_themes-historia-sv","18":"first","19":"instock","20":"virtual","21":"sold-individually","22":"taxable","23":"product-type-basic_museum"},"acf":[],"yoast_head":"<!-- This site is optimized with the Yoast SEO plugin v27.1.1 - https:\/\/yoast.com\/product\/yoast-seo-wordpress\/ -->\n<title>Forum Marinum - Undervattenskrigf\u00f6ringens historia - Digital museum<\/title>\n<meta name=\"description\" content=\"Forum Marinums virtuella utst\u00e4llning om undervattenskrigf\u00f6ringens historia\" \/>\n<meta name=\"robots\" content=\"index, follow, max-snippet:-1, max-image-preview:large, max-video-preview:-1\" \/>\n<link rel=\"canonical\" href=\"https:\/\/digimuseo.fi\/sv\/utstallningar\/undervattenskrigforingens-historia\/\" \/>\n<meta property=\"og:locale\" content=\"sv_SE\" \/>\n<meta property=\"og:type\" content=\"article\" \/>\n<meta property=\"og:title\" content=\"Forum Marinum - Undervattenskrigf\u00f6ringens historia - Digital museum\" \/>\n<meta property=\"og:description\" content=\"Forum Marinums virtuella utst\u00e4llning om undervattenskrigf\u00f6ringens historia\" \/>\n<meta property=\"og:url\" content=\"https:\/\/digimuseo.fi\/sv\/utstallningar\/undervattenskrigforingens-historia\/\" \/>\n<meta property=\"og:site_name\" content=\"Digital museum\" \/>\n<meta property=\"article:modified_time\" content=\"2022-09-30T07:49:39+00:00\" \/>\n<meta property=\"og:image\" content=\"https:\/\/digimuseo.fi\/wp-content\/uploads\/2021\/10\/rajahdys-scaled.jpg\" \/>\n\t<meta property=\"og:image:width\" content=\"2499\" \/>\n\t<meta property=\"og:image:height\" content=\"2560\" \/>\n\t<meta property=\"og:image:type\" content=\"image\/jpeg\" \/>\n<meta name=\"twitter:card\" content=\"summary_large_image\" \/>\n<meta name=\"twitter:label1\" content=\"Ber\u00e4knad l\u00e4stid\" \/>\n\t<meta name=\"twitter:data1\" content=\"1 minut\" \/>\n<script type=\"application\/ld+json\" class=\"yoast-schema-graph\">{\"@context\":\"https:\/\/schema.org\",\"@graph\":[{\"@type\":\"WebPage\",\"@id\":\"https:\/\/digimuseo.fi\/sv\/utstallningar\/undervattenskrigforingens-historia\/\",\"url\":\"https:\/\/digimuseo.fi\/sv\/utstallningar\/undervattenskrigforingens-historia\/\",\"name\":\"Forum Marinum - Undervattenskrigf\u00f6ringens historia - Digital museum\",\"isPartOf\":{\"@id\":\"https:\/\/digimuseo.fi\/en\/#website\"},\"primaryImageOfPage\":{\"@id\":\"https:\/\/digimuseo.fi\/sv\/utstallningar\/undervattenskrigforingens-historia\/#primaryimage\"},\"image\":{\"@id\":\"https:\/\/digimuseo.fi\/sv\/utstallningar\/undervattenskrigforingens-historia\/#primaryimage\"},\"thumbnailUrl\":\"https:\/\/digimuseo.fi\/wp-content\/uploads\/2021\/10\/rajahdys-scaled.jpg\",\"datePublished\":\"2021-11-08T09:56:27+00:00\",\"dateModified\":\"2022-09-30T07:49:39+00:00\",\"description\":\"Forum Marinums virtuella utst\u00e4llning om undervattenskrigf\u00f6ringens historia\",\"breadcrumb\":{\"@id\":\"https:\/\/digimuseo.fi\/sv\/utstallningar\/undervattenskrigforingens-historia\/#breadcrumb\"},\"inLanguage\":\"sv-SE\",\"potentialAction\":[{\"@type\":\"ReadAction\",\"target\":[\"https:\/\/digimuseo.fi\/sv\/utstallningar\/undervattenskrigforingens-historia\/\"]}]},{\"@type\":\"ImageObject\",\"inLanguage\":\"sv-SE\",\"@id\":\"https:\/\/digimuseo.fi\/sv\/utstallningar\/undervattenskrigforingens-historia\/#primaryimage\",\"url\":\"https:\/\/digimuseo.fi\/wp-content\/uploads\/2021\/10\/rajahdys-scaled.jpg\",\"contentUrl\":\"https:\/\/digimuseo.fi\/wp-content\/uploads\/2021\/10\/rajahdys-scaled.jpg\",\"width\":2499,\"height\":2560,\"caption\":\"Bild: Minan exploderar K\u00e4lla: Forum Marinum\"},{\"@type\":\"BreadcrumbList\",\"@id\":\"https:\/\/digimuseo.fi\/sv\/utstallningar\/undervattenskrigforingens-historia\/#breadcrumb\",\"itemListElement\":[{\"@type\":\"ListItem\",\"position\":1,\"name\":\"Home\",\"item\":\"https:\/\/digimuseo.fi\/sv\/\"},{\"@type\":\"ListItem\",\"position\":2,\"name\":\"Tuotteet\",\"item\":\"https:\/\/digimuseo.fi\/nayttelyt\/\"},{\"@type\":\"ListItem\",\"position\":3,\"name\":\"Forum Marinum &#8211; Undervattenskrigf\u00f6ringens historia\"}]},{\"@type\":\"WebSite\",\"@id\":\"https:\/\/digimuseo.fi\/en\/#website\",\"url\":\"https:\/\/digimuseo.fi\/en\/\",\"name\":\"Digital museum\",\"description\":\"G\u00e5 in fr\u00e5n ditt vardagsrum\",\"potentialAction\":[{\"@type\":\"SearchAction\",\"target\":{\"@type\":\"EntryPoint\",\"urlTemplate\":\"https:\/\/digimuseo.fi\/en\/?s={search_term_string}\"},\"query-input\":{\"@type\":\"PropertyValueSpecification\",\"valueRequired\":true,\"valueName\":\"search_term_string\"}}],\"inLanguage\":\"sv-SE\"}]}<\/script>\n<!-- \/ Yoast SEO plugin. -->","yoast_head_json":{"title":"Forum Marinum - Undervattenskrigf\u00f6ringens historia - Digital museum","description":"Forum Marinums virtuella utst\u00e4llning om undervattenskrigf\u00f6ringens historia","robots":{"index":"index","follow":"follow","max-snippet":"max-snippet:-1","max-image-preview":"max-image-preview:large","max-video-preview":"max-video-preview:-1"},"canonical":"https:\/\/digimuseo.fi\/sv\/utstallningar\/undervattenskrigforingens-historia\/","og_locale":"sv_SE","og_type":"article","og_title":"Forum Marinum - Undervattenskrigf\u00f6ringens historia - Digital museum","og_description":"Forum Marinums virtuella utst\u00e4llning om undervattenskrigf\u00f6ringens historia","og_url":"https:\/\/digimuseo.fi\/sv\/utstallningar\/undervattenskrigforingens-historia\/","og_site_name":"Digital museum","article_modified_time":"2022-09-30T07:49:39+00:00","og_image":[{"width":2499,"height":2560,"url":"https:\/\/digimuseo.fi\/wp-content\/uploads\/2021\/10\/rajahdys-scaled.jpg","type":"image\/jpeg"}],"twitter_card":"summary_large_image","twitter_misc":{"Ber\u00e4knad l\u00e4stid":"1 minut"},"schema":{"@context":"https:\/\/schema.org","@graph":[{"@type":"WebPage","@id":"https:\/\/digimuseo.fi\/sv\/utstallningar\/undervattenskrigforingens-historia\/","url":"https:\/\/digimuseo.fi\/sv\/utstallningar\/undervattenskrigforingens-historia\/","name":"Forum Marinum - Undervattenskrigf\u00f6ringens historia - Digital museum","isPartOf":{"@id":"https:\/\/digimuseo.fi\/en\/#website"},"primaryImageOfPage":{"@id":"https:\/\/digimuseo.fi\/sv\/utstallningar\/undervattenskrigforingens-historia\/#primaryimage"},"image":{"@id":"https:\/\/digimuseo.fi\/sv\/utstallningar\/undervattenskrigforingens-historia\/#primaryimage"},"thumbnailUrl":"https:\/\/digimuseo.fi\/wp-content\/uploads\/2021\/10\/rajahdys-scaled.jpg","datePublished":"2021-11-08T09:56:27+00:00","dateModified":"2022-09-30T07:49:39+00:00","description":"Forum Marinums virtuella utst\u00e4llning om undervattenskrigf\u00f6ringens historia","breadcrumb":{"@id":"https:\/\/digimuseo.fi\/sv\/utstallningar\/undervattenskrigforingens-historia\/#breadcrumb"},"inLanguage":"sv-SE","potentialAction":[{"@type":"ReadAction","target":["https:\/\/digimuseo.fi\/sv\/utstallningar\/undervattenskrigforingens-historia\/"]}]},{"@type":"ImageObject","inLanguage":"sv-SE","@id":"https:\/\/digimuseo.fi\/sv\/utstallningar\/undervattenskrigforingens-historia\/#primaryimage","url":"https:\/\/digimuseo.fi\/wp-content\/uploads\/2021\/10\/rajahdys-scaled.jpg","contentUrl":"https:\/\/digimuseo.fi\/wp-content\/uploads\/2021\/10\/rajahdys-scaled.jpg","width":2499,"height":2560,"caption":"Bild: Minan exploderar K\u00e4lla: Forum Marinum"},{"@type":"BreadcrumbList","@id":"https:\/\/digimuseo.fi\/sv\/utstallningar\/undervattenskrigforingens-historia\/#breadcrumb","itemListElement":[{"@type":"ListItem","position":1,"name":"Home","item":"https:\/\/digimuseo.fi\/sv\/"},{"@type":"ListItem","position":2,"name":"Tuotteet","item":"https:\/\/digimuseo.fi\/nayttelyt\/"},{"@type":"ListItem","position":3,"name":"Forum Marinum &#8211; Undervattenskrigf\u00f6ringens historia"}]},{"@type":"WebSite","@id":"https:\/\/digimuseo.fi\/en\/#website","url":"https:\/\/digimuseo.fi\/en\/","name":"Digital museum","description":"G\u00e5 in fr\u00e5n ditt vardagsrum","potentialAction":[{"@type":"SearchAction","target":{"@type":"EntryPoint","urlTemplate":"https:\/\/digimuseo.fi\/en\/?s={search_term_string}"},"query-input":{"@type":"PropertyValueSpecification","valueRequired":true,"valueName":"search_term_string"}}],"inLanguage":"sv-SE"}]}},"_links":{"self":[{"href":"https:\/\/digimuseo.fi\/sv\/wp-json\/wp\/v2\/product\/1470","targetHints":{"allow":["GET"]}}],"collection":[{"href":"https:\/\/digimuseo.fi\/sv\/wp-json\/wp\/v2\/product"}],"about":[{"href":"https:\/\/digimuseo.fi\/sv\/wp-json\/wp\/v2\/types\/product"}],"wp:featuredmedia":[{"embeddable":true,"href":"https:\/\/digimuseo.fi\/sv\/wp-json\/wp\/v2\/media\/1485"}],"wp:attachment":[{"href":"https:\/\/digimuseo.fi\/sv\/wp-json\/wp\/v2\/media?parent=1470"}],"wp:term":[{"taxonomy":"product_brand","embeddable":true,"href":"https:\/\/digimuseo.fi\/sv\/wp-json\/wp\/v2\/product_brand?post=1470"},{"taxonomy":"product_cat","embeddable":true,"href":"https:\/\/digimuseo.fi\/sv\/wp-json\/wp\/v2\/product_cat?post=1470"},{"taxonomy":"product_tag","embeddable":true,"href":"https:\/\/digimuseo.fi\/sv\/wp-json\/wp\/v2\/product_tag?post=1470"},{"taxonomy":"school_subject","embeddable":true,"href":"https:\/\/digimuseo.fi\/sv\/wp-json\/wp\/v2\/school_subject?post=1470"},{"taxonomy":"school_level","embeddable":true,"href":"https:\/\/digimuseo.fi\/sv\/wp-json\/wp\/v2\/school_level?post=1470"}],"curies":[{"name":"wp","href":"https:\/\/api.w.org\/{rel}","templated":true}]}}