{"id":1375,"date":"2021-06-11T10:17:56","date_gmt":"2021-06-11T07:17:56","guid":{"rendered":"https:\/\/digimuseo.fi\/nayttelyt\/virtuell-visning-i-presidentens-slott-2\/"},"modified":"2022-10-11T09:45:03","modified_gmt":"2022-10-11T06:45:03","slug":"virtuell-visning-i-presidentens-slott","status":"publish","type":"product","link":"https:\/\/digimuseo.fi\/sv\/utstallningar\/virtuell-visning-i-presidentens-slott\/","title":{"rendered":"Virtuell visning i Presidentens slott"},"content":{"rendered":"<p>En rundtur med panoramabilder g\u00f6r det m\u00f6jligt att bekanta sig med slottets salar och rum samt konstverk, m\u00f6bler och historia.<\/p>\n<p>Ut\u00f6ver slottets kejserliga konstsamling presenteras i Presidentens slott verk som konstmuseet Ateneum har deponerat d\u00e4r. Den kejserliga konstsamlingen omfattar bland annat verk av Albert Edelfelt, Werner Holmberg, Ferdinanvd von Wright, Hjalmar Munsterhjelm och Akseli Gallen-Kallela. Till samlingarna h\u00f6r ocks\u00e5 bronsbyster av republikens samtliga presidenter samt portr\u00e4tt av deras makar.<\/p>\n","protected":false},"excerpt":{"rendered":"<p>En virtuell visning av Presidentens slott finns nu ocks\u00e5 p\u00e5 Digimuseo webbplats!<\/p>\n","protected":false},"featured_media":404,"template":"","meta":{"_acf_changed":false},"product_brand":[],"product_cat":[75],"product_tag":[],"school_subject":[],"school_level":[],"class_list":{"0":"post-1375","1":"product","2":"type-product","3":"status-publish","4":"has-post-thumbnail","6":"product_cat-yleinen-sv","7":"museums-presidentens-slott-sv","8":"exhibition_themes-historia-sv","10":"first","11":"instock","12":"virtual","13":"sold-individually","14":"taxable","15":"product-type-basic_museum"},"acf":[],"yoast_head":"<!-- This site is optimized with the Yoast SEO plugin v27.1.1 - https:\/\/yoast.com\/product\/yoast-seo-wordpress\/ -->\n<title>Virtuell visning i Presidentens slott - Digital museum<\/title>\n<meta name=\"description\" content=\"Virtuell visning i Presidentens slott\" \/>\n<meta name=\"robots\" content=\"index, follow, max-snippet:-1, max-image-preview:large, max-video-preview:-1\" \/>\n<link rel=\"canonical\" href=\"https:\/\/digimuseo.fi\/sv\/utstallningar\/virtuell-visning-i-presidentens-slott\/\" \/>\n<meta property=\"og:locale\" content=\"sv_SE\" \/>\n<meta property=\"og:type\" content=\"article\" \/>\n<meta property=\"og:title\" content=\"Virtuell visning i Presidentens slott - Digital museum\" \/>\n<meta property=\"og:description\" content=\"Virtuell visning i Presidentens slott\" \/>\n<meta property=\"og:url\" content=\"https:\/\/digimuseo.fi\/sv\/utstallningar\/virtuell-visning-i-presidentens-slott\/\" \/>\n<meta property=\"og:site_name\" content=\"Digital museum\" \/>\n<meta property=\"article:modified_time\" content=\"2022-10-11T06:45:03+00:00\" \/>\n<meta property=\"og:image\" content=\"https:\/\/digimuseo.fi\/wp-content\/uploads\/2020\/12\/presidentinlinna-nosto.jpg\" \/>\n\t<meta property=\"og:image:width\" content=\"530\" \/>\n\t<meta property=\"og:image:height\" content=\"608\" \/>\n\t<meta property=\"og:image:type\" content=\"image\/jpeg\" \/>\n<meta name=\"twitter:card\" content=\"summary_large_image\" \/>\n<meta name=\"twitter:label1\" content=\"Ber\u00e4knad l\u00e4stid\" \/>\n\t<meta name=\"twitter:data1\" content=\"1 minut\" \/>\n<script type=\"application\/ld+json\" class=\"yoast-schema-graph\">{\"@context\":\"https:\/\/schema.org\",\"@graph\":[{\"@type\":\"WebPage\",\"@id\":\"https:\/\/digimuseo.fi\/sv\/utstallningar\/virtuell-visning-i-presidentens-slott\/\",\"url\":\"https:\/\/digimuseo.fi\/sv\/utstallningar\/virtuell-visning-i-presidentens-slott\/\",\"name\":\"Virtuell visning i Presidentens slott - Digital museum\",\"isPartOf\":{\"@id\":\"https:\/\/digimuseo.fi\/en\/#website\"},\"primaryImageOfPage\":{\"@id\":\"https:\/\/digimuseo.fi\/sv\/utstallningar\/virtuell-visning-i-presidentens-slott\/#primaryimage\"},\"image\":{\"@id\":\"https:\/\/digimuseo.fi\/sv\/utstallningar\/virtuell-visning-i-presidentens-slott\/#primaryimage\"},\"thumbnailUrl\":\"https:\/\/digimuseo.fi\/wp-content\/uploads\/2020\/12\/presidentinlinna-nosto.jpg\",\"datePublished\":\"2021-06-11T07:17:56+00:00\",\"dateModified\":\"2022-10-11T06:45:03+00:00\",\"description\":\"Virtuell visning i Presidentens slott\",\"breadcrumb\":{\"@id\":\"https:\/\/digimuseo.fi\/sv\/utstallningar\/virtuell-visning-i-presidentens-slott\/#breadcrumb\"},\"inLanguage\":\"sv-SE\",\"potentialAction\":[{\"@type\":\"ReadAction\",\"target\":[\"https:\/\/digimuseo.fi\/sv\/utstallningar\/virtuell-visning-i-presidentens-slott\/\"]}]},{\"@type\":\"ImageObject\",\"inLanguage\":\"sv-SE\",\"@id\":\"https:\/\/digimuseo.fi\/sv\/utstallningar\/virtuell-visning-i-presidentens-slott\/#primaryimage\",\"url\":\"https:\/\/digimuseo.fi\/wp-content\/uploads\/2020\/12\/presidentinlinna-nosto.jpg\",\"contentUrl\":\"https:\/\/digimuseo.fi\/wp-content\/uploads\/2020\/12\/presidentinlinna-nosto.jpg\",\"width\":530,\"height\":608,\"caption\":\"Virtuell visning i Presidentens slott\"},{\"@type\":\"BreadcrumbList\",\"@id\":\"https:\/\/digimuseo.fi\/sv\/utstallningar\/virtuell-visning-i-presidentens-slott\/#breadcrumb\",\"itemListElement\":[{\"@type\":\"ListItem\",\"position\":1,\"name\":\"Home\",\"item\":\"https:\/\/digimuseo.fi\/sv\/\"},{\"@type\":\"ListItem\",\"position\":2,\"name\":\"Tuotteet\",\"item\":\"https:\/\/digimuseo.fi\/nayttelyt\/\"},{\"@type\":\"ListItem\",\"position\":3,\"name\":\"Virtuell visning i Presidentens slott\"}]},{\"@type\":\"WebSite\",\"@id\":\"https:\/\/digimuseo.fi\/en\/#website\",\"url\":\"https:\/\/digimuseo.fi\/en\/\",\"name\":\"Digital museum\",\"description\":\"G\u00e5 in fr\u00e5n ditt vardagsrum\",\"potentialAction\":[{\"@type\":\"SearchAction\",\"target\":{\"@type\":\"EntryPoint\",\"urlTemplate\":\"https:\/\/digimuseo.fi\/en\/?s={search_term_string}\"},\"query-input\":{\"@type\":\"PropertyValueSpecification\",\"valueRequired\":true,\"valueName\":\"search_term_string\"}}],\"inLanguage\":\"sv-SE\"}]}<\/script>\n<!-- \/ Yoast SEO plugin. -->","yoast_head_json":{"title":"Virtuell visning i Presidentens slott - Digital museum","description":"Virtuell visning i Presidentens slott","robots":{"index":"index","follow":"follow","max-snippet":"max-snippet:-1","max-image-preview":"max-image-preview:large","max-video-preview":"max-video-preview:-1"},"canonical":"https:\/\/digimuseo.fi\/sv\/utstallningar\/virtuell-visning-i-presidentens-slott\/","og_locale":"sv_SE","og_type":"article","og_title":"Virtuell visning i Presidentens slott - Digital museum","og_description":"Virtuell visning i Presidentens slott","og_url":"https:\/\/digimuseo.fi\/sv\/utstallningar\/virtuell-visning-i-presidentens-slott\/","og_site_name":"Digital museum","article_modified_time":"2022-10-11T06:45:03+00:00","og_image":[{"width":530,"height":608,"url":"https:\/\/digimuseo.fi\/wp-content\/uploads\/2020\/12\/presidentinlinna-nosto.jpg","type":"image\/jpeg"}],"twitter_card":"summary_large_image","twitter_misc":{"Ber\u00e4knad l\u00e4stid":"1 minut"},"schema":{"@context":"https:\/\/schema.org","@graph":[{"@type":"WebPage","@id":"https:\/\/digimuseo.fi\/sv\/utstallningar\/virtuell-visning-i-presidentens-slott\/","url":"https:\/\/digimuseo.fi\/sv\/utstallningar\/virtuell-visning-i-presidentens-slott\/","name":"Virtuell visning i Presidentens slott - Digital museum","isPartOf":{"@id":"https:\/\/digimuseo.fi\/en\/#website"},"primaryImageOfPage":{"@id":"https:\/\/digimuseo.fi\/sv\/utstallningar\/virtuell-visning-i-presidentens-slott\/#primaryimage"},"image":{"@id":"https:\/\/digimuseo.fi\/sv\/utstallningar\/virtuell-visning-i-presidentens-slott\/#primaryimage"},"thumbnailUrl":"https:\/\/digimuseo.fi\/wp-content\/uploads\/2020\/12\/presidentinlinna-nosto.jpg","datePublished":"2021-06-11T07:17:56+00:00","dateModified":"2022-10-11T06:45:03+00:00","description":"Virtuell visning i Presidentens slott","breadcrumb":{"@id":"https:\/\/digimuseo.fi\/sv\/utstallningar\/virtuell-visning-i-presidentens-slott\/#breadcrumb"},"inLanguage":"sv-SE","potentialAction":[{"@type":"ReadAction","target":["https:\/\/digimuseo.fi\/sv\/utstallningar\/virtuell-visning-i-presidentens-slott\/"]}]},{"@type":"ImageObject","inLanguage":"sv-SE","@id":"https:\/\/digimuseo.fi\/sv\/utstallningar\/virtuell-visning-i-presidentens-slott\/#primaryimage","url":"https:\/\/digimuseo.fi\/wp-content\/uploads\/2020\/12\/presidentinlinna-nosto.jpg","contentUrl":"https:\/\/digimuseo.fi\/wp-content\/uploads\/2020\/12\/presidentinlinna-nosto.jpg","width":530,"height":608,"caption":"Virtuell visning i Presidentens slott"},{"@type":"BreadcrumbList","@id":"https:\/\/digimuseo.fi\/sv\/utstallningar\/virtuell-visning-i-presidentens-slott\/#breadcrumb","itemListElement":[{"@type":"ListItem","position":1,"name":"Home","item":"https:\/\/digimuseo.fi\/sv\/"},{"@type":"ListItem","position":2,"name":"Tuotteet","item":"https:\/\/digimuseo.fi\/nayttelyt\/"},{"@type":"ListItem","position":3,"name":"Virtuell visning i Presidentens slott"}]},{"@type":"WebSite","@id":"https:\/\/digimuseo.fi\/en\/#website","url":"https:\/\/digimuseo.fi\/en\/","name":"Digital museum","description":"G\u00e5 in fr\u00e5n ditt vardagsrum","potentialAction":[{"@type":"SearchAction","target":{"@type":"EntryPoint","urlTemplate":"https:\/\/digimuseo.fi\/en\/?s={search_term_string}"},"query-input":{"@type":"PropertyValueSpecification","valueRequired":true,"valueName":"search_term_string"}}],"inLanguage":"sv-SE"}]}},"_links":{"self":[{"href":"https:\/\/digimuseo.fi\/sv\/wp-json\/wp\/v2\/product\/1375","targetHints":{"allow":["GET"]}}],"collection":[{"href":"https:\/\/digimuseo.fi\/sv\/wp-json\/wp\/v2\/product"}],"about":[{"href":"https:\/\/digimuseo.fi\/sv\/wp-json\/wp\/v2\/types\/product"}],"wp:featuredmedia":[{"embeddable":true,"href":"https:\/\/digimuseo.fi\/sv\/wp-json\/wp\/v2\/media\/404"}],"wp:attachment":[{"href":"https:\/\/digimuseo.fi\/sv\/wp-json\/wp\/v2\/media?parent=1375"}],"wp:term":[{"taxonomy":"product_brand","embeddable":true,"href":"https:\/\/digimuseo.fi\/sv\/wp-json\/wp\/v2\/product_brand?post=1375"},{"taxonomy":"product_cat","embeddable":true,"href":"https:\/\/digimuseo.fi\/sv\/wp-json\/wp\/v2\/product_cat?post=1375"},{"taxonomy":"product_tag","embeddable":true,"href":"https:\/\/digimuseo.fi\/sv\/wp-json\/wp\/v2\/product_tag?post=1375"},{"taxonomy":"school_subject","embeddable":true,"href":"https:\/\/digimuseo.fi\/sv\/wp-json\/wp\/v2\/school_subject?post=1375"},{"taxonomy":"school_level","embeddable":true,"href":"https:\/\/digimuseo.fi\/sv\/wp-json\/wp\/v2\/school_level?post=1375"}],"curies":[{"name":"wp","href":"https:\/\/api.w.org\/{rel}","templated":true}]}}