{"id":1370,"date":"2021-06-11T16:22:43","date_gmt":"2021-06-11T13:22:43","guid":{"rendered":"https:\/\/digimuseo.fi\/nayttelyt\/turku-abo-1827-sv\/"},"modified":"2026-04-17T14:50:38","modified_gmt":"2026-04-17T11:50:38","slug":"turku-abo-1827-sv","status":"publish","type":"product","link":"https:\/\/digimuseo.fi\/sv\/utstallningar\/turku-abo-1827-sv\/","title":{"rendered":"Turku \u00c5bo 1827"},"content":{"rendered":"<p><span style=\"font-weight: 400;\">V\u00e4lkommen till \u00c5bo \u00e5r 1827! Den stora branden i \u00c5bo i september 1827 lade den medeltida staden i ruiner, och endast n\u00e5gra f\u00e5 byggnader har \u00f6verlevt till idag. G\u00e5 virtuellt genom stadens gator och l\u00e4ngs Aura \u00e5s str\u00e4nder under tiden f\u00f6re branden. I gr\u00e4nderna p\u00e5 Klosterbacken f\u00e5r du l\u00e4ra k\u00e4nna ett f\u00f6rortsomr\u00e5de fr\u00e5n 200 \u00e5r sedan.<\/span><\/p>\n<p><span style=\"font-weight: 400;\">En storskalig 3D-modell baserad p\u00e5 brandf\u00f6rs\u00e4kringsdokument, byggnadsritningar och stadsbeskrivningar tar l\u00e4ttillg\u00e4nglig form i en stadsrundtur i 360\u00b0. Hur s\u00e5g staden ut innan branden? F\u00f6lj med oss p\u00e5 en tidsresa!\u00a0<\/span><\/p>\n","protected":false},"excerpt":{"rendered":"<p><span style=\"font-weight: 400;\">V\u00e4lkommen till \u00c5bo \u00e5r 1827! Den stora branden i \u00c5bo i september 1827 lade den medeltida staden i ruiner, och endast n\u00e5gra f\u00e5 byggnader har \u00f6verlevt till idag. G\u00e5 virtuellt genom stadens gator och l\u00e4ngs Aura \u00e5s str\u00e4nder under tiden f\u00f6re branden. I gr\u00e4nderna p\u00e5 Klosterbacken f\u00e5r du l\u00e4ra k\u00e4nna ett f\u00f6rortsomr\u00e5de fr\u00e5n 200 \u00e5r sedan.<\/span><\/p>\n<p><span style=\"font-weight: 400;\">En storskalig 3D-modell baserad p\u00e5 brandf\u00f6rs\u00e4kringsdokument, byggnadsritningar och stadsbeskrivningar tar l\u00e4ttillg\u00e4nglig form i en stadsrundtur i 360\u00b0. Hur s\u00e5g staden ut innan branden? F\u00f6lj med oss p\u00e5 en tidsresa!\u00a0<\/span><\/p>\n","protected":false},"featured_media":519,"template":"","meta":{"_acf_changed":false},"product_brand":[],"product_cat":[75],"product_tag":[],"school_subject":[],"school_level":[],"class_list":{"0":"post-1370","1":"product","2":"type-product","3":"status-publish","4":"has-post-thumbnail","6":"product_cat-yleinen-sv","7":"museums-museum-for-historia-och-framtiden-sv","8":"exhibition_themes-historia-sv","10":"first","11":"instock","12":"virtual","13":"sold-individually","14":"taxable","15":"product-type-basic_museum"},"acf":[],"yoast_head":"<!-- This site is optimized with the Yoast SEO plugin v27.4 - https:\/\/yoast.com\/product\/yoast-seo-wordpress\/ -->\n<title>Turku \u00c5bo 1827 - Digital museum<\/title>\n<meta name=\"robots\" content=\"index, follow, max-snippet:-1, max-image-preview:large, max-video-preview:-1\" \/>\n<link rel=\"canonical\" href=\"https:\/\/digimuseo.fi\/sv\/utstallningar\/turku-abo-1827-sv\/\" \/>\n<meta property=\"og:locale\" content=\"sv_SE\" \/>\n<meta property=\"og:type\" content=\"article\" \/>\n<meta property=\"og:title\" content=\"Turku \u00c5bo 1827 - Digital museum\" \/>\n<meta property=\"og:description\" content=\"V\u00e4lkommen till \u00c5bo \u00e5r 1827! Den stora branden i \u00c5bo i september 1827 lade den medeltida staden i ruiner, och endast n\u00e5gra f\u00e5 byggnader har \u00f6verlevt till idag. G\u00e5 virtuellt genom stadens gator och l\u00e4ngs Aura \u00e5s str\u00e4nder under tiden f\u00f6re branden. I gr\u00e4nderna p\u00e5 Klosterbacken f\u00e5r du l\u00e4ra k\u00e4nna ett f\u00f6rortsomr\u00e5de fr\u00e5n 200 \u00e5r sedan.  En storskalig 3D-modell baserad p\u00e5 brandf\u00f6rs\u00e4kringsdokument, byggnadsritningar och stadsbeskrivningar tar l\u00e4ttillg\u00e4nglig form i en stadsrundtur i 360\u00b0. Hur s\u00e5g staden ut innan branden? F\u00f6lj med oss p\u00e5 en tidsresa!\u00a0\" \/>\n<meta property=\"og:url\" content=\"https:\/\/digimuseo.fi\/sv\/utstallningar\/turku-abo-1827-sv\/\" \/>\n<meta property=\"og:site_name\" content=\"Digital museum\" \/>\n<meta property=\"article:modified_time\" content=\"2026-04-17T11:50:38+00:00\" \/>\n<meta property=\"og:image\" content=\"https:\/\/digimuseo.fi\/wp-content\/uploads\/2021\/05\/iso-kirkkokatu-rajattu.jpg\" \/>\n\t<meta property=\"og:image:width\" content=\"1125\" \/>\n\t<meta property=\"og:image:height\" content=\"1125\" \/>\n\t<meta property=\"og:image:type\" content=\"image\/jpeg\" \/>\n<meta name=\"twitter:card\" content=\"summary_large_image\" \/>\n<meta name=\"twitter:label1\" content=\"Ber\u00e4knad l\u00e4stid\" \/>\n\t<meta name=\"twitter:data1\" content=\"1 minut\" \/>\n<script type=\"application\/ld+json\" class=\"yoast-schema-graph\">{\"@context\":\"https:\\\/\\\/schema.org\",\"@graph\":[{\"@type\":\"WebPage\",\"@id\":\"https:\\\/\\\/digimuseo.fi\\\/sv\\\/utstallningar\\\/turku-abo-1827-sv\\\/\",\"url\":\"https:\\\/\\\/digimuseo.fi\\\/sv\\\/utstallningar\\\/turku-abo-1827-sv\\\/\",\"name\":\"Turku \u00c5bo 1827 - Digital museum\",\"isPartOf\":{\"@id\":\"https:\\\/\\\/digimuseo.fi\\\/en\\\/#website\"},\"primaryImageOfPage\":{\"@id\":\"https:\\\/\\\/digimuseo.fi\\\/sv\\\/utstallningar\\\/turku-abo-1827-sv\\\/#primaryimage\"},\"image\":{\"@id\":\"https:\\\/\\\/digimuseo.fi\\\/sv\\\/utstallningar\\\/turku-abo-1827-sv\\\/#primaryimage\"},\"thumbnailUrl\":\"https:\\\/\\\/digimuseo.fi\\\/wp-content\\\/uploads\\\/2021\\\/05\\\/iso-kirkkokatu-rajattu.jpg\",\"datePublished\":\"2021-06-11T13:22:43+00:00\",\"dateModified\":\"2026-04-17T11:50:38+00:00\",\"breadcrumb\":{\"@id\":\"https:\\\/\\\/digimuseo.fi\\\/sv\\\/utstallningar\\\/turku-abo-1827-sv\\\/#breadcrumb\"},\"inLanguage\":\"sv-SE\",\"potentialAction\":[{\"@type\":\"ReadAction\",\"target\":[\"https:\\\/\\\/digimuseo.fi\\\/sv\\\/utstallningar\\\/turku-abo-1827-sv\\\/\"]}]},{\"@type\":\"ImageObject\",\"inLanguage\":\"sv-SE\",\"@id\":\"https:\\\/\\\/digimuseo.fi\\\/sv\\\/utstallningar\\\/turku-abo-1827-sv\\\/#primaryimage\",\"url\":\"https:\\\/\\\/digimuseo.fi\\\/wp-content\\\/uploads\\\/2021\\\/05\\\/iso-kirkkokatu-rajattu.jpg\",\"contentUrl\":\"https:\\\/\\\/digimuseo.fi\\\/wp-content\\\/uploads\\\/2021\\\/05\\\/iso-kirkkokatu-rajattu.jpg\",\"width\":1125,\"height\":1125,\"caption\":\"Virtual picture from old church alley from old Turku\"},{\"@type\":\"BreadcrumbList\",\"@id\":\"https:\\\/\\\/digimuseo.fi\\\/sv\\\/utstallningar\\\/turku-abo-1827-sv\\\/#breadcrumb\",\"itemListElement\":[{\"@type\":\"ListItem\",\"position\":1,\"name\":\"Home\",\"item\":\"https:\\\/\\\/digimuseo.fi\\\/sv\\\/\"},{\"@type\":\"ListItem\",\"position\":2,\"name\":\"Tuotteet\",\"item\":\"https:\\\/\\\/digimuseo.fi\\\/nayttelyt\\\/\"},{\"@type\":\"ListItem\",\"position\":3,\"name\":\"Turku \u00c5bo 1827\"}]},{\"@type\":\"WebSite\",\"@id\":\"https:\\\/\\\/digimuseo.fi\\\/en\\\/#website\",\"url\":\"https:\\\/\\\/digimuseo.fi\\\/en\\\/\",\"name\":\"Digital museum\",\"description\":\"G\u00e5 in fr\u00e5n ditt vardagsrum\",\"potentialAction\":[{\"@type\":\"SearchAction\",\"target\":{\"@type\":\"EntryPoint\",\"urlTemplate\":\"https:\\\/\\\/digimuseo.fi\\\/en\\\/?s={search_term_string}\"},\"query-input\":{\"@type\":\"PropertyValueSpecification\",\"valueRequired\":true,\"valueName\":\"search_term_string\"}}],\"inLanguage\":\"sv-SE\"}]}<\/script>\n<!-- \/ Yoast SEO plugin. -->","yoast_head_json":{"title":"Turku \u00c5bo 1827 - Digital museum","robots":{"index":"index","follow":"follow","max-snippet":"max-snippet:-1","max-image-preview":"max-image-preview:large","max-video-preview":"max-video-preview:-1"},"canonical":"https:\/\/digimuseo.fi\/sv\/utstallningar\/turku-abo-1827-sv\/","og_locale":"sv_SE","og_type":"article","og_title":"Turku \u00c5bo 1827 - Digital museum","og_description":"V\u00e4lkommen till \u00c5bo \u00e5r 1827! Den stora branden i \u00c5bo i september 1827 lade den medeltida staden i ruiner, och endast n\u00e5gra f\u00e5 byggnader har \u00f6verlevt till idag. G\u00e5 virtuellt genom stadens gator och l\u00e4ngs Aura \u00e5s str\u00e4nder under tiden f\u00f6re branden. I gr\u00e4nderna p\u00e5 Klosterbacken f\u00e5r du l\u00e4ra k\u00e4nna ett f\u00f6rortsomr\u00e5de fr\u00e5n 200 \u00e5r sedan.  En storskalig 3D-modell baserad p\u00e5 brandf\u00f6rs\u00e4kringsdokument, byggnadsritningar och stadsbeskrivningar tar l\u00e4ttillg\u00e4nglig form i en stadsrundtur i 360\u00b0. Hur s\u00e5g staden ut innan branden? F\u00f6lj med oss p\u00e5 en tidsresa!\u00a0","og_url":"https:\/\/digimuseo.fi\/sv\/utstallningar\/turku-abo-1827-sv\/","og_site_name":"Digital museum","article_modified_time":"2026-04-17T11:50:38+00:00","og_image":[{"width":1125,"height":1125,"url":"https:\/\/digimuseo.fi\/wp-content\/uploads\/2021\/05\/iso-kirkkokatu-rajattu.jpg","type":"image\/jpeg"}],"twitter_card":"summary_large_image","twitter_misc":{"Ber\u00e4knad l\u00e4stid":"1 minut"},"schema":{"@context":"https:\/\/schema.org","@graph":[{"@type":"WebPage","@id":"https:\/\/digimuseo.fi\/sv\/utstallningar\/turku-abo-1827-sv\/","url":"https:\/\/digimuseo.fi\/sv\/utstallningar\/turku-abo-1827-sv\/","name":"Turku \u00c5bo 1827 - Digital museum","isPartOf":{"@id":"https:\/\/digimuseo.fi\/en\/#website"},"primaryImageOfPage":{"@id":"https:\/\/digimuseo.fi\/sv\/utstallningar\/turku-abo-1827-sv\/#primaryimage"},"image":{"@id":"https:\/\/digimuseo.fi\/sv\/utstallningar\/turku-abo-1827-sv\/#primaryimage"},"thumbnailUrl":"https:\/\/digimuseo.fi\/wp-content\/uploads\/2021\/05\/iso-kirkkokatu-rajattu.jpg","datePublished":"2021-06-11T13:22:43+00:00","dateModified":"2026-04-17T11:50:38+00:00","breadcrumb":{"@id":"https:\/\/digimuseo.fi\/sv\/utstallningar\/turku-abo-1827-sv\/#breadcrumb"},"inLanguage":"sv-SE","potentialAction":[{"@type":"ReadAction","target":["https:\/\/digimuseo.fi\/sv\/utstallningar\/turku-abo-1827-sv\/"]}]},{"@type":"ImageObject","inLanguage":"sv-SE","@id":"https:\/\/digimuseo.fi\/sv\/utstallningar\/turku-abo-1827-sv\/#primaryimage","url":"https:\/\/digimuseo.fi\/wp-content\/uploads\/2021\/05\/iso-kirkkokatu-rajattu.jpg","contentUrl":"https:\/\/digimuseo.fi\/wp-content\/uploads\/2021\/05\/iso-kirkkokatu-rajattu.jpg","width":1125,"height":1125,"caption":"Virtual picture from old church alley from old Turku"},{"@type":"BreadcrumbList","@id":"https:\/\/digimuseo.fi\/sv\/utstallningar\/turku-abo-1827-sv\/#breadcrumb","itemListElement":[{"@type":"ListItem","position":1,"name":"Home","item":"https:\/\/digimuseo.fi\/sv\/"},{"@type":"ListItem","position":2,"name":"Tuotteet","item":"https:\/\/digimuseo.fi\/nayttelyt\/"},{"@type":"ListItem","position":3,"name":"Turku \u00c5bo 1827"}]},{"@type":"WebSite","@id":"https:\/\/digimuseo.fi\/en\/#website","url":"https:\/\/digimuseo.fi\/en\/","name":"Digital museum","description":"G\u00e5 in fr\u00e5n ditt vardagsrum","potentialAction":[{"@type":"SearchAction","target":{"@type":"EntryPoint","urlTemplate":"https:\/\/digimuseo.fi\/en\/?s={search_term_string}"},"query-input":{"@type":"PropertyValueSpecification","valueRequired":true,"valueName":"search_term_string"}}],"inLanguage":"sv-SE"}]}},"_links":{"self":[{"href":"https:\/\/digimuseo.fi\/sv\/wp-json\/wp\/v2\/product\/1370","targetHints":{"allow":["GET"]}}],"collection":[{"href":"https:\/\/digimuseo.fi\/sv\/wp-json\/wp\/v2\/product"}],"about":[{"href":"https:\/\/digimuseo.fi\/sv\/wp-json\/wp\/v2\/types\/product"}],"wp:featuredmedia":[{"embeddable":true,"href":"https:\/\/digimuseo.fi\/sv\/wp-json\/wp\/v2\/media\/519"}],"wp:attachment":[{"href":"https:\/\/digimuseo.fi\/sv\/wp-json\/wp\/v2\/media?parent=1370"}],"wp:term":[{"taxonomy":"product_brand","embeddable":true,"href":"https:\/\/digimuseo.fi\/sv\/wp-json\/wp\/v2\/product_brand?post=1370"},{"taxonomy":"product_cat","embeddable":true,"href":"https:\/\/digimuseo.fi\/sv\/wp-json\/wp\/v2\/product_cat?post=1370"},{"taxonomy":"product_tag","embeddable":true,"href":"https:\/\/digimuseo.fi\/sv\/wp-json\/wp\/v2\/product_tag?post=1370"},{"taxonomy":"school_subject","embeddable":true,"href":"https:\/\/digimuseo.fi\/sv\/wp-json\/wp\/v2\/school_subject?post=1370"},{"taxonomy":"school_level","embeddable":true,"href":"https:\/\/digimuseo.fi\/sv\/wp-json\/wp\/v2\/school_level?post=1370"}],"curies":[{"name":"wp","href":"https:\/\/api.w.org\/{rel}","templated":true}]}}