{"id":1216,"date":"2021-06-11T14:52:07","date_gmt":"2021-06-11T11:52:07","guid":{"rendered":"https:\/\/digimuseo.fi\/nayttelyt\/apoteksmuseet-och-qwenselska-garden\/"},"modified":"2023-12-04T10:18:31","modified_gmt":"2023-12-04T08:18:31","slug":"apoteksmuseet-och-qwenselska-garden","status":"publish","type":"product","link":"https:\/\/digimuseo.fi\/sv\/utstallningar\/apoteksmuseet-och-qwenselska-garden\/","title":{"rendered":"Apoteksmuseet och Qwenselska G\u00e5rden"},"content":{"rendered":"<p>Huset Qwensel \u00e4r det \u00e4ldsta bevarade borgarhuset i \u00c5bo fr\u00e5n sj\u00e4lvhush\u00e5llningens tider. De \u00e4ldsta delarna \u00e4r fr\u00e5n tidigt 1700-tal. Interi\u00f6rerna i rokoko och gustaviansk stil representerar tidens inredning och boende.<\/p>\n<p>I butiksflygeln finns ett apotek fr\u00e5n 1800-talet. Till apoteket h\u00f6r ett material- och ett herbarum, tv\u00e5 laboratorier och en officin. Officinen \u00e4r den \u00e4ldsta bevarade apoteksinredningen i Finland.<\/p>\n<p>Produktion: \u00c5bo museicentral<\/p>\n","protected":false},"excerpt":{"rendered":"<p>Det \u00e4ldsta tr\u00e4huset i \u00c5bo d\u00f6ljer ett vackert borgarhem inrett i gustaviansk stil samt ett unika apoteksinteri\u00f6rer med laboratorium och officin.<\/p>\n","protected":false},"featured_media":496,"template":"","meta":{"_acf_changed":false},"product_brand":[],"product_cat":[75],"product_tag":[],"school_subject":[],"school_level":[],"class_list":{"0":"post-1216","1":"product","2":"type-product","3":"status-publish","4":"has-post-thumbnail","6":"product_cat-yleinen-sv","7":"museums-apoteksmuseet-och-qwenselska-garden","8":"exhibition_themes-historia-sv","10":"first","11":"instock","12":"virtual","13":"sold-individually","14":"taxable","15":"product-type-basic_museum"},"acf":[],"yoast_head":"<!-- This site is optimized with the Yoast SEO plugin v27.1.1 - https:\/\/yoast.com\/product\/yoast-seo-wordpress\/ -->\n<title>Apoteksmuseet och Qwenselska G\u00e5rden - Digital museum<\/title>\n<meta name=\"robots\" content=\"index, follow, max-snippet:-1, max-image-preview:large, max-video-preview:-1\" \/>\n<link rel=\"canonical\" href=\"https:\/\/digimuseo.fi\/sv\/utstallningar\/apoteksmuseet-och-qwenselska-garden\/\" \/>\n<meta property=\"og:locale\" content=\"sv_SE\" \/>\n<meta property=\"og:type\" content=\"article\" \/>\n<meta property=\"og:title\" content=\"Apoteksmuseet och Qwenselska G\u00e5rden - Digital museum\" \/>\n<meta property=\"og:description\" content=\"Det \u00e4ldsta tr\u00e4huset i \u00c5bo d\u00f6ljer ett vackert borgarhem inrett i gustaviansk stil samt ett unika apoteksinteri\u00f6rer med laboratorium och officin.\" \/>\n<meta property=\"og:url\" content=\"https:\/\/digimuseo.fi\/sv\/utstallningar\/apoteksmuseet-och-qwenselska-garden\/\" \/>\n<meta property=\"og:site_name\" content=\"Digital museum\" \/>\n<meta property=\"article:modified_time\" content=\"2023-12-04T08:18:31+00:00\" \/>\n<meta property=\"og:image\" content=\"https:\/\/digimuseo.fi\/wp-content\/uploads\/2021\/05\/apteekkimuseo_qtalo.jpg\" \/>\n\t<meta property=\"og:image:width\" content=\"1833\" \/>\n\t<meta property=\"og:image:height\" content=\"1231\" \/>\n\t<meta property=\"og:image:type\" content=\"image\/jpeg\" \/>\n<meta name=\"twitter:card\" content=\"summary_large_image\" \/>\n<meta name=\"twitter:label1\" content=\"Ber\u00e4knad l\u00e4stid\" \/>\n\t<meta name=\"twitter:data1\" content=\"1 minut\" \/>\n<script type=\"application\/ld+json\" class=\"yoast-schema-graph\">{\"@context\":\"https:\/\/schema.org\",\"@graph\":[{\"@type\":\"WebPage\",\"@id\":\"https:\/\/digimuseo.fi\/sv\/utstallningar\/apoteksmuseet-och-qwenselska-garden\/\",\"url\":\"https:\/\/digimuseo.fi\/sv\/utstallningar\/apoteksmuseet-och-qwenselska-garden\/\",\"name\":\"Apoteksmuseet och Qwenselska G\u00e5rden - Digital museum\",\"isPartOf\":{\"@id\":\"https:\/\/digimuseo.fi\/en\/#website\"},\"primaryImageOfPage\":{\"@id\":\"https:\/\/digimuseo.fi\/sv\/utstallningar\/apoteksmuseet-och-qwenselska-garden\/#primaryimage\"},\"image\":{\"@id\":\"https:\/\/digimuseo.fi\/sv\/utstallningar\/apoteksmuseet-och-qwenselska-garden\/#primaryimage\"},\"thumbnailUrl\":\"https:\/\/digimuseo.fi\/wp-content\/uploads\/2021\/05\/apteekkimuseo_qtalo.jpg\",\"datePublished\":\"2021-06-11T11:52:07+00:00\",\"dateModified\":\"2023-12-04T08:18:31+00:00\",\"breadcrumb\":{\"@id\":\"https:\/\/digimuseo.fi\/sv\/utstallningar\/apoteksmuseet-och-qwenselska-garden\/#breadcrumb\"},\"inLanguage\":\"sv-SE\",\"potentialAction\":[{\"@type\":\"ReadAction\",\"target\":[\"https:\/\/digimuseo.fi\/sv\/utstallningar\/apoteksmuseet-och-qwenselska-garden\/\"]}]},{\"@type\":\"ImageObject\",\"inLanguage\":\"sv-SE\",\"@id\":\"https:\/\/digimuseo.fi\/sv\/utstallningar\/apoteksmuseet-och-qwenselska-garden\/#primaryimage\",\"url\":\"https:\/\/digimuseo.fi\/wp-content\/uploads\/2021\/05\/apteekkimuseo_qtalo.jpg\",\"contentUrl\":\"https:\/\/digimuseo.fi\/wp-content\/uploads\/2021\/05\/apteekkimuseo_qtalo.jpg\",\"width\":1833,\"height\":1231},{\"@type\":\"BreadcrumbList\",\"@id\":\"https:\/\/digimuseo.fi\/sv\/utstallningar\/apoteksmuseet-och-qwenselska-garden\/#breadcrumb\",\"itemListElement\":[{\"@type\":\"ListItem\",\"position\":1,\"name\":\"Home\",\"item\":\"https:\/\/digimuseo.fi\/sv\/\"},{\"@type\":\"ListItem\",\"position\":2,\"name\":\"Tuotteet\",\"item\":\"https:\/\/digimuseo.fi\/nayttelyt\/\"},{\"@type\":\"ListItem\",\"position\":3,\"name\":\"Apoteksmuseet och Qwenselska G\u00e5rden\"}]},{\"@type\":\"WebSite\",\"@id\":\"https:\/\/digimuseo.fi\/en\/#website\",\"url\":\"https:\/\/digimuseo.fi\/en\/\",\"name\":\"Digital museum\",\"description\":\"G\u00e5 in fr\u00e5n ditt vardagsrum\",\"potentialAction\":[{\"@type\":\"SearchAction\",\"target\":{\"@type\":\"EntryPoint\",\"urlTemplate\":\"https:\/\/digimuseo.fi\/en\/?s={search_term_string}\"},\"query-input\":{\"@type\":\"PropertyValueSpecification\",\"valueRequired\":true,\"valueName\":\"search_term_string\"}}],\"inLanguage\":\"sv-SE\"}]}<\/script>\n<!-- \/ Yoast SEO plugin. -->","yoast_head_json":{"title":"Apoteksmuseet och Qwenselska G\u00e5rden - Digital museum","robots":{"index":"index","follow":"follow","max-snippet":"max-snippet:-1","max-image-preview":"max-image-preview:large","max-video-preview":"max-video-preview:-1"},"canonical":"https:\/\/digimuseo.fi\/sv\/utstallningar\/apoteksmuseet-och-qwenselska-garden\/","og_locale":"sv_SE","og_type":"article","og_title":"Apoteksmuseet och Qwenselska G\u00e5rden - Digital museum","og_description":"Det \u00e4ldsta tr\u00e4huset i \u00c5bo d\u00f6ljer ett vackert borgarhem inrett i gustaviansk stil samt ett unika apoteksinteri\u00f6rer med laboratorium och officin.","og_url":"https:\/\/digimuseo.fi\/sv\/utstallningar\/apoteksmuseet-och-qwenselska-garden\/","og_site_name":"Digital museum","article_modified_time":"2023-12-04T08:18:31+00:00","og_image":[{"width":1833,"height":1231,"url":"https:\/\/digimuseo.fi\/wp-content\/uploads\/2021\/05\/apteekkimuseo_qtalo.jpg","type":"image\/jpeg"}],"twitter_card":"summary_large_image","twitter_misc":{"Ber\u00e4knad l\u00e4stid":"1 minut"},"schema":{"@context":"https:\/\/schema.org","@graph":[{"@type":"WebPage","@id":"https:\/\/digimuseo.fi\/sv\/utstallningar\/apoteksmuseet-och-qwenselska-garden\/","url":"https:\/\/digimuseo.fi\/sv\/utstallningar\/apoteksmuseet-och-qwenselska-garden\/","name":"Apoteksmuseet och Qwenselska G\u00e5rden - Digital museum","isPartOf":{"@id":"https:\/\/digimuseo.fi\/en\/#website"},"primaryImageOfPage":{"@id":"https:\/\/digimuseo.fi\/sv\/utstallningar\/apoteksmuseet-och-qwenselska-garden\/#primaryimage"},"image":{"@id":"https:\/\/digimuseo.fi\/sv\/utstallningar\/apoteksmuseet-och-qwenselska-garden\/#primaryimage"},"thumbnailUrl":"https:\/\/digimuseo.fi\/wp-content\/uploads\/2021\/05\/apteekkimuseo_qtalo.jpg","datePublished":"2021-06-11T11:52:07+00:00","dateModified":"2023-12-04T08:18:31+00:00","breadcrumb":{"@id":"https:\/\/digimuseo.fi\/sv\/utstallningar\/apoteksmuseet-och-qwenselska-garden\/#breadcrumb"},"inLanguage":"sv-SE","potentialAction":[{"@type":"ReadAction","target":["https:\/\/digimuseo.fi\/sv\/utstallningar\/apoteksmuseet-och-qwenselska-garden\/"]}]},{"@type":"ImageObject","inLanguage":"sv-SE","@id":"https:\/\/digimuseo.fi\/sv\/utstallningar\/apoteksmuseet-och-qwenselska-garden\/#primaryimage","url":"https:\/\/digimuseo.fi\/wp-content\/uploads\/2021\/05\/apteekkimuseo_qtalo.jpg","contentUrl":"https:\/\/digimuseo.fi\/wp-content\/uploads\/2021\/05\/apteekkimuseo_qtalo.jpg","width":1833,"height":1231},{"@type":"BreadcrumbList","@id":"https:\/\/digimuseo.fi\/sv\/utstallningar\/apoteksmuseet-och-qwenselska-garden\/#breadcrumb","itemListElement":[{"@type":"ListItem","position":1,"name":"Home","item":"https:\/\/digimuseo.fi\/sv\/"},{"@type":"ListItem","position":2,"name":"Tuotteet","item":"https:\/\/digimuseo.fi\/nayttelyt\/"},{"@type":"ListItem","position":3,"name":"Apoteksmuseet och Qwenselska G\u00e5rden"}]},{"@type":"WebSite","@id":"https:\/\/digimuseo.fi\/en\/#website","url":"https:\/\/digimuseo.fi\/en\/","name":"Digital museum","description":"G\u00e5 in fr\u00e5n ditt vardagsrum","potentialAction":[{"@type":"SearchAction","target":{"@type":"EntryPoint","urlTemplate":"https:\/\/digimuseo.fi\/en\/?s={search_term_string}"},"query-input":{"@type":"PropertyValueSpecification","valueRequired":true,"valueName":"search_term_string"}}],"inLanguage":"sv-SE"}]}},"_links":{"self":[{"href":"https:\/\/digimuseo.fi\/sv\/wp-json\/wp\/v2\/product\/1216","targetHints":{"allow":["GET"]}}],"collection":[{"href":"https:\/\/digimuseo.fi\/sv\/wp-json\/wp\/v2\/product"}],"about":[{"href":"https:\/\/digimuseo.fi\/sv\/wp-json\/wp\/v2\/types\/product"}],"wp:featuredmedia":[{"embeddable":true,"href":"https:\/\/digimuseo.fi\/sv\/wp-json\/wp\/v2\/media\/496"}],"wp:attachment":[{"href":"https:\/\/digimuseo.fi\/sv\/wp-json\/wp\/v2\/media?parent=1216"}],"wp:term":[{"taxonomy":"product_brand","embeddable":true,"href":"https:\/\/digimuseo.fi\/sv\/wp-json\/wp\/v2\/product_brand?post=1216"},{"taxonomy":"product_cat","embeddable":true,"href":"https:\/\/digimuseo.fi\/sv\/wp-json\/wp\/v2\/product_cat?post=1216"},{"taxonomy":"product_tag","embeddable":true,"href":"https:\/\/digimuseo.fi\/sv\/wp-json\/wp\/v2\/product_tag?post=1216"},{"taxonomy":"school_subject","embeddable":true,"href":"https:\/\/digimuseo.fi\/sv\/wp-json\/wp\/v2\/school_subject?post=1216"},{"taxonomy":"school_level","embeddable":true,"href":"https:\/\/digimuseo.fi\/sv\/wp-json\/wp\/v2\/school_level?post=1216"}],"curies":[{"name":"wp","href":"https:\/\/api.w.org\/{rel}","templated":true}]}}