{"id":1210,"date":"2021-06-04T15:04:33","date_gmt":"2021-06-04T12:04:33","guid":{"rendered":"https:\/\/digimuseo.fi\/nayttelyt\/forum-marinum-suomen-joutsen\/"},"modified":"2023-10-25T16:47:01","modified_gmt":"2023-10-25T13:47:01","slug":"forum-marinum-suomen-joutsen","status":"publish","type":"product","link":"https:\/\/digimuseo.fi\/sv\/utstallningar\/forum-marinum-suomen-joutsen\/","title":{"rendered":"Forum Marinum &#8211; Suomen Joutsen"},"content":{"rendered":"<p>Suomen Joutsen ligger i Aura \u00e5 i \u00c5bo och byggdes ursprungligen som fraktfartyg \u00e5r 1902 i Frankrike, d\u00e4r hon hette Laennec. Innan hon k\u00f6ptes till Finland som flottans skolskepp hette hon i \u00e5tta \u00e5r Oldenburg och seglade under tysk flagg, bland annat som handelsflottans skolskepp. \u00c5r 1930 k\u00f6ptes fartyget som skolskepp till Finlands flotta och fick det nya namnet Suomen Joutsen.<\/p>\n<p>De \u00e5tta djuphavsresorna p\u00e5 1930-talet gjorde Suomen Joutsen k\u00e4nd b\u00e5de ute i v\u00e4rlden och i hemlandet. Efter l\u00e5ngresorna fungerade hon som krigstida dep\u00e5fartyg och n\u00e4stan 30 \u00e5r som flytande sj\u00f6mansyrkesskola. Suomen Joutsen har varit museifartyg sedan \u00e5r 1990 och hon \u00e4r ett av \u00c5bos popul\u00e4raste turistm\u00e5l.<\/p>\n<p>Stig ombord och utforska Suomen Joutsens rika historia!<\/p>\n","protected":false},"excerpt":{"rendered":"<p>V\u00e4lkommen att bekanta dig med fullriggaren Suomen Joutsen!<\/p>\n","protected":false},"featured_media":449,"template":"","meta":{"_acf_changed":false},"product_brand":[],"product_cat":[75],"product_tag":[],"school_subject":[],"school_level":[],"class_list":{"0":"post-1210","1":"product","2":"type-product","3":"status-publish","4":"has-post-thumbnail","6":"product_cat-yleinen-sv","7":"museums-forum-marinum-sv","8":"exhibition_themes-historia-sv","10":"first","11":"instock","12":"virtual","13":"sold-individually","14":"product-type-basic_museum"},"acf":[],"yoast_head":"<!-- This site is optimized with the Yoast SEO plugin v27.4 - https:\/\/yoast.com\/product\/yoast-seo-wordpress\/ -->\n<title>Forum Marinum - Suomen Joutsen - Digital museum<\/title>\n<meta name=\"robots\" content=\"index, follow, max-snippet:-1, max-image-preview:large, max-video-preview:-1\" \/>\n<link rel=\"canonical\" href=\"https:\/\/digimuseo.fi\/sv\/utstallningar\/forum-marinum-suomen-joutsen\/\" \/>\n<meta property=\"og:locale\" content=\"sv_SE\" \/>\n<meta property=\"og:type\" content=\"article\" \/>\n<meta property=\"og:title\" content=\"Forum Marinum - Suomen Joutsen - Digital museum\" \/>\n<meta property=\"og:description\" content=\"V\u00e4lkommen att bekanta dig med fullriggaren Suomen Joutsen!\" \/>\n<meta property=\"og:url\" content=\"https:\/\/digimuseo.fi\/sv\/utstallningar\/forum-marinum-suomen-joutsen\/\" \/>\n<meta property=\"og:site_name\" content=\"Digital museum\" \/>\n<meta property=\"article:modified_time\" content=\"2023-10-25T13:47:01+00:00\" \/>\n<meta property=\"og:image\" content=\"https:\/\/digimuseo.fi\/wp-content\/uploads\/2021\/03\/suomen-joutsen-nosto-min.jpg\" \/>\n\t<meta property=\"og:image:width\" content=\"1060\" \/>\n\t<meta property=\"og:image:height\" content=\"1216\" \/>\n\t<meta property=\"og:image:type\" content=\"image\/jpeg\" \/>\n<meta name=\"twitter:card\" content=\"summary_large_image\" \/>\n<meta name=\"twitter:label1\" content=\"Ber\u00e4knad l\u00e4stid\" \/>\n\t<meta name=\"twitter:data1\" content=\"1 minut\" \/>\n<script type=\"application\/ld+json\" class=\"yoast-schema-graph\">{\"@context\":\"https:\\\/\\\/schema.org\",\"@graph\":[{\"@type\":\"WebPage\",\"@id\":\"https:\\\/\\\/digimuseo.fi\\\/sv\\\/utstallningar\\\/forum-marinum-suomen-joutsen\\\/\",\"url\":\"https:\\\/\\\/digimuseo.fi\\\/sv\\\/utstallningar\\\/forum-marinum-suomen-joutsen\\\/\",\"name\":\"Forum Marinum - Suomen Joutsen - Digital museum\",\"isPartOf\":{\"@id\":\"https:\\\/\\\/digimuseo.fi\\\/en\\\/#website\"},\"primaryImageOfPage\":{\"@id\":\"https:\\\/\\\/digimuseo.fi\\\/sv\\\/utstallningar\\\/forum-marinum-suomen-joutsen\\\/#primaryimage\"},\"image\":{\"@id\":\"https:\\\/\\\/digimuseo.fi\\\/sv\\\/utstallningar\\\/forum-marinum-suomen-joutsen\\\/#primaryimage\"},\"thumbnailUrl\":\"https:\\\/\\\/digimuseo.fi\\\/wp-content\\\/uploads\\\/2021\\\/03\\\/suomen-joutsen-nosto-min.jpg\",\"datePublished\":\"2021-06-04T12:04:33+00:00\",\"dateModified\":\"2023-10-25T13:47:01+00:00\",\"breadcrumb\":{\"@id\":\"https:\\\/\\\/digimuseo.fi\\\/sv\\\/utstallningar\\\/forum-marinum-suomen-joutsen\\\/#breadcrumb\"},\"inLanguage\":\"sv-SE\",\"potentialAction\":[{\"@type\":\"ReadAction\",\"target\":[\"https:\\\/\\\/digimuseo.fi\\\/sv\\\/utstallningar\\\/forum-marinum-suomen-joutsen\\\/\"]}]},{\"@type\":\"ImageObject\",\"inLanguage\":\"sv-SE\",\"@id\":\"https:\\\/\\\/digimuseo.fi\\\/sv\\\/utstallningar\\\/forum-marinum-suomen-joutsen\\\/#primaryimage\",\"url\":\"https:\\\/\\\/digimuseo.fi\\\/wp-content\\\/uploads\\\/2021\\\/03\\\/suomen-joutsen-nosto-min.jpg\",\"contentUrl\":\"https:\\\/\\\/digimuseo.fi\\\/wp-content\\\/uploads\\\/2021\\\/03\\\/suomen-joutsen-nosto-min.jpg\",\"width\":1060,\"height\":1216,\"caption\":\"kuva Suomen joutsenen kannelta\"},{\"@type\":\"BreadcrumbList\",\"@id\":\"https:\\\/\\\/digimuseo.fi\\\/sv\\\/utstallningar\\\/forum-marinum-suomen-joutsen\\\/#breadcrumb\",\"itemListElement\":[{\"@type\":\"ListItem\",\"position\":1,\"name\":\"Home\",\"item\":\"https:\\\/\\\/digimuseo.fi\\\/sv\\\/\"},{\"@type\":\"ListItem\",\"position\":2,\"name\":\"Tuotteet\",\"item\":\"https:\\\/\\\/digimuseo.fi\\\/nayttelyt\\\/\"},{\"@type\":\"ListItem\",\"position\":3,\"name\":\"Forum Marinum &#8211; Suomen Joutsen\"}]},{\"@type\":\"WebSite\",\"@id\":\"https:\\\/\\\/digimuseo.fi\\\/en\\\/#website\",\"url\":\"https:\\\/\\\/digimuseo.fi\\\/en\\\/\",\"name\":\"Digital museum\",\"description\":\"G\u00e5 in fr\u00e5n ditt vardagsrum\",\"potentialAction\":[{\"@type\":\"SearchAction\",\"target\":{\"@type\":\"EntryPoint\",\"urlTemplate\":\"https:\\\/\\\/digimuseo.fi\\\/en\\\/?s={search_term_string}\"},\"query-input\":{\"@type\":\"PropertyValueSpecification\",\"valueRequired\":true,\"valueName\":\"search_term_string\"}}],\"inLanguage\":\"sv-SE\"}]}<\/script>\n<!-- \/ Yoast SEO plugin. -->","yoast_head_json":{"title":"Forum Marinum - Suomen Joutsen - Digital museum","robots":{"index":"index","follow":"follow","max-snippet":"max-snippet:-1","max-image-preview":"max-image-preview:large","max-video-preview":"max-video-preview:-1"},"canonical":"https:\/\/digimuseo.fi\/sv\/utstallningar\/forum-marinum-suomen-joutsen\/","og_locale":"sv_SE","og_type":"article","og_title":"Forum Marinum - Suomen Joutsen - Digital museum","og_description":"V\u00e4lkommen att bekanta dig med fullriggaren Suomen Joutsen!","og_url":"https:\/\/digimuseo.fi\/sv\/utstallningar\/forum-marinum-suomen-joutsen\/","og_site_name":"Digital museum","article_modified_time":"2023-10-25T13:47:01+00:00","og_image":[{"width":1060,"height":1216,"url":"https:\/\/digimuseo.fi\/wp-content\/uploads\/2021\/03\/suomen-joutsen-nosto-min.jpg","type":"image\/jpeg"}],"twitter_card":"summary_large_image","twitter_misc":{"Ber\u00e4knad l\u00e4stid":"1 minut"},"schema":{"@context":"https:\/\/schema.org","@graph":[{"@type":"WebPage","@id":"https:\/\/digimuseo.fi\/sv\/utstallningar\/forum-marinum-suomen-joutsen\/","url":"https:\/\/digimuseo.fi\/sv\/utstallningar\/forum-marinum-suomen-joutsen\/","name":"Forum Marinum - Suomen Joutsen - Digital museum","isPartOf":{"@id":"https:\/\/digimuseo.fi\/en\/#website"},"primaryImageOfPage":{"@id":"https:\/\/digimuseo.fi\/sv\/utstallningar\/forum-marinum-suomen-joutsen\/#primaryimage"},"image":{"@id":"https:\/\/digimuseo.fi\/sv\/utstallningar\/forum-marinum-suomen-joutsen\/#primaryimage"},"thumbnailUrl":"https:\/\/digimuseo.fi\/wp-content\/uploads\/2021\/03\/suomen-joutsen-nosto-min.jpg","datePublished":"2021-06-04T12:04:33+00:00","dateModified":"2023-10-25T13:47:01+00:00","breadcrumb":{"@id":"https:\/\/digimuseo.fi\/sv\/utstallningar\/forum-marinum-suomen-joutsen\/#breadcrumb"},"inLanguage":"sv-SE","potentialAction":[{"@type":"ReadAction","target":["https:\/\/digimuseo.fi\/sv\/utstallningar\/forum-marinum-suomen-joutsen\/"]}]},{"@type":"ImageObject","inLanguage":"sv-SE","@id":"https:\/\/digimuseo.fi\/sv\/utstallningar\/forum-marinum-suomen-joutsen\/#primaryimage","url":"https:\/\/digimuseo.fi\/wp-content\/uploads\/2021\/03\/suomen-joutsen-nosto-min.jpg","contentUrl":"https:\/\/digimuseo.fi\/wp-content\/uploads\/2021\/03\/suomen-joutsen-nosto-min.jpg","width":1060,"height":1216,"caption":"kuva Suomen joutsenen kannelta"},{"@type":"BreadcrumbList","@id":"https:\/\/digimuseo.fi\/sv\/utstallningar\/forum-marinum-suomen-joutsen\/#breadcrumb","itemListElement":[{"@type":"ListItem","position":1,"name":"Home","item":"https:\/\/digimuseo.fi\/sv\/"},{"@type":"ListItem","position":2,"name":"Tuotteet","item":"https:\/\/digimuseo.fi\/nayttelyt\/"},{"@type":"ListItem","position":3,"name":"Forum Marinum &#8211; Suomen Joutsen"}]},{"@type":"WebSite","@id":"https:\/\/digimuseo.fi\/en\/#website","url":"https:\/\/digimuseo.fi\/en\/","name":"Digital museum","description":"G\u00e5 in fr\u00e5n ditt vardagsrum","potentialAction":[{"@type":"SearchAction","target":{"@type":"EntryPoint","urlTemplate":"https:\/\/digimuseo.fi\/en\/?s={search_term_string}"},"query-input":{"@type":"PropertyValueSpecification","valueRequired":true,"valueName":"search_term_string"}}],"inLanguage":"sv-SE"}]}},"_links":{"self":[{"href":"https:\/\/digimuseo.fi\/sv\/wp-json\/wp\/v2\/product\/1210","targetHints":{"allow":["GET"]}}],"collection":[{"href":"https:\/\/digimuseo.fi\/sv\/wp-json\/wp\/v2\/product"}],"about":[{"href":"https:\/\/digimuseo.fi\/sv\/wp-json\/wp\/v2\/types\/product"}],"wp:featuredmedia":[{"embeddable":true,"href":"https:\/\/digimuseo.fi\/sv\/wp-json\/wp\/v2\/media\/449"}],"wp:attachment":[{"href":"https:\/\/digimuseo.fi\/sv\/wp-json\/wp\/v2\/media?parent=1210"}],"wp:term":[{"taxonomy":"product_brand","embeddable":true,"href":"https:\/\/digimuseo.fi\/sv\/wp-json\/wp\/v2\/product_brand?post=1210"},{"taxonomy":"product_cat","embeddable":true,"href":"https:\/\/digimuseo.fi\/sv\/wp-json\/wp\/v2\/product_cat?post=1210"},{"taxonomy":"product_tag","embeddable":true,"href":"https:\/\/digimuseo.fi\/sv\/wp-json\/wp\/v2\/product_tag?post=1210"},{"taxonomy":"school_subject","embeddable":true,"href":"https:\/\/digimuseo.fi\/sv\/wp-json\/wp\/v2\/school_subject?post=1210"},{"taxonomy":"school_level","embeddable":true,"href":"https:\/\/digimuseo.fi\/sv\/wp-json\/wp\/v2\/school_level?post=1210"}],"curies":[{"name":"wp","href":"https:\/\/api.w.org\/{rel}","templated":true}]}}