{"id":1205,"date":"2021-06-11T16:36:34","date_gmt":"2021-06-11T13:36:34","guid":{"rendered":"https:\/\/digimuseo.fi\/nayttelyt\/fore-maskiners-tid\/"},"modified":"2023-05-09T14:54:38","modified_gmt":"2023-05-09T11:54:38","slug":"fore-maskiners-tid","status":"publish","type":"product","link":"https:\/\/digimuseo.fi\/sv\/utstallningar\/fore-maskiners-tid\/","title":{"rendered":"F\u00f6re maskiners tid"},"content":{"rendered":"<p>P\u00e5 utst\u00e4llningen visas genom en stor samling f\u00f6rem\u00e5l hur jordbruksarbetet gick till och vilka redskap som anv\u00e4ndes f\u00f6re mekaniseringen. Innan vi hade maskinkraft skulle vi med egna h\u00e4nder s\u00e5 ut kornen fr\u00e5n vackan p\u00e5 \u00e5kern, sk\u00e4ra av den mogna s\u00e4den med sk\u00e4ra och binda den till k\u00e4rvar, tvinna ull och lin till tr\u00e5d med sl\u00e4nda och med yxkraft f\u00e4lla tr\u00e4d p\u00e5 svedjan och byggnadsvirke f\u00f6r v\u00e5ra hus. F\u00f6r de tunga \u00e5kerarbetena tog man dragdjur, h\u00e4star och oxar, till hj\u00e4lp. Det fanns arbete s\u00e5 det f\u00f6rslog, och alla beh\u00f6vde hj\u00e4lpa till, ocks\u00e5 barn och \u00e5ldringar.<\/p>\n<p>Utst\u00e4llningen baserar sig p\u00e5 samlingarna fr\u00e5n det nedlagda Lantbruksmuseet i Vik. De \u00e4ldsta f\u00f6rem\u00e5len i utst\u00e4llningen, som omfattar mer \u00e4n 600 f\u00f6rem\u00e5l, \u00e4r fr\u00e5n 1700-talet. Redskapen, k\u00e4rlen och de andra nyttof\u00f6rem\u00e5len visar hur arbetet gick till under svedje- och \u00e5kerbrukets tid, fr\u00e5n pl\u00f6jning till sk\u00f6rd. Bes\u00f6karen f\u00e5r ocks\u00e5 en inblick i de andra arbeten som utf\u00f6rdes p\u00e5 g\u00e5rden, i f\u00e4huset, stugan och utomhus, och ocks\u00e5 i jordbrukets bin\u00e4ringar: jakt, fiske, skogsbruk och hemsl\u00f6jd.<\/p>\n","protected":false},"excerpt":{"rendered":"<p>Finlands lantbruksmuseum Sarka \u00f6ppnade i mars 2019 en ny permanenta utst\u00e4llning, F\u00f6re maskinernas tid.<\/p>\n","protected":false},"featured_media":917,"template":"","meta":{"_acf_changed":false},"product_brand":[],"product_cat":[75],"product_tag":[],"school_subject":[],"school_level":[],"class_list":{"0":"post-1205","1":"product","2":"type-product","3":"status-publish","4":"has-post-thumbnail","6":"product_cat-yleinen-sv","7":"museums-finlands-lantbruksmuseum-sarka","8":"exhibition_themes-historia-sv","10":"first","11":"instock","12":"virtual","13":"sold-individually","14":"taxable","15":"product-type-basic_museum"},"acf":[],"yoast_head":"<!-- This site is optimized with the Yoast SEO plugin v27.4 - https:\/\/yoast.com\/product\/yoast-seo-wordpress\/ -->\n<title>F\u00f6re maskiners tid - Digital museum<\/title>\n<meta name=\"robots\" content=\"index, follow, max-snippet:-1, max-image-preview:large, max-video-preview:-1\" \/>\n<link rel=\"canonical\" href=\"https:\/\/digimuseo.fi\/sv\/utstallningar\/fore-maskiners-tid\/\" \/>\n<meta property=\"og:locale\" content=\"sv_SE\" \/>\n<meta property=\"og:type\" content=\"article\" \/>\n<meta property=\"og:title\" content=\"F\u00f6re maskiners tid - Digital museum\" \/>\n<meta property=\"og:description\" content=\"Finlands lantbruksmuseum Sarka \u00f6ppnade i mars 2019 en ny permanenta utst\u00e4llning, F\u00f6re maskinernas tid.\" \/>\n<meta property=\"og:url\" content=\"https:\/\/digimuseo.fi\/sv\/utstallningar\/fore-maskiners-tid\/\" \/>\n<meta property=\"og:site_name\" content=\"Digital museum\" \/>\n<meta property=\"article:modified_time\" content=\"2023-05-09T11:54:38+00:00\" \/>\n<meta property=\"og:image\" content=\"https:\/\/digimuseo.fi\/wp-content\/uploads\/2021\/06\/EnnenKoneita.jpg\" \/>\n\t<meta property=\"og:image:width\" content=\"1280\" \/>\n\t<meta property=\"og:image:height\" content=\"960\" \/>\n\t<meta property=\"og:image:type\" content=\"image\/jpeg\" \/>\n<meta name=\"twitter:card\" content=\"summary_large_image\" \/>\n<meta name=\"twitter:label1\" content=\"Ber\u00e4knad l\u00e4stid\" \/>\n\t<meta name=\"twitter:data1\" content=\"2 minuter\" \/>\n<script type=\"application\/ld+json\" class=\"yoast-schema-graph\">{\"@context\":\"https:\\\/\\\/schema.org\",\"@graph\":[{\"@type\":\"WebPage\",\"@id\":\"https:\\\/\\\/digimuseo.fi\\\/sv\\\/utstallningar\\\/fore-maskiners-tid\\\/\",\"url\":\"https:\\\/\\\/digimuseo.fi\\\/sv\\\/utstallningar\\\/fore-maskiners-tid\\\/\",\"name\":\"F\u00f6re maskiners tid - Digital museum\",\"isPartOf\":{\"@id\":\"https:\\\/\\\/digimuseo.fi\\\/en\\\/#website\"},\"primaryImageOfPage\":{\"@id\":\"https:\\\/\\\/digimuseo.fi\\\/sv\\\/utstallningar\\\/fore-maskiners-tid\\\/#primaryimage\"},\"image\":{\"@id\":\"https:\\\/\\\/digimuseo.fi\\\/sv\\\/utstallningar\\\/fore-maskiners-tid\\\/#primaryimage\"},\"thumbnailUrl\":\"https:\\\/\\\/digimuseo.fi\\\/wp-content\\\/uploads\\\/2021\\\/06\\\/EnnenKoneita.jpg\",\"datePublished\":\"2021-06-11T13:36:34+00:00\",\"dateModified\":\"2023-05-09T11:54:38+00:00\",\"breadcrumb\":{\"@id\":\"https:\\\/\\\/digimuseo.fi\\\/sv\\\/utstallningar\\\/fore-maskiners-tid\\\/#breadcrumb\"},\"inLanguage\":\"sv-SE\",\"potentialAction\":[{\"@type\":\"ReadAction\",\"target\":[\"https:\\\/\\\/digimuseo.fi\\\/sv\\\/utstallningar\\\/fore-maskiners-tid\\\/\"]}]},{\"@type\":\"ImageObject\",\"inLanguage\":\"sv-SE\",\"@id\":\"https:\\\/\\\/digimuseo.fi\\\/sv\\\/utstallningar\\\/fore-maskiners-tid\\\/#primaryimage\",\"url\":\"https:\\\/\\\/digimuseo.fi\\\/wp-content\\\/uploads\\\/2021\\\/06\\\/EnnenKoneita.jpg\",\"contentUrl\":\"https:\\\/\\\/digimuseo.fi\\\/wp-content\\\/uploads\\\/2021\\\/06\\\/EnnenKoneita.jpg\",\"width\":1280,\"height\":960,\"caption\":\"Kuva koneesta\"},{\"@type\":\"BreadcrumbList\",\"@id\":\"https:\\\/\\\/digimuseo.fi\\\/sv\\\/utstallningar\\\/fore-maskiners-tid\\\/#breadcrumb\",\"itemListElement\":[{\"@type\":\"ListItem\",\"position\":1,\"name\":\"Home\",\"item\":\"https:\\\/\\\/digimuseo.fi\\\/sv\\\/\"},{\"@type\":\"ListItem\",\"position\":2,\"name\":\"Tuotteet\",\"item\":\"https:\\\/\\\/digimuseo.fi\\\/nayttelyt\\\/\"},{\"@type\":\"ListItem\",\"position\":3,\"name\":\"F\u00f6re maskiners tid\"}]},{\"@type\":\"WebSite\",\"@id\":\"https:\\\/\\\/digimuseo.fi\\\/en\\\/#website\",\"url\":\"https:\\\/\\\/digimuseo.fi\\\/en\\\/\",\"name\":\"Digital museum\",\"description\":\"G\u00e5 in fr\u00e5n ditt vardagsrum\",\"potentialAction\":[{\"@type\":\"SearchAction\",\"target\":{\"@type\":\"EntryPoint\",\"urlTemplate\":\"https:\\\/\\\/digimuseo.fi\\\/en\\\/?s={search_term_string}\"},\"query-input\":{\"@type\":\"PropertyValueSpecification\",\"valueRequired\":true,\"valueName\":\"search_term_string\"}}],\"inLanguage\":\"sv-SE\"}]}<\/script>\n<!-- \/ Yoast SEO plugin. -->","yoast_head_json":{"title":"F\u00f6re maskiners tid - Digital museum","robots":{"index":"index","follow":"follow","max-snippet":"max-snippet:-1","max-image-preview":"max-image-preview:large","max-video-preview":"max-video-preview:-1"},"canonical":"https:\/\/digimuseo.fi\/sv\/utstallningar\/fore-maskiners-tid\/","og_locale":"sv_SE","og_type":"article","og_title":"F\u00f6re maskiners tid - Digital museum","og_description":"Finlands lantbruksmuseum Sarka \u00f6ppnade i mars 2019 en ny permanenta utst\u00e4llning, F\u00f6re maskinernas tid.","og_url":"https:\/\/digimuseo.fi\/sv\/utstallningar\/fore-maskiners-tid\/","og_site_name":"Digital museum","article_modified_time":"2023-05-09T11:54:38+00:00","og_image":[{"width":1280,"height":960,"url":"https:\/\/digimuseo.fi\/wp-content\/uploads\/2021\/06\/EnnenKoneita.jpg","type":"image\/jpeg"}],"twitter_card":"summary_large_image","twitter_misc":{"Ber\u00e4knad l\u00e4stid":"2 minuter"},"schema":{"@context":"https:\/\/schema.org","@graph":[{"@type":"WebPage","@id":"https:\/\/digimuseo.fi\/sv\/utstallningar\/fore-maskiners-tid\/","url":"https:\/\/digimuseo.fi\/sv\/utstallningar\/fore-maskiners-tid\/","name":"F\u00f6re maskiners tid - Digital museum","isPartOf":{"@id":"https:\/\/digimuseo.fi\/en\/#website"},"primaryImageOfPage":{"@id":"https:\/\/digimuseo.fi\/sv\/utstallningar\/fore-maskiners-tid\/#primaryimage"},"image":{"@id":"https:\/\/digimuseo.fi\/sv\/utstallningar\/fore-maskiners-tid\/#primaryimage"},"thumbnailUrl":"https:\/\/digimuseo.fi\/wp-content\/uploads\/2021\/06\/EnnenKoneita.jpg","datePublished":"2021-06-11T13:36:34+00:00","dateModified":"2023-05-09T11:54:38+00:00","breadcrumb":{"@id":"https:\/\/digimuseo.fi\/sv\/utstallningar\/fore-maskiners-tid\/#breadcrumb"},"inLanguage":"sv-SE","potentialAction":[{"@type":"ReadAction","target":["https:\/\/digimuseo.fi\/sv\/utstallningar\/fore-maskiners-tid\/"]}]},{"@type":"ImageObject","inLanguage":"sv-SE","@id":"https:\/\/digimuseo.fi\/sv\/utstallningar\/fore-maskiners-tid\/#primaryimage","url":"https:\/\/digimuseo.fi\/wp-content\/uploads\/2021\/06\/EnnenKoneita.jpg","contentUrl":"https:\/\/digimuseo.fi\/wp-content\/uploads\/2021\/06\/EnnenKoneita.jpg","width":1280,"height":960,"caption":"Kuva koneesta"},{"@type":"BreadcrumbList","@id":"https:\/\/digimuseo.fi\/sv\/utstallningar\/fore-maskiners-tid\/#breadcrumb","itemListElement":[{"@type":"ListItem","position":1,"name":"Home","item":"https:\/\/digimuseo.fi\/sv\/"},{"@type":"ListItem","position":2,"name":"Tuotteet","item":"https:\/\/digimuseo.fi\/nayttelyt\/"},{"@type":"ListItem","position":3,"name":"F\u00f6re maskiners tid"}]},{"@type":"WebSite","@id":"https:\/\/digimuseo.fi\/en\/#website","url":"https:\/\/digimuseo.fi\/en\/","name":"Digital museum","description":"G\u00e5 in fr\u00e5n ditt vardagsrum","potentialAction":[{"@type":"SearchAction","target":{"@type":"EntryPoint","urlTemplate":"https:\/\/digimuseo.fi\/en\/?s={search_term_string}"},"query-input":{"@type":"PropertyValueSpecification","valueRequired":true,"valueName":"search_term_string"}}],"inLanguage":"sv-SE"}]}},"_links":{"self":[{"href":"https:\/\/digimuseo.fi\/sv\/wp-json\/wp\/v2\/product\/1205","targetHints":{"allow":["GET"]}}],"collection":[{"href":"https:\/\/digimuseo.fi\/sv\/wp-json\/wp\/v2\/product"}],"about":[{"href":"https:\/\/digimuseo.fi\/sv\/wp-json\/wp\/v2\/types\/product"}],"wp:featuredmedia":[{"embeddable":true,"href":"https:\/\/digimuseo.fi\/sv\/wp-json\/wp\/v2\/media\/917"}],"wp:attachment":[{"href":"https:\/\/digimuseo.fi\/sv\/wp-json\/wp\/v2\/media?parent=1205"}],"wp:term":[{"taxonomy":"product_brand","embeddable":true,"href":"https:\/\/digimuseo.fi\/sv\/wp-json\/wp\/v2\/product_brand?post=1205"},{"taxonomy":"product_cat","embeddable":true,"href":"https:\/\/digimuseo.fi\/sv\/wp-json\/wp\/v2\/product_cat?post=1205"},{"taxonomy":"product_tag","embeddable":true,"href":"https:\/\/digimuseo.fi\/sv\/wp-json\/wp\/v2\/product_tag?post=1205"},{"taxonomy":"school_subject","embeddable":true,"href":"https:\/\/digimuseo.fi\/sv\/wp-json\/wp\/v2\/school_subject?post=1205"},{"taxonomy":"school_level","embeddable":true,"href":"https:\/\/digimuseo.fi\/sv\/wp-json\/wp\/v2\/school_level?post=1205"}],"curies":[{"name":"wp","href":"https:\/\/api.w.org\/{rel}","templated":true}]}}