{"id":1203,"date":"2021-06-11T16:10:17","date_gmt":"2021-06-11T13:10:17","guid":{"rendered":"https:\/\/digimuseo.fi\/nayttelyt\/jordbrukets-tid-berattelsen-om-jordbruket-i-finland\/"},"modified":"2022-09-30T10:56:18","modified_gmt":"2022-09-30T07:56:18","slug":"jordbrukets-tid-berattelsen-om-jordbruket-i-finland","status":"publish","type":"product","link":"https:\/\/digimuseo.fi\/sv\/utstallningar\/jordbrukets-tid-berattelsen-om-jordbruket-i-finland\/","title":{"rendered":"Jordbrukets tid \u2013 Ber\u00e4ttelsen om jordbruket I Finland"},"content":{"rendered":"<p>Jordbrukets tid \u00e4r en tid av arbete, odlingsv\u00e4xter, husdjur, \u00e5krar, svedjeland, \u00e4ngar: allt det som har format landskapet. Jordbrukets tid har en b\u00f6rjan, men den har inget slut. Utst\u00e4llningen har ett slut, jordbrukets tid forts\u00e4tter.<\/p>\n","protected":false},"excerpt":{"rendered":"<p>Jordbruket och dess verksamhetsmilj\u00f6 har f\u00f6r\u00e4ndrats under tusentals \u00e5r. Samtidigt har ocks\u00e5 jordbruket format sin omgivning. Den h\u00e4r utst\u00e4llningen tar dig med p\u00e5 en resa genom det finl\u00e4ndska jordbrukets tretusen \u00e5r gamla historia.<\/p>\n","protected":false},"featured_media":855,"template":"","meta":{"_acf_changed":false},"product_brand":[],"product_cat":[75],"product_tag":[],"school_subject":[],"school_level":[],"class_list":{"0":"post-1203","1":"product","2":"type-product","3":"status-publish","4":"has-post-thumbnail","6":"product_cat-yleinen-sv","7":"museums-finlands-lantbruksmuseum-sarka","8":"exhibition_themes-historia-sv","10":"first","11":"instock","12":"virtual","13":"sold-individually","14":"taxable","15":"product-type-basic_museum"},"acf":[],"yoast_head":"<!-- This site is optimized with the Yoast SEO plugin v27.4 - https:\/\/yoast.com\/product\/yoast-seo-wordpress\/ -->\n<title>Jordbrukets tid \u2013 Ber\u00e4ttelsen om jordbruket I Finland - Digital museum<\/title>\n<meta name=\"robots\" content=\"index, follow, max-snippet:-1, max-image-preview:large, max-video-preview:-1\" \/>\n<link rel=\"canonical\" href=\"https:\/\/digimuseo.fi\/sv\/utstallningar\/jordbrukets-tid-berattelsen-om-jordbruket-i-finland\/\" \/>\n<meta property=\"og:locale\" content=\"sv_SE\" \/>\n<meta property=\"og:type\" content=\"article\" \/>\n<meta property=\"og:title\" content=\"Jordbrukets tid \u2013 Ber\u00e4ttelsen om jordbruket I Finland - Digital museum\" \/>\n<meta property=\"og:description\" content=\"Jordbruket och dess verksamhetsmilj\u00f6 har f\u00f6r\u00e4ndrats under tusentals \u00e5r. Samtidigt har ocks\u00e5 jordbruket format sin omgivning. Den h\u00e4r utst\u00e4llningen tar dig med p\u00e5 en resa genom det finl\u00e4ndska jordbrukets tretusen \u00e5r gamla historia.\" \/>\n<meta property=\"og:url\" content=\"https:\/\/digimuseo.fi\/sv\/utstallningar\/jordbrukets-tid-berattelsen-om-jordbruket-i-finland\/\" \/>\n<meta property=\"og:site_name\" content=\"Digital museum\" \/>\n<meta property=\"article:modified_time\" content=\"2022-09-30T07:56:18+00:00\" \/>\n<meta property=\"og:image\" content=\"https:\/\/digimuseo.fi\/wp-content\/uploads\/2021\/06\/maatalouden-aika.jpg\" \/>\n\t<meta property=\"og:image:width\" content=\"1586\" \/>\n\t<meta property=\"og:image:height\" content=\"1040\" \/>\n\t<meta property=\"og:image:type\" content=\"image\/jpeg\" \/>\n<meta name=\"twitter:card\" content=\"summary_large_image\" \/>\n<meta name=\"twitter:label1\" content=\"Ber\u00e4knad l\u00e4stid\" \/>\n\t<meta name=\"twitter:data1\" content=\"1 minut\" \/>\n<script type=\"application\/ld+json\" class=\"yoast-schema-graph\">{\"@context\":\"https:\\\/\\\/schema.org\",\"@graph\":[{\"@type\":\"WebPage\",\"@id\":\"https:\\\/\\\/digimuseo.fi\\\/sv\\\/utstallningar\\\/jordbrukets-tid-berattelsen-om-jordbruket-i-finland\\\/\",\"url\":\"https:\\\/\\\/digimuseo.fi\\\/sv\\\/utstallningar\\\/jordbrukets-tid-berattelsen-om-jordbruket-i-finland\\\/\",\"name\":\"Jordbrukets tid \u2013 Ber\u00e4ttelsen om jordbruket I Finland - Digital museum\",\"isPartOf\":{\"@id\":\"https:\\\/\\\/digimuseo.fi\\\/en\\\/#website\"},\"primaryImageOfPage\":{\"@id\":\"https:\\\/\\\/digimuseo.fi\\\/sv\\\/utstallningar\\\/jordbrukets-tid-berattelsen-om-jordbruket-i-finland\\\/#primaryimage\"},\"image\":{\"@id\":\"https:\\\/\\\/digimuseo.fi\\\/sv\\\/utstallningar\\\/jordbrukets-tid-berattelsen-om-jordbruket-i-finland\\\/#primaryimage\"},\"thumbnailUrl\":\"https:\\\/\\\/digimuseo.fi\\\/wp-content\\\/uploads\\\/2021\\\/06\\\/maatalouden-aika.jpg\",\"datePublished\":\"2021-06-11T13:10:17+00:00\",\"dateModified\":\"2022-09-30T07:56:18+00:00\",\"breadcrumb\":{\"@id\":\"https:\\\/\\\/digimuseo.fi\\\/sv\\\/utstallningar\\\/jordbrukets-tid-berattelsen-om-jordbruket-i-finland\\\/#breadcrumb\"},\"inLanguage\":\"sv-SE\",\"potentialAction\":[{\"@type\":\"ReadAction\",\"target\":[\"https:\\\/\\\/digimuseo.fi\\\/sv\\\/utstallningar\\\/jordbrukets-tid-berattelsen-om-jordbruket-i-finland\\\/\"]}]},{\"@type\":\"ImageObject\",\"inLanguage\":\"sv-SE\",\"@id\":\"https:\\\/\\\/digimuseo.fi\\\/sv\\\/utstallningar\\\/jordbrukets-tid-berattelsen-om-jordbruket-i-finland\\\/#primaryimage\",\"url\":\"https:\\\/\\\/digimuseo.fi\\\/wp-content\\\/uploads\\\/2021\\\/06\\\/maatalouden-aika.jpg\",\"contentUrl\":\"https:\\\/\\\/digimuseo.fi\\\/wp-content\\\/uploads\\\/2021\\\/06\\\/maatalouden-aika.jpg\",\"width\":1586,\"height\":1040,\"caption\":\"Iina Wahlstr\u00f6m \\\/ Sarka\"},{\"@type\":\"BreadcrumbList\",\"@id\":\"https:\\\/\\\/digimuseo.fi\\\/sv\\\/utstallningar\\\/jordbrukets-tid-berattelsen-om-jordbruket-i-finland\\\/#breadcrumb\",\"itemListElement\":[{\"@type\":\"ListItem\",\"position\":1,\"name\":\"Home\",\"item\":\"https:\\\/\\\/digimuseo.fi\\\/sv\\\/\"},{\"@type\":\"ListItem\",\"position\":2,\"name\":\"Tuotteet\",\"item\":\"https:\\\/\\\/digimuseo.fi\\\/nayttelyt\\\/\"},{\"@type\":\"ListItem\",\"position\":3,\"name\":\"Jordbrukets tid \u2013 Ber\u00e4ttelsen om jordbruket I Finland\"}]},{\"@type\":\"WebSite\",\"@id\":\"https:\\\/\\\/digimuseo.fi\\\/en\\\/#website\",\"url\":\"https:\\\/\\\/digimuseo.fi\\\/en\\\/\",\"name\":\"Digital museum\",\"description\":\"G\u00e5 in fr\u00e5n ditt vardagsrum\",\"potentialAction\":[{\"@type\":\"SearchAction\",\"target\":{\"@type\":\"EntryPoint\",\"urlTemplate\":\"https:\\\/\\\/digimuseo.fi\\\/en\\\/?s={search_term_string}\"},\"query-input\":{\"@type\":\"PropertyValueSpecification\",\"valueRequired\":true,\"valueName\":\"search_term_string\"}}],\"inLanguage\":\"sv-SE\"}]}<\/script>\n<!-- \/ Yoast SEO plugin. -->","yoast_head_json":{"title":"Jordbrukets tid \u2013 Ber\u00e4ttelsen om jordbruket I Finland - Digital museum","robots":{"index":"index","follow":"follow","max-snippet":"max-snippet:-1","max-image-preview":"max-image-preview:large","max-video-preview":"max-video-preview:-1"},"canonical":"https:\/\/digimuseo.fi\/sv\/utstallningar\/jordbrukets-tid-berattelsen-om-jordbruket-i-finland\/","og_locale":"sv_SE","og_type":"article","og_title":"Jordbrukets tid \u2013 Ber\u00e4ttelsen om jordbruket I Finland - Digital museum","og_description":"Jordbruket och dess verksamhetsmilj\u00f6 har f\u00f6r\u00e4ndrats under tusentals \u00e5r. Samtidigt har ocks\u00e5 jordbruket format sin omgivning. Den h\u00e4r utst\u00e4llningen tar dig med p\u00e5 en resa genom det finl\u00e4ndska jordbrukets tretusen \u00e5r gamla historia.","og_url":"https:\/\/digimuseo.fi\/sv\/utstallningar\/jordbrukets-tid-berattelsen-om-jordbruket-i-finland\/","og_site_name":"Digital museum","article_modified_time":"2022-09-30T07:56:18+00:00","og_image":[{"width":1586,"height":1040,"url":"https:\/\/digimuseo.fi\/wp-content\/uploads\/2021\/06\/maatalouden-aika.jpg","type":"image\/jpeg"}],"twitter_card":"summary_large_image","twitter_misc":{"Ber\u00e4knad l\u00e4stid":"1 minut"},"schema":{"@context":"https:\/\/schema.org","@graph":[{"@type":"WebPage","@id":"https:\/\/digimuseo.fi\/sv\/utstallningar\/jordbrukets-tid-berattelsen-om-jordbruket-i-finland\/","url":"https:\/\/digimuseo.fi\/sv\/utstallningar\/jordbrukets-tid-berattelsen-om-jordbruket-i-finland\/","name":"Jordbrukets tid \u2013 Ber\u00e4ttelsen om jordbruket I Finland - Digital museum","isPartOf":{"@id":"https:\/\/digimuseo.fi\/en\/#website"},"primaryImageOfPage":{"@id":"https:\/\/digimuseo.fi\/sv\/utstallningar\/jordbrukets-tid-berattelsen-om-jordbruket-i-finland\/#primaryimage"},"image":{"@id":"https:\/\/digimuseo.fi\/sv\/utstallningar\/jordbrukets-tid-berattelsen-om-jordbruket-i-finland\/#primaryimage"},"thumbnailUrl":"https:\/\/digimuseo.fi\/wp-content\/uploads\/2021\/06\/maatalouden-aika.jpg","datePublished":"2021-06-11T13:10:17+00:00","dateModified":"2022-09-30T07:56:18+00:00","breadcrumb":{"@id":"https:\/\/digimuseo.fi\/sv\/utstallningar\/jordbrukets-tid-berattelsen-om-jordbruket-i-finland\/#breadcrumb"},"inLanguage":"sv-SE","potentialAction":[{"@type":"ReadAction","target":["https:\/\/digimuseo.fi\/sv\/utstallningar\/jordbrukets-tid-berattelsen-om-jordbruket-i-finland\/"]}]},{"@type":"ImageObject","inLanguage":"sv-SE","@id":"https:\/\/digimuseo.fi\/sv\/utstallningar\/jordbrukets-tid-berattelsen-om-jordbruket-i-finland\/#primaryimage","url":"https:\/\/digimuseo.fi\/wp-content\/uploads\/2021\/06\/maatalouden-aika.jpg","contentUrl":"https:\/\/digimuseo.fi\/wp-content\/uploads\/2021\/06\/maatalouden-aika.jpg","width":1586,"height":1040,"caption":"Iina Wahlstr\u00f6m \/ Sarka"},{"@type":"BreadcrumbList","@id":"https:\/\/digimuseo.fi\/sv\/utstallningar\/jordbrukets-tid-berattelsen-om-jordbruket-i-finland\/#breadcrumb","itemListElement":[{"@type":"ListItem","position":1,"name":"Home","item":"https:\/\/digimuseo.fi\/sv\/"},{"@type":"ListItem","position":2,"name":"Tuotteet","item":"https:\/\/digimuseo.fi\/nayttelyt\/"},{"@type":"ListItem","position":3,"name":"Jordbrukets tid \u2013 Ber\u00e4ttelsen om jordbruket I Finland"}]},{"@type":"WebSite","@id":"https:\/\/digimuseo.fi\/en\/#website","url":"https:\/\/digimuseo.fi\/en\/","name":"Digital museum","description":"G\u00e5 in fr\u00e5n ditt vardagsrum","potentialAction":[{"@type":"SearchAction","target":{"@type":"EntryPoint","urlTemplate":"https:\/\/digimuseo.fi\/en\/?s={search_term_string}"},"query-input":{"@type":"PropertyValueSpecification","valueRequired":true,"valueName":"search_term_string"}}],"inLanguage":"sv-SE"}]}},"_links":{"self":[{"href":"https:\/\/digimuseo.fi\/sv\/wp-json\/wp\/v2\/product\/1203","targetHints":{"allow":["GET"]}}],"collection":[{"href":"https:\/\/digimuseo.fi\/sv\/wp-json\/wp\/v2\/product"}],"about":[{"href":"https:\/\/digimuseo.fi\/sv\/wp-json\/wp\/v2\/types\/product"}],"wp:featuredmedia":[{"embeddable":true,"href":"https:\/\/digimuseo.fi\/sv\/wp-json\/wp\/v2\/media\/855"}],"wp:attachment":[{"href":"https:\/\/digimuseo.fi\/sv\/wp-json\/wp\/v2\/media?parent=1203"}],"wp:term":[{"taxonomy":"product_brand","embeddable":true,"href":"https:\/\/digimuseo.fi\/sv\/wp-json\/wp\/v2\/product_brand?post=1203"},{"taxonomy":"product_cat","embeddable":true,"href":"https:\/\/digimuseo.fi\/sv\/wp-json\/wp\/v2\/product_cat?post=1203"},{"taxonomy":"product_tag","embeddable":true,"href":"https:\/\/digimuseo.fi\/sv\/wp-json\/wp\/v2\/product_tag?post=1203"},{"taxonomy":"school_subject","embeddable":true,"href":"https:\/\/digimuseo.fi\/sv\/wp-json\/wp\/v2\/school_subject?post=1203"},{"taxonomy":"school_level","embeddable":true,"href":"https:\/\/digimuseo.fi\/sv\/wp-json\/wp\/v2\/school_level?post=1203"}],"curies":[{"name":"wp","href":"https:\/\/api.w.org\/{rel}","templated":true}]}}