{"id":242,"date":"2020-04-29T05:43:56","date_gmt":"2020-04-29T02:43:56","guid":{"rendered":"https:\/\/digimuseo.fi\/etusivu\/"},"modified":"2026-03-31T13:02:41","modified_gmt":"2026-03-31T10:02:41","slug":"etusivu","status":"publish","type":"page","link":"https:\/\/digimuseo.fi\/sv\/","title":{"rendered":"Framsidan"},"content":{"rendered":"","protected":false},"excerpt":{"rendered":"","protected":false},"author":1,"featured_media":0,"parent":0,"menu_order":0,"comment_status":"closed","ping_status":"open","template":"","meta":{"_acf_changed":false,"footnotes":""},"class_list":["post-242","page","type-page","status-publish","hentry"],"acf":[],"yoast_head":"<!-- This site is optimized with the Yoast SEO plugin v27.4 - https:\/\/yoast.com\/product\/yoast-seo-wordpress\/ -->\n<title>Framsidan - Digital museum<\/title>\n<meta name=\"description\" content=\"V\u00e4lkommen till Digimuseet. Du kan g\u00e5 in i Finlands f\u00f6rsta helt digitala museum var du vill och n\u00e4r du vill.\" \/>\n<meta name=\"robots\" content=\"index, follow, max-snippet:-1, max-image-preview:large, max-video-preview:-1\" \/>\n<link rel=\"canonical\" href=\"https:\/\/digimuseo.fi\/sv\/\" \/>\n<meta property=\"og:locale\" content=\"sv_SE\" \/>\n<meta property=\"og:type\" content=\"article\" \/>\n<meta property=\"og:title\" content=\"Framsidan - Digital museum\" \/>\n<meta property=\"og:description\" content=\"V\u00e4lkommen till Digimuseet. Du kan g\u00e5 in i Finlands f\u00f6rsta helt digitala museum var du vill och n\u00e4r du vill.\" \/>\n<meta property=\"og:url\" content=\"https:\/\/digimuseo.fi\/sv\/\" \/>\n<meta property=\"og:site_name\" content=\"Digital museum\" \/>\n<meta property=\"article:modified_time\" content=\"2026-03-31T10:02:41+00:00\" \/>\n<meta property=\"og:image\" content=\"https:\/\/digimuseo.fi\/wp-content\/uploads\/2020\/05\/digimuseo-some-1200x630-1.png\" \/>\n\t<meta property=\"og:image:width\" content=\"1200\" \/>\n\t<meta property=\"og:image:height\" content=\"630\" \/>\n\t<meta property=\"og:image:type\" content=\"image\/png\" \/>\n<meta name=\"twitter:card\" content=\"summary_large_image\" \/>\n<script type=\"application\/ld+json\" class=\"yoast-schema-graph\">{\"@context\":\"https:\\\/\\\/schema.org\",\"@graph\":[{\"@type\":\"WebPage\",\"@id\":\"https:\\\/\\\/digimuseo.fi\\\/sv\\\/\",\"url\":\"https:\\\/\\\/digimuseo.fi\\\/sv\\\/\",\"name\":\"Framsidan - Digital museum\",\"isPartOf\":{\"@id\":\"https:\\\/\\\/digimuseo.fi\\\/en\\\/#website\"},\"datePublished\":\"2020-04-29T02:43:56+00:00\",\"dateModified\":\"2026-03-31T10:02:41+00:00\",\"description\":\"V\u00e4lkommen till Digimuseet. Du kan g\u00e5 in i Finlands f\u00f6rsta helt digitala museum var du vill och n\u00e4r du vill.\",\"breadcrumb\":{\"@id\":\"https:\\\/\\\/digimuseo.fi\\\/sv\\\/#breadcrumb\"},\"inLanguage\":\"sv-SE\",\"potentialAction\":[{\"@type\":\"ReadAction\",\"target\":[\"https:\\\/\\\/digimuseo.fi\\\/sv\\\/\"]}]},{\"@type\":\"BreadcrumbList\",\"@id\":\"https:\\\/\\\/digimuseo.fi\\\/sv\\\/#breadcrumb\",\"itemListElement\":[{\"@type\":\"ListItem\",\"position\":1,\"name\":\"Home\",\"item\":\"https:\\\/\\\/digimuseo.fi\\\/sv\\\/\"},{\"@type\":\"ListItem\",\"position\":2,\"name\":\"Framsidan\"}]},{\"@type\":\"WebSite\",\"@id\":\"https:\\\/\\\/digimuseo.fi\\\/en\\\/#website\",\"url\":\"https:\\\/\\\/digimuseo.fi\\\/en\\\/\",\"name\":\"Digital museum\",\"description\":\"G\u00e5 in fr\u00e5n ditt vardagsrum\",\"potentialAction\":[{\"@type\":\"SearchAction\",\"target\":{\"@type\":\"EntryPoint\",\"urlTemplate\":\"https:\\\/\\\/digimuseo.fi\\\/en\\\/?s={search_term_string}\"},\"query-input\":{\"@type\":\"PropertyValueSpecification\",\"valueRequired\":true,\"valueName\":\"search_term_string\"}}],\"inLanguage\":\"sv-SE\"}]}<\/script>\n<!-- \/ Yoast SEO plugin. -->","yoast_head_json":{"title":"Framsidan - Digital museum","description":"V\u00e4lkommen till Digimuseet. Du kan g\u00e5 in i Finlands f\u00f6rsta helt digitala museum var du vill och n\u00e4r du vill.","robots":{"index":"index","follow":"follow","max-snippet":"max-snippet:-1","max-image-preview":"max-image-preview:large","max-video-preview":"max-video-preview:-1"},"canonical":"https:\/\/digimuseo.fi\/sv\/","og_locale":"sv_SE","og_type":"article","og_title":"Framsidan - Digital museum","og_description":"V\u00e4lkommen till Digimuseet. Du kan g\u00e5 in i Finlands f\u00f6rsta helt digitala museum var du vill och n\u00e4r du vill.","og_url":"https:\/\/digimuseo.fi\/sv\/","og_site_name":"Digital museum","article_modified_time":"2026-03-31T10:02:41+00:00","og_image":[{"width":1200,"height":630,"url":"https:\/\/digimuseo.fi\/wp-content\/uploads\/2020\/05\/digimuseo-some-1200x630-1.png","type":"image\/png"}],"twitter_card":"summary_large_image","schema":{"@context":"https:\/\/schema.org","@graph":[{"@type":"WebPage","@id":"https:\/\/digimuseo.fi\/sv\/","url":"https:\/\/digimuseo.fi\/sv\/","name":"Framsidan - Digital museum","isPartOf":{"@id":"https:\/\/digimuseo.fi\/en\/#website"},"datePublished":"2020-04-29T02:43:56+00:00","dateModified":"2026-03-31T10:02:41+00:00","description":"V\u00e4lkommen till Digimuseet. Du kan g\u00e5 in i Finlands f\u00f6rsta helt digitala museum var du vill och n\u00e4r du vill.","breadcrumb":{"@id":"https:\/\/digimuseo.fi\/sv\/#breadcrumb"},"inLanguage":"sv-SE","potentialAction":[{"@type":"ReadAction","target":["https:\/\/digimuseo.fi\/sv\/"]}]},{"@type":"BreadcrumbList","@id":"https:\/\/digimuseo.fi\/sv\/#breadcrumb","itemListElement":[{"@type":"ListItem","position":1,"name":"Home","item":"https:\/\/digimuseo.fi\/sv\/"},{"@type":"ListItem","position":2,"name":"Framsidan"}]},{"@type":"WebSite","@id":"https:\/\/digimuseo.fi\/en\/#website","url":"https:\/\/digimuseo.fi\/en\/","name":"Digital museum","description":"G\u00e5 in fr\u00e5n ditt vardagsrum","potentialAction":[{"@type":"SearchAction","target":{"@type":"EntryPoint","urlTemplate":"https:\/\/digimuseo.fi\/en\/?s={search_term_string}"},"query-input":{"@type":"PropertyValueSpecification","valueRequired":true,"valueName":"search_term_string"}}],"inLanguage":"sv-SE"}]}},"_links":{"self":[{"href":"https:\/\/digimuseo.fi\/sv\/wp-json\/wp\/v2\/pages\/242","targetHints":{"allow":["GET"]}}],"collection":[{"href":"https:\/\/digimuseo.fi\/sv\/wp-json\/wp\/v2\/pages"}],"about":[{"href":"https:\/\/digimuseo.fi\/sv\/wp-json\/wp\/v2\/types\/page"}],"author":[{"embeddable":true,"href":"https:\/\/digimuseo.fi\/sv\/wp-json\/wp\/v2\/users\/1"}],"replies":[{"embeddable":true,"href":"https:\/\/digimuseo.fi\/sv\/wp-json\/wp\/v2\/comments?post=242"}],"version-history":[{"count":2,"href":"https:\/\/digimuseo.fi\/sv\/wp-json\/wp\/v2\/pages\/242\/revisions"}],"predecessor-version":[{"id":4938,"href":"https:\/\/digimuseo.fi\/sv\/wp-json\/wp\/v2\/pages\/242\/revisions\/4938"}],"wp:attachment":[{"href":"https:\/\/digimuseo.fi\/sv\/wp-json\/wp\/v2\/media?parent=242"}],"curies":[{"name":"wp","href":"https:\/\/api.w.org\/{rel}","templated":true}]}}