{"id":2587,"date":"2022-06-21T16:24:32","date_gmt":"2022-06-21T13:24:32","guid":{"rendered":"https:\/\/digimuseo.fi\/nayttelyt\/on-the-wing-of-the-dc-3\/"},"modified":"2022-10-27T14:53:10","modified_gmt":"2022-10-27T11:53:10","slug":"on-the-wing-of-the-dc-3","status":"publish","type":"product","link":"https:\/\/digimuseo.fi\/en\/exhibitions\/on-the-wing-of-the-dc-3\/","title":{"rendered":"On the Wing of the DC-3"},"content":{"rendered":"<p style=\"font-weight: 400;\">The Virtual Exhibition enables you to enter the 3D model, and explore the interior of the DC-3 aircraft in a 360 enviroment, both in its civilian and military outfit. The exhibition, its stories, videos and photographs reveal the versatile uses of the aircraft.<\/p>\n<p style=\"font-weight: 400;\">The exhibition is a joint project by the Finnish Aviation Museum, Finnish Air Force Museum and the Aviation Museum Association, and it has been funded by the Support Foundation for National Defence (Maanpuolustuksen kannatuss\u00e4\u00e4ti\u00f6).<\/p>\n","protected":false},"excerpt":{"rendered":"<p style=\"font-weight: 400;\">The Douglas DC-3 is one of the most iconic and admired aircraft types in aviation history. As one of the most produced aircraft types, it had a profound impact on post-war air traffic. In Finland, the DC-3\u2019s were operated by the airline companies Aero (present day Finnair) and Kar-Air, as well as the Finnish Air Force. Despite their familiarity, their versatile history continues to suprise. Digital technology enables us to virtually open interiors, that have previously been closed from the public, and enable comparison between idividual aircraft \u2013 please step in, and explore the Golden Age of the DC-3\u2019s, as well as the various uses of the aircraft.<\/p>\n","protected":false},"featured_media":2314,"template":"","meta":{"_acf_changed":false},"product_brand":[],"product_cat":[74],"product_tag":[],"school_subject":[],"school_level":[],"class_list":{"0":"post-2587","1":"product","2":"type-product","3":"status-publish","4":"has-post-thumbnail","6":"product_cat-yleinen-en","7":"museums-finnish-aviation-museum","8":"exhibition_themes-out-of-the-ordinary","10":"first","11":"instock","12":"virtual","13":"sold-individually","14":"taxable","15":"product-type-basic_museum"},"acf":[],"yoast_head":"<!-- This site is optimized with the Yoast SEO plugin v27.4 - https:\/\/yoast.com\/product\/yoast-seo-wordpress\/ -->\n<title>On the Wing of the DC-3 - Digital museum<\/title>\n<meta name=\"description\" content=\"Kolmosten siivill\u00e4 -virtuaalin\u00e4yttelyss\u00e4 voi astua DC-3 -koneen 3D-mallin sis\u00e4\u00e4n ja tutustua 360-kuvan avulla koneen sis\u00e4tiloihin sek\u00e4 siviili- ett\u00e4 sotilasasussa. Koneiden monet k\u00e4yt\u00f6t paljastuvat virtuaalin\u00e4yttelyss\u00e4 kerrottujen tarinoiden, videoiden ja kuva-aineiston my\u00f6t\u00e4.\" \/>\n<meta name=\"robots\" content=\"index, follow, max-snippet:-1, max-image-preview:large, max-video-preview:-1\" \/>\n<link rel=\"canonical\" href=\"https:\/\/digimuseo.fi\/en\/exhibitions\/on-the-wing-of-the-dc-3\/\" \/>\n<meta property=\"og:locale\" content=\"en_US\" \/>\n<meta property=\"og:type\" content=\"article\" \/>\n<meta property=\"og:title\" content=\"Kolmosten siivill\u00e4 -virtuaalin\u00e4yttely\" \/>\n<meta property=\"og:description\" content=\"Kolmosten siivill\u00e4 -virtuaalin\u00e4yttely nyt Digimuseossa!\" \/>\n<meta property=\"og:url\" content=\"https:\/\/digimuseo.fi\/en\/exhibitions\/on-the-wing-of-the-dc-3\/\" \/>\n<meta property=\"og:site_name\" content=\"Digital museum\" \/>\n<meta property=\"article:modified_time\" content=\"2022-10-27T11:53:10+00:00\" \/>\n<meta property=\"og:image\" content=\"https:\/\/digimuseo.fi\/wp-content\/uploads\/2022\/06\/kolmosten_siivilla_tuotekuva-1024x576.jpg\" \/>\n<meta name=\"twitter:card\" content=\"summary_large_image\" \/>\n<meta name=\"twitter:title\" content=\"Kolmosten siivill\u00e4 -virtuaalin\u00e4yttely\" \/>\n<meta name=\"twitter:description\" content=\"Kolmosten siivill\u00e4 -virtuaalin\u00e4yttely nyt Digimuseossa!\" \/>\n<meta name=\"twitter:image\" content=\"https:\/\/digimuseo.fi\/wp-content\/uploads\/2022\/06\/kolmosten_siivilla_tuotekuva-1024x576.jpg\" \/>\n<script type=\"application\/ld+json\" class=\"yoast-schema-graph\">{\"@context\":\"https:\\\/\\\/schema.org\",\"@graph\":[{\"@type\":\"WebPage\",\"@id\":\"https:\\\/\\\/digimuseo.fi\\\/en\\\/exhibitions\\\/on-the-wing-of-the-dc-3\\\/\",\"url\":\"https:\\\/\\\/digimuseo.fi\\\/en\\\/exhibitions\\\/on-the-wing-of-the-dc-3\\\/\",\"name\":\"On the Wing of the DC-3 - Digital museum\",\"isPartOf\":{\"@id\":\"https:\\\/\\\/digimuseo.fi\\\/en\\\/#website\"},\"primaryImageOfPage\":{\"@id\":\"https:\\\/\\\/digimuseo.fi\\\/en\\\/exhibitions\\\/on-the-wing-of-the-dc-3\\\/#primaryimage\"},\"image\":{\"@id\":\"https:\\\/\\\/digimuseo.fi\\\/en\\\/exhibitions\\\/on-the-wing-of-the-dc-3\\\/#primaryimage\"},\"thumbnailUrl\":\"https:\\\/\\\/digimuseo.fi\\\/wp-content\\\/uploads\\\/2022\\\/06\\\/kolmosten_siivilla_tuotekuva_1x1.jpg\",\"datePublished\":\"2022-06-21T13:24:32+00:00\",\"dateModified\":\"2022-10-27T11:53:10+00:00\",\"description\":\"Kolmosten siivill\u00e4 -virtuaalin\u00e4yttelyss\u00e4 voi astua DC-3 -koneen 3D-mallin sis\u00e4\u00e4n ja tutustua 360-kuvan avulla koneen sis\u00e4tiloihin sek\u00e4 siviili- ett\u00e4 sotilasasussa. Koneiden monet k\u00e4yt\u00f6t paljastuvat virtuaalin\u00e4yttelyss\u00e4 kerrottujen tarinoiden, videoiden ja kuva-aineiston my\u00f6t\u00e4.\",\"breadcrumb\":{\"@id\":\"https:\\\/\\\/digimuseo.fi\\\/en\\\/exhibitions\\\/on-the-wing-of-the-dc-3\\\/#breadcrumb\"},\"inLanguage\":\"en-US\",\"potentialAction\":[{\"@type\":\"ReadAction\",\"target\":[\"https:\\\/\\\/digimuseo.fi\\\/en\\\/exhibitions\\\/on-the-wing-of-the-dc-3\\\/\"]}]},{\"@type\":\"ImageObject\",\"inLanguage\":\"en-US\",\"@id\":\"https:\\\/\\\/digimuseo.fi\\\/en\\\/exhibitions\\\/on-the-wing-of-the-dc-3\\\/#primaryimage\",\"url\":\"https:\\\/\\\/digimuseo.fi\\\/wp-content\\\/uploads\\\/2022\\\/06\\\/kolmosten_siivilla_tuotekuva_1x1.jpg\",\"contentUrl\":\"https:\\\/\\\/digimuseo.fi\\\/wp-content\\\/uploads\\\/2022\\\/06\\\/kolmosten_siivilla_tuotekuva_1x1.jpg\",\"width\":1080,\"height\":1080,\"caption\":\"Douglas DC-3 aircraft \\\"Seagull\\\" in 3D\"},{\"@type\":\"BreadcrumbList\",\"@id\":\"https:\\\/\\\/digimuseo.fi\\\/en\\\/exhibitions\\\/on-the-wing-of-the-dc-3\\\/#breadcrumb\",\"itemListElement\":[{\"@type\":\"ListItem\",\"position\":1,\"name\":\"Home\",\"item\":\"https:\\\/\\\/digimuseo.fi\\\/en\\\/\"},{\"@type\":\"ListItem\",\"position\":2,\"name\":\"Tuotteet\",\"item\":\"https:\\\/\\\/digimuseo.fi\\\/nayttelyt\\\/\"},{\"@type\":\"ListItem\",\"position\":3,\"name\":\"On the Wing of the DC-3\"}]},{\"@type\":\"WebSite\",\"@id\":\"https:\\\/\\\/digimuseo.fi\\\/en\\\/#website\",\"url\":\"https:\\\/\\\/digimuseo.fi\\\/en\\\/\",\"name\":\"Digital museum\",\"description\":\"Enter from your living room\",\"potentialAction\":[{\"@type\":\"SearchAction\",\"target\":{\"@type\":\"EntryPoint\",\"urlTemplate\":\"https:\\\/\\\/digimuseo.fi\\\/en\\\/?s={search_term_string}\"},\"query-input\":{\"@type\":\"PropertyValueSpecification\",\"valueRequired\":true,\"valueName\":\"search_term_string\"}}],\"inLanguage\":\"en-US\"}]}<\/script>\n<!-- \/ Yoast SEO plugin. -->","yoast_head_json":{"title":"On the Wing of the DC-3 - Digital museum","description":"Kolmosten siivill\u00e4 -virtuaalin\u00e4yttelyss\u00e4 voi astua DC-3 -koneen 3D-mallin sis\u00e4\u00e4n ja tutustua 360-kuvan avulla koneen sis\u00e4tiloihin sek\u00e4 siviili- ett\u00e4 sotilasasussa. Koneiden monet k\u00e4yt\u00f6t paljastuvat virtuaalin\u00e4yttelyss\u00e4 kerrottujen tarinoiden, videoiden ja kuva-aineiston my\u00f6t\u00e4.","robots":{"index":"index","follow":"follow","max-snippet":"max-snippet:-1","max-image-preview":"max-image-preview:large","max-video-preview":"max-video-preview:-1"},"canonical":"https:\/\/digimuseo.fi\/en\/exhibitions\/on-the-wing-of-the-dc-3\/","og_locale":"en_US","og_type":"article","og_title":"Kolmosten siivill\u00e4 -virtuaalin\u00e4yttely","og_description":"Kolmosten siivill\u00e4 -virtuaalin\u00e4yttely nyt Digimuseossa!","og_url":"https:\/\/digimuseo.fi\/en\/exhibitions\/on-the-wing-of-the-dc-3\/","og_site_name":"Digital museum","article_modified_time":"2022-10-27T11:53:10+00:00","og_image":[{"url":"https:\/\/digimuseo.fi\/wp-content\/uploads\/2022\/06\/kolmosten_siivilla_tuotekuva-1024x576.jpg","type":"","width":"","height":""}],"twitter_card":"summary_large_image","twitter_title":"Kolmosten siivill\u00e4 -virtuaalin\u00e4yttely","twitter_description":"Kolmosten siivill\u00e4 -virtuaalin\u00e4yttely nyt Digimuseossa!","twitter_image":"https:\/\/digimuseo.fi\/wp-content\/uploads\/2022\/06\/kolmosten_siivilla_tuotekuva-1024x576.jpg","schema":{"@context":"https:\/\/schema.org","@graph":[{"@type":"WebPage","@id":"https:\/\/digimuseo.fi\/en\/exhibitions\/on-the-wing-of-the-dc-3\/","url":"https:\/\/digimuseo.fi\/en\/exhibitions\/on-the-wing-of-the-dc-3\/","name":"On the Wing of the DC-3 - Digital museum","isPartOf":{"@id":"https:\/\/digimuseo.fi\/en\/#website"},"primaryImageOfPage":{"@id":"https:\/\/digimuseo.fi\/en\/exhibitions\/on-the-wing-of-the-dc-3\/#primaryimage"},"image":{"@id":"https:\/\/digimuseo.fi\/en\/exhibitions\/on-the-wing-of-the-dc-3\/#primaryimage"},"thumbnailUrl":"https:\/\/digimuseo.fi\/wp-content\/uploads\/2022\/06\/kolmosten_siivilla_tuotekuva_1x1.jpg","datePublished":"2022-06-21T13:24:32+00:00","dateModified":"2022-10-27T11:53:10+00:00","description":"Kolmosten siivill\u00e4 -virtuaalin\u00e4yttelyss\u00e4 voi astua DC-3 -koneen 3D-mallin sis\u00e4\u00e4n ja tutustua 360-kuvan avulla koneen sis\u00e4tiloihin sek\u00e4 siviili- ett\u00e4 sotilasasussa. Koneiden monet k\u00e4yt\u00f6t paljastuvat virtuaalin\u00e4yttelyss\u00e4 kerrottujen tarinoiden, videoiden ja kuva-aineiston my\u00f6t\u00e4.","breadcrumb":{"@id":"https:\/\/digimuseo.fi\/en\/exhibitions\/on-the-wing-of-the-dc-3\/#breadcrumb"},"inLanguage":"en-US","potentialAction":[{"@type":"ReadAction","target":["https:\/\/digimuseo.fi\/en\/exhibitions\/on-the-wing-of-the-dc-3\/"]}]},{"@type":"ImageObject","inLanguage":"en-US","@id":"https:\/\/digimuseo.fi\/en\/exhibitions\/on-the-wing-of-the-dc-3\/#primaryimage","url":"https:\/\/digimuseo.fi\/wp-content\/uploads\/2022\/06\/kolmosten_siivilla_tuotekuva_1x1.jpg","contentUrl":"https:\/\/digimuseo.fi\/wp-content\/uploads\/2022\/06\/kolmosten_siivilla_tuotekuva_1x1.jpg","width":1080,"height":1080,"caption":"Douglas DC-3 aircraft \"Seagull\" in 3D"},{"@type":"BreadcrumbList","@id":"https:\/\/digimuseo.fi\/en\/exhibitions\/on-the-wing-of-the-dc-3\/#breadcrumb","itemListElement":[{"@type":"ListItem","position":1,"name":"Home","item":"https:\/\/digimuseo.fi\/en\/"},{"@type":"ListItem","position":2,"name":"Tuotteet","item":"https:\/\/digimuseo.fi\/nayttelyt\/"},{"@type":"ListItem","position":3,"name":"On the Wing of the DC-3"}]},{"@type":"WebSite","@id":"https:\/\/digimuseo.fi\/en\/#website","url":"https:\/\/digimuseo.fi\/en\/","name":"Digital museum","description":"Enter from your living room","potentialAction":[{"@type":"SearchAction","target":{"@type":"EntryPoint","urlTemplate":"https:\/\/digimuseo.fi\/en\/?s={search_term_string}"},"query-input":{"@type":"PropertyValueSpecification","valueRequired":true,"valueName":"search_term_string"}}],"inLanguage":"en-US"}]}},"_links":{"self":[{"href":"https:\/\/digimuseo.fi\/en\/wp-json\/wp\/v2\/product\/2587","targetHints":{"allow":["GET"]}}],"collection":[{"href":"https:\/\/digimuseo.fi\/en\/wp-json\/wp\/v2\/product"}],"about":[{"href":"https:\/\/digimuseo.fi\/en\/wp-json\/wp\/v2\/types\/product"}],"wp:featuredmedia":[{"embeddable":true,"href":"https:\/\/digimuseo.fi\/en\/wp-json\/wp\/v2\/media\/2314"}],"wp:attachment":[{"href":"https:\/\/digimuseo.fi\/en\/wp-json\/wp\/v2\/media?parent=2587"}],"wp:term":[{"taxonomy":"product_brand","embeddable":true,"href":"https:\/\/digimuseo.fi\/en\/wp-json\/wp\/v2\/product_brand?post=2587"},{"taxonomy":"product_cat","embeddable":true,"href":"https:\/\/digimuseo.fi\/en\/wp-json\/wp\/v2\/product_cat?post=2587"},{"taxonomy":"product_tag","embeddable":true,"href":"https:\/\/digimuseo.fi\/en\/wp-json\/wp\/v2\/product_tag?post=2587"},{"taxonomy":"school_subject","embeddable":true,"href":"https:\/\/digimuseo.fi\/en\/wp-json\/wp\/v2\/school_subject?post=2587"},{"taxonomy":"school_level","embeddable":true,"href":"https:\/\/digimuseo.fi\/en\/wp-json\/wp\/v2\/school_level?post=2587"}],"curies":[{"name":"wp","href":"https:\/\/api.w.org\/{rel}","templated":true}]}}