{"id":2195,"date":"2022-05-29T10:45:43","date_gmt":"2022-05-29T07:45:43","guid":{"rendered":"https:\/\/digimuseo.fi\/?post_type=product&#038;p=2195"},"modified":"2024-02-06T16:00:38","modified_gmt":"2024-02-06T14:00:38","slug":"the-museum-ett-hem","status":"publish","type":"product","link":"https:\/\/digimuseo.fi\/en\/exhibitions\/the-museum-ett-hem\/","title":{"rendered":"The museum Ett Hem"},"content":{"rendered":"<p>In 1932, the museum was opened to the public on H\u00e4meenkatu in Turku, the original location of the Jacobsson home. Since 1965 the museum is located in the current building on Piispankatu. The museum has collections of art and artefacts as well as antiques inherited and purchased by Jacobsson couple.<\/p>\n<p><a href=\"https:\/\/etthem.fi\/en\/\" target=\"_blank\" rel=\"noopener\">https:\/\/etthem.fi\/en\/<\/a><\/p>\n","protected":false},"excerpt":{"rendered":"<p>The museum Ett Hem (in English A home) is a home museum donated to the \u00c5bo Akademi University Foundation by consul Alfred Jacobsson and his wife H\u00e9l\u00e8ne. The museum presents the interior of a turn of the century bourgeois home.<\/p>\n","protected":false},"featured_media":2190,"template":"","meta":{"_acf_changed":false},"product_brand":[],"product_cat":[74],"product_tag":[],"school_subject":[],"school_level":[],"class_list":{"0":"post-2195","1":"product","2":"type-product","3":"status-publish","4":"has-post-thumbnail","6":"product_cat-yleinen-en","7":"museums-the-museum-ett-hem","8":"exhibition_themes-history","10":"first","11":"instock","12":"virtual","13":"sold-individually","14":"taxable","15":"product-type-basic_museum"},"acf":[],"yoast_head":"<!-- This site is optimized with the Yoast SEO plugin v27.4 - https:\/\/yoast.com\/product\/yoast-seo-wordpress\/ -->\n<title>The museum Ett Hem - Digital museum<\/title>\n<meta name=\"description\" content=\"The museum Ett Hem (in English A home) is a home museum donated to the \u00c5bo Akademi University Foundation by consul Alfred Jacobsson and his wife H\u00e9l\u00e8ne. The museum presents the interior of a turn of the century bourgeois home.\" \/>\n<meta name=\"robots\" content=\"index, follow, max-snippet:-1, max-image-preview:large, max-video-preview:-1\" \/>\n<link rel=\"canonical\" href=\"https:\/\/digimuseo.fi\/en\/exhibitions\/the-museum-ett-hem\/\" \/>\n<meta property=\"og:locale\" content=\"en_US\" \/>\n<meta property=\"og:type\" content=\"article\" \/>\n<meta property=\"og:title\" content=\"The museum Ett Hem - Digital museum\" \/>\n<meta property=\"og:description\" content=\"The museum Ett Hem (in English A home) is a home museum donated to the \u00c5bo Akademi University Foundation by consul Alfred Jacobsson and his wife H\u00e9l\u00e8ne. The museum presents the interior of a turn of the century bourgeois home.\" \/>\n<meta property=\"og:url\" content=\"https:\/\/digimuseo.fi\/en\/exhibitions\/the-museum-ett-hem\/\" \/>\n<meta property=\"og:site_name\" content=\"Digital museum\" \/>\n<meta property=\"article:modified_time\" content=\"2024-02-06T14:00:38+00:00\" \/>\n<meta property=\"og:image\" content=\"https:\/\/digimuseo.fi\/wp-content\/uploads\/2022\/05\/EttHem-scaled.jpg\" \/>\n\t<meta property=\"og:image:width\" content=\"1707\" \/>\n\t<meta property=\"og:image:height\" content=\"2560\" \/>\n\t<meta property=\"og:image:type\" content=\"image\/jpeg\" \/>\n<meta name=\"twitter:card\" content=\"summary_large_image\" \/>\n<meta name=\"twitter:label1\" content=\"Est. reading time\" \/>\n\t<meta name=\"twitter:data1\" content=\"1 minute\" \/>\n<script type=\"application\/ld+json\" class=\"yoast-schema-graph\">{\"@context\":\"https:\\\/\\\/schema.org\",\"@graph\":[{\"@type\":\"WebPage\",\"@id\":\"https:\\\/\\\/digimuseo.fi\\\/en\\\/exhibitions\\\/the-museum-ett-hem\\\/\",\"url\":\"https:\\\/\\\/digimuseo.fi\\\/en\\\/exhibitions\\\/the-museum-ett-hem\\\/\",\"name\":\"The museum Ett Hem - Digital museum\",\"isPartOf\":{\"@id\":\"https:\\\/\\\/digimuseo.fi\\\/en\\\/#website\"},\"primaryImageOfPage\":{\"@id\":\"https:\\\/\\\/digimuseo.fi\\\/en\\\/exhibitions\\\/the-museum-ett-hem\\\/#primaryimage\"},\"image\":{\"@id\":\"https:\\\/\\\/digimuseo.fi\\\/en\\\/exhibitions\\\/the-museum-ett-hem\\\/#primaryimage\"},\"thumbnailUrl\":\"https:\\\/\\\/digimuseo.fi\\\/wp-content\\\/uploads\\\/2022\\\/05\\\/EttHem-scaled.jpg\",\"datePublished\":\"2022-05-29T07:45:43+00:00\",\"dateModified\":\"2024-02-06T14:00:38+00:00\",\"description\":\"The museum Ett Hem (in English A home) is a home museum donated to the \u00c5bo Akademi University Foundation by consul Alfred Jacobsson and his wife H\u00e9l\u00e8ne. The museum presents the interior of a turn of the century bourgeois home.\",\"breadcrumb\":{\"@id\":\"https:\\\/\\\/digimuseo.fi\\\/en\\\/exhibitions\\\/the-museum-ett-hem\\\/#breadcrumb\"},\"inLanguage\":\"en-US\",\"potentialAction\":[{\"@type\":\"ReadAction\",\"target\":[\"https:\\\/\\\/digimuseo.fi\\\/en\\\/exhibitions\\\/the-museum-ett-hem\\\/\"]}]},{\"@type\":\"ImageObject\",\"inLanguage\":\"en-US\",\"@id\":\"https:\\\/\\\/digimuseo.fi\\\/en\\\/exhibitions\\\/the-museum-ett-hem\\\/#primaryimage\",\"url\":\"https:\\\/\\\/digimuseo.fi\\\/wp-content\\\/uploads\\\/2022\\\/05\\\/EttHem-scaled.jpg\",\"contentUrl\":\"https:\\\/\\\/digimuseo.fi\\\/wp-content\\\/uploads\\\/2022\\\/05\\\/EttHem-scaled.jpg\",\"width\":1707,\"height\":2560,\"caption\":\"The museum Ett Hem. Photo: \u00c5bo Akademi University Foundation.\"},{\"@type\":\"BreadcrumbList\",\"@id\":\"https:\\\/\\\/digimuseo.fi\\\/en\\\/exhibitions\\\/the-museum-ett-hem\\\/#breadcrumb\",\"itemListElement\":[{\"@type\":\"ListItem\",\"position\":1,\"name\":\"Home\",\"item\":\"https:\\\/\\\/digimuseo.fi\\\/en\\\/\"},{\"@type\":\"ListItem\",\"position\":2,\"name\":\"Tuotteet\",\"item\":\"https:\\\/\\\/digimuseo.fi\\\/nayttelyt\\\/\"},{\"@type\":\"ListItem\",\"position\":3,\"name\":\"The museum Ett Hem\"}]},{\"@type\":\"WebSite\",\"@id\":\"https:\\\/\\\/digimuseo.fi\\\/en\\\/#website\",\"url\":\"https:\\\/\\\/digimuseo.fi\\\/en\\\/\",\"name\":\"Digital museum\",\"description\":\"Enter from your living room\",\"potentialAction\":[{\"@type\":\"SearchAction\",\"target\":{\"@type\":\"EntryPoint\",\"urlTemplate\":\"https:\\\/\\\/digimuseo.fi\\\/en\\\/?s={search_term_string}\"},\"query-input\":{\"@type\":\"PropertyValueSpecification\",\"valueRequired\":true,\"valueName\":\"search_term_string\"}}],\"inLanguage\":\"en-US\"}]}<\/script>\n<!-- \/ Yoast SEO plugin. -->","yoast_head_json":{"title":"The museum Ett Hem - Digital museum","description":"The museum Ett Hem (in English A home) is a home museum donated to the \u00c5bo Akademi University Foundation by consul Alfred Jacobsson and his wife H\u00e9l\u00e8ne. The museum presents the interior of a turn of the century bourgeois home.","robots":{"index":"index","follow":"follow","max-snippet":"max-snippet:-1","max-image-preview":"max-image-preview:large","max-video-preview":"max-video-preview:-1"},"canonical":"https:\/\/digimuseo.fi\/en\/exhibitions\/the-museum-ett-hem\/","og_locale":"en_US","og_type":"article","og_title":"The museum Ett Hem - Digital museum","og_description":"The museum Ett Hem (in English A home) is a home museum donated to the \u00c5bo Akademi University Foundation by consul Alfred Jacobsson and his wife H\u00e9l\u00e8ne. The museum presents the interior of a turn of the century bourgeois home.","og_url":"https:\/\/digimuseo.fi\/en\/exhibitions\/the-museum-ett-hem\/","og_site_name":"Digital museum","article_modified_time":"2024-02-06T14:00:38+00:00","og_image":[{"width":1707,"height":2560,"url":"https:\/\/digimuseo.fi\/wp-content\/uploads\/2022\/05\/EttHem-scaled.jpg","type":"image\/jpeg"}],"twitter_card":"summary_large_image","twitter_misc":{"Est. reading time":"1 minute"},"schema":{"@context":"https:\/\/schema.org","@graph":[{"@type":"WebPage","@id":"https:\/\/digimuseo.fi\/en\/exhibitions\/the-museum-ett-hem\/","url":"https:\/\/digimuseo.fi\/en\/exhibitions\/the-museum-ett-hem\/","name":"The museum Ett Hem - Digital museum","isPartOf":{"@id":"https:\/\/digimuseo.fi\/en\/#website"},"primaryImageOfPage":{"@id":"https:\/\/digimuseo.fi\/en\/exhibitions\/the-museum-ett-hem\/#primaryimage"},"image":{"@id":"https:\/\/digimuseo.fi\/en\/exhibitions\/the-museum-ett-hem\/#primaryimage"},"thumbnailUrl":"https:\/\/digimuseo.fi\/wp-content\/uploads\/2022\/05\/EttHem-scaled.jpg","datePublished":"2022-05-29T07:45:43+00:00","dateModified":"2024-02-06T14:00:38+00:00","description":"The museum Ett Hem (in English A home) is a home museum donated to the \u00c5bo Akademi University Foundation by consul Alfred Jacobsson and his wife H\u00e9l\u00e8ne. The museum presents the interior of a turn of the century bourgeois home.","breadcrumb":{"@id":"https:\/\/digimuseo.fi\/en\/exhibitions\/the-museum-ett-hem\/#breadcrumb"},"inLanguage":"en-US","potentialAction":[{"@type":"ReadAction","target":["https:\/\/digimuseo.fi\/en\/exhibitions\/the-museum-ett-hem\/"]}]},{"@type":"ImageObject","inLanguage":"en-US","@id":"https:\/\/digimuseo.fi\/en\/exhibitions\/the-museum-ett-hem\/#primaryimage","url":"https:\/\/digimuseo.fi\/wp-content\/uploads\/2022\/05\/EttHem-scaled.jpg","contentUrl":"https:\/\/digimuseo.fi\/wp-content\/uploads\/2022\/05\/EttHem-scaled.jpg","width":1707,"height":2560,"caption":"The museum Ett Hem. Photo: \u00c5bo Akademi University Foundation."},{"@type":"BreadcrumbList","@id":"https:\/\/digimuseo.fi\/en\/exhibitions\/the-museum-ett-hem\/#breadcrumb","itemListElement":[{"@type":"ListItem","position":1,"name":"Home","item":"https:\/\/digimuseo.fi\/en\/"},{"@type":"ListItem","position":2,"name":"Tuotteet","item":"https:\/\/digimuseo.fi\/nayttelyt\/"},{"@type":"ListItem","position":3,"name":"The museum Ett Hem"}]},{"@type":"WebSite","@id":"https:\/\/digimuseo.fi\/en\/#website","url":"https:\/\/digimuseo.fi\/en\/","name":"Digital museum","description":"Enter from your living room","potentialAction":[{"@type":"SearchAction","target":{"@type":"EntryPoint","urlTemplate":"https:\/\/digimuseo.fi\/en\/?s={search_term_string}"},"query-input":{"@type":"PropertyValueSpecification","valueRequired":true,"valueName":"search_term_string"}}],"inLanguage":"en-US"}]}},"_links":{"self":[{"href":"https:\/\/digimuseo.fi\/en\/wp-json\/wp\/v2\/product\/2195","targetHints":{"allow":["GET"]}}],"collection":[{"href":"https:\/\/digimuseo.fi\/en\/wp-json\/wp\/v2\/product"}],"about":[{"href":"https:\/\/digimuseo.fi\/en\/wp-json\/wp\/v2\/types\/product"}],"wp:featuredmedia":[{"embeddable":true,"href":"https:\/\/digimuseo.fi\/en\/wp-json\/wp\/v2\/media\/2190"}],"wp:attachment":[{"href":"https:\/\/digimuseo.fi\/en\/wp-json\/wp\/v2\/media?parent=2195"}],"wp:term":[{"taxonomy":"product_brand","embeddable":true,"href":"https:\/\/digimuseo.fi\/en\/wp-json\/wp\/v2\/product_brand?post=2195"},{"taxonomy":"product_cat","embeddable":true,"href":"https:\/\/digimuseo.fi\/en\/wp-json\/wp\/v2\/product_cat?post=2195"},{"taxonomy":"product_tag","embeddable":true,"href":"https:\/\/digimuseo.fi\/en\/wp-json\/wp\/v2\/product_tag?post=2195"},{"taxonomy":"school_subject","embeddable":true,"href":"https:\/\/digimuseo.fi\/en\/wp-json\/wp\/v2\/school_subject?post=2195"},{"taxonomy":"school_level","embeddable":true,"href":"https:\/\/digimuseo.fi\/en\/wp-json\/wp\/v2\/school_level?post=2195"}],"curies":[{"name":"wp","href":"https:\/\/api.w.org\/{rel}","templated":true}]}}