{"id":2138,"date":"2022-05-11T11:09:58","date_gmt":"2022-05-11T08:09:58","guid":{"rendered":"https:\/\/digimuseo.fi\/?post_type=product&#038;p=2138"},"modified":"2024-01-19T08:35:17","modified_gmt":"2024-01-19T06:35:17","slug":"luostarinmaki-1827","status":"publish","type":"product","link":"https:\/\/digimuseo.fi\/en\/exhibitions\/luostarinmaki-1827\/","title":{"rendered":"Luostarinm\u00e4ki 1827"},"content":{"rendered":"<div style=\"width: 1920px;\" class=\"wp-video\"><video class=\"wp-video-shortcode\" id=\"video-2138-1\" width=\"1920\" height=\"1080\" poster=\"https:\/\/digimuseo.fi\/wp-content\/uploads\/2022\/05\/Luostarinmaki.png\" preload=\"metadata\" controls=\"controls\"><source type=\"video\/mp4\" src=\"https:\/\/digimuseo.fi\/wp-content\/uploads\/2022\/05\/Luostarinmaki_pakattu.mp4?_=1\" \/><a href=\"https:\/\/digimuseo.fi\/wp-content\/uploads\/2022\/05\/Luostarinmaki_pakattu.mp4\">https:\/\/digimuseo.fi\/wp-content\/uploads\/2022\/05\/Luostarinmaki_pakattu.mp4<\/a><\/video><\/div>\n<p>Luostarinm\u00e4ki is an old Turku residential area, part of which was preserved as an outdoor museum in 1940. Extensive research into fire insurance records, building plans and illustrations of the city takes a visible form in a 360\u00b0 virtual exhibition, which was created using 3D modelling. What was Luostarinm\u00e4ki like before the Great Fire? Join us on a voyage back in time!<\/p>\n<p>Production: Turku Museum Centre<\/p>\n","protected":false},"excerpt":{"rendered":"<p>Welcome to Luostarinm\u00e4ki in 1827! Wander Luostarinm\u00e4ki\u2019s lanes virtually in the time before the Great Fire of Turku. Explore a residential quarter and landscape on the outskirts of the city from 200 years ago!<\/p>\n","protected":false},"featured_media":2119,"template":"","meta":{"_acf_changed":false},"product_brand":[],"product_cat":[74],"product_tag":[],"school_subject":[],"school_level":[],"class_list":{"0":"post-2138","1":"product","2":"type-product","3":"status-publish","4":"has-post-thumbnail","6":"product_cat-yleinen-en","7":"museums-turku-city-museum","8":"exhibition_themes-out-of-the-ordinary","10":"first","11":"instock","12":"virtual","13":"sold-individually","14":"taxable","15":"product-type-basic_museum"},"acf":[],"yoast_head":"<!-- This site is optimized with the Yoast SEO plugin v27.4 - https:\/\/yoast.com\/product\/yoast-seo-wordpress\/ -->\n<title>Luostarinm\u00e4ki 1827 - Digital museum<\/title>\n<meta name=\"robots\" content=\"index, follow, max-snippet:-1, max-image-preview:large, max-video-preview:-1\" \/>\n<link rel=\"canonical\" href=\"https:\/\/digimuseo.fi\/en\/exhibitions\/luostarinmaki-1827\/\" \/>\n<meta property=\"og:locale\" content=\"en_US\" \/>\n<meta property=\"og:type\" content=\"article\" \/>\n<meta property=\"og:title\" content=\"Luostarinm\u00e4ki 1827 - Digital museum\" \/>\n<meta property=\"og:description\" content=\"Welcome to Luostarinm\u00e4ki in 1827! Wander Luostarinm\u00e4ki\u2019s lanes virtually in the time before the Great Fire of Turku. Explore a residential quarter and landscape on the outskirts of the city from 200 years ago!\" \/>\n<meta property=\"og:url\" content=\"https:\/\/digimuseo.fi\/en\/exhibitions\/luostarinmaki-1827\/\" \/>\n<meta property=\"og:site_name\" content=\"Digital museum\" \/>\n<meta property=\"article:modified_time\" content=\"2024-01-19T06:35:17+00:00\" \/>\n<meta property=\"og:image\" content=\"https:\/\/digimuseo.fi\/wp-content\/uploads\/2022\/05\/Luostarinmaki-1024x576.png\" \/>\n\t<meta property=\"og:image:width\" content=\"1024\" \/>\n\t<meta property=\"og:image:height\" content=\"576\" \/>\n\t<meta property=\"og:image:type\" content=\"image\/png\" \/>\n<meta name=\"twitter:card\" content=\"summary_large_image\" \/>\n<meta name=\"twitter:label1\" content=\"Est. reading time\" \/>\n\t<meta name=\"twitter:data1\" content=\"1 minute\" \/>\n<script type=\"application\/ld+json\" class=\"yoast-schema-graph\">{\"@context\":\"https:\\\/\\\/schema.org\",\"@graph\":[{\"@type\":\"WebPage\",\"@id\":\"https:\\\/\\\/digimuseo.fi\\\/en\\\/exhibitions\\\/luostarinmaki-1827\\\/\",\"url\":\"https:\\\/\\\/digimuseo.fi\\\/en\\\/exhibitions\\\/luostarinmaki-1827\\\/\",\"name\":\"Luostarinm\u00e4ki 1827 - Digital museum\",\"isPartOf\":{\"@id\":\"https:\\\/\\\/digimuseo.fi\\\/en\\\/#website\"},\"primaryImageOfPage\":{\"@id\":\"https:\\\/\\\/digimuseo.fi\\\/en\\\/exhibitions\\\/luostarinmaki-1827\\\/#primaryimage\"},\"image\":{\"@id\":\"https:\\\/\\\/digimuseo.fi\\\/en\\\/exhibitions\\\/luostarinmaki-1827\\\/#primaryimage\"},\"thumbnailUrl\":\"https:\\\/\\\/digimuseo.fi\\\/wp-content\\\/uploads\\\/2022\\\/05\\\/Luostarinmaki.png\",\"datePublished\":\"2022-05-11T08:09:58+00:00\",\"dateModified\":\"2024-01-19T06:35:17+00:00\",\"breadcrumb\":{\"@id\":\"https:\\\/\\\/digimuseo.fi\\\/en\\\/exhibitions\\\/luostarinmaki-1827\\\/#breadcrumb\"},\"inLanguage\":\"en-US\",\"potentialAction\":[{\"@type\":\"ReadAction\",\"target\":[\"https:\\\/\\\/digimuseo.fi\\\/en\\\/exhibitions\\\/luostarinmaki-1827\\\/\"]}]},{\"@type\":\"ImageObject\",\"inLanguage\":\"en-US\",\"@id\":\"https:\\\/\\\/digimuseo.fi\\\/en\\\/exhibitions\\\/luostarinmaki-1827\\\/#primaryimage\",\"url\":\"https:\\\/\\\/digimuseo.fi\\\/wp-content\\\/uploads\\\/2022\\\/05\\\/Luostarinmaki.png\",\"contentUrl\":\"https:\\\/\\\/digimuseo.fi\\\/wp-content\\\/uploads\\\/2022\\\/05\\\/Luostarinmaki.png\",\"width\":1600,\"height\":900,\"caption\":\"Luostarinm\u00e4ki, Turku\"},{\"@type\":\"BreadcrumbList\",\"@id\":\"https:\\\/\\\/digimuseo.fi\\\/en\\\/exhibitions\\\/luostarinmaki-1827\\\/#breadcrumb\",\"itemListElement\":[{\"@type\":\"ListItem\",\"position\":1,\"name\":\"Home\",\"item\":\"https:\\\/\\\/digimuseo.fi\\\/en\\\/\"},{\"@type\":\"ListItem\",\"position\":2,\"name\":\"Tuotteet\",\"item\":\"https:\\\/\\\/digimuseo.fi\\\/nayttelyt\\\/\"},{\"@type\":\"ListItem\",\"position\":3,\"name\":\"Luostarinm\u00e4ki 1827\"}]},{\"@type\":\"WebSite\",\"@id\":\"https:\\\/\\\/digimuseo.fi\\\/en\\\/#website\",\"url\":\"https:\\\/\\\/digimuseo.fi\\\/en\\\/\",\"name\":\"Digital museum\",\"description\":\"Enter from your living room\",\"potentialAction\":[{\"@type\":\"SearchAction\",\"target\":{\"@type\":\"EntryPoint\",\"urlTemplate\":\"https:\\\/\\\/digimuseo.fi\\\/en\\\/?s={search_term_string}\"},\"query-input\":{\"@type\":\"PropertyValueSpecification\",\"valueRequired\":true,\"valueName\":\"search_term_string\"}}],\"inLanguage\":\"en-US\"}]}<\/script>\n<!-- \/ Yoast SEO plugin. -->","yoast_head_json":{"title":"Luostarinm\u00e4ki 1827 - Digital museum","robots":{"index":"index","follow":"follow","max-snippet":"max-snippet:-1","max-image-preview":"max-image-preview:large","max-video-preview":"max-video-preview:-1"},"canonical":"https:\/\/digimuseo.fi\/en\/exhibitions\/luostarinmaki-1827\/","og_locale":"en_US","og_type":"article","og_title":"Luostarinm\u00e4ki 1827 - Digital museum","og_description":"Welcome to Luostarinm\u00e4ki in 1827! Wander Luostarinm\u00e4ki\u2019s lanes virtually in the time before the Great Fire of Turku. Explore a residential quarter and landscape on the outskirts of the city from 200 years ago!","og_url":"https:\/\/digimuseo.fi\/en\/exhibitions\/luostarinmaki-1827\/","og_site_name":"Digital museum","article_modified_time":"2024-01-19T06:35:17+00:00","og_image":[{"width":1024,"height":576,"url":"https:\/\/digimuseo.fi\/wp-content\/uploads\/2022\/05\/Luostarinmaki-1024x576.png","type":"image\/png"}],"twitter_card":"summary_large_image","twitter_misc":{"Est. reading time":"1 minute"},"schema":{"@context":"https:\/\/schema.org","@graph":[{"@type":"WebPage","@id":"https:\/\/digimuseo.fi\/en\/exhibitions\/luostarinmaki-1827\/","url":"https:\/\/digimuseo.fi\/en\/exhibitions\/luostarinmaki-1827\/","name":"Luostarinm\u00e4ki 1827 - Digital museum","isPartOf":{"@id":"https:\/\/digimuseo.fi\/en\/#website"},"primaryImageOfPage":{"@id":"https:\/\/digimuseo.fi\/en\/exhibitions\/luostarinmaki-1827\/#primaryimage"},"image":{"@id":"https:\/\/digimuseo.fi\/en\/exhibitions\/luostarinmaki-1827\/#primaryimage"},"thumbnailUrl":"https:\/\/digimuseo.fi\/wp-content\/uploads\/2022\/05\/Luostarinmaki.png","datePublished":"2022-05-11T08:09:58+00:00","dateModified":"2024-01-19T06:35:17+00:00","breadcrumb":{"@id":"https:\/\/digimuseo.fi\/en\/exhibitions\/luostarinmaki-1827\/#breadcrumb"},"inLanguage":"en-US","potentialAction":[{"@type":"ReadAction","target":["https:\/\/digimuseo.fi\/en\/exhibitions\/luostarinmaki-1827\/"]}]},{"@type":"ImageObject","inLanguage":"en-US","@id":"https:\/\/digimuseo.fi\/en\/exhibitions\/luostarinmaki-1827\/#primaryimage","url":"https:\/\/digimuseo.fi\/wp-content\/uploads\/2022\/05\/Luostarinmaki.png","contentUrl":"https:\/\/digimuseo.fi\/wp-content\/uploads\/2022\/05\/Luostarinmaki.png","width":1600,"height":900,"caption":"Luostarinm\u00e4ki, Turku"},{"@type":"BreadcrumbList","@id":"https:\/\/digimuseo.fi\/en\/exhibitions\/luostarinmaki-1827\/#breadcrumb","itemListElement":[{"@type":"ListItem","position":1,"name":"Home","item":"https:\/\/digimuseo.fi\/en\/"},{"@type":"ListItem","position":2,"name":"Tuotteet","item":"https:\/\/digimuseo.fi\/nayttelyt\/"},{"@type":"ListItem","position":3,"name":"Luostarinm\u00e4ki 1827"}]},{"@type":"WebSite","@id":"https:\/\/digimuseo.fi\/en\/#website","url":"https:\/\/digimuseo.fi\/en\/","name":"Digital museum","description":"Enter from your living room","potentialAction":[{"@type":"SearchAction","target":{"@type":"EntryPoint","urlTemplate":"https:\/\/digimuseo.fi\/en\/?s={search_term_string}"},"query-input":{"@type":"PropertyValueSpecification","valueRequired":true,"valueName":"search_term_string"}}],"inLanguage":"en-US"}]}},"_links":{"self":[{"href":"https:\/\/digimuseo.fi\/en\/wp-json\/wp\/v2\/product\/2138","targetHints":{"allow":["GET"]}}],"collection":[{"href":"https:\/\/digimuseo.fi\/en\/wp-json\/wp\/v2\/product"}],"about":[{"href":"https:\/\/digimuseo.fi\/en\/wp-json\/wp\/v2\/types\/product"}],"wp:featuredmedia":[{"embeddable":true,"href":"https:\/\/digimuseo.fi\/en\/wp-json\/wp\/v2\/media\/2119"}],"wp:attachment":[{"href":"https:\/\/digimuseo.fi\/en\/wp-json\/wp\/v2\/media?parent=2138"}],"wp:term":[{"taxonomy":"product_brand","embeddable":true,"href":"https:\/\/digimuseo.fi\/en\/wp-json\/wp\/v2\/product_brand?post=2138"},{"taxonomy":"product_cat","embeddable":true,"href":"https:\/\/digimuseo.fi\/en\/wp-json\/wp\/v2\/product_cat?post=2138"},{"taxonomy":"product_tag","embeddable":true,"href":"https:\/\/digimuseo.fi\/en\/wp-json\/wp\/v2\/product_tag?post=2138"},{"taxonomy":"school_subject","embeddable":true,"href":"https:\/\/digimuseo.fi\/en\/wp-json\/wp\/v2\/school_subject?post=2138"},{"taxonomy":"school_level","embeddable":true,"href":"https:\/\/digimuseo.fi\/en\/wp-json\/wp\/v2\/school_level?post=2138"}],"curies":[{"name":"wp","href":"https:\/\/api.w.org\/{rel}","templated":true}]}}