{"id":1209,"date":"2021-06-04T15:04:33","date_gmt":"2021-06-04T12:04:33","guid":{"rendered":"https:\/\/digimuseo.fi\/nayttelyt\/forum-marinum-suomen-joutsen\/"},"modified":"2023-10-25T16:49:29","modified_gmt":"2023-10-25T13:49:29","slug":"forum-marinum-suomen-joutsen","status":"publish","type":"product","link":"https:\/\/digimuseo.fi\/en\/exhibitions\/forum-marinum-suomen-joutsen\/","title":{"rendered":"Forum Marinum &#8211; Suomen Joutsen"},"content":{"rendered":"<p>The Suomen Joutsen has an interesting history. It was built as a cargo ship in France in 1902 and was sold in the early 1920s as a training ship to the German merchant fleet. &#8220;The Duck&#8221; was bought as a training ship by the Finnish Navy in 1930. Later the ship was relocated to Turku and the first Finnish seamen\u00b4s school was opened on board. Since 1991, the ship has been a museum.<\/p>\n<p>The exhibition illustrates the different stages of the ship\u00b4s history using objects, pictures, films and reminiscence. Apart from the construction, also the use and work culture of the ship has varied. Various working communities have lived on board and used the ship: seamen, marine soldiers, seamen students, teachers, and now finally museologists and the visitors of Forum Marinum.<\/p>\n<p>The main part of the exhibition is in the exhibition room on the main deck, and additional parts of it are displayed in various places on the ship.<\/p>\n","protected":false},"excerpt":{"rendered":"<p>Suomen Joutsen is the last remaining full-rigger in Finland. Its white hull, riveted steel constructions and impressive rig are a memorable sight.<\/p>\n<p>&nbsp;<\/p>\n<p>L\u00b4exposition est aussi d\u00e9sormais disponible en fran\u00e7ais. Il vous est possible de changer la langue de pr\u00e9sentation \u00e0 l\u00b4int\u00e9rieur de l\u00b4exposition virtuelle, soit en cliquant sur les ic\u00f4nes de drapeaux situ\u00e9es sur le c\u00f4t\u00e9 de la page de vue \u00e0 360 degr\u00e9s, soit en cliquant <a href=\"https:\/\/tourmkr.com\/F1D9XcwVBG\/31640513p&amp;1.72h&amp;79.04t\/lang:fr\">ici pour acc\u00e9der directement \u00e0 la version fran\u00e7aise<\/a>.<\/p>\n","protected":false},"featured_media":447,"template":"","meta":{"_acf_changed":false},"product_brand":[],"product_cat":[74],"product_tag":[],"school_subject":[],"school_level":[],"class_list":{"0":"post-1209","1":"product","2":"type-product","3":"status-publish","4":"has-post-thumbnail","6":"product_cat-yleinen-en","7":"museums-forum-marinum-maritime-centre","8":"exhibition_themes-history","10":"first","11":"instock","12":"virtual","13":"sold-individually","14":"product-type-basic_museum"},"acf":[],"yoast_head":"<!-- This site is optimized with the Yoast SEO plugin v27.4 - https:\/\/yoast.com\/product\/yoast-seo-wordpress\/ -->\n<title>Forum Marinum - Suomen Joutsen - Digital museum<\/title>\n<meta name=\"robots\" content=\"index, follow, max-snippet:-1, max-image-preview:large, max-video-preview:-1\" \/>\n<link rel=\"canonical\" href=\"https:\/\/digimuseo.fi\/en\/exhibitions\/forum-marinum-suomen-joutsen\/\" \/>\n<meta property=\"og:locale\" content=\"en_US\" \/>\n<meta property=\"og:type\" content=\"article\" \/>\n<meta property=\"og:title\" content=\"Forum Marinum - Suomen Joutsen - Digital museum\" \/>\n<meta property=\"og:description\" content=\"Suomen Joutsen is the last remaining full-rigger in Finland. Its white hull, riveted steel constructions and impressive rig are a memorable sight.  &nbsp;  L\u00b4exposition est aussi d\u00e9sormais disponible en fran\u00e7ais. Il vous est possible de changer la langue de pr\u00e9sentation \u00e0 l\u00b4int\u00e9rieur de l\u00b4exposition virtuelle, soit en cliquant sur les ic\u00f4nes de drapeaux situ\u00e9es sur le c\u00f4t\u00e9 de la page de vue \u00e0 360 degr\u00e9s, soit en cliquant ici pour acc\u00e9der directement \u00e0 la version fran\u00e7aise.\" \/>\n<meta property=\"og:url\" content=\"https:\/\/digimuseo.fi\/en\/exhibitions\/forum-marinum-suomen-joutsen\/\" \/>\n<meta property=\"og:site_name\" content=\"Digital museum\" \/>\n<meta property=\"article:modified_time\" content=\"2023-10-25T13:49:29+00:00\" \/>\n<meta property=\"og:image\" content=\"https:\/\/digimuseo.fi\/wp-content\/uploads\/2021\/03\/suomen-joutsen-nosto-min.jpg\" \/>\n\t<meta property=\"og:image:width\" content=\"1060\" \/>\n\t<meta property=\"og:image:height\" content=\"1216\" \/>\n\t<meta property=\"og:image:type\" content=\"image\/jpeg\" \/>\n<meta name=\"twitter:card\" content=\"summary_large_image\" \/>\n<meta name=\"twitter:label1\" content=\"Est. reading time\" \/>\n\t<meta name=\"twitter:data1\" content=\"1 minute\" \/>\n<script type=\"application\/ld+json\" class=\"yoast-schema-graph\">{\"@context\":\"https:\\\/\\\/schema.org\",\"@graph\":[{\"@type\":\"WebPage\",\"@id\":\"https:\\\/\\\/digimuseo.fi\\\/en\\\/exhibitions\\\/forum-marinum-suomen-joutsen\\\/\",\"url\":\"https:\\\/\\\/digimuseo.fi\\\/en\\\/exhibitions\\\/forum-marinum-suomen-joutsen\\\/\",\"name\":\"Forum Marinum - Suomen Joutsen - Digital museum\",\"isPartOf\":{\"@id\":\"https:\\\/\\\/digimuseo.fi\\\/en\\\/#website\"},\"primaryImageOfPage\":{\"@id\":\"https:\\\/\\\/digimuseo.fi\\\/en\\\/exhibitions\\\/forum-marinum-suomen-joutsen\\\/#primaryimage\"},\"image\":{\"@id\":\"https:\\\/\\\/digimuseo.fi\\\/en\\\/exhibitions\\\/forum-marinum-suomen-joutsen\\\/#primaryimage\"},\"thumbnailUrl\":\"https:\\\/\\\/digimuseo.fi\\\/wp-content\\\/uploads\\\/2021\\\/03\\\/suomen-joutsen-nosto-min.jpg\",\"datePublished\":\"2021-06-04T12:04:33+00:00\",\"dateModified\":\"2023-10-25T13:49:29+00:00\",\"breadcrumb\":{\"@id\":\"https:\\\/\\\/digimuseo.fi\\\/en\\\/exhibitions\\\/forum-marinum-suomen-joutsen\\\/#breadcrumb\"},\"inLanguage\":\"en-US\",\"potentialAction\":[{\"@type\":\"ReadAction\",\"target\":[\"https:\\\/\\\/digimuseo.fi\\\/en\\\/exhibitions\\\/forum-marinum-suomen-joutsen\\\/\"]}]},{\"@type\":\"ImageObject\",\"inLanguage\":\"en-US\",\"@id\":\"https:\\\/\\\/digimuseo.fi\\\/en\\\/exhibitions\\\/forum-marinum-suomen-joutsen\\\/#primaryimage\",\"url\":\"https:\\\/\\\/digimuseo.fi\\\/wp-content\\\/uploads\\\/2021\\\/03\\\/suomen-joutsen-nosto-min.jpg\",\"contentUrl\":\"https:\\\/\\\/digimuseo.fi\\\/wp-content\\\/uploads\\\/2021\\\/03\\\/suomen-joutsen-nosto-min.jpg\",\"width\":1060,\"height\":1216},{\"@type\":\"BreadcrumbList\",\"@id\":\"https:\\\/\\\/digimuseo.fi\\\/en\\\/exhibitions\\\/forum-marinum-suomen-joutsen\\\/#breadcrumb\",\"itemListElement\":[{\"@type\":\"ListItem\",\"position\":1,\"name\":\"Home\",\"item\":\"https:\\\/\\\/digimuseo.fi\\\/en\\\/\"},{\"@type\":\"ListItem\",\"position\":2,\"name\":\"Tuotteet\",\"item\":\"https:\\\/\\\/digimuseo.fi\\\/nayttelyt\\\/\"},{\"@type\":\"ListItem\",\"position\":3,\"name\":\"Forum Marinum &#8211; Suomen Joutsen\"}]},{\"@type\":\"WebSite\",\"@id\":\"https:\\\/\\\/digimuseo.fi\\\/en\\\/#website\",\"url\":\"https:\\\/\\\/digimuseo.fi\\\/en\\\/\",\"name\":\"Digital museum\",\"description\":\"Enter from your living room\",\"potentialAction\":[{\"@type\":\"SearchAction\",\"target\":{\"@type\":\"EntryPoint\",\"urlTemplate\":\"https:\\\/\\\/digimuseo.fi\\\/en\\\/?s={search_term_string}\"},\"query-input\":{\"@type\":\"PropertyValueSpecification\",\"valueRequired\":true,\"valueName\":\"search_term_string\"}}],\"inLanguage\":\"en-US\"}]}<\/script>\n<!-- \/ Yoast SEO plugin. -->","yoast_head_json":{"title":"Forum Marinum - Suomen Joutsen - Digital museum","robots":{"index":"index","follow":"follow","max-snippet":"max-snippet:-1","max-image-preview":"max-image-preview:large","max-video-preview":"max-video-preview:-1"},"canonical":"https:\/\/digimuseo.fi\/en\/exhibitions\/forum-marinum-suomen-joutsen\/","og_locale":"en_US","og_type":"article","og_title":"Forum Marinum - Suomen Joutsen - Digital museum","og_description":"Suomen Joutsen is the last remaining full-rigger in Finland. Its white hull, riveted steel constructions and impressive rig are a memorable sight.  &nbsp;  L\u00b4exposition est aussi d\u00e9sormais disponible en fran\u00e7ais. Il vous est possible de changer la langue de pr\u00e9sentation \u00e0 l\u00b4int\u00e9rieur de l\u00b4exposition virtuelle, soit en cliquant sur les ic\u00f4nes de drapeaux situ\u00e9es sur le c\u00f4t\u00e9 de la page de vue \u00e0 360 degr\u00e9s, soit en cliquant ici pour acc\u00e9der directement \u00e0 la version fran\u00e7aise.","og_url":"https:\/\/digimuseo.fi\/en\/exhibitions\/forum-marinum-suomen-joutsen\/","og_site_name":"Digital museum","article_modified_time":"2023-10-25T13:49:29+00:00","og_image":[{"width":1060,"height":1216,"url":"https:\/\/digimuseo.fi\/wp-content\/uploads\/2021\/03\/suomen-joutsen-nosto-min.jpg","type":"image\/jpeg"}],"twitter_card":"summary_large_image","twitter_misc":{"Est. reading time":"1 minute"},"schema":{"@context":"https:\/\/schema.org","@graph":[{"@type":"WebPage","@id":"https:\/\/digimuseo.fi\/en\/exhibitions\/forum-marinum-suomen-joutsen\/","url":"https:\/\/digimuseo.fi\/en\/exhibitions\/forum-marinum-suomen-joutsen\/","name":"Forum Marinum - Suomen Joutsen - Digital museum","isPartOf":{"@id":"https:\/\/digimuseo.fi\/en\/#website"},"primaryImageOfPage":{"@id":"https:\/\/digimuseo.fi\/en\/exhibitions\/forum-marinum-suomen-joutsen\/#primaryimage"},"image":{"@id":"https:\/\/digimuseo.fi\/en\/exhibitions\/forum-marinum-suomen-joutsen\/#primaryimage"},"thumbnailUrl":"https:\/\/digimuseo.fi\/wp-content\/uploads\/2021\/03\/suomen-joutsen-nosto-min.jpg","datePublished":"2021-06-04T12:04:33+00:00","dateModified":"2023-10-25T13:49:29+00:00","breadcrumb":{"@id":"https:\/\/digimuseo.fi\/en\/exhibitions\/forum-marinum-suomen-joutsen\/#breadcrumb"},"inLanguage":"en-US","potentialAction":[{"@type":"ReadAction","target":["https:\/\/digimuseo.fi\/en\/exhibitions\/forum-marinum-suomen-joutsen\/"]}]},{"@type":"ImageObject","inLanguage":"en-US","@id":"https:\/\/digimuseo.fi\/en\/exhibitions\/forum-marinum-suomen-joutsen\/#primaryimage","url":"https:\/\/digimuseo.fi\/wp-content\/uploads\/2021\/03\/suomen-joutsen-nosto-min.jpg","contentUrl":"https:\/\/digimuseo.fi\/wp-content\/uploads\/2021\/03\/suomen-joutsen-nosto-min.jpg","width":1060,"height":1216},{"@type":"BreadcrumbList","@id":"https:\/\/digimuseo.fi\/en\/exhibitions\/forum-marinum-suomen-joutsen\/#breadcrumb","itemListElement":[{"@type":"ListItem","position":1,"name":"Home","item":"https:\/\/digimuseo.fi\/en\/"},{"@type":"ListItem","position":2,"name":"Tuotteet","item":"https:\/\/digimuseo.fi\/nayttelyt\/"},{"@type":"ListItem","position":3,"name":"Forum Marinum &#8211; Suomen Joutsen"}]},{"@type":"WebSite","@id":"https:\/\/digimuseo.fi\/en\/#website","url":"https:\/\/digimuseo.fi\/en\/","name":"Digital museum","description":"Enter from your living room","potentialAction":[{"@type":"SearchAction","target":{"@type":"EntryPoint","urlTemplate":"https:\/\/digimuseo.fi\/en\/?s={search_term_string}"},"query-input":{"@type":"PropertyValueSpecification","valueRequired":true,"valueName":"search_term_string"}}],"inLanguage":"en-US"}]}},"_links":{"self":[{"href":"https:\/\/digimuseo.fi\/en\/wp-json\/wp\/v2\/product\/1209","targetHints":{"allow":["GET"]}}],"collection":[{"href":"https:\/\/digimuseo.fi\/en\/wp-json\/wp\/v2\/product"}],"about":[{"href":"https:\/\/digimuseo.fi\/en\/wp-json\/wp\/v2\/types\/product"}],"wp:featuredmedia":[{"embeddable":true,"href":"https:\/\/digimuseo.fi\/en\/wp-json\/wp\/v2\/media\/447"}],"wp:attachment":[{"href":"https:\/\/digimuseo.fi\/en\/wp-json\/wp\/v2\/media?parent=1209"}],"wp:term":[{"taxonomy":"product_brand","embeddable":true,"href":"https:\/\/digimuseo.fi\/en\/wp-json\/wp\/v2\/product_brand?post=1209"},{"taxonomy":"product_cat","embeddable":true,"href":"https:\/\/digimuseo.fi\/en\/wp-json\/wp\/v2\/product_cat?post=1209"},{"taxonomy":"product_tag","embeddable":true,"href":"https:\/\/digimuseo.fi\/en\/wp-json\/wp\/v2\/product_tag?post=1209"},{"taxonomy":"school_subject","embeddable":true,"href":"https:\/\/digimuseo.fi\/en\/wp-json\/wp\/v2\/school_subject?post=1209"},{"taxonomy":"school_level","embeddable":true,"href":"https:\/\/digimuseo.fi\/en\/wp-json\/wp\/v2\/school_level?post=1209"}],"curies":[{"name":"wp","href":"https:\/\/api.w.org\/{rel}","templated":true}]}}